{"id":974,"date":"2014-02-02T13:56:06","date_gmt":"2014-02-02T12:56:06","guid":{"rendered":"http:\/\/www.budylancuckie.przemyska.pl\/?page_id=974"},"modified":"2014-02-02T13:56:06","modified_gmt":"2014-02-02T12:56:06","slug":"kronika-lata-1967-1971","status":"publish","type":"page","link":"https:\/\/budy.przemyska.pl\/index.php\/z-kroniki-budzkiej-parafii\/kronika-lata-1967-1971\/","title":{"rendered":"Kronika \u2013 lata 1967 \u2013 1971"},"content":{"rendered":"<p><!--[if gte mso 9]><xml>\n <w:WordDocument>\n  <w:View>Normal<\/w:View>\n  <w:Zoom>0<\/w:Zoom>\n  <w:HyphenationZone>21<\/w:HyphenationZone>\n  <w:PunctuationKerning\/>\n  <w:ValidateAgainstSchemas\/>\n  <w:SaveIfXMLInvalid>false<\/w:SaveIfXMLInvalid>\n  <w:IgnoreMixedContent>false<\/w:IgnoreMixedContent>\n  <w:AlwaysShowPlaceholderText>false<\/w:AlwaysShowPlaceholderText>\n  <w:Compatibility>\n   <w:BreakWrappedTables\/>\n   <w:SnapToGridInCell\/>\n   <w:WrapTextWithPunct\/>\n   <w:UseAsianBreakRules\/>\n   <w:DontGrowAutofit\/>\n  <\/w:Compatibility>\n  <w:BrowserLevel>MicrosoftInternetExplorer4<\/w:BrowserLevel>\n <\/w:WordDocument>\n<\/xml><![endif]--><\/p>\n<p><!--[if gte mso 9]><xml>\n <w:LatentStyles DefLockedState=\"false\" LatentStyleCount=\"156\">\n <\/w:LatentStyles>\n<\/xml><![endif]--><!--[if gte mso 10]>\n\n\n<style>\n \/* Style Definitions *\/\n table.MsoNormalTable\n\t{mso-style-name:Standardowy;\n\tmso-tstyle-rowband-size:0;\n\tmso-tstyle-colband-size:0;\n\tmso-style-noshow:yes;\n\tmso-style-parent:\"\";\n\tmso-padding-alt:0cm 5.4pt 0cm 5.4pt;\n\tmso-para-margin:0cm;\n\tmso-para-margin-bottom:.0001pt;\n\tmso-pagination:widow-orphan;\n\tfont-size:10.0pt;\n\tfont-family:\"Times New Roman\";\n\tmso-ansi-language:#0400;\n\tmso-fareast-language:#0400;\n\tmso-bidi-language:#0400;}\n<\/style>\n\n\n<![endif]--><\/p>\n<p class=\"MsoNormal\" style=\"margin-bottom:6.0pt;text-align:justify;text-indent:\n1.0cm;background:white\"><span style=\"font-size:10.0pt;font-family:Verdana;\ncolor:black\">Rekolekcje wielkopostne w 1967 roku prowadzi\u0142 w naszej parafii ks. proboszcz z Bia\u0142obrzeg&oacute;w &#8211; ks. J&oacute;zef Pelc.<\/span><\/p>\n<p class=\"MsoNormal\" style=\"margin-bottom:6.0pt;text-align:justify;text-indent:\n1.0cm;background:white\"><span style=\"font-size:10.0pt;font-family:Verdana;\ncolor:black\">Na wakacjach w lipcu nast\u0105pi\u0142a zmiana ksi\u0119dza wikariusza &#8211; odszed\u0142 ks. Bronis\u0142aw Domino, a przyszed\u0142 neoprezbiter, ks. Eugeniusz Worsa, rodem z Kopek.<\/span><\/p>\n<p class=\"MsoNormal\" style=\"margin-bottom:6.0pt;text-align:justify;text-indent:\n1.0cm;background:white\"><span style=\"font-size:10.0pt;font-family:Verdana;\ncolor:black\">W ko\u015bciele zainstalowano g\u0142o\u015bniki. Radiofonia zosta\u0142a wykonana przez p. Cyprysia z Rzeszowa.<\/span><\/p>\n<p class=\"MsoNormal\" style=\"margin-bottom:6.0pt;text-align:justify;text-indent:\n1.0cm;background:white\"><span style=\"font-size:10.0pt;font-family:Verdana;\ncolor:black\">Od 1968 roku odprawiane s\u0105 w ko\u015bciele Msze \u015bw. wieczorem. Dotychczas wsz\u0119dzie odprawiano Msze \u015bw. tylko rano. Po Soborze zacz\u0119to wraca\u0107 do tego co by\u0142o na pocz\u0105tku &#8211; Wieczerza Paschalna, a tak\u017ce dla wygody wiernych, kt&oacute;rym \u0142atwiej wieczorem uczestniczy\u0107 we Mszy \u015bw. ni\u017c rano. W budzkiej parafii przychodzi oko\u0142o 25 os&oacute;b, w\u015br&oacute;d nich s\u0105 te\u017c i te kt&oacute;re by\u0142y rano.<\/span><\/p>\n<p class=\"MsoNormal\" style=\"margin-bottom:6.0pt;text-align:justify;text-indent:\n1.0cm;background:white\"><span style=\"font-size:10.0pt;font-family:Verdana;\ncolor:black\">26 sierpnia w Uroczysto\u015b\u0107 M. Bo\u017cej Cz\u0119stochowskiej w ca\u0142ej Polsce wierni wynagradzaj\u0105 Matce Naj\u015bw. za uwi\u0119zienie przez UB Jej obrazu. Nawiedzenie parafii odbywa si\u0119 przy pustych ramach, Ewangeliarzu i \u015bwiecy.<\/span><\/p>\n<p class=\"MsoNormal\" style=\"margin-bottom:6.0pt;text-align:justify;text-indent:\n1.0cm;background:white\"><span style=\"font-size:10.0pt;font-family:Verdana;\ncolor:black\">Rok 1969 jest rokiem szczeg&oacute;lnego przygotowania do nawiedzenia Matki Bo\u017cej, kt&oacute;re w \u017co\u0142y\u0144skim dekanacie b\u0119dzie mia\u0142o miejsce w nast\u0119pnym roku. Ksi\u0105dz Biskup zaleci\u0142, by w ka\u017cdej parafii przez 6 niedziel by\u0142y g\u0142oszone kazania o tematyce &bdquo;Maryja w tysi\u0105cletnich dziejach narodu, Ko\u015bcio\u0142a w Polsce. Maryja w \u017cyciu rodzinnym, i osobistym&#8230;&quot; W roku 1970 ks. J&oacute;zef Matuszek &#8211; rodak, zamieszkuj\u0105cy w domu rodzinnym obchodzi 50-lecie kap\u0142a\u0144stwa. W ostatnich latach bardziej by\u0142 zwi\u0105zany ze \u015awi\u0119toniow\u0105, z tamtejszym ks. proboszczem. Kiedy\u015b byli razem wikariuszami w Grodzisku, Teraz czasem pomaga ks. Wosiowi w \u015awi\u0119toniowej, Jubileusz by\u0142 w Budach \u0141a\u0144cuckich, ale wi\u0119cej przygotowywa\u0142a parafia \u015bwietoniowska. Kazanie g\u0142osi\u0142 ks. pra\u0142at Franciszek Misi\u0105g, obecni byli ks. J&oacute;zef Prajsnar &ndash; proboszcz z Kosiny, ks. J&oacute;zef Pelc &ndash; proboszcz z Bia\u0142obrzeg&oacute;w, ks. Stefan Pelc &ndash; proboszcz z Boguchwa\u0142y, ks. Roman Hejnosz &ndash; proboszcz z \u0141\u0119towni, ks. Stefan Misi\u0105g &ndash; prob. z Futomy, ks. Franciszek Wo\u015b &ndash; prob. ze \u015awi\u0119toniowej, ks. W\u0142. Szular &#8211; wikariusz ze Stalowej Woli, ksi\u0119\u017ca miejscowi: prob. ks. Tadeusz Szmyd i ks. Eugeniusz Worsa &#8211; wikariusz. Ksi\u0119\u017cy z dekanatu le\u017cajskiego nie by\u0142o.<\/span><\/p>\n<p class=\"MsoNormal\" style=\"margin-bottom:6.0pt;text-align:justify;text-indent:\n1.0cm;background:white\"><span style=\"font-size:10.0pt;font-family:Verdana;\ncolor:black\">W sierpniu w tragicznym wypadku zgin\u0119li dwaj motocykli\u015bci: Tadeusz Dr\u0105\u017cek, lat 29 i Kazimierz Por\u0119bny, lat 23, obaj z Bud. Wypadek mia\u0142 miejsce w Bia\u0142obrzegach. W podobnym wypadku zgina\u0142 Zbigniew Cebulak z Korniaktowa. Wypadek pod Bochni\u0105.<\/span><\/p>\n<p class=\"MsoNormal\" style=\"margin-bottom:6.0pt;text-align:justify;text-indent:\n1.0cm;background:white\"><span style=\"font-size:10.0pt;font-family:Verdana;\ncolor:black\">W listopadzie w parafii nawiedzenie Matki Bo\u017cej. Dzie\u0144 Nawiedzenia (26-27 listopada) zosta\u0142 wyznaczony przez Kuri\u0119 B-pi\u0105. Do Nawiedzenia Parafia przygotowuje si\u0119 przez misje, kt&oacute;re trwa\u0142y od 19 listopada. Nauki g\u0142osili Jezuici z Krakowa: ks. Ludwik Paluch i Stanis\u0142aw Mol. Frekwencja wiernych bardzo dobra, tak w naukach jak i w spowiedzi.<\/span><\/p>\n<p class=\"MsoNormal\" style=\"margin-bottom:6.0pt;text-align:justify;text-indent:\n1.0cm;background:white\"><span style=\"font-size:10.0pt;font-family:Verdana;\ncolor:black\">Nawiedzenie rozpocz\u0119\u0142o o godzinie 16<sup>30<\/sup> bicie dzwon&oacute;w i g\u0142os fanfar wzywaj\u0105cych do oczekiwania na przybycie Matki Naj\u015bwi\u0119tszej, po kt&oacute;r\u0105 wyjecha\u0142a banderia konna &#8211; 132 u\u0142an&oacute;w, 28 motocyklist&oacute;w i oko\u0142o 60 rowerzyst&oacute;w. Delegacja z parafii Hus&oacute;w wiezie do Bud &bdquo;Symbole obecno\u015bci MB.&quot; Ko\u015bci&oacute;\u0142 jest bogato ozdobiony, iluminowany, daleko widoczna jest wie\u017ca z napisem &bdquo;AVE MARYA Na froncie ko\u015bcio\u0142a rozpostarte du\u017cych rozmiar&oacute;w p\u0142&oacute;tno bia\u0142o-niebieskie z konturami Polski i zaznaczonymi Budami, bia\u0142y orze\u0142 i napis: &bdquo;Szcz\u0119\u015bliwa Polska ca\u0142a, bo przez ni\u0105 przechodzi Marya&quot;. Na wie\u017cy powiewaj\u0105 sztandary: papieski, maryjny i polski. Wn\u0119trze ko\u015bcio\u0142a ozdobione wspaniale &#8211; o\u0142tarz, \u015bciany, filary. U sklepienia zawieszona du\u017cych rozmiar&oacute;w korona od kt&oacute;rej opadaj\u0105 szerokie, dwukolorowe wst\u0119gi. Jest tez wykonany przez Magdalen\u0119 Bartnik z prawej strony &#8211; du\u017cy paj\u0105k, kt&oacute;ry na czas uroczysto\u015bci wisi w ko\u015bciele. Przyozdobiono tez cmentarz grzebalny, a tak\u017ce tras\u0119 przejadzu &bdquo;Symboli&quot; i wszystkie domy &#8211; w ka\u017cdym domu w oknie obraz M. Bo\u017cej i jakie\u015b o\u015bwietlenie.<\/span><\/p>\n<p class=\"MsoNormal\" style=\"margin-bottom:6.0pt;text-align:justify;text-indent:\n1.0cm;background:white\"><span style=\"font-size:10.0pt;font-family:Verdana;\ncolor:black\">Uroczysto\u015bciom w ko\u015bciele przewodniczy\u0142 Ks. Biskup sufragan Boles\u0142aw Taborski. O godzinie 17<sup>00<\/sup> przyby\u0142a delegacja parafii Hus&oacute;w, przekazuj\u0105c budzkiej parafii Symbole obecno\u015bci Matki Bo\u017cej. Przy \u015bpiewie pie\u015bni &bdquo;Witaj Mario&#8230;&quot; procesyjnie lud wszed\u0142 do ko\u015bcio\u0142a, gdzie nast\u0105pi\u0142o powitanie Matki Naj\u015bwi\u0119tszej. Pierwszy, jeszcze na polu wita\u0142 Matk\u0119 Bo\u017c\u0105 ks. proboszcz. W ko\u015bciele ks. proboszcz z Husowa wraz z delegacj\u0105 parafii przekaza\u0142 &bdquo;Symbole obecno\u015bci Matki Bo\u017cej&quot; budzkiej parafii i wyg\u0142osi\u0142 kr&oacute;tkie przem&oacute;wienie. Nast\u0119pnie miejscowy ks. Proboszcz podzi\u0119kowa\u0142 husowiakom i przywita\u0142 Matk\u0119 Bo\u017c\u0105 w Budach \u0141a\u0144cuckich, prosz\u0105c J\u0105, by wzi\u0119\u0142a w opiek\u0119 ca\u0142\u0105 parafi\u0119. Po od\u015bpiewaniu Ewangelii i Magnifikat rozpocz\u0105\u0142 si\u0119 ho\u0142d parafii:<\/span><\/p>\n<ol>\n<li><span style=\"font-size:10.0pt;font-family:Verdana;color:black\">dzieci szkolne &#8211; wierszyk Bogumi\u0142a Kojder,<\/span><\/li>\n<li><span style=\"font-size:10.0pt;font-family:Verdana;color:black\">ministranci &#8211; Krzysztof W\u0142odyka,<\/span><\/li>\n<li><span style=\"font-size:10.0pt;font-family:Verdana;color:black\">m\u0142odzie\u017c &#8211; Krystyna Bartnik,<\/span><\/li>\n<li><span style=\"font-size:10.0pt;font-family:Verdana;color:black\">matki &#8211; Zofia Wikiera,<\/span><\/li>\n<li><span style=\"font-size:10.0pt;font-family:Verdana;color:black\">ojcowie &#8211; Stanis\u0142aw Wasilewski,<\/span><\/li>\n<li><span style=\"font-size:10.0pt;font-family:Verdana;color:black\">chorzy i starcy &#8211; Stanis\u0142awa Stafiej,<\/span><\/li>\n<li><span style=\"font-size:10.0pt;font-family:Verdana;color:black\">siostry zakonne &#8211; s. Marta Kurek,<\/span><\/li>\n<li><span style=\"font-size:\n10.0pt;font-family:Verdana;color:black\">kap\u0142ani &#8211; ks. J. Matuszek.<\/span><\/li>\n<\/ol>\n<p class=\"MsoNormal\" style=\"margin-bottom:6.0pt;text-align:justify;text-indent:\n1.0cm;background:white\"><span style=\"font-size:10.0pt;font-family:Verdana;\ncolor:black\">Po zako\u0144czonym ho\u0142dzie Msz\u0119 \u015bw. celebrowa\u0142 i kazanie wyg\u0142osi\u0142 Ks. Bp Boles\u0142aw. Po Mszy \u015bw. Apel Jasnog&oacute;rski, a po nim nocne czuwanie: od 20<sup>00<\/sup> matki, 21<sup>00<\/sup> panny, 22<sup>00<\/sup> m\u0142odzie\u0144cy, 23<sup>00<\/sup> ojcowie. O p&oacute;\u0142nocy &bdquo;Pasterka Maryjna&quot; z kazaniem. Po Mszy \u015bw. adoracja Naj\u015bwi\u0119tszego Sakramentu do rana. O 7<sup>00<\/sup> rano Msza \u015bw. dla dzieci szkolnych z kazaniem. O 8<sup>00<\/sup> Godzinki ku czci NMPanny, a o 9<sup>00<\/sup> Msza \u015bw. i b\u0142ogos\u0142awie\u0144stwo dzieci przedszkolnych. O 10<sup>00<\/sup> Msza \u015bw. dla chorych i starc&oacute;w. O 11<sup>00<\/sup> uroczysta suma, nast\u0119pnie modlitwy prywatne do godziny 14<sup>30<\/sup>. O tej godzinie parafianie zgromadzili si\u0119 w ko\u015bciele, aby po\u017cegna\u0107 Matk\u0119 Bo\u017c\u0105, podzi\u0119kowa\u0107 za wszystkie otrzymane \u0142aski. Od\u015bpiewano Litani\u0119 Loreta\u0144sk\u0105, odprawione zosta\u0142o nabo\u017ce\u0144stwo po\u017cegnalne, w kt&oacute;rym wzi\u0119\u0142a udzia\u0142 ca\u0142a parafia. W mowie po\u017cegnalnej ks. proboszcz powiedzia\u0142 mi\u0119dzy innymi: &bdquo;Odchodzisz Maryjo w pielgrzymce dalej, pami\u0119taj o nas, o naszej parafii, b\u0105d\u017a zawsze z nami. B\u0105d\u017a z naszymi matkami, kt&oacute;rych \u017cycie tak dobrze rozumiesz, b\u0105d\u017a dla ruch natchnieniem i opiekunk\u0105. B\u0105d\u017a Maryjo z naszymi ojcami, aby pod Twoim okiem wiedli \u017cycie na wz&oacute;r \u015bw. J&oacute;zefa, a \u017cyj\u0105c cnotliwie i trze\u017awo mogli dobrze wype\u0142ni\u0107 swoje obowi\u0105zki. B\u0105d\u017a Maryjo z nasz\u0105 m\u0142odzie\u017c\u0105, ukazuj jej idea\u0142 \u017cycia, dodawaj mocy do wytrwania na drodze wskazanej przez Jezusa. B\u0105d\u017a Maryjo z dzie\u0107mi naszej parafii, niech wzrastaj\u0105 w \u0142asce, w m\u0105dro\u015bci u Boga i u ludzi. B\u0105d\u017a Maryjo z chorymi, cierpi\u0105cymi, ucz ich \u0142\u0105czy\u0107 swoje cierpienia z cierpieniami swojego Syna Jezusa i ofiarowa\u0107 je za zbawienie \u015bwiata. B\u0105d\u017a Maryjo z kap\u0142anami i siostrami zakonnymi &#8211; niech trwaj\u0105 w powo\u0142aniu, niech gorliwie wype\u0142niaj\u0105 zadanie zlecone przez Chrystusa&quot;.<\/span><\/p>\n<p class=\"MsoNormal\" style=\"margin-bottom:6.0pt;text-align:justify;text-indent:\n1.0cm;background:white\"><span style=\"font-size:10.0pt;font-family:Verdana;\ncolor:black\">W czasie Misji i Nawiedzenia rozdano ponad pi\u0119\u0107 tysi\u0119cy Komunii \u015bw.<\/span><\/p>\n<p class=\"MsoNormal\" style=\"margin-bottom:6.0pt;text-align:justify;background:\nwhite\"><span style=\"font-size:10.0pt;font-family:Verdana;color:black\">O godzinie 15<sup>00<\/sup> delegacja naszej parafii wioz\u0105c \u015bwiec\u0119 i Ewangeliarz &#8211; Symbole Nawiedzenia, w asy\u015bcie banderii odjecha\u0142a do Wysokiej \u0141a\u0144cuckiej. Tak zako\u0144czy\u0142 si\u0119 wspania\u0142y dzie\u0144 dany przez Boga, dzie\u0144 w kt&oacute;rym Naj\u015bw. Maryja Panna uczy\u0142a mieszka\u0144c&oacute;w Bud dzi\u0119kczynienia za dar wiary, kt&oacute;ry nar&oacute;d nasz otrzyma\u0142 1000 lat temu.<\/span><\/p>\n<p class=\"MsoNormal\" style=\"margin-bottom:6.0pt;text-align:justify;text-indent:\n35.4pt;background:white\"><span style=\"font-size:10.0pt;font-family:Verdana;\ncolor:black\">Jak d\u0142ugo b\u0119dzie trwa\u0107 w pami\u0119ciach &bdquo;nawiedzenie&quot; &#8211; \u015bwiadomo\u015b\u0107 podj\u0119tych postanowie\u0144, obietnic uczynionych Bogu i Matce Naj\u015bw.? Czy to &bdquo;nawiedzenie&quot; ma moc odmieni\u0107 twarde ludzkie serca?<\/span><\/p>\n<p class=\"MsoNormal\" style=\"margin-bottom:6.0pt;text-align:justify;text-indent:\n35.4pt;background:white\"><span style=\"font-size:10.0pt;font-family:Verdana;\ncolor:black\">Z okazji Nawiedzenia parafianie zakupili do ko\u015bcio\u0142a bia\u0142y ornat maryjny. W pierwszy dzie\u0144 uczestniczy\u0142o 15 kap\u0142an&oacute;w, w\u015br&oacute;d nich ks. J&oacute;zef Matuszek, ks. Roman Kojder, o. Bogus\u0142aw Golak, ks. Edward Poca\u0142u\u0144 i ks. Bronis\u0142aw Domino &#8211; dawni wikariusze. Si&oacute;str by\u0142o osiem: s. Marta Kurek, s. Stefania W\u0119grzyn &#8211; szarytka, s. Augustyna, Czes\u0142awa Marek &#8211; s\u0142u\u017cebniczka, s. Saturnina, Teresa Czyrek, s. Makana, Cecylia Cebula &#8211; Albertynka.<\/span><\/p>\n<p class=\"MsoNormal\" style=\"margin-bottom:6.0pt;text-align:justify;text-indent:\n35.4pt;background:white\"><span style=\"font-size:10.0pt;font-family:Verdana;\ncolor:black\">Rok 1971 parafianie prze\u017cywaj\u0105 jako dalszy ci\u0105g nawiedzenia, kt&oacute;re jeszcze trwa w diecezji. W tym tez roku obchodzi\u0142a Parafia 50 rocznic\u0119 &#8211; Z\u0142oty Jubileusz -utworzenia parafii w Budach \u0141a\u0144cuckich w 1921 r. Z tej okazji 19 czerwca odprawione zosta\u0142o uroczyste nabo\u017ce\u0144stwo.<\/span><\/p>\n<p class=\"MsoNormal\" style=\"margin-bottom:6.0pt;text-align:justify;text-indent:\n35.4pt;background:white\"><span style=\"font-size:10.0pt;font-family:Verdana;\ncolor:black\">W lipcu odszed\u0142 z parafii po czterech latach ks. wikariusz Eugeniusz Worsa, bardzo przez wszystkich szanowany i mile wspominany, tak przez ks. proboszcza jak i przez parafian, &bdquo;z\u0142ota dusza&quot;.<\/span><\/p>\n<p class=\"MsoNormal\" style=\"margin-bottom:6.0pt;text-align:justify;text-indent:\n35.4pt;background:white\"><span style=\"font-size:10.0pt;font-family:Verdana;\ncolor:black\">Wikariuszem w parafii zosta\u0142 ks. Henryk Markowski, przeniesiony z Rzeszowa do Bud \u0141a\u0144cuc.<\/span><\/p>\n<p class=\"MsoNormal\" style=\"margin-bottom:6.0pt;text-align:justify;text-indent:\n35.4pt;background:white\"><span style=\"font-size:10.0pt;font-family:Verdana;\ncolor:black\">W rocznic\u0119 Nawiedzenia w listopadzie odby\u0142y si\u0119 rekolekcje \u015bwi\u0119te, kt&oacute;re prowadzi\u0142 ks. Micha\u0142 Kochman proboszcz z Hy\u017cnego. W ca\u0142ym roku 1971 rozdano w parafii 17 200 Komunii \u015bw.<\/span><\/p>\n<p class=\"MsoNormal\" style=\"margin-bottom:6.0pt;text-align:justify;text-indent:\n17.85pt;background:white\">&nbsp;<\/p>\n<table border=\"0\" cellpadding=\"1\" cellspacing=\"1\" style=\"width: 100%;\">\n<tbody>\n<tr>\n<td><a href=\"http:\/\/www.budylancuckie.przemyska.pl\/?page_id=972\"><strong>Lata 1962 &#8211; 1966 <\/strong><\/a><\/td>\n<td style=\"text-align: right;\"><a href=\"http:\/\/www.budylancuckie.przemyska.pl\/?page_id=976\"><strong>Lata 1972 &#8211; 1976<br \/>\n\t\t\t\t<\/strong><\/a><\/td>\n<\/tr>\n<\/tbody>\n<\/table>\n","protected":false},"excerpt":{"rendered":"<p>Rekolekcje wielkopostne w 1967 roku prowadzi\u0142 w naszej parafii ks. proboszcz z Bia\u0142obrzeg&oacute;w &#8211; ks. J&oacute;zef Pelc. Na wakacjach w lipcu nast\u0105pi\u0142a zmiana ksi\u0119dza wikariusza &#8211; odszed\u0142 ks. Bronis\u0142aw Domino, &hellip; <a href=\"https:\/\/budy.przemyska.pl\/index.php\/z-kroniki-budzkiej-parafii\/kronika-lata-1967-1971\/\" class=\"more-link\">Czytaj dalej <span class=\"screen-reader-text\">Kronika \u2013 lata 1967 \u2013 1971<\/span> <span class=\"meta-nav\">&rarr;<\/span><\/a><\/p>\n","protected":false},"author":1,"featured_media":0,"parent":861,"menu_order":10,"comment_status":"closed","ping_status":"closed","template":"","meta":{"footnotes":""},"class_list":["post-974","page","type-page","status-publish","hentry"],"_links":{"self":[{"href":"https:\/\/budy.przemyska.pl\/index.php\/wp-json\/wp\/v2\/pages\/974","targetHints":{"allow":["GET"]}}],"collection":[{"href":"https:\/\/budy.przemyska.pl\/index.php\/wp-json\/wp\/v2\/pages"}],"about":[{"href":"https:\/\/budy.przemyska.pl\/index.php\/wp-json\/wp\/v2\/types\/page"}],"author":[{"embeddable":true,"href":"https:\/\/budy.przemyska.pl\/index.php\/wp-json\/wp\/v2\/users\/1"}],"replies":[{"embeddable":true,"href":"https:\/\/budy.przemyska.pl\/index.php\/wp-json\/wp\/v2\/comments?post=974"}],"version-history":[{"count":0,"href":"https:\/\/budy.przemyska.pl\/index.php\/wp-json\/wp\/v2\/pages\/974\/revisions"}],"up":[{"embeddable":true,"href":"https:\/\/budy.przemyska.pl\/index.php\/wp-json\/wp\/v2\/pages\/861"}],"wp:attachment":[{"href":"https:\/\/budy.przemyska.pl\/index.php\/wp-json\/wp\/v2\/media?parent=974"}],"curies":[{"name":"wp","href":"https:\/\/api.w.org\/{rel}","templated":true}]}}