{"id":972,"date":"2014-02-02T13:53:48","date_gmt":"2014-02-02T12:53:48","guid":{"rendered":"http:\/\/www.budylancuckie.przemyska.pl\/?page_id=972"},"modified":"2014-02-02T13:53:48","modified_gmt":"2014-02-02T12:53:48","slug":"kronika-lata-1962-1966","status":"publish","type":"page","link":"https:\/\/budy.przemyska.pl\/index.php\/z-kroniki-budzkiej-parafii\/kronika-lata-1962-1966\/","title":{"rendered":"Kronika \u2013 lata 1962 \u2013 1966"},"content":{"rendered":"<p><!--[if gte mso 9]><xml>\n <w:WordDocument>\n  <w:View>Normal<\/w:View>\n  <w:Zoom>0<\/w:Zoom>\n  <w:HyphenationZone>21<\/w:HyphenationZone>\n  <w:PunctuationKerning\/>\n  <w:ValidateAgainstSchemas\/>\n  <w:SaveIfXMLInvalid>false<\/w:SaveIfXMLInvalid>\n  <w:IgnoreMixedContent>false<\/w:IgnoreMixedContent>\n  <w:AlwaysShowPlaceholderText>false<\/w:AlwaysShowPlaceholderText>\n  <w:Compatibility>\n   <w:BreakWrappedTables\/>\n   <w:SnapToGridInCell\/>\n   <w:WrapTextWithPunct\/>\n   <w:UseAsianBreakRules\/>\n   <w:DontGrowAutofit\/>\n  <\/w:Compatibility>\n  <w:BrowserLevel>MicrosoftInternetExplorer4<\/w:BrowserLevel>\n <\/w:WordDocument>\n<\/xml><![endif]--><\/p>\n<p><!--[if gte mso 9]><xml>\n <w:LatentStyles DefLockedState=\"false\" LatentStyleCount=\"156\">\n <\/w:LatentStyles>\n<\/xml><![endif]--><!--[if !mso]><object \nclassid=\"clsid:38481807-CA0E-42D2-BF39-B33AF135CC4D\" id=ieooui><\/object>\n\n\n<style>\nst1\\:*{behavior:url(#ieooui) }\n<\/style>\n\n\n<![endif]--><!--[if gte mso 10]>\n\n\n<style>\n \/* Style Definitions *\/\n table.MsoNormalTable\n\t{mso-style-name:Standardowy;\n\tmso-tstyle-rowband-size:0;\n\tmso-tstyle-colband-size:0;\n\tmso-style-noshow:yes;\n\tmso-style-parent:\"\";\n\tmso-padding-alt:0cm 5.4pt 0cm 5.4pt;\n\tmso-para-margin:0cm;\n\tmso-para-margin-bottom:.0001pt;\n\tmso-pagination:widow-orphan;\n\tfont-size:10.0pt;\n\tfont-family:\"Times New Roman\";\n\tmso-ansi-language:#0400;\n\tmso-fareast-language:#0400;\n\tmso-bidi-language:#0400;}\n<\/style>\n\n\n<![endif]--><\/p>\n<p class=\"MsoNormal\" style=\"margin-bottom:6.0pt;text-align:justify;text-indent:\n1.0cm;background:white\"><span style=\"font-size:10.0pt;font-family:Verdana;\ncolor:black\">W 1962 roku rekolekcje wielkopostne g\u0142osi\u0142 ks. J&oacute;zef Soko\u0142owski &#8211; miejscowy wikariusz.<\/span><\/p>\n<p class=\"MsoNormal\" style=\"margin-bottom:6.0pt;text-align:justify;text-indent:\n1.0cm;background:white\"><span style=\"font-size:10.0pt;font-family:Verdana;\ncolor:black\">W sierpniu w czasie uroczysto\u015bci odpustowej dzi\u0119kowano P Bogu za \u0142aski otrzymywane przez 10 lat w nowym ko\u015bciele.<\/span><\/p>\n<p class=\"MsoNormal\" style=\"margin-bottom:6.0pt;text-align:justify;text-indent:\n1.0cm;background:white\"><span style=\"font-size:10.0pt;font-family:Verdana;\ncolor:black\">Nauka religii odbywa si\u0119 w ko\u015bciele. Wykonano dla ko\u015bcio\u0142a 10 nowych \u0142awek i do\u0142\u0105czono je do starych. W 1962 roku wykonano wreszcie z rocznym op&oacute;\u017anieniem instalacj\u0119 elektryczn\u0105.<\/span><\/p>\n<p class=\"MsoNormal\" style=\"margin-bottom:6.0pt;text-align:justify;text-indent:\n1.0cm;background:white\"><span style=\"font-size:10.0pt;font-family:Verdana;\ncolor:black\">W\u0142adze o\u015bwiatowe \u017c\u0105daj\u0105 sprawozda\u0144 z nauczania religii. Na terenie parafii zosta\u0142y utworzone dwa punkty katechetyczne: na prawej stronie u Floriana Pelca.<\/span><\/p>\n<p class=\"MsoNormal\" style=\"margin-bottom:6.0pt;text-align:justify;text-indent:\n1.0cm;background:white\"><span style=\"font-size:10.0pt;font-family:Verdana;\ncolor:black\">W Wielkim Po\u015bcie rekolekcje g\u0142osi\u0142 ks. J&oacute;zef Markiewicz &#8211; katecheta z Jaros\u0142awia, kolega ksi\u0119dza kanonika, proboszcza parafii.<\/span><\/p>\n<p class=\"MsoNormal\" style=\"margin-bottom:6.0pt;text-align:justify;text-indent:\n1.0cm;background:white\"><span style=\"font-size:10.0pt;font-family:Verdana;\ncolor:black\">Ks. Roman Kojder &#8211; rodak, pracuj\u0105cy w diecezji wroc\u0142awskiej, ofiarowa\u0142 do ko\u015bcio\u0142a par\u0119 ornat&oacute;w i czarn\u0105 kap\u0119. Cecylia Bartnik ofiarowa\u0142a do g\u0142&oacute;wnego o\u0142tarza obraz Matki Bo\u017cej Cz\u0119stochowskiej, namalowany przez artyst\u0119 z Cz\u0119stochowy. Postaci M. Bo\u017cej i Dzieci\u0105tka &bdquo;za du\u017ce&quot;. Wojciech Mach spod lasu ofiarowa\u0142 do kaplicy M.B. Szkaplerznej paj\u0105k elektryczny.<\/span><\/p>\n<p class=\"MsoNormal\" style=\"margin-bottom:6.0pt;text-align:justify;text-indent:\n1.0cm;background:white\"><span style=\"font-size:10.0pt;font-family:Verdana;\ncolor:black\">Poprawiony zosta\u0142 balkon nad wej\u015bciem do ko\u015bcio\u0142a. Pojawi\u0142y si\u0119 jakie\u015b przecieki. Zdaje si\u0119, \u017ce b\u0119dzie ci\u0105gle z tym k\u0142opot.<\/span><\/p>\n<p class=\"MsoNormal\" style=\"margin-bottom:6.0pt;text-align:justify;text-indent:\n1.0cm;background:white\"><span style=\"font-size:10.0pt;font-family:Verdana;\ncolor:black\">W 1964 roku zosta\u0142 wreszcie ca\u0142kowicie uko\u0144czony g\u0142&oacute;wny o\u0142tarz. Wszystkie rze\u017aby, ozdoby wykona\u0142 P J&oacute;zef Koczapski z Przemy\u015bla.<\/span><\/p>\n<p class=\"MsoNormal\" style=\"margin-bottom:6.0pt;text-align:justify;text-indent:\n1.0cm;background:white\"><span style=\"font-size:10.0pt;font-family:Verdana;\ncolor:black\">Ks. Prymas Wyszy\u0144ski udzieli\u0142 zezwolenia, aby odpust zupe\u0142ny z &bdquo;Porcjunkuli&quot; mo\u017cna by\u0142o zyskiwa\u0107 w Dzie\u0144 Zwiastowania. Odt\u0105d s\u0105 w parafii dwa odpusty: Niepokalanego Serca NMP i Zwiastowanie Pa\u0144skie.<\/span><\/p>\n<p class=\"MsoNormal\" style=\"margin-bottom:6.0pt;text-align:justify;text-indent:\n1.0cm;background:white\"><span style=\"font-size:10.0pt;font-family:Verdana;\ncolor:black\">Nast\u0105pi\u0142a zmiana na stanowisku ksi\u0119dza wikariusza. Odszed\u0142 ks. J&oacute;zef Soko\u0142owski, a na jego miejsce przyby\u0142 ks. Bronis\u0142aw Domino.<\/span><\/p>\n<p class=\"MsoNormal\" style=\"margin-bottom:6.0pt;text-align:justify;text-indent:\n1.0cm;background:white\"><span style=\"font-size:10.0pt;font-family:Verdana;\ncolor:black\">Wydzia\u0142 o\u015bwiaty domaga si\u0119, by ksi\u0119\u017ca od nich otrzymywali zezwolenie na nauczanie religii. Otrzymywali odpowied\u017a, \u017ce dla ksi\u0119\u017cy kompetentn\u0105 w\u0142adz\u0105 zezwalaj\u0105c\u0105 na nauczanie religii jest Ksi\u0105dz Biskup.<\/span><\/p>\n<p class=\"MsoNormal\" style=\"margin-bottom:6.0pt;text-align:justify;text-indent:\n1.0cm;background:white\"><span style=\"font-size:10.0pt;font-family:Verdana;\ncolor:black\">W tym roku urodzi\u0142o si\u0119 34 dzieci, by\u0142o 20 pogrzeb&oacute;w i 10 \u015blub&oacute;w. Do I Komunii \u015bw. przyst\u0105pi\u0142o 40 dzieci. W roku 1965 rekolekcje wielkopostne prowadzi\u0142 ks. Bronis\u0142aw Domino &#8211; stryj miejscowego ks. wikariusza.<\/span><\/p>\n<p class=\"MsoNormal\" style=\"margin-bottom:6.0pt;text-align:justify;text-indent:\n1.0cm;background:white\"><span style=\"font-size:10.0pt;font-family:Verdana;\ncolor:black\">10 maja odby\u0142a si\u0119 wizytacja kanoniczna w parafii, przeprowadzona przez ks. bpa Stanis\u0142awa Jakiela. Do sakramentu bierzmowania przyst\u0105pi\u0142o 226 os&oacute;b.<\/span><\/p>\n<p class=\"MsoNormal\" style=\"margin-bottom:6.0pt;text-align:justify;text-indent:\n1.0cm;background:white\"><span style=\"font-size:10.0pt;font-family:Verdana;\ncolor:black\">W listopadzie, w zwi\u0105zku z modlitwami w intencji Soboru (III sesja) uda\u0142a si\u0119 delegacja z parafii na Jasn\u0105 G&oacute;r\u0119. W parafii odbywa\u0142o si\u0119 triduum i oddanie parafii w niewol\u0119 Matki Naj\u015bwi\u0119tszej za Ko\u015bci&oacute;\u0142 w Polsce i w \u015bwiecie.<\/span><\/p>\n<p class=\"MsoNormal\" style=\"margin-bottom:6.0pt;text-align:justify;text-indent:\n1.0cm;background:white\"><span style=\"font-size:10.0pt;font-family:Verdana;\ncolor:black\">W tym roku urodzi\u0142o si\u0119 i zosta\u0142o ochrzczonych 26 dzieci, \u015blub&oacute;w by\u0142o 13, a zgon&oacute;w 28, w tym dwa tragiczne: Wojciech Ko\u0144, lat 59, zabity przez traktor w Sarzynie, dok\u0105d odwi&oacute;z\u0142 kontraktowany tyto\u0144, oraz Kazimierz Migas, lat 32, utopi\u0142 si\u0119 w Nysie, w czasie k\u0105pieli. Do I Komunii \u015bw. przyst\u0105pi\u0142o 40 dzieci. Rozdano 12 500 Komunii \u015bw.<\/span><\/p>\n<p class=\"MsoNormal\" style=\"margin-bottom:6.0pt;text-align:justify;text-indent:\n1.0cm;background:white\"><span style=\"font-size:10.0pt;font-family:Verdana;\ncolor:black\">Rok 1966 jest rokiem jubileuszowym &bdquo;Tysi\u0105clecia&quot; chrztu Polski. Wszystkie nabo\u017ce\u0144stwa w tym roku nawi\u0105zuj\u0105 do tej wielkiej rocznicy.<\/span><\/p>\n<p class=\"MsoNormal\" style=\"margin-bottom:6.0pt;text-align:justify;text-indent:\n1.0cm;background:white\"><span style=\"font-size:10.0pt;font-family:Verdana;\ncolor:black\">We wszystkich diecezjach odbywaj\u0105 si\u0119 uroczysto\u015bci jubileuszowe z udzia\u0142em Ks. Prymasa Wyszy\u0144skiego i ca\u0142ego episkopatu. 22 sierpnia odby\u0142y si\u0119 takie uroczysto\u015bci w Przemy\u015blu. Uczestniczy\u0142y w nich delegacje wiernych z ca\u0142ej, diecezji. By\u0142a te\u017c delegacja z budzkiej parafii.<\/span><\/p>\n<p class=\"MsoNormal\" style=\"margin-bottom:6.0pt;text-align:justify;text-indent:\n1.0cm;background:white\"><span style=\"font-size:10.0pt;font-family:Verdana;\ncolor:black\">Kopia Obrazu Matki Bo\u017cej Jasnog&oacute;rskiej w\u0119drowa\u0142a po ca\u0142ej Polsce w poszczeg&oacute;lnych diecezjach, od parafii do parafii. Odbywa\u0142o si\u0119 to bardzo uroczy\u015bcie. Parafie przygotowywa\u0142y si\u0119 do przyj\u0119cia Matki Naj\u015bwi\u0119tszej poprzez misje, rekolekcje, &quot;W\u0142adze pa\u0144stwowe uwi\u0119zi\u0142y jednak obraz Matki Naj\u015bw. na Jasnej G&oacute;rze, gdzie przez kilka lat sta\u0142y dzie\u0144 i noc posterunki milicji pilnuj\u0105cej czy kto\u015b nie wynosi Obrazu. Obraz zabrano delegacji diecezji katowickiej w czasie przejazdu z Cz\u0119stochowy do Katowic. Odt\u0105d nawiedzenie odbywa\u0142o si\u0119 bez Obrazu (puste ramy, \u015bwieca i Ewangeliarz). Mimo pilnowania przez milicj\u0119 Obraz wyni&oacute;s\u0142 z Jasnej G&oacute;ry ksi\u0105dz z diecezji sandomierskiej.<\/span><\/p>\n<p class=\"MsoNormal\" style=\"margin-bottom:6.0pt;text-align:justify;text-indent:\n1.0cm;background:white\"><span style=\"font-size:10.0pt;font-family:Verdana;\ncolor:black\">W czasie nowenny przed &bdquo;Millenium&quot; ma\u0142y obraz, kopia obrazu M.B. Cz\u0119stochowskiej nawiedza\u0142a ka\u017cdy dom w parafiach. We wszystkich domach &#8211; rodzinach Matka Bo\u017ca w Obrazie Jasnog&oacute;rskim by\u0142a przyjmowana z wielk\u0105 czci\u0105 i nabo\u017ce\u0144stwem. (Zdarzy\u0142o si\u0119 te\u017c, \u017ce kto\u015b nie by\u0142 obecny jako niewierz\u0105cy, kt&oacute;rego syn m&oacute;wi\u0142: &bdquo;tata m&oacute;wi\u0142, \u017ce Boga me ma&quot;.)<\/span><\/p>\n<p class=\"MsoNormal\" style=\"margin-bottom:6.0pt;text-align:justify;text-indent:\n1.0cm;background:white\"><span style=\"font-size:10.0pt;font-family:Verdana;\ncolor:black\">Do ko\u015bcio\u0142a dorobiono dalszych kilka \u0142awek. Wed\u0142ug zalece\u0144 soborowych przystosowano o\u0142tarz do odprawiania twarz\u0105 ku ludziom i w ambonk\u0119. (O\u0142tarz soborowy i ambonk\u0119 wykona\u0142 p. Ignacy Kurek).<\/span><\/p>\n<p class=\"MsoNormal\" style=\"margin-bottom:6.0pt;text-align:justify;text-indent:\n1.0cm;background:white\"><span style=\"font-size:10.0pt;font-family:Verdana;\ncolor:black\">W parafii zosta\u0142o ochrzczonych 36 dzieci. \u015alub&oacute;w by\u0142o 18, a zgon&oacute;w &#8211; pogrzeb&oacute;w 20.<\/span><\/p>\n<p class=\"MsoNormal\" style=\"margin-bottom:6.0pt;text-align:justify;text-indent:\n17.85pt;background:white\">&nbsp;<\/p>\n<table border=\"0\" cellpadding=\"1\" cellspacing=\"1\" style=\"width: 100%;\">\n<tbody>\n<tr>\n<td><a href=\"http:\/\/www.budylancuckie.przemyska.pl\/?page_id=970\"><strong>Lata 1957 &#8211; 1961 <\/strong><\/a><\/td>\n<td style=\"text-align: right;\"><a href=\"http:\/\/www.budylancuckie.przemyska.pl\/?page_id=974\"><strong>Lata 1967 &#8211; 1971<br \/>\n\t\t\t\t<\/strong><\/a><\/td>\n<\/tr>\n<\/tbody>\n<\/table>\n","protected":false},"excerpt":{"rendered":"<p>W 1962 roku rekolekcje wielkopostne g\u0142osi\u0142 ks. J&oacute;zef Soko\u0142owski &#8211; miejscowy wikariusz. W sierpniu w czasie uroczysto\u015bci odpustowej dzi\u0119kowano P Bogu za \u0142aski otrzymywane przez 10 lat w nowym ko\u015bciele. &hellip; <a href=\"https:\/\/budy.przemyska.pl\/index.php\/z-kroniki-budzkiej-parafii\/kronika-lata-1962-1966\/\" class=\"more-link\">Czytaj dalej <span class=\"screen-reader-text\">Kronika \u2013 lata 1962 \u2013 1966<\/span> <span class=\"meta-nav\">&rarr;<\/span><\/a><\/p>\n","protected":false},"author":1,"featured_media":0,"parent":861,"menu_order":9,"comment_status":"closed","ping_status":"closed","template":"","meta":{"footnotes":""},"class_list":["post-972","page","type-page","status-publish","hentry"],"_links":{"self":[{"href":"https:\/\/budy.przemyska.pl\/index.php\/wp-json\/wp\/v2\/pages\/972","targetHints":{"allow":["GET"]}}],"collection":[{"href":"https:\/\/budy.przemyska.pl\/index.php\/wp-json\/wp\/v2\/pages"}],"about":[{"href":"https:\/\/budy.przemyska.pl\/index.php\/wp-json\/wp\/v2\/types\/page"}],"author":[{"embeddable":true,"href":"https:\/\/budy.przemyska.pl\/index.php\/wp-json\/wp\/v2\/users\/1"}],"replies":[{"embeddable":true,"href":"https:\/\/budy.przemyska.pl\/index.php\/wp-json\/wp\/v2\/comments?post=972"}],"version-history":[{"count":0,"href":"https:\/\/budy.przemyska.pl\/index.php\/wp-json\/wp\/v2\/pages\/972\/revisions"}],"up":[{"embeddable":true,"href":"https:\/\/budy.przemyska.pl\/index.php\/wp-json\/wp\/v2\/pages\/861"}],"wp:attachment":[{"href":"https:\/\/budy.przemyska.pl\/index.php\/wp-json\/wp\/v2\/media?parent=972"}],"curies":[{"name":"wp","href":"https:\/\/api.w.org\/{rel}","templated":true}]}}