{"id":93,"date":"2011-05-26T23:27:39","date_gmt":"2011-05-26T21:27:39","guid":{"rendered":"http:\/\/www.budylancuckie.przemyska.pl\/?page_id=93"},"modified":"2011-05-26T23:27:39","modified_gmt":"2011-05-26T21:27:39","slug":"zywy-rozaniec","status":"publish","type":"page","link":"https:\/\/budy.przemyska.pl\/index.php\/zywy-rozaniec\/","title":{"rendered":"\u017bywy R\u00f3\u017caniec"},"content":{"rendered":"<p style=\"text-align: justify;\">[singlepic id=192 w=100 h=106 float=left]W dniu 13 pa\u017adziernika 1934 roku w tutejszej parafii zosta\u0142o uroczy\u015bcie erygowane Bractwo R&oacute;\u017ca\u0144cowe sk\u0142adaj\u0105ce si\u0119 z 48 R&oacute;\u017c. By\u0142a to odpowied\u017a parafian na pro\u015bby Matki Naj\u015bwi\u0119tszej, patronki parafii, wyra\u017cane w czasie objawie\u0144 w Lourdes, a szczeg&oacute;lnie w Fatimie. R&oacute;\u017caniec powinni\u015bmy odmawia\u0107 jak najcz\u0119\u015bciej. Jest on Bibli\u0105 i brewiarzem pokornych.<\/p>\n<p style=\"text-align: justify;\">[singlepic id=191 w=120 h=167 float=right]Istnieje zwyczaj przewi\u0105zywania d\u0142oni zmar\u0142ego r&oacute;\u017ca\u0144cem: jest to jakby klucz do raju. Je\u015bli przychodzimy z r&oacute;\u017ca\u0144cem w d\u0142oni, B&oacute;g nie mo\u017ce zamkn\u0105\u0107 nam podwoj&oacute;w swojego mi\u0142osierdzia, poniewa\u017c zjawiamy si\u0119 przed Nim z najskuteczniejsz\u0105 rekomendacj\u0105, otrzyman\u0105 od Jego i&nbsp; naszej Matki, Maryi. Ale klucz obr&oacute;ci si\u0119 w zamku bramy do Raju, je\u017celi ten r&oacute;\u017caniec nie b\u0119dzie jedynie niemym i bezw\u0142adnym przedmiotem, ale je\u015bli b\u0119dzie m&oacute;g\u0142 opowiedzie\u0107 o wszystkich &quot;Zdrowa\u015b&nbsp; Mario&quot;, jakie odm&oacute;wili\u015bmy w \u017cyciu! Przez wszystkie &quot;Zdrowa\u015b, Mario&quot; sp\u0142ywaj\u0105 na dusz\u0119 rozwa\u017caj\u0105c\u0105 wielkie czyny Boga. Odmawiaj\u0105c tajemnice R&oacute;\u017ca\u0144ca, mo\u017cemy te\u017c przedstawi\u0107 Bogu przez r\u0119ce Maryi nasze niedostatki, potrzeby, strapienia. Obecnie w naszej Parafii jest 28 R&oacute;\u017c. Nadto w ko\u015bciele codziennie przed Msz\u0105 \u015bw. wieczorem odmawiany jest R&oacute;\u017caniec (jedna cz\u0105stka) prowadzony przez przewodnicz\u0105c\u0105 danej R&oacute;\u017cy lub jednego z jej cz\u0142onk&oacute;w.<\/p>\n<p style=\"text-align: justify;\"><strong><br \/>\n\tW styczniu 2020 trwa\u0142a aktualizacja informacji na temat R&oacute;\u017c R&oacute;\u017ca\u0144cowych znajduj\u0105cych si\u0119 w naszej Parafii dotycz\u0105ca ustalenia aktualnego stanu osobowego R&oacute;\u017c. Dla ka\u017cdej R&oacute;\u017cy jest informacja o jej cz\u0142onkach, osobie prowadz\u0105cej oraz historia zwi\u0105zana z patronem danej R&oacute;\u017cy. Poni\u017cej znajduje si\u0119 lista wszystkich R&oacute;\u017c w parafii wg stanu na dzie\u0144 10 luty 2020 wraz z informacj\u0105 o osobie prowadz\u0105cej R&oacute;\u017c\u0119 oraz czy s\u0105 wolne tajemnice do przekazania.<br \/>\n\t<\/strong><\/p>\n<p align=\"left\"><span style=\"font-size:12px;\"><b>R&oacute;\u017ce:<br \/>\n\t<\/b><\/span><\/p>\n<table border=\"0\" cellpadding=\"0\" cellspacing=\"5\" style=\"width: 437px;\">\n<tbody>\n<tr>\n<td width=\"30\"><span style=\"font-size:12px;\">Lp.<\/span><\/td>\n<td width=\"240\"><span style=\"font-size:12px;\">Patron R&oacute;\u017cy<\/span><\/td>\n<td width=\"240\"><span style=\"font-size:12px;\">Zelator<\/span><\/td>\n<td width=\"240\"><span style=\"font-size:12px;\">Ilo\u015b\u0107 wolnych tajemnic<\/span><\/td>\n<\/tr>\n<tr>\n<td width=\"30\"><span style=\"font-size:12px;\">1.<\/span><\/td>\n<td width=\"240\"><a href=\"http:\/\/www.budylancuckie.przemyska.pl\/?page_id=1028\"><span style=\"font-size:12px;\">\u015aw. Agaty<\/span><\/a><\/td>\n<td width=\"240\"><span style=\"font-size:12px;\"><i>(Patrycja Por\u0119bna)<\/i><\/span><\/td>\n<td width=\"240\"><span style=\"font-size:12px;\">brak<\/span><\/td>\n<\/tr>\n<tr>\n<td width=\"30\"><span style=\"font-size:12px;\">2.<\/span><\/td>\n<td width=\"240\"><a href=\"http:\/\/www.budylancuckie.przemyska.pl\/?page_id=1036\"><span style=\"font-size:12px;\">\u015aw. Agnieszki<\/span><\/a><\/td>\n<td width=\"240\"><span style=\"font-size:12px;\"><i>(Krystyna Nykiel)<\/i><\/span><\/td>\n<td width=\"240\"><span style=\"font-size:12px;\">brak<\/span><\/td>\n<\/tr>\n<tr>\n<td width=\"30\"><span style=\"font-size:12px;\">3.<\/span><\/td>\n<td width=\"240\"><a href=\"http:\/\/www.budylancuckie.przemyska.pl\/?page_id=1042\"><span style=\"font-size:12px;\">\u015aw. Andrzeja Aposto\u0142a<\/span><\/a><\/td>\n<td width=\"240\"><span style=\"font-size:12px;\"><i>(J&oacute;zef M\u0105dry)<\/i><\/span><\/td>\n<td width=\"240\"><span style=\"font-size:12px;\">3<\/span><\/td>\n<\/tr>\n<tr>\n<td width=\"30\"><span style=\"font-size:12px;\">4.<\/span><\/td>\n<td width=\"240\"><a href=\"http:\/\/www.budylancuckie.przemyska.pl\/?page_id=1075\"><span style=\"font-size:12px;\">\u015aw. Anny<\/span><\/a><\/td>\n<td width=\"240\"><span style=\"font-size:12px;\"><i>(Karolina Benedyk)<\/i><\/span><\/td>\n<td width=\"240\"><span style=\"font-size:12px;\">8<\/span><\/td>\n<\/tr>\n<tr>\n<td width=\"30\"><span style=\"font-size:12px;\">5.<\/span><\/td>\n<td width=\"240\"><a href=\"http:\/\/www.budylancuckie.przemyska.pl\/?page_id=1091\"><span style=\"font-size:12px;\">\u015aw. Cecylii<\/span><\/a><\/td>\n<td width=\"240\"><span style=\"font-size:12px;\"><i>(Krystyna Markowicz)<\/i><\/span><\/td>\n<td width=\"240\"><span style=\"font-size:12px;\">5<\/span><\/td>\n<\/tr>\n<tr>\n<td width=\"30\"><span style=\"font-size:12px;\">6.<\/span><\/td>\n<td width=\"240\"><a href=\"http:\/\/www.budylancuckie.przemyska.pl\/?page_id=1111\"><span style=\"font-size:12px;\">\u015aw. El\u017cbiety<\/span><\/a><\/td>\n<td width=\"240\"><span style=\"font-size:12px;\"><i>(Alina Trojnar)<\/i><\/span><\/td>\n<td width=\"240\"><span style=\"font-size:12px;\">6<\/span><\/td>\n<\/tr>\n<tr>\n<td width=\"30\"><span style=\"font-size:12px;\">7.<\/span><\/td>\n<td width=\"240\"><a href=\"http:\/\/www.budylancuckie.przemyska.pl\/?page_id=1114\"><span style=\"font-size:12px;\">\u015aw. Faustyny<\/span><\/a><\/td>\n<td width=\"240\"><span style=\"font-size:12px;\"><i>(Eugenia \u015awizdor)<\/i><\/span><\/td>\n<td width=\"240\"><span style=\"font-size:12px;\">brak<\/span><\/td>\n<\/tr>\n<tr>\n<td width=\"30\"><span style=\"font-size:12px;\">8.<\/span><\/td>\n<td width=\"240\"><a href=\"http:\/\/www.budylancuckie.przemyska.pl\/?page_id=1117\"><span style=\"font-size:12px;\">\u015aw. Franciszka z Asy\u017cu<\/span><\/a><\/td>\n<td width=\"240\"><span style=\"font-size:12px;\"><i>(Jan Nowak)<\/i><\/span><\/td>\n<td width=\"240\"><span style=\"font-size:12px;\">brak<\/span><\/td>\n<\/tr>\n<tr>\n<td width=\"30\"><span style=\"font-size:12px;\">9.<\/span><\/td>\n<td width=\"240\"><a href=\"http:\/\/www.budylancuckie.przemyska.pl\/?page_id=1122\"><span style=\"font-size:12px;\">\u015aw. Genowefy<\/span><\/a><\/td>\n<td width=\"240\"><span style=\"font-size:12px;\"><i>(Genowefa Dr\u0105\u017cek)<\/i><\/span><\/td>\n<td width=\"240\"><span style=\"font-size:12px;\">brak<\/span><\/td>\n<\/tr>\n<tr>\n<td width=\"30\"><span style=\"font-size:12px;\">10.<\/span><\/td>\n<td width=\"240\"><a href=\"http:\/\/www.budylancuckie.przemyska.pl\/?page_id=1126\"><span style=\"font-size:12px;\">\u015aw Heleny<\/span><\/a><\/td>\n<td width=\"240\"><span style=\"font-size:12px;\"><i>(Helena Dyrda)<\/i><\/span><\/td>\n<td width=\"240\"><span style=\"font-size:12px;\">brak<\/span><\/td>\n<\/tr>\n<tr>\n<td width=\"30\"><span style=\"font-size:12px;\">11.<\/span><\/td>\n<td width=\"240\"><a href=\"http:\/\/www.budylancuckie.przemyska.pl\/?page_id=1130\"><span style=\"font-size:12px;\">\u015aw. Jadwigi&nbsp;Kr&oacute;lowej<\/span><\/a><\/td>\n<td width=\"240\"><span style=\"font-size:12px;\"><i>(Halina Dyrda)<\/i><\/span><\/td>\n<td width=\"240\"><span style=\"font-size:12px;\">brak<\/span><\/td>\n<\/tr>\n<tr>\n<td width=\"30\"><span style=\"font-size:12px;\">12.<\/span><\/td>\n<td width=\"240\"><a href=\"http:\/\/www.budylancuckie.przemyska.pl\/?page_id=1137\"><span style=\"font-size:12px;\">\u015aw. Jadwigi \u015al\u0105skiej<\/span><\/a><\/td>\n<td width=\"240\"><span style=\"font-size:12px;\"><i>(Maria Bester)<\/i><\/span><\/td>\n<td width=\"240\"><span style=\"font-size:12px;\">2<\/span><\/td>\n<\/tr>\n<tr>\n<td width=\"30\"><span style=\"font-size:12px;\">13.<\/span><\/td>\n<td width=\"240\"><a href=\"http:\/\/www.budylancuckie.przemyska.pl\/?page_id=1140\"><span style=\"font-size:12px;\">\u015aw. Katarzyny <\/span><\/a><\/td>\n<td width=\"240\"><span style=\"font-size:12px;\"><i>(Anna Kurek)<\/i><\/span><\/td>\n<td width=\"240\"><span style=\"font-size:12px;\">3<\/span><\/td>\n<\/tr>\n<tr>\n<td width=\"30\"><span style=\"font-size:12px;\">14.<\/span><\/td>\n<td width=\"240\"><a href=\"http:\/\/www.budylancuckie.przemyska.pl\/?page_id=1145\"><span style=\"font-size:12px;\">\u015aw. Kingi <\/span><\/a><\/td>\n<td width=\"240\"><span style=\"font-size:12px;\"><i>(El\u017cbieta Wacnik)<\/i><\/span><\/td>\n<td width=\"240\"><span style=\"font-size:12px;\">3<\/span><\/td>\n<\/tr>\n<tr>\n<td width=\"30\"><span style=\"font-size:12px;\">15.<\/span><\/td>\n<td width=\"240\"><a href=\"http:\/\/www.budylancuckie.przemyska.pl\/?page_id=1149\"><span style=\"font-size:12px;\">\u015aw. Klary<\/span><\/a><\/td>\n<td width=\"240\"><span style=\"font-size:12px;\"><i>(Teresa G\u0142owiak)<\/i><\/span><\/td>\n<td width=\"240\"><span style=\"font-size:12px;\">5<\/span><\/td>\n<\/tr>\n<tr>\n<td width=\"30\"><span style=\"font-size:12px;\">16.<\/span><\/td>\n<td width=\"240\"><a href=\"http:\/\/www.budylancuckie.przemyska.pl\/?page_id=1152\"><span style=\"font-size:12px;\">\u015aw. Marii <\/span><span style=\"font-size:12px;\">Ma\u0142gorzaty <\/span><\/a><\/td>\n<td width=\"240\"><span style=\"font-size:12px;\"><i>(Janina Angrys)<\/i><\/span><\/td>\n<td width=\"240\"><span style=\"font-size:12px;\">brak<\/span><\/td>\n<\/tr>\n<tr>\n<td width=\"30\"><span style=\"font-size:12px;\">17.<\/span><\/td>\n<td width=\"240\"><a href=\"http:\/\/www.budylancuckie.przemyska.pl\/?page_id=1157\"><span style=\"font-size:12px;\">\u015aw. Marii Magdaleny<\/span><\/a><\/td>\n<td width=\"240\"><span style=\"font-size:12px;\"><i>(Maria Baran)<\/i><\/span><\/td>\n<td width=\"240\"><span style=\"font-size:12px;\">brak<\/span><\/td>\n<\/tr>\n<tr>\n<td width=\"30\"><span style=\"font-size:12px;\">18.<\/span><\/td>\n<td width=\"240\"><a href=\"http:\/\/www.budylancuckie.przemyska.pl\/?page_id=1162\"><span style=\"font-size:12px;\">\u015aw. Marii Goretti<\/span><\/a><\/td>\n<td width=\"240\"><span style=\"font-size:12px;\"><i>(El\u017cbieta Kukulska)<\/i><\/span><\/td>\n<td width=\"240\"><span style=\"font-size:12px;\">brak<\/span><\/td>\n<\/tr>\n<tr>\n<td width=\"30\"><span style=\"font-size:12px;\">19.<\/span><\/td>\n<td width=\"240\"><a href=\"http:\/\/www.budylancuckie.przemyska.pl\/?page_id=1167\"><span style=\"font-size:12px;\">\u015aw. Marty<\/span><\/a><\/td>\n<td width=\"240\"><span style=\"font-size:12px;\"><i>(Czes\u0142awa Por\u0119bna)<\/i><\/span><\/td>\n<td width=\"240\"><span style=\"font-size:12px;\">brak<\/span><\/td>\n<\/tr>\n<tr>\n<td width=\"30\"><span style=\"font-size:12px;\">20.<\/span><\/td>\n<td width=\"240\"><a href=\"http:\/\/www.budylancuckie.przemyska.pl\/?page_id=1172\"><span style=\"font-size:12px;\">Matki Bo\u017cej Bolesnej<\/span><\/a><\/td>\n<td width=\"240\"><span style=\"font-size:12px;\"><i>(Genowefa Bartnik)<\/i><\/span><\/td>\n<td width=\"240\"><span style=\"font-size:12px;\">brak<\/span><\/td>\n<\/tr>\n<tr>\n<td width=\"30\"><span style=\"font-size:12px;\">21.<\/span><\/td>\n<td width=\"240\"><a href=\"http:\/\/www.budylancuckie.przemyska.pl\/?page_id=1175\"><span style=\"font-size:12px;\">Matki Bo\u017cej R&oacute;\u017ca\u0144cowej<\/span><\/a><\/td>\n<td width=\"240\"><span style=\"font-size:12px;\"><i>(Zofia \u015awizdor)<\/i><\/span><\/td>\n<td width=\"240\"><span style=\"font-size:12px;\">brak<\/span><\/td>\n<\/tr>\n<tr>\n<td width=\"30\"><span style=\"font-size:12px;\">22.<\/span><\/td>\n<td width=\"240\"><a href=\"http:\/\/www.budylancuckie.przemyska.pl\/?page_id=1180\"><span style=\"font-size:12px;\">Matki Bo\u017cej Szkaplerznej<\/span><\/a><\/td>\n<td width=\"240\"><span style=\"font-size:12px;\"><i>(Maria K\u0142os)<\/i><\/span><\/td>\n<td width=\"240\"><span style=\"font-size:12px;\">brak<\/span><\/td>\n<\/tr>\n<tr>\n<td width=\"30\"><span style=\"font-size:12px;\">23.<\/span><\/td>\n<td width=\"240\"><a href=\"http:\/\/www.budylancuckie.przemyska.pl\/?page_id=1183\"><span style=\"font-size:12px;\">\u015aw. Stanis\u0142awa Biskupa<\/span><\/a><\/td>\n<td width=\"240\"><span style=\"font-size:12px;\"><i>(Franciszek Bartnik)<\/i><\/span><\/td>\n<td width=\"240\"><span style=\"font-size:12px;\">brak<\/span><\/td>\n<\/tr>\n<tr>\n<td width=\"30\"><span style=\"font-size:12px;\">24.<\/span><\/td>\n<td width=\"240\"><a href=\"http:\/\/www.budylancuckie.przemyska.pl\/?page_id=1188\"><span style=\"font-size:12px;\">\u015aw. Teresy od Dzieci\u0105tka Jezus<\/span><\/a><\/td>\n<td width=\"240\"><span style=\"font-size:12px;\"><i>(Dorota Dzierga)<\/i><\/span><\/td>\n<td width=\"240\"><span style=\"font-size:12px;\">2<\/span><\/td>\n<\/tr>\n<tr>\n<td width=\"30\"><span style=\"font-size:12px;\">25.<\/span><\/td>\n<td width=\"240\"><a href=\"http:\/\/www.budylancuckie.przemyska.pl\/?page_id=1191\"><span style=\"font-size:12px;\">\u015aw. Teresy Wielkiej<\/span><\/a><\/td>\n<td width=\"240\"><span style=\"font-size:12px;\"><i>(Zofia Wierzbicka)<\/i><\/span><\/td>\n<td width=\"240\"><span style=\"font-size:12px;\">brak<\/span><\/td>\n<\/tr>\n<tr>\n<td width=\"30\"><span style=\"font-size:12px;\">26.<\/span><\/td>\n<td width=\"240\"><a href=\"http:\/\/www.budylancuckie.przemyska.pl\/?page_id=1195\"><span style=\"font-size:12px;\">\u015aw. Tomasz Aposto\u0142a<\/span><\/a><\/td>\n<td width=\"240\"><span style=\"font-size:12px;\"><i>(Stanis\u0142aw \u015alimak)<\/i><\/span><\/td>\n<td width=\"240\"><span style=\"font-size:12px;\">brak<\/span><\/td>\n<\/tr>\n<tr>\n<td width=\"30\"><span style=\"font-size:12px;\">27.<\/span><\/td>\n<td width=\"240\"><a href=\"http:\/\/www.budylancuckie.przemyska.pl\/?page_id=1198\"><span style=\"font-size:12px;\">\u015aw. Zofii<\/span><\/a><\/td>\n<td width=\"240\"><span style=\"font-size:12px;\"><i>(Zofia Kurek)<\/i><\/span><\/td>\n<td width=\"240\"><span style=\"font-size:12px;\">brak<\/span><\/td>\n<\/tr>\n<\/tbody>\n<\/table>\n","protected":false},"excerpt":{"rendered":"<p>[singlepic id=192 w=100 h=106 float=left]W dniu 13 pa\u017adziernika 1934 roku w tutejszej parafii zosta\u0142o uroczy\u015bcie erygowane Bractwo R&oacute;\u017ca\u0144cowe sk\u0142adaj\u0105ce si\u0119 z 48 R&oacute;\u017c. By\u0142a to odpowied\u017a parafian na pro\u015bby Matki &hellip; <a href=\"https:\/\/budy.przemyska.pl\/index.php\/zywy-rozaniec\/\" class=\"more-link\">Czytaj dalej <span class=\"screen-reader-text\">\u017bywy R\u00f3\u017caniec<\/span> <span class=\"meta-nav\">&rarr;<\/span><\/a><\/p>\n","protected":false},"author":1,"featured_media":0,"parent":0,"menu_order":0,"comment_status":"closed","ping_status":"closed","template":"","meta":{"footnotes":""},"class_list":["post-93","page","type-page","status-publish","hentry"],"_links":{"self":[{"href":"https:\/\/budy.przemyska.pl\/index.php\/wp-json\/wp\/v2\/pages\/93","targetHints":{"allow":["GET"]}}],"collection":[{"href":"https:\/\/budy.przemyska.pl\/index.php\/wp-json\/wp\/v2\/pages"}],"about":[{"href":"https:\/\/budy.przemyska.pl\/index.php\/wp-json\/wp\/v2\/types\/page"}],"author":[{"embeddable":true,"href":"https:\/\/budy.przemyska.pl\/index.php\/wp-json\/wp\/v2\/users\/1"}],"replies":[{"embeddable":true,"href":"https:\/\/budy.przemyska.pl\/index.php\/wp-json\/wp\/v2\/comments?post=93"}],"version-history":[{"count":0,"href":"https:\/\/budy.przemyska.pl\/index.php\/wp-json\/wp\/v2\/pages\/93\/revisions"}],"wp:attachment":[{"href":"https:\/\/budy.przemyska.pl\/index.php\/wp-json\/wp\/v2\/media?parent=93"}],"curies":[{"name":"wp","href":"https:\/\/api.w.org\/{rel}","templated":true}]}}