{"id":928,"date":"2013-12-29T18:29:50","date_gmt":"2013-12-29T17:29:50","guid":{"rendered":"http:\/\/www.budylancuckie.przemyska.pl\/?page_id=928"},"modified":"2013-12-29T18:29:50","modified_gmt":"2013-12-29T17:29:50","slug":"kronika-lata-1932-1936","status":"publish","type":"page","link":"https:\/\/budy.przemyska.pl\/index.php\/z-kroniki-budzkiej-parafii\/kronika-lata-1932-1936\/","title":{"rendered":"Kronika &#8211; lata 1932 &#8211; 1936"},"content":{"rendered":"<p>Lata trzydzieste staj\u0105 si\u0119 coraz trudniejsze dla ludzi. Idzie bieda. Ca\u0142e masy ludzi szukaj\u0105 pracy. Bieda daje si\u0119 we znaki wszystkim. Ludzie na wsi biedni, staj\u0105 si\u0119 jeszcze ubo\u017csi.<\/p>\n<p>\tW roku 1933 mia\u0142a si\u0119 odby\u0107 wizytacja kanoniczna w Budach \u0141a\u0144cuckich. 5 kwietnia tego\u017c roku zmar\u0142 Biskup przemyski Anatol Nowak. Wizytacj\u0119 kanoniczn\u0105 w dekanacie odwo\u0142ano.<\/p>\n<p>\tW Wielkim Po\u015bcie wielk\u0105 pomoc\u0105 w pracy by\u0142 ks. J&oacute;zef Matuszek, rodak, wikariusz w parafii Spie, przebywaj\u0105cy na dwumiesi\u0119cznym urlopie zdrowotnym. W Budach co niedziela celebrowa\u0142 Sum\u0119 i g\u0142osi\u0142 wspania\u0142e kazania pasyjne.<\/p>\n<p>\tBieda zakrad\u0142a si\u0119 i do Bud. Jest coraz wi\u0119ksza. Brakuje chleba nawet u zamo\u017cniejszych gospodarzy. Rz\u0105d sanacyjny wcale nie dba o ch\u0142opa. Pog\u0142\u0119bia si\u0119 niech\u0119\u0107 do obozu rz\u0105dz\u0105cego. Z okazji 25-lecia pracy parlamentarnej Wincentego Witosa, urz\u0105dzono w Rakszawie wielkie zgromadzenie okolicznych ch\u0142op&oacute;w. Zgromadzenie by\u0142o legalne, zebra\u0142o si\u0119 kilka tysi\u0119cy ch\u0142op&oacute;w. Poniewa\u017c by\u0142a to niedziela ks. proboszcz, za zezwoleniem w\u0142adzy ko\u015bcielnej, odprawi\u0142 dla ch\u0142op&oacute;w Msz\u0119 \u015bw. polow\u0105 z kazaniem. Po Mszy \u015bw. wyg\u0142aszano wiele m&oacute;w, niekt&oacute;re zach\u0119caj\u0105ce do buntu. Tak\u017ce cichaczem nawo\u0142ywano zgromadzonych ch\u0142op&oacute;w do buntu. Skutkiem tej agitacji ju\u017c nast\u0119pnego dnia w \u0141ukawcu ch\u0142opi starli si\u0119 z policj\u0105. Powodem by\u0142y rabunki w lesie. Od tego czasu coraz wi\u0119cej agitowano. Na miejsce rozruch&oacute;w obrano Grodzisko Dolne. Bezpo\u015bredni\u0105 przyczyn\u0105 &#8211; bardzo prozaiczn\u0105 &#8211; by\u0142o strzelanie z mo\u017adzierzy w Oktawie Bo\u017cego Cia\u0142a w czasie procesji, jak to by\u0142o od dawna w zwyczaju. Starostwo zakazywa\u0142o. Ch\u0142opi strzelali. Na odg\u0142os strzelaniny przyby\u0142a miejscowa policja. Ch\u0142opi rzucili si\u0119 na posterunkowego i zabili go pa\u0142kami. Wezwano ch\u0142op&oacute;w uczestnicz\u0105cych w procesji ko\u015bcielnej do pomocy. Wielka ich liczba opu\u015bci\u0142a procesj\u0119 i zjawi\u0142a si\u0119 na miejscu walki. Drugi posterunkowy zosta\u0142 bardzo pobity i wnet zmar\u0142. Ch\u0142opi ruszyli na posterunek, aby go zaj\u0105\u0107. Z posterunku ju\u017c zd\u0105\u017cono wezwa\u0107 pomoc policji z innych miast. Ch\u0142opi te\u017c rozes\u0142ali do wszystkich pobliskich wiosek wiadomo\u015bci i wezwanie o pomoc. Do Grodziska przybyli ch\u0142opi z Giedlarowej, Gwizdowa, Zmys\u0142&oacute;wki, Opalenisk, \u017bo\u0142yni, Bud, Korniaktowa. Pad\u0142y strza\u0142y. Opr&oacute;cz dw&oacute;ch policjant&oacute;w zgin\u0119\u0142o jeszcze o\u015bmiu ch\u0142op&oacute;w. Przez noc ch\u0142opi przesiedzieli na polach, czekaj\u0105c co b\u0119dzie dalej. Kiedy w dzie\u0144 rozleg\u0142y si\u0119 z posterunku strza\u0142y z karabinu maszynowego, ch\u0142opi rozeszli si\u0119 do dom&oacute;w. Na pomoc policji przyby\u0142o wojsko &#8211; kawaleria z \u0141a\u0144cuta. Wojsko zrobi\u0142o wra\u017cenie na ludziach. Zacz\u0119\u0142o si\u0119 uspokaja\u0107. Zwi\u0119kszone si\u0142y policji zacz\u0119\u0142y wyszukiwa\u0107 prowodyr&oacute;w. Pacyfikacja by\u0142a straszna. Policja wst\u0119powa\u0142a do dom&oacute;w, bi\u0142a okropnie bez wzgl\u0119du na wiek i p\u0142e\u0107, nast\u0119pnie aresztowa\u0142a. 27 czerwca przyby\u0142a policja tak\u017ce na Budy i do Korniaktowa. Zabrano 16 ludzi, starszych gospodarzy i m\u0142odzie\u017c, przewieziono ich do aresztu w Rzeszowie. Tam rozpocz\u0119\u0142y si\u0119 \u015bledztwa. Niejeden niewinnie przesiedzia\u0142 w areszcie kilka tygodni. Na procesie s\u0105dowym, kt&oacute;ry odbywa\u0142 si\u0119 jesieni\u0105, 32 ch\u0142op&oacute;w skazano na kary wi\u0119zienia od roku do trzech lat. Z budzkiej parafii Feliks Bia\u0142y, m\u0142odzieniec z Korniaktowa, otrzyma\u0142 kar\u0119 p&oacute;\u0142tora roku wi\u0119zienia. W ca\u0142ej tej sprawie ucierpia\u0142 ks. proboszcz rakszawski W\u0142adys\u0142aw Bachota. Starostwo z \u0141a\u0144cuta dopatrzy\u0142o si\u0119 w kazaniu wyg\u0142oszonym 18 czerwca w Rakszawie obrazy rz\u0105du. Ksi\u0105dz W Bachota zosta\u0142 zatrzymany i odes\u0142any do aresztu w Krakowie, sk\u0105d po kilku tygodniach zosta\u0142 zwolniony. S\u0105d w \u0141a\u0144cucie skaza\u0142 go na siedem miesi\u0119cy aresztu. Ludzie przys\u0142uchuj\u0105cy si\u0119 rozprawie widzieli, \u017ce s\u0105d opar\u0142 si\u0119 na bardzo lichych dowodach.<\/p>\n<p>\tW parafii czytane by\u0142y nast\u0119puj\u0105ce pisma:<br \/>\n\t1.&nbsp;&nbsp;&nbsp; Ilustrowany Kurier Codzienny (inteligencja);<br \/>\n\t2.&nbsp;&nbsp;&nbsp; Gazeta Grudzi\u0105dzka (ludowa &#8211; ch\u0142opi);<br \/>\n\t3.&nbsp;&nbsp;&nbsp; Piast (ch\u0142opi);<br \/>\n\t4.&nbsp;&nbsp;&nbsp; S\u0142owo Polskie (sanacyjne);<br \/>\n\t5.&nbsp;&nbsp;&nbsp; Gazeta Ch\u0142opska (radykalno &#8211; ludowa);<br \/>\n\t6.&nbsp;&nbsp;&nbsp; Lud Katolicki;<br \/>\n\t7.&nbsp;&nbsp;&nbsp; Pos\u0142aniec Serca Jezusowego;<br \/>\n\t8.&nbsp;&nbsp;&nbsp; Rycerz Niepokalanej;<br \/>\n\t9.&nbsp;&nbsp;&nbsp; Wiadomo\u015bci Tercjarskie;<br \/>\n\t10.&nbsp;&nbsp;&nbsp; Pow\u015bci\u0105gliwo\u015b\u0107 i praca;<br \/>\n\t11.&nbsp;&nbsp;&nbsp; Pok\u0142osie Salezja\u0144skie;<br \/>\n\t12.&nbsp;&nbsp;&nbsp; Czytanki R&oacute;\u017ca\u0144ca \u017bywego;<br \/>\n\t13.&nbsp;&nbsp;&nbsp; Kalendarz Rycerza Niepokalanej;<br \/>\n\t14.&nbsp;&nbsp;&nbsp; Kalendarz Salwatora;<br \/>\n\t15.&nbsp;&nbsp;&nbsp; Kalendarz \u015bw. Piotra Klawera;<br \/>\n\t16.&nbsp;&nbsp;&nbsp; Kalendarz Brata Alberta;<br \/>\n\t17.&nbsp;&nbsp;&nbsp; Przewodnik Katolicki.<\/p>\n<p>\tW roku 1933 rozdano 7209 Komunii \u015bw.<\/p>\n<p>\tW po\u0142owie stycznia 1934 r. ks. proboszcz Micha\u0142 Bednarski odszed\u0142 z parafii budzkiej do Krzemienicy k. \u0141a\u0144cuta. Na jego miejsce przyby\u0142 do Bud \u0141a\u0144cuckich ks. Wojciech Chorz\u0119pa, ur. w roku 1898 w Trzebusce, wy\u015bwi\u0119cony na kap\u0142ana w 1921 r.<\/p>\n<p>\t7 maja 1934 r. wizytacj\u0119 kanoniczn\u0105 parafii przeprowadzi\u0142 Ks. Bp Wojciech Tomaka.<\/p>\n<p>\tW sierpniu zostaje kanonicznie erygowany Trzeci Zakon \u015bw. Franciszka (12.VIII). Dyplom erekcyjny wydany zosta\u0142 w Rzeszowie z dat\u0105 18.Y1934 r., podpisany przez prowincja\u0142a Cypriana Jurkiewicza i potwierdzony przez Ks. Bpa W. Tomak\u0119 5.YII.1934 r.<\/p>\n<p>\t13 pa\u017adziernika erygowano kanonicznie Bractwo R&oacute;\u017ca\u0144cowe w sk\u0142ad kt&oacute;rego wesz\u0142o 48 R&oacute;\u017c.<\/p>\n<p>\t31 marca 1935 roku erygowano wreszcie stacje Drogi Krzy\u017cowej, zakupione jeszcze w 1924 r.<\/p>\n<p>\t5 czerwca w 1936 roku Parafia Budy \u0141a\u0144cuckie zosta\u0142a uroczy\u015bcie po\u015bwi\u0119cona Naj\u015bw. Sercu Pana Jezusa.<br \/>\n\t&nbsp;<\/p>\n<table border=\"0\" cellpadding=\"1\" cellspacing=\"1\" style=\"width: 100%;\">\n<tbody>\n<tr>\n<td><a href=\"http:\/\/www.budylancuckie.przemyska.pl\/?page_id=920\"><strong>Lata 1927 &#8211; 1931<br \/>\n\t\t\t\t<\/strong><\/a><\/td>\n<td style=\"text-align: right;\"><a href=\"http:\/\/www.budylancuckie.przemyska.pl\/?page_id=932\"><strong>Lata 1937 &#8211; 1941<br \/>\n\t\t\t\t<\/strong><\/a><\/td>\n<\/tr>\n<\/tbody>\n<\/table>\n","protected":false},"excerpt":{"rendered":"<p>Lata trzydzieste staj\u0105 si\u0119 coraz trudniejsze dla ludzi. Idzie bieda. Ca\u0142e masy ludzi szukaj\u0105 pracy. Bieda daje si\u0119 we znaki wszystkim. Ludzie na wsi biedni, staj\u0105 si\u0119 jeszcze ubo\u017csi. W &hellip; <a href=\"https:\/\/budy.przemyska.pl\/index.php\/z-kroniki-budzkiej-parafii\/kronika-lata-1932-1936\/\" class=\"more-link\">Czytaj dalej <span class=\"screen-reader-text\">Kronika &#8211; lata 1932 &#8211; 1936<\/span> <span class=\"meta-nav\">&rarr;<\/span><\/a><\/p>\n","protected":false},"author":1,"featured_media":0,"parent":861,"menu_order":2,"comment_status":"closed","ping_status":"closed","template":"","meta":{"footnotes":""},"class_list":["post-928","page","type-page","status-publish","hentry"],"_links":{"self":[{"href":"https:\/\/budy.przemyska.pl\/index.php\/wp-json\/wp\/v2\/pages\/928","targetHints":{"allow":["GET"]}}],"collection":[{"href":"https:\/\/budy.przemyska.pl\/index.php\/wp-json\/wp\/v2\/pages"}],"about":[{"href":"https:\/\/budy.przemyska.pl\/index.php\/wp-json\/wp\/v2\/types\/page"}],"author":[{"embeddable":true,"href":"https:\/\/budy.przemyska.pl\/index.php\/wp-json\/wp\/v2\/users\/1"}],"replies":[{"embeddable":true,"href":"https:\/\/budy.przemyska.pl\/index.php\/wp-json\/wp\/v2\/comments?post=928"}],"version-history":[{"count":0,"href":"https:\/\/budy.przemyska.pl\/index.php\/wp-json\/wp\/v2\/pages\/928\/revisions"}],"up":[{"embeddable":true,"href":"https:\/\/budy.przemyska.pl\/index.php\/wp-json\/wp\/v2\/pages\/861"}],"wp:attachment":[{"href":"https:\/\/budy.przemyska.pl\/index.php\/wp-json\/wp\/v2\/media?parent=928"}],"curies":[{"name":"wp","href":"https:\/\/api.w.org\/{rel}","templated":true}]}}