{"id":920,"date":"2013-12-29T18:19:19","date_gmt":"2013-12-29T17:19:19","guid":{"rendered":"http:\/\/www.budylancuckie.przemyska.pl\/?page_id=920"},"modified":"2013-12-29T18:19:19","modified_gmt":"2013-12-29T17:19:19","slug":"kronika-lata-1927-1931","status":"publish","type":"page","link":"https:\/\/budy.przemyska.pl\/index.php\/z-kroniki-budzkiej-parafii\/kronika-lata-1927-1931\/","title":{"rendered":"Kronika &#8211; lata 1927 &#8211; 1931"},"content":{"rendered":"<p>W 1927 r. ko\u015bci&oacute;\u0142 budzki zosta\u0142 wyposa\u017cony w O\u0142tarz Serca Jezusowego, ufundowany ze sk\u0142adek ameryka\u0144skich.<br \/>\n\t17 pa\u017adziernika 1927 r. Biskup Anatol Nowak wyda\u0142 dekret zmieniaj\u0105cy dotychczasow\u0105 budzk\u0105 ekspozytur\u0119 w rzeczywist\u0105 parafi\u0119.<\/p>\n<p>&nbsp;<\/p>\n<p style=\"text-align: center;\"><strong>&nbsp;ANATOL<br \/>\n\tZ&nbsp;&nbsp; BO\u017bEGO&nbsp;&nbsp; ZMI\u0141OWANIA&nbsp;&nbsp; I&nbsp;&nbsp; \u015aW.&nbsp;&nbsp; STOLICY&nbsp;&nbsp; APOSTOLSKIEJ&nbsp; \u0141ASKI<br \/>\n\tBISKUP&nbsp;&nbsp; PRZEMYSKI&nbsp; OB. \u0141A\u0106<\/strong><\/p>\n<p>L.&nbsp;&nbsp;&nbsp; 6165\/27.<\/p>\n<p style=\"text-align: center;\"><strong>DEKRET<\/strong>.<\/p>\n<p><em>Pragn\u0105c zaradzi\u0107 potrzebom duchownym tych cz\u0119\u015bci gmin: Budy \u0141a\u0144cuckie, Korniakt&oacute;w i Zmys\u0142&oacute;wka, kt&oacute;re zbyt s\u0105 odleg\u0142e od swoich ko\u015bcio\u0142&oacute;w parafjalnych w Grodzisku Dolnem, Bia\u0142obrzegach i Gniewczynie, na ponawiane od dawna pro\u015bby parafjan, po wys\u0142uchaniu zdania stron interesowanych i Kapitu\u0142y katedralnej, na mocy w\u0142adzy przys\u0142uguj\u0105cej Nam z kanonu 1427 i art. X. konkordatu, niniejszym dekretem wydzielamy: a\/ ca\u0142\u0105 p&oacute;\u0142nocn\u0105 cz\u0119\u015b\u0107 gminy Budy \u0141a\u0144cuckie ograniczon\u0105 od po\u0142udnia rzek\u0105 Wis\u0142okiem z parafji Grodzisko Dolne, b\/ po\u0142udniow\u0105 cz\u0119\u015b\u0107 gminy Zmys\u0142&oacute;wka zwan\u0105 &bdquo;nad Budami&quot; przylegaj\u0105c\u0105 do gminy Budy \u0141a\u0144cuckie i po\u0142o\u017con\u0105 na po\u0142udniowej stronie lasu z tej\u017ce parafji Grodzisko Dolne, c\/ ca\u0142\u0105 t\u0119 cz\u0119\u015b\u0107 wschodni\u0105 gminy Budy \u0141a\u0144cuckie, kt&oacute;ra dot\u0105d nale\u017ca\u0142a do parafji Gniewczyna, d\/ ca\u0142\u0105 p&oacute;\u0142nocn\u0105, cz\u0119\u015b\u0107 gminy Korniakt&oacute;w ograniczon\u0105 od po\u0142udnia rzek\u0105 Wis\u0142okiem, z parafji Bia\u0142obrzegi, wzgl\u0119dnie Kosina, i dla ca\u0142ego tego obszaru ustanawiamy now\u0105 samoistn\u0105 parafj\u0119 pod nazw\u0105 Budy \u0141a\u0144cuckie, jako parafj\u0119 na razie usuwaln\u0105, przynale\u017cn\u0105 do dekanatu le\u017cajskiego. Obszar parafji Budy \u0141a\u0144cuckie obejmuje wymienione wy\u017cej cz\u0119\u015bci gmin Budy \u0141a\u0144cuckie, Korniakt&oacute;w i Zmys\u0142&oacute;wka, i ograniczony jest: od strony po\u0142udniowej rzek\u0105 Wis\u0142okiem od punktu przeci\u0119cia si\u0119 z t\u0105 rzek\u0105 zachodniej granicy gminy Korniakt&oacute;w a\u017c do zetkni\u0119cia si\u0119 z t\u0105 rzek\u0105 p&oacute;\u0142nocno zachodniej granicy gminy \u015awi\u0119toniowa, dalej po\u0142udniow\u0105 granic\u0105 gminy Budy \u0141a\u0144cuckie, kt&oacute;ra to granica jest zarazem p&oacute;\u0142nocn\u0105 granic\u0105 gminy Swi\u0119t&oacute;niowa dalej od strony wschodniej granic\u0105 gminy Budy \u0141a\u0144cuckie a\u017c do zbli\u017cenia si\u0119 tej granicy do lasu gminy Zmys\u0142&oacute;wka, dalej od strony p&oacute;\u0142nocnej brzegiem po\u0142udniowym tego\u017c lasu tak jednak, \u017ce na tych\u017ce kra\u0144cach lasu po\u0142o\u017cona cz\u0119\u015b\u0107 gminy Zmys\u0142&oacute;wka zwana &bdquo;nad Budami&rdquo; i przylegaj\u0105ca do zabudowa\u0144 Bud \u0141a\u0144cuckich a licz\u0105ca obecnie 31 Nr&oacute;w dom&oacute;w, przypada do parafji Budy \u0141a\u0144cuckie, dalej p&oacute;\u0142nocn\u0105 granic\u0119 gminy Budy \u0141a\u0144cuckie a\u017c do jej zetkni\u0119cia si\u0119 na p&oacute;\u0142nocno-wschodnim kra\u0144cu z granic\u0105 gminy Korniakt&oacute;w, wreszcie od strony zachodniej zachodni\u0105 granic\u0105 gminy Korniakt&oacute;w a\u017c do wspomnianego na pocz\u0105tku zetkni\u0119cia si\u0119 tej granicy z rzek\u0105 Wis\u0142okiem. W ten spos&oacute;b nowa parafja liczy\u0107 b\u0119dzie dom&oacute;w mieszkalnych oko\u0142o 300, a parafjan oko\u0142o 1500.<\/p>\n<p>\tKo\u015bcio\u0142em parafjalnym jest wystawiony z ofiar pobo\u017cnych parafjan ko\u015bci&oacute;\u0142 drewniany, kryty blach\u0105 na parceli bud. 1 lwh. 1276 gminy kat. Budy \u0141a\u0144cuckie, po\u015bwi\u0119cony przez ks. Dziekana Tomasza Frankiewicza dnia 19 czerwca 1921 pod wezwaniem Matki Boskiej Szkaplerznej. Do tego\u017c ko\u015bcio\u0142a nale\u017cy wystawiona obok dzwonnica drewniana. Cmentarz grzebalny mie\u015bci si\u0119 na p. gr. 197\/1 lwh. 1276 gm. Budy \u0141a\u0144cuckie. Parcela pod ko\u015bcio\u0142em obszaru 43 a 16 m2 i cmentarna obszaru oko\u0142o 1\/2 morga zaintabulowane dot\u0105d niew\u0142a\u015bciwie jako w\u0142asno\u015b\u0107 rz. kat. probostwa w Budach \u0141a\u0144cuckich, b\u0119d\u0105 zaintabulowane na rzecz rz. katolickiego ko\u015bcio\u0142a parafjalnego w Budach \u0141a\u0144cuckich, jako maj\u0105tek zak\u0142adowy tego\u017c ko\u015bcio\u0142a wraz z samym budynkiem ko\u015bcielnym i ca\u0142em jego wewn\u0119trznem urz\u0105dzeniem. R&oacute;wnie\u017c na rzecz rz. kat. ko\u015bcio\u0142a w Budach \u0141a\u0144cuckich zaintabulowan\u0105 by\u0107 winna parcela obszaru oko\u0142o 1000 s\u0105\u017cni kwadratowych, zakupiona przez parafjan dla organisty.<\/p>\n<p>\tPlebanja drewniana kryta dach&oacute;wk\u0105 zawieraj\u0105ca 4 pokoje opr&oacute;cz kuchni, pokoju dla s\u0142u\u017cby i spi\u017carni, mie\u015bci si\u0119 na parceli bud. 4 lwh.&nbsp; 1376 gminy Budy \u0141a\u0144cuckie. Do tej\u017ce plebanji nale\u017c\u0105 r&oacute;wnie\u017c drewniane kryte dach&oacute;wk\u0105 budynki gospodarcze jako to: stodo\u0142a, stajnia, wozownia, drewutnia i chlewy. Maj\u0105tek zak\u0142adowy probostwa opr&oacute;cz tych budynk&oacute;w stanowi\u0105: a\/ realno\u015b\u0107 lwh. 1276 i 1321 gminy Budy \u0141a\u0144cuckie zaintabulowane na rz. kat. probostwo w Budach \u0141a\u0144cuckich, obszaru og&oacute;lnego 8 ha 36 a 98 m2, z kt&oacute;rego to obszaru odj\u0105\u0107 nale\u017cy wspomniane wy\u017cej parcele: ko\u015bcieln\u0105 i cmentarn\u0105, -b\/ parcela gr.l. 229\/9 obszaru 71 a 35 m2 z realno\u015bci lwh. 1068 gminy Budy \u0141a\u0144cuckie, zakupiona kontraktem z dnia 2. czerwca 1927 od JWP. Alfreda hr. Potockiego, kt&oacute;ra zaintabulowan\u0105 by\u0107 ma na rzecz rz. kat. probostwa w Budach \u0141a\u0144cuckich. Ponadto otrzyma probostwo w Budach \u0141a\u0144cuckich odpowiedni\u0105 ilo\u015b\u0107 pola z grunt&oacute;w beneficjalnych probostwa macierzystego w Grodzisku Dolnem. Wreszcie z rycza\u0142tu diecezjalnego otrzyma duszpasterz w Budach \u0141a\u0144cuckich a\u017c do dalszego zarz\u0105dzenia dotacj\u0119 w wysoko\u015bci pensji proboszcza.<br \/>\n\tOd dnia dzisiejszego, w kt&oacute;rym parafja w Budach \u0141a\u0144cuckich wchodzi w \u017cycie, przys\u0142uguje jej duszpasterzowi przez Nas ustanowionemu, pe\u0142na jurysdykcja duchowna wzgl\u0119dem wiernych na jej obszarze zamieszka\u0142ych, prawo prowadzenia kancelarji parafjalnej oraz pobierania wszelkich prawem lub zwyczajem okre\u015blonych op\u0142at przy sposobno\u015bci czynno\u015bci przez siebie dokonywanych.<\/p>\n<p>\tTre\u015b\u0107 niniejszego dekretu nale\u017cy og\u0142osi\u0107 w najbli\u017csz\u0105 niedziel\u0119 wiernym nowej parafji w Budach \u0141a\u0144cuckich i parafji macierzystej w Grodzisku, a nast\u0119pnie sam oryginalny dekret nale\u017cy starannie przechowa\u0107 w archiwum parafjalnem w Budach \u0141a\u0144cuckich, za\u015b jego odpis w archiwum parafji Grodzisko Dolne.<\/em><\/p>\n<p>&nbsp;<\/p>\n<p>Budy prawe, wbrew pragnieniom mieszka\u0144c&oacute;w, zosta\u0142y przydzielone do parafii \u015awi\u0119toniowa. Po odczytaniu dekretu rozpocz\u0119\u0142a si\u0119 na dobre &bdquo;wojna&quot; z Kuri\u0105 i ksi\u0119\u017cmi, kt&oacute;rzy musieli wykonywa\u0107 zalecenia Kurii. Najtrudniejsze by\u0142y sprawy pogrzeb&oacute;w.<\/p>\n<p>Ksi\u0105dz proboszcz z Bud mia\u0142 zakaz grzebania zmar\u0142ych z Prawej strony. Budzanie z prawej strony zignorowali postanowienie Biskupa. Jeden pogrzeb odprawili sami. Organista za\u015bpiewa\u0142 im 5 psalm&oacute;w, odm&oacute;wili w ko\u015bciele Ojcze nasz, Zdrowa\u015b Maryjo, Dobry Jezu i poszli z ko\u015bcio\u0142a na cmentarz.<\/p>\n<p>Kuria Biskupia nakaza\u0142a wi\u0119c zamkn\u0105\u0107 ko\u015bci&oacute;\u0142 i bram\u0119 cmentarza. Do ko\u015bcio\u0142a nie w\u0142amywano si\u0119, ale bram\u0119 cmentarza zdj\u0119to z zawias&oacute;w i wchodzono z trumn\u0105 na cmentarz, gdzie bez udzia\u0142u kap\u0142ana grzebano zmar\u0142ego. Niezadowoleni, wnosili skargi przeciw Kurii do w\u0142adz \u015bwieckich, kt&oacute;re jednak nie podejmowa\u0142y si\u0119 rozstrzygania tych spraw, pozostawiaj\u0105c je kompetencjom Biskupa. Zwr&oacute;cono si\u0119 wi\u0119c z pro\u015bb\u0105 do Biskupa, ale otrzymano odpowied\u017a odmown\u0105.<\/p>\n<p>Na takich niemi\u0142ych zatargach up\u0142yn\u0105\u0142 rok 1928. Rok ten by\u0142 bardzo suchy. Urodzaje zb&oacute;\u017c mierne. Siana prawie nie by\u0142o.<br \/>\n\tWraz z 1929 r. &#8211; po\u0142owa stycznia &#8211; nasta\u0142a bardzo ci\u0119\u017cka zima. Ogromne \u015bniegi, zawieje, mrozy dochodz\u0105ce do 43&deg;C \u017bycie prawie zamar\u0142o. Poci\u0105gi przesta\u0142y kursowa\u0107. W miastach zabrak\u0142o opa\u0142u. Do ko\u015bcio\u0142a w niedziel\u0119 przybywa\u0142o bardzo ma\u0142o ludzi. Przez dwa dni nie mo\u017cna by\u0142o w og&oacute;le odprawi\u0107 Mszy \u015bw. &#8211; momentalnie wszystko zamarza\u0142o. (11-12 luty). W \u015arod\u0119 Popielcow\u0105 w ko\u015bciele by\u0142o zaledwie kilkoro ludzi. 8 marca jeszcze by\u0142 mr&oacute;z, ale ju\u017c nast\u0119pne dni okaza\u0142y si\u0119 cieplejsze, mr&oacute;z ust\u0105pi\u0142, \u015bniegi zacz\u0119\u0142y topnie\u0107. Nie dosz\u0142o jednak do wylewu Wis\u0142oka, cho\u0107 ludzie bardzo si\u0119 tego obawiali. Wielkanoc, 31 marca, by\u0142a ju\u017c bez \u015bniegu, z do\u015b\u0107 dobr\u0105 pogod\u0105. Zima wyrz\u0105dzi\u0142a du\u017ce szkody. Wygin\u0119\u0142o du\u017co zwierzyny, ptactwa, wymarz\u0142y oziminy i drzewa, szczeg&oacute;lnie sady.<\/p>\n<p>Od 8 czerwca rozpocz\u0119\u0142y si\u0119 w parafii pierwsze &bdquo;misje ludowe&rdquo;, kt&oacute;re prowadzili ksi\u0119\u017ca misjonarze z Krakowa: ks. Adam Piasecki i ks. Wincenty Zaj\u0105c ze Zgromadzenia Ksi\u0119\u017cy Misjonarzy. Udzia\u0142 parafian w misjach by\u0142 bardzo dobry. Rozdano kilka tysi\u0119cy Komunii \u015bw. &#8211; 7000 (sic!). Na zako\u0144czenie uroczyst\u0105 Sum\u0119 celebrowa\u0142 rodak budzki, ks. J&oacute;zef Matuszek, wikariusz w Jaros\u0142awiu.<\/p>\n<p>W czasie parcelacji gruntu kupiono od hrabiego Potockiego star\u0105 karczm\u0119. Po rozbi&oacute;rce postanowiono z tego materia\u0142u wybudowa\u0107 dom parafialny. Jesieni\u0105 1929 r. wybudowano po\u0142ow\u0119, nakryto jednak dach&oacute;wk\u0105 ca\u0142o\u015b\u0107, tzn. tak\u017ce drug\u0105 po\u0142ow\u0119, kt&oacute;ra mia\u0142a tylko podwaliny, p\u0142atwie na s\u0142upach i dach. Nowy komitet ko\u015bcielny, bez zgody ks. proboszcza sprzeda\u0142 ten budynek J&oacute;zefowi Kojdrowi za 500 z\u0142. Tak sko\u0144czy\u0142a si\u0119 sprawa o\u015bwiaty katolickiej w budzkiej parafii.<\/p>\n<p>W 1930 r. wiara Budzan przesz\u0142a wielk\u0105 pr&oacute;b\u0119. Powsta\u0142 Ko\u015bci&oacute;\u0142 Narodowy w s\u0105siednich Bia\u0142obrzegach. Mieszka\u0144cy przysi&oacute;\u0142ka D\u0119bno nie chcieli zgodzi\u0107 si\u0119 na przynale\u017cno\u015b\u0107 do powsta\u0142ej w 1920 r. parafii w Bia\u0142obrzegach. Chcieli, jak dotychczas nale\u017ce\u0107 do parafii w \u017bo\u0142ynia. Zatargi z Kuri\u0105 trwa\u0142y od pocz\u0105tku powstania bia\u0142obrzeskiej parafii. \u0141agodzone by\u0142y przez ks. proboszcz&oacute;w: ks. dziekana Tomasza Frankiewicza z \u017bo\u0142yni i ks. Augustyna Partykiewicza z Bia\u0142obrzeg&oacute;w. W Bia\u0142obrzegach nast\u0105pi\u0142a zmiana ks. proboszcza; a w \u017bo\u0142yni zmar\u0142 ks. dziekan. Do obydwu parafii przybyli nowi ksi\u0119\u017ca proboszczowie nie znaj\u0105cy sprawy. Kiedy ks. dziekan Czes\u0142aw Broda z Le\u017cajska, w czasie kazania w dzie\u0144 odpustu Naj\u015bwi\u0119tszego Serca Jezusowego w Bia\u0142obrzegach, zakomunikowa\u0142 wiernym najnowsz\u0105 decyzj\u0119 Kurii, podtrzymuj\u0105c\u0105 postanowienie o przydzieleniu lewobrze\u017cnych Bia\u0142obrze\u017can do parafii w Bia\u0142obrzegach, niezadowoleni mieszka\u0144cy zwr&oacute;cili si\u0119 do Hodurowc&oacute;w w Krakowie z pro\u015bb\u0105 o kap\u0142ana. Mieli z nimi kontakt ju\u017c wcze\u015bniej. Teraz rozgoryczenie i z\u0142o\u015b\u0107 sta\u0142y si\u0119 tak wielkie, \u017ce &bdquo;odebra\u0142y im rozum&quot;. Narodowcy gorliwie wykorzystali nadarzaj\u0105c\u0105 si\u0119 okazje. W lutym 1931 r. przys\u0142ali do Bia\u0142obrzeg&oacute;w m\u0142odego kap\u0142ana. W kr&oacute;tkim czasie wybudowano prowizoryczny, drewniany ko\u015bci&oacute;\u0142ek, postarano si\u0119 te\u017c o wszystkie potrzebne paramenta liturgiczne. Budzili wielkie zainteresowanie w okolicy. Na nabo\u017ce\u0144stwa narodowc&oacute;w ludzie przyje\u017cd\u017cali nawet z Grz\u0119ski, przydzielonej do parafii w \u015awi\u0119toniowie. Wielka to \u0142aska Bo\u017ca, \u017ce nikt z parafii budzkiej nie do\u0142\u0105czy\u0142 do narodowc&oacute;w. Wr\u0119cz przeciwnie, napi\u0119cia w parafii powoli uspokaja\u0142y si\u0119. Kuria Biskupia za\u017c\u0105da\u0142a od Starostwa w \u0141a\u0144cucie, aby z ko\u015bcielnego Komitetu budzkiego usuni\u0119to ludzi nieodpowiednich. Starostwo, wykorzystuj\u0105c swoje prawo, nakaza\u0142o to&nbsp; postanowienie wykona\u0107 w parafii.<br \/>\n\t&nbsp;<\/p>\n<table border=\"0\" cellpadding=\"1\" cellspacing=\"1\" style=\"width: 100%;\">\n<tbody>\n<tr>\n<td><a href=\"http:\/\/www.budylancuckie.przemyska.pl\/?page_id=863\"><strong>Lata 1921 &#8211; 1926<br \/>\n\t\t\t\t<\/strong><\/a><\/td>\n<td style=\"text-align: right;\"><a href=\"http:\/\/www.budylancuckie.przemyska.pl\/?page_id=928\"><strong>Lata 1932 &#8211; 1936<br \/>\n\t\t\t\t<\/strong><\/a><\/td>\n<\/tr>\n<\/tbody>\n<\/table>\n","protected":false},"excerpt":{"rendered":"<p>W 1927 r. ko\u015bci&oacute;\u0142 budzki zosta\u0142 wyposa\u017cony w O\u0142tarz Serca Jezusowego, ufundowany ze sk\u0142adek ameryka\u0144skich. 17 pa\u017adziernika 1927 r. Biskup Anatol Nowak wyda\u0142 dekret zmieniaj\u0105cy dotychczasow\u0105 budzk\u0105 ekspozytur\u0119 w rzeczywist\u0105 &hellip; <a href=\"https:\/\/budy.przemyska.pl\/index.php\/z-kroniki-budzkiej-parafii\/kronika-lata-1927-1931\/\" class=\"more-link\">Czytaj dalej <span class=\"screen-reader-text\">Kronika &#8211; lata 1927 &#8211; 1931<\/span> <span class=\"meta-nav\">&rarr;<\/span><\/a><\/p>\n","protected":false},"author":1,"featured_media":0,"parent":861,"menu_order":1,"comment_status":"closed","ping_status":"closed","template":"","meta":{"footnotes":""},"class_list":["post-920","page","type-page","status-publish","hentry"],"_links":{"self":[{"href":"https:\/\/budy.przemyska.pl\/index.php\/wp-json\/wp\/v2\/pages\/920","targetHints":{"allow":["GET"]}}],"collection":[{"href":"https:\/\/budy.przemyska.pl\/index.php\/wp-json\/wp\/v2\/pages"}],"about":[{"href":"https:\/\/budy.przemyska.pl\/index.php\/wp-json\/wp\/v2\/types\/page"}],"author":[{"embeddable":true,"href":"https:\/\/budy.przemyska.pl\/index.php\/wp-json\/wp\/v2\/users\/1"}],"replies":[{"embeddable":true,"href":"https:\/\/budy.przemyska.pl\/index.php\/wp-json\/wp\/v2\/comments?post=920"}],"version-history":[{"count":0,"href":"https:\/\/budy.przemyska.pl\/index.php\/wp-json\/wp\/v2\/pages\/920\/revisions"}],"up":[{"embeddable":true,"href":"https:\/\/budy.przemyska.pl\/index.php\/wp-json\/wp\/v2\/pages\/861"}],"wp:attachment":[{"href":"https:\/\/budy.przemyska.pl\/index.php\/wp-json\/wp\/v2\/media?parent=920"}],"curies":[{"name":"wp","href":"https:\/\/api.w.org\/{rel}","templated":true}]}}