{"id":91,"date":"2011-05-26T23:27:31","date_gmt":"2011-05-26T21:27:31","guid":{"rendered":"http:\/\/www.budylancuckie.przemyska.pl\/?page_id=91"},"modified":"2011-05-26T23:27:31","modified_gmt":"2011-05-26T21:27:31","slug":"katolickie-stowarzyszenie-mlodziezy","status":"publish","type":"page","link":"https:\/\/budy.przemyska.pl\/index.php\/katolickie-stowarzyszenie-mlodziezy\/","title":{"rendered":"Katolickie Stowarzyszenie M\u0142odzie\u017cy"},"content":{"rendered":"<p _mce_style=\"text-align: justify;\" style=\"text-align: justify;\"><span _mce_style=\"text-align: justify;\" style=\"text-align: justify;\">[singlepic id=189 w=100 h=107 float=left]<\/span><strong _mce_style=\"text-align: justify;\" style=\"text-align: justify;\">Katolickie Stowarzyszenie M\u0142odzie\u017cy<\/strong><span _mce_style=\"text-align: justify;\" style=\"text-align: justify;\"> przy parafii Niepokalanego Serca Naj\u015bwi\u0119tszej Maryi Panny w Budach \u0141a\u0144cuckich rozpocz\u0119\u0142o sw\u0105 dzia\u0142alno\u015b\u0107 we wrze\u015bniu 1994 roku, w cztery lata po reaktywowaniu przez Ojca \u015aw. Jana Paw\u0142a II na Jasnej G&oacute;rze KSM &ndash; u w Polsce.<\/span><\/p>\n<p _mce_style=\"text-align: justify;\" style=\"text-align: justify;\">W\u015br&oacute;d grupy m\u0142odzie\u017cy, kt&oacute;ra wysz\u0142a z inicjatyw\u0105 za\u0142o\u017cenia oddzia\u0142u KSM, tak\u017ce i w naszej parafii na szczeg&oacute;lne wyr&oacute;\u017cnienie zas\u0142uguje wielu, kt&oacute;rych trudno wymienia\u0107. Najpierw ka\u017cdego roku, p&oacute;\u017aniej co dwa lata zgodnie ze Statutem Katolickiego Stowarzyszenia M\u0142odzie\u017cy by\u0142y organizowane wybory do kierownictwa oddzia\u0142u, w wyniku kt&oacute;rych prezesami byli: Edward Dry\u015b, Wojciech Mazur, El\u017cbieta Rydzik, Miros\u0142awa Kojder, Sabina Mazur, Izabela Marek, Joanna Ficek, Karolina Pelc, Agnieszka G\u0142owiak oraz Monika Dzierga &ndash; obecny prezes.<\/p>\n<p _mce_style=\"text-align: justify;\" style=\"text-align: justify;\">Pierwszym asystentem&nbsp; parafialnego oddzia\u0142u KSM w Budach \u0141a\u0144cuckich, mianowanym przez ks. Arcybiskupa, by\u0142 ks. Krzysztof Mas\u0142yk 1994 &#8211; 1996, nast\u0119pnie w kolejno\u015bci: ks. Krzysztof Pietrasz 1996 &ndash; 1998, ks. Tomasz Latoszek 1998 &#8211; 2000, ks. Stanis\u0142aw B\u0105k 2000 &#8211; 2002,&nbsp; ks. Adam Chrz\u0105szcz 2002 &#8211; 2005, ks. Tomasz Smoter 2005 &#8211; 2009, ks. Pawe\u0142 Pietryka 2009 &#8211; 2012, ks. Grzegorz Staszczak 2012 &#8211; 2013, ks. Piotr K\u0142ym &#8211; od 2013.<\/p>\n<p _mce_style=\"text-align: justify;\" style=\"text-align: justify;\">Jako KSM uczestniczymy w&nbsp; r&oacute;\u017cnych szkoleniach, zjazdach, zlotach organizowanych przez Zarz\u0105d Diecezjalny KSM naszej archidiecezji, na kt&oacute;rych pog\u0142\u0119biamy w\u0142asn\u0105 formacj\u0119 duchow\u0105 &ndash; jej przed\u0142u\u017ceniem s\u0105 wsp&oacute;lne spotkania w parafii. Odbywaj\u0105 si\u0119 one raz<br \/>\n\tw tygodniu. Rozpoczynaj\u0105 si\u0119 naszym uczestnictwem we Mszy \u015bw.&nbsp;wieczornej, a nast\u0119pnie dalszy ci\u0105g spotkania ma miejsce w salce, gdzie realizowany jest program formacyjny dla grup parafialnych.<\/p>\n<p _mce_style=\"text-align: justify;\" style=\"text-align: justify;\">W&nbsp; naszej&nbsp;&nbsp; parafii&nbsp; w\u0142\u0105czamy&nbsp; si\u0119&nbsp; w&nbsp; oprawy&nbsp; Mszy&nbsp;&nbsp; \u015bw.&nbsp; &#8211;&nbsp; zw\u0142aszcza&nbsp; okoliczno\u015bciowych, tj. w dniu \u015bwi\u0119ta patronalnego, czyli w uroczysto\u015b\u0107 Chrystusa Kr&oacute;la Wszech\u015bwiata, we wspomnienie \u015bw. Stanis\u0142awa Kostki oraz b\u0142. Karoliny K&oacute;zk&oacute;wny &#8211; patron&oacute;w KSM, jak r&oacute;wnie\u017c podczas corocznych obchod&oacute;w Dnia Papieskiego oraz uroczysto\u015bci rocznicowych, czy innych wa\u017cnych wydarze\u0144 w parafii.<\/p>\n<p _mce_style=\"text-align: justify;\" style=\"text-align: justify;\">Do naszej tradycyjnej dzia\u0142alno\u015bci w ko\u015bciele parafialnym zaliczamy przede wszystkim prowadzenie adoracji wielkopi\u0105tkowej oraz czuwania przed Pasterk\u0105, drogi krzy\u017cowej<br \/>\n\toraz r&oacute;\u017ca\u0144ca nie tylko w pa\u017adzierniku, ale tak\u017ce w ci\u0105gu ca\u0142ego roku w ka\u017cdy pi\u0105tek przed Msz\u0105 \u015bw. Ponadto przygotowujemy wieczornice, programy s\u0142owno &#8211; muzyczne o okre\u015blonej tematyce lub z okazji rocznic oraz akademie i przedstawienia, g\u0142&oacute;wnie w okresie Wielkiego Postu czy podczas obchod&oacute;w \u015bwi\u0119ta 11 listopada. Organizujemy r&oacute;wnie\u017c czuwania dla m\u0142odzie\u017cy czy te\u017c r&oacute;\u017cne akcje pomocowe.<\/p>\n<p _mce_style=\"text-align: justify;\" style=\"text-align: justify;\">Jako wsp&oacute;lnota KSM staramy si\u0119 dba\u0107 o nasz duchowy rozw&oacute;j, dlatego uczestniczymy<br \/>\n\tw rekolekcjach adwentowych, wielkopostnych oraz wakacyjnych. Bierzemy udzia\u0142<br \/>\n\tw czuwaniach modlitewnych, np. Taize i nabo\u017ce\u0144stwach odnowy w Duchu \u015bw., a tak\u017ce w koncertach wielu zespo\u0142&oacute;w religijnych. Tradycj\u0105 sta\u0142o si\u0119, i\u017c co roku je\u017adzimy na s\u0142ynny koncert Jednego Serca Jednego Ducha do Rzeszowa oraz to, \u017ce uczestniczymy w Spotkaniu M\u0142odych Archidiecezji Przemyskiej czy Franciszka\u0144skim Spotkaniu M\u0142odych na Kalwarii Pac\u0142awskiej. R&oacute;wnie\u017c ka\u017cdego roku z naszego oddzia\u0142u kto\u015b decyduje si\u0119 wyruszy\u0107 w piesz\u0105 pielgrzymk\u0119 na Jasn\u0105 G&oacute;r\u0119.<\/p>\n<p _mce_style=\"text-align: justify;\" style=\"text-align: justify;\">Wsp&oacute;lne wyjazdy, wycieczki, jak r&oacute;wnie\u017c ogniska czy zabawy s\u0142u\u017c\u0105 nie tylko naszemu rozwojowi duchowemu, ale tak\u017ce lepszemu poznaniu si\u0119 i integracji mi\u0119dzy cz\u0142onkami.<\/p>\n<p _mce_style=\"text-align: justify;\" style=\"text-align: justify;\"><span _mce_style=\"font-size: 11.0pt; line-height: 115%; font-family: &quot;Calibri&quot;,&quot;sans-serif&quot;; null mso-ascii-theme-font: minor-latin; mso-fareast-font-family: Calibri; mso-fareast-theme-font: null minor-latin; mso-hansi-theme-font: minor-latin; mso-bidi-font-family: &quot;Times New Roman&quot;; null mso-bidi-theme-font: minor-bidi; mso-ansi-language: PL; mso-fareast-language: EN-US; null mso-bidi-language: AR-SA;\" style=\"font-size: 11.0pt; line-height: 115%; font-family: &quot;Calibri&quot;,&quot;sans-serif&quot;; null mso-ascii-theme-font: minor-latin; mso-fareast-font-family: Calibri; mso-fareast-theme-font: null minor-latin; mso-hansi-theme-font: minor-latin; mso-bidi-font-family: &quot;Times New Roman&quot;; null mso-bidi-theme-font: minor-bidi; mso-ansi-language: PL; mso-fareast-language: EN-US; null mso-bidi-language: AR-SA;\">Zapraszamy wi\u0119c M\u0142odzie\u017c z naszej wsp&oacute;lnoty parafialnej, ka\u017cdego kto chce s\u0142u\u017cy\u0107 Bogu<br \/>\n\ti drugiemu cz\u0142owiekowi oraz Kszta\u0142towa\u0107 Swoj\u0105 M\u0142odo\u015b\u0107, by sta\u0107 si\u0119 szcz\u0119\u015bliwym wyznawc\u0105 Jezusa<\/span><\/p>\n<p _mce_style=\"text-align: justify;\" style=\"text-align: justify;\"><a href=\"https:\/\/budy.przemyska.pl\/wp-content\/uploads\/2011\/05\/KSM-Budy-L.wmv\">KSM Budy \u0141.<\/a>&nbsp;&#8211; kr&oacute;tki filmik o nas \ud83d\ude42<\/p>\n","protected":false},"excerpt":{"rendered":"<p>[singlepic id=189 w=100 h=107 float=left]Katolickie Stowarzyszenie M\u0142odzie\u017cy przy parafii Niepokalanego Serca Naj\u015bwi\u0119tszej Maryi Panny w Budach \u0141a\u0144cuckich rozpocz\u0119\u0142o sw\u0105 dzia\u0142alno\u015b\u0107 we wrze\u015bniu 1994 roku, w cztery lata po reaktywowaniu przez &hellip; <a href=\"https:\/\/budy.przemyska.pl\/index.php\/katolickie-stowarzyszenie-mlodziezy\/\" class=\"more-link\">Czytaj dalej <span class=\"screen-reader-text\">Katolickie Stowarzyszenie M\u0142odzie\u017cy<\/span> <span class=\"meta-nav\">&rarr;<\/span><\/a><\/p>\n","protected":false},"author":1,"featured_media":0,"parent":0,"menu_order":0,"comment_status":"closed","ping_status":"closed","template":"","meta":{"footnotes":""},"class_list":["post-91","page","type-page","status-publish","hentry"],"_links":{"self":[{"href":"https:\/\/budy.przemyska.pl\/index.php\/wp-json\/wp\/v2\/pages\/91","targetHints":{"allow":["GET"]}}],"collection":[{"href":"https:\/\/budy.przemyska.pl\/index.php\/wp-json\/wp\/v2\/pages"}],"about":[{"href":"https:\/\/budy.przemyska.pl\/index.php\/wp-json\/wp\/v2\/types\/page"}],"author":[{"embeddable":true,"href":"https:\/\/budy.przemyska.pl\/index.php\/wp-json\/wp\/v2\/users\/1"}],"replies":[{"embeddable":true,"href":"https:\/\/budy.przemyska.pl\/index.php\/wp-json\/wp\/v2\/comments?post=91"}],"version-history":[{"count":0,"href":"https:\/\/budy.przemyska.pl\/index.php\/wp-json\/wp\/v2\/pages\/91\/revisions"}],"wp:attachment":[{"href":"https:\/\/budy.przemyska.pl\/index.php\/wp-json\/wp\/v2\/media?parent=91"}],"curies":[{"name":"wp","href":"https:\/\/api.w.org\/{rel}","templated":true}]}}