{"id":861,"date":"2012-12-28T09:13:56","date_gmt":"2012-12-28T08:13:56","guid":{"rendered":"http:\/\/www.budylancuckie.przemyska.pl\/?page_id=861"},"modified":"2024-11-11T21:14:12","modified_gmt":"2024-11-11T20:14:12","slug":"z-kroniki-budzkiej-parafii","status":"publish","type":"page","link":"https:\/\/budy.przemyska.pl\/index.php\/z-kroniki-budzkiej-parafii\/","title":{"rendered":"Z kroniki budzkiej parafii &#8211; 1921- 2021"},"content":{"rendered":"<p style=\"text-align: justify;\">Tre\u015b\u0107 niniejszej kroniki opublikowana na stronach portalu parafialnego stanowi\u0105 wypiski z Kroniki Parafii Budy \u0141a\u0144cuckie, kt\u00f3re zosta\u0142y zebrane w postaci broszury a okazj\u0105 do ich opublikowania by\u0142 Jubileusz 75-lecia parafii obchodzony w 1996 roku. Od czerwca 2015 roku kronika zosta\u0142a uzupe\u0142niona o lata 1997 &#8211; 2010 &#8211; przygotowana przez ks. pra\u0142ata W\u0142adys\u0142awa Szulara. Lata sierpie\u0144 2010 &#8211; sierpie\u0144 2017 zosta\u0142y uzupe\u0142nione przez ks. Kazimierza Kop\u0107a a od wrze\u015bnia 2017 uzupe\u0142nione przez ks. proboszcza Marka Wilka.<\/p>\n<p style=\"text-align: justify;\">Celem, kt\u00f3ry ostatecznie zdecydowa\u0142 o opublikowaniu tych &#8222;wypisk\u00f3w&#8221; jest stworzenie okazji powrotu do przesz\u0142o\u015bci. Chocia\u017cby po to, aby od\u015bwie\u017cy\u0107 w pami\u0119ci to co kiedy\u015b dla mieszka\u0144c\u00f3w budzkiej parafii by\u0142o takie wa\u017cne, wype\u0142niaj\u0105c niekiedy znaczn\u0105 cz\u0119\u015b\u0107 ich codzienno\u015bci.<\/p>\n<p style=\"text-align: justify;\">Historia jest nauczycielk\u0105 \u017cycia. Warto wi\u0119c wraca\u0107 r\u00f3wnie\u017c i po to, aby przypominaj\u0105c sobie przesz\u0142o\u015b\u0107 uczy\u0107 si\u0119 tera\u017aniejszo\u015bci, by doskonalsz\u0105 stawa\u0142a si\u0119 przysz\u0142o\u015b\u0107.<br \/>\nJ\u0119zyk tych kronikarskich zapisk\u00f3w jest mo\u017ce troch\u0119 chropowaty a styl nie najlepszy. Jest w nich jednak co\u015b wi\u0119cej od j\u0119zykowej sprawno\u015bci czy stylistycznego polotu &#8211; cz\u0105stka \u017cycia, kt\u00f3re pr\u00f3bowa\u0142o wsp\u00f3\u0142pracowa\u0107 z \u0141ask\u0105 Bo\u017c\u0105.<\/p>\n<p style=\"text-align: justify;\">Zapraszam zatem do w\u0119dr\u00f3wki po dziejach naszej parafii.<\/p>\n","protected":false},"excerpt":{"rendered":"<p>Tre\u015b\u0107 niniejszej kroniki opublikowana na stronach portalu parafialnego stanowi\u0105 wypiski z Kroniki Parafii Budy \u0141a\u0144cuckie, kt\u00f3re zosta\u0142y zebrane w postaci broszury a okazj\u0105 do ich opublikowania by\u0142 Jubileusz 75-lecia parafii &hellip; <a href=\"https:\/\/budy.przemyska.pl\/index.php\/z-kroniki-budzkiej-parafii\/\" class=\"more-link\">Czytaj dalej <span class=\"screen-reader-text\">Z kroniki budzkiej parafii &#8211; 1921- 2021<\/span> <span class=\"meta-nav\">&rarr;<\/span><\/a><\/p>\n","protected":false},"author":1,"featured_media":0,"parent":0,"menu_order":0,"comment_status":"closed","ping_status":"closed","template":"","meta":{"footnotes":""},"class_list":["post-861","page","type-page","status-publish","hentry"],"_links":{"self":[{"href":"https:\/\/budy.przemyska.pl\/index.php\/wp-json\/wp\/v2\/pages\/861","targetHints":{"allow":["GET"]}}],"collection":[{"href":"https:\/\/budy.przemyska.pl\/index.php\/wp-json\/wp\/v2\/pages"}],"about":[{"href":"https:\/\/budy.przemyska.pl\/index.php\/wp-json\/wp\/v2\/types\/page"}],"author":[{"embeddable":true,"href":"https:\/\/budy.przemyska.pl\/index.php\/wp-json\/wp\/v2\/users\/1"}],"replies":[{"embeddable":true,"href":"https:\/\/budy.przemyska.pl\/index.php\/wp-json\/wp\/v2\/comments?post=861"}],"version-history":[{"count":2,"href":"https:\/\/budy.przemyska.pl\/index.php\/wp-json\/wp\/v2\/pages\/861\/revisions"}],"predecessor-version":[{"id":4049,"href":"https:\/\/budy.przemyska.pl\/index.php\/wp-json\/wp\/v2\/pages\/861\/revisions\/4049"}],"wp:attachment":[{"href":"https:\/\/budy.przemyska.pl\/index.php\/wp-json\/wp\/v2\/media?parent=861"}],"curies":[{"name":"wp","href":"https:\/\/api.w.org\/{rel}","templated":true}]}}