{"id":84,"date":"2011-05-26T23:28:41","date_gmt":"2011-05-26T21:28:41","guid":{"rendered":"http:\/\/www.budylancuckie.przemyska.pl\/?page_id=84"},"modified":"2011-05-26T23:28:41","modified_gmt":"2011-05-26T21:28:41","slug":"akcja-katolicka","status":"publish","type":"page","link":"https:\/\/budy.przemyska.pl\/index.php\/akcja-katolicka\/","title":{"rendered":"Akcja Katolicka"},"content":{"rendered":"<p><img loading=\"lazy\" decoding=\"async\" align=\"left\" alt=\"Logo Akcji Katolickiej\" height=\"82\" hspace=\"5\" src=\"http:\/\/www.budylancuckie.przemyska.pl\/wp-content\/media\/image\/grafika\/ak.jpg\" vspace=\"5\" width=\"100\" \/><\/p>\n<p>Celem Akcji Katolickiej jest pog\u0142\u0119bienie formacji chrze\u015bcija\u0144skiej oraz organizowanie bezpo\u015bredniej wsp&oacute;\u0142pracy katolik&oacute;w \u015bwieckich z hierarchi\u0105 ko\u015bcieln\u0105 w prowadzeniu misji Ko\u015bcio\u0142a. Akcja Katolicka realizuje sw&oacute;j cel przez pog\u0142\u0119bianie \u017cycia religijnego, moralnego, intelektualnego i kulturalnego oraz ukierunkowanie na zadania apostolskie, przenikanie warto\u015bciami ewangelicznymi \u017cycia spo\u0142ecznego, zajmowanie stanowisk w sprawach publicznych Ko\u015bcio\u0142a, a zw\u0142aszcza reagowanie na zagro\u017cenia wiary i moralno\u015bci chrze\u015bcija\u0144skiej. Akcja Katolicka ma s\u0142u\u017cy\u0107 Chrystusowi i Ko\u015bcio\u0142owi.<\/p>\n<p>Cz\u0142onkiem Akcji Katolickiej mo\u017ce zosta\u0107 katolik \u015bwiecki , kt&oacute;ry uko\u0144czy\u0142 18 lat. Przyj\u0119cie do AK poprzedza odbycie rocznego sta\u017cu kandydackiego. Nie dotyczy to os&oacute;b , kt&oacute;re nale\u017ca\u0142y do KSM lub innych wsp&oacute;lnot ko\u015bcielnych. Osoby te, po o\u015bwiadczeniu o gotowo\u015bci wst\u0105pienia do AK staj\u0105 si\u0119 od razu cz\u0142onkami zwyczajnymi Akcji Katolickiej.<\/p>\n<p>Osoby pragn\u0105ce wst\u0105pi\u0107 do wsp&oacute;lnoty Akcji Katolickiej powinny si\u0119 odznacza\u0107 pewnym wyrobieniem duchowym: cz\u0119sta modlitwa, adoracja Naj\u015bwi\u0119tszego Sakramentu , jak najcz\u0119stszy&nbsp; pe\u0142ny udzia\u0142 we Mszy \u015aw., czytanie Pisma \u015awi\u0119tego, prasy katolickiej, odnoszenie si\u0119 z szacunkiem do Ksi\u0119\u017cy i ich powo\u0142ania kap\u0142a\u0144skiego, a tak\u017ce szacunkiem do samych siebie i swojego powo\u0142ania. Osoby te powinny charakteryzowa\u0107 si\u0119 otwarto\u015bci\u0105 na innych, szczero\u015bci\u0105, \u017cyciem w prawdzie, zdolno\u015bci\u0105 nawracania si\u0119 &#8211; do pog\u0142\u0119biania \u017cycia w przyja\u017ani z Panem Bogiem.<\/p>\n<p>Akcji Katolickiej Diecezji Przemyskiej patronuje \u015aw. Andrzej Bobola .Patronem Krajowym AK jest \u015aw. Jan Pawe\u0142 II.<\/p>\n<p>Patronalnym \u015awi\u0119tem Akcji Katolickiej i Katolickiego Stowarzyszenia M\u0142odzie\u017cy jest \u015awi\u0119to Chrystusa Kr&oacute;la Wszech\u015bwiata.<\/p>\n<p>W naszej Parafii Akcja Katolicka zosta\u0142a powo\u0142ana w 1996 r. dekretem Arcybiskupa Ks. J&oacute;zefa Michalika. Pierwsz\u0105 osob\u0105 powo\u0142an\u0105 na Prezesa AK w Parafii Budy \u0141a\u0144cuckie zosta\u0142a pani Maria W\u0119grzyn, kt&oacute;ra funkcj\u0119 t\u0119 pe\u0142ni\u0142a przez dwie kadencje \/10 lat\/. Asystentem POAK zosta\u0142 Ks. Proboszcz W\u0142adys\u0142aw Szular, kt&oacute;ry sprawowa\u0142 opiek\u0119 nad wsp&oacute;lnot\u0105 do czasu przej\u015bcia na emerytur\u0119 tj. do lipca 2010 r. W dniu 19.11.2005 r. na prezesa POAK zosta\u0142a mianowana przez Ks. Arcybiskupa&nbsp; Pani Zofia Ros&oacute;\u0142. Obowi\u0105zki Asystenta POAK w Budach \u0141a\u0144cuckich przej\u0105\u0142 we wrze\u015bniu 2010 r. nowy proboszcz ks. Kazimierz Kope\u0107. Liczba cz\u0142onk&oacute;w&nbsp; POAK liczy\u0142a w&oacute;wczas 16 os&oacute;b. 19.11.2011 r. nast\u0105pi\u0142a zmiana na stanowisku prezesa POAK. Nominacj\u0119 na Prezesa otrzyma\u0142a z r\u0105k ks. abpa J&oacute;zefa Michalika Pani Genowefa Bartnik. Funkcj\u0119 t\u0119 Pani Genowefa pe\u0142ni\u0142a przez dwie kadencje &ndash; do 2019 roku. Po zmianie Ks. Proboszcza &ndash;od wrze\u015bnia 2017 r.- asystentem i opiekunem wsp&oacute;lnoty zosta\u0142 Ks. Marek Wilk. 23.11.2019 r. na prezesa POAK w Budach \u0141a\u0144cuckich zosta\u0142a mianowana przez Ks. abpa Adama Szala&nbsp; Pani Anna Szular. Wsp&oacute;lnota obecnie liczy 15 os&oacute;b:<\/p>\n<ol>\n<li>Anna Szular,<\/li>\n<li>\u015awizdor Eugenia,<\/li>\n<li>Bartnik Kazimierz,<\/li>\n<li>Bartnik Zofia,<\/li>\n<li>Bartnik Genowefa,<\/li>\n<li>Bartnik Anna,<\/li>\n<li>Ros&oacute;\u0142 Zofia,<\/li>\n<li>R\u0105czka Jadwiga,<\/li>\n<li>Rupar Helena,<\/li>\n<li>Dyrda Helena,<\/li>\n<li>Sowa Ma\u0142gorzata,<\/li>\n<li>Szostek Krystyna,<\/li>\n<li>Szyma\u0144ska Gra\u017cyna,<\/li>\n<li>\u015awizdor Zofia,<\/li>\n<li>Walanus Dorota.<\/li>\n<\/ol>\n<p>Osoby kandyduj\u0105ce do wst\u0105pienia do POAK &#8211; Markowicz Ma\u0142gorzata.<\/p>\n<p>Aktualnie spotkania odbywaj\u0105 si\u0119 w drugi czwartek m-ca- po Adoracji Pana Jezusa \/ w czasie kt&oacute;rej cz\u0142onkowie AK prowadz\u0105 modlitw\u0119 r&oacute;\u017ca\u0144cow\u0105\/ i po Mszy \u015bw. Przebieg spotkania wygl\u0105da nast\u0119puj\u0105co: zapalenie \u015bwiecy,&nbsp; modlitwa, kwadrans ewangeliczny kt&oacute;ry prowadzi Ks. Asystent, dyskusja, pytania, studiowanie materia\u0142&oacute;w formacyjnych, przedstawienie programu dzia\u0142ania na kolejny miesi\u0105c, modlitwa, b\u0142ogos\u0142awie\u0144stwo Ks. asystenta .<\/p>\n<p>Przez kolejne 3 lata pracy duszpasterskiej i formacyjnej rozwa\u017camy i zg\u0142\u0119biamy &lsquo;Wielk\u0105 Tajemnic\u0119 Wiary&rdquo; jak\u0105 jest EUCHARYSTIA. :<\/p>\n<ul>\n<li>I rok&nbsp; &#8211;&nbsp; Eucharystia &ndash; Tajemnica wyznawana.<\/li>\n<li>II rok &ndash; Eucharystia &#8211;&nbsp; Tajemnica celebrowana.<\/li>\n<li>III rok &#8211; Eucharystia&nbsp; &#8211; wezwanie do \u015bwi\u0119towania i apostolatu.<\/li>\n<\/ul>\n<p><strong>OG\u0141OSZENIE:&nbsp;<\/strong>&nbsp; Ze wzgl\u0119du na epidemi\u0119 koronawirusa i zakaz zgromadze\u0144 &ndash; zawieszone do odwo\u0142ania zosta\u0142y r&oacute;wnie\u017c spotkania POAK. Jednak nie zwalnia to cz\u0142onk&oacute;w Akcji Katolickiej do osobistej formacji duchowej, uczestniczenia w codziennej Mszy \u015aw. poprzez media \/tak\u017ce z naszego ko\u015bcio\u0142a\/, do \u017cycia odpowiedzialnego za siebie i innych os&oacute;b, do codziennej modlitwy r&oacute;\u017ca\u0144cowej m.in. w intencji ustania epidemii, w intencji os&oacute;b najbardziej nara\u017conych na zara\u017cenie-personelu medycznego, pracownik&oacute;w sklep&oacute;w , wolontariuszy itd. Sami starajmy si\u0119 pomaga\u0107 \/w miar\u0119 mo\u017cliwo\u015bci\/, je\u017celi wiemy, \u017ce kto\u015b z naszego najbli\u017cszego otoczenia potrzebuje pomocy.&nbsp; Pami\u0119tajmy r&oacute;wnie\u017c o odmawianiu Nowenny 25 dnia ka\u017cdego m-ca w intencji Akcji Katolickiej oraz w intencji naszej Parafii.<\/p>\n<p>W najbli\u017cszym czasie b\u0119d\u0105 umieszczone na tej stronie internetowej opracowania kolejnych materia\u0142&oacute;w formacyjnych nt. Eucharystii. S\u0105 one dost\u0119pne na dole strony. Prosz\u0119 bardzo o zapoznawanie si\u0119 z nimi. Przegl\u0105dajmy r&oacute;wnie\u017c strony internetowe z najnowszymi informacjami:<\/p>\n<p style=\"margin-left: 40px;\"><a href=\"https:\/\/akprzemyska.pl\/\" target=\"_blank\" rel=\"noopener\"><img loading=\"lazy\" decoding=\"async\" alt=\"Akcja Katolicka Archidiecezji Przemyskiej\" height=\"48\" src=\"https:\/\/akprzemyska.pl\/archiwalna\/foto\/logo%20DIAK.jpg\" width=\"536\" \/><\/a><br \/>\n\t&nbsp;<\/p>\n<p style=\"margin-left: 40px;\"><a href=\"http:\/\/ak.org.pl\/\" target=\"_blank\" rel=\"noopener\"><img loading=\"lazy\" decoding=\"async\" alt=\"Akcja Katolicka w Polsce\" height=\"71\" src=\"http:\/\/ak.org.pl\/wp-content\/uploads\/2017\/02\/logo.png\" width=\"556\" \/><\/a><\/p>\n<p style=\"text-align: right;\">Szcz\u0119\u015b\u0107 Bo\u017ce ! <br \/>\n\tAnna Szular<\/p>\n<hr \/>\n<p>Patronem Akcji Katolickiej w archidiecezji przemyskiej jest <a href=\"http:\/\/www.ak.przemyska.pl\/nasz_patron.html\" target=\"_blank\" rel=\"noopener\">\u015bw. Andrzej Bobola<\/a> .<\/p>\n<table border=\"0\" cellpadding=\"1\" cellspacing=\"1\" style=\"width: 80%;\">\n<tbody>\n<tr>\n<td>\n<p style=\"text-align: center;\"><strong>Modlitwa b\u0142agalna o \u0142ask\u0119<\/strong><br \/>\n\t\t\t\t\t<strong>za wstawiennictwem \u015bw. Andrzeja Boboli.<\/strong><\/p>\n<p style=\"text-align: center;\">\u015awi\u0119ty Andrzeju Bobolo, kt&oacute;ry\u015b tak ukocha\u0142 <br \/>\n\t\t\t\t\tPana naszego Jezusa Chrystusa, <br \/>\n\t\t\t\t\t\u017ce od m\u0142odo\u015bci po\u015bwi\u0119ci\u0142e\u015b si\u0119 na s\u0142u\u017cb\u0119 <br \/>\n\t\t\t\t\ti ca\u0142kowicie odda\u0142e\u015b si\u0119 zjednywaniu dla\u0144 dusz <br \/>\n\t\t\t\t\tprzyk\u0142adem \u017cycia i s\u0142owem, nie szcz\u0119dz\u0105c \u017cadnych trud&oacute;w, <br \/>\n\t\t\t\t\ta\u017c wreszcie \u015bmierci\u0105 m\u0119cze\u0144sk\u0105 uwie\u0144czy\u0142e\u015b <br \/>\n\t\t\t\t\tswoje apostolskie \u017cycie, <br \/>\n\t\t\t\t\tb\u0142agam Ci\u0119 przez Twe zas\u0142ugi u Boga <br \/>\n\t\t\t\t\ti mi\u0142o\u015b\u0107, jak\u0105 ku niemu pa\u0142a\u0142e\u015b, <br \/>\n\t\t\t\t\twyjednaj mi \u0142ask\u0119, kt&oacute;rej tak bardzo pragn\u0119:<br \/>\n\t\t\t\t\t&#8230;&#8230;&#8230;&#8230;&#8230;&#8230;&#8230;&#8230;&#8230;&#8230;&#8230;&#8230;&#8230;&#8230;&#8230;&#8230;&#8230;&#8230;&#8230;&#8230;&#8230;&#8230;..<br \/>\n\t\t\t\t\t<span style=\"font-size: 10px;\"><em>przerwa na wyra\u017cenie pro\u015bby<\/em><\/span><br \/>\n\t\t\t\t\tWspieraj mnie tak\u017ce w ci\u0105gu ca\u0142ego \u017cycia mojego, <br \/>\n\t\t\t\t\taby za twoim przyk\u0142adem zawsze pozostawa\u0142 <br \/>\n\t\t\t\t\tw zjednoczeniu z Sercem Jezusa<br \/>\n\t\t\t\t\ti pod opiek\u0105 Jego Matki Niepokalanej.<\/p>\n<p style=\"text-align: center;\"><strong>Amen.<\/strong><\/p>\n<\/td>\n<td align=\"center\" valign=\"top\"><a href=\"http:\/\/www.ak.przemyska.pl\/nasz_patron.html\" target=\"_blank\" rel=\"noopener\"><img loading=\"lazy\" decoding=\"async\" align=\"top\" alt=\"\u015aw. Andrzej Bobola\" height=\"142\" src=\"http:\/\/www.budylancuckie.przemyska.pl\/wp-content\/media\/image\/grafika\/patronak.jpg\" width=\"101\" \/><\/a><\/td>\n<\/tr>\n<\/tbody>\n<\/table>\n<hr \/>\n<p><strong>Codzienna modlitwa cz\u0142onka Akcji Katolickiej<br \/>\n\t<\/strong><\/p>\n<table align=\"center\" border=\"0\" cellpadding=\"1\" cellspacing=\"1\" style=\"width: 100%;\">\n<tbody>\n<tr>\n<td>&nbsp;<\/td>\n<td style=\"width: 75%;\">B\u0105d\u017a uwielbiony Bo\u017ce za \u0142ask\u0119 chrztu \u015bwi\u0119tego, dzi\u0119ki kt&oacute;rej sta\u0142em si\u0119 cz\u0142onkiem Twojego Mistycznego Cia\u0142a &#8211; Ko\u015bcio\u0142a \u015bwi\u0119tego.<br \/>\n\t\t\t\t&nbsp;&nbsp;&nbsp;&nbsp;&nbsp;&nbsp;&nbsp;&nbsp;&nbsp; Dzi\u0119kuj\u0119 Ci, Panie, za powo\u0142anie i umocnienie mnie do apostolstwa.<br \/>\n\t\t\t\t&nbsp;&nbsp;&nbsp;&nbsp;&nbsp;&nbsp;&nbsp;&nbsp;&nbsp; Dzi\u0119kuj\u0119 Ci, Bo\u017ce, za obdarzenie mnie charyzmatem g\u0142oszenia Dobrej Nowiny wsp&oacute;\u0142czesnemu cz\u0142owiekowi w \u0142\u0105czno\u015bci z moim biskupem i proboszczem.<br \/>\n\t\t\t\t&nbsp;&nbsp;&nbsp;&nbsp;&nbsp;&nbsp;&nbsp;&nbsp;&nbsp; Prze\u017cywam wielko\u015b\u0107 swego powo\u0142ania, lecz u\u015bwiadamiam sobie tak\u017ce s\u0142abo\u015b\u0107 i krucho\u015b\u0107 moj\u0105.<br \/>\n\t\t\t\t&nbsp;&nbsp;&nbsp;&nbsp;&nbsp;&nbsp;&nbsp;&nbsp;&nbsp; Dlatego prosz\u0119 Ci\u0119, Bo\u017ce, Stw&oacute;rco i Kr&oacute;lu Wszech\u015bwiata, by\u015b wspiera\u0142 mnie w budowaniu Twojego Kr&oacute;lestwa. Spraw, bym czynnie uczestniczy\u0142 w \u017cyciu Twojego Ko\u015bcio\u0142a i Ojczyzny.<br \/>\n\t\t\t\t&nbsp;&nbsp;&nbsp;&nbsp;&nbsp;&nbsp;&nbsp;&nbsp;&nbsp; Dodawaj mi si\u0142 i m\u0105dro\u015bci bym modlitw\u0105 i apostolsk\u0105 dzia\u0142alno\u015bci\u0105 u\u015bwi\u0119ca\u0142 moje \u017cycie osobiste i rodzinne, sfer\u0119 pracy i wypoczynku, sektor kultury i \u017cycia publicznego.<br \/>\n\t\t\t\t&nbsp;&nbsp;&nbsp;&nbsp;&nbsp;&nbsp;&nbsp;&nbsp;&nbsp; Ze\u015blij, prosz\u0119, \u015bwiat\u0142o Ducha \u015awi\u0119tego, bym Twoj\u0105 pomoc\u0105 wsparty, m&oacute;g\u0142 w\u0142a\u015bciwie formowa\u0107 siebie i innych zgodnie z tradycj\u0105 Ko\u015bcio\u0142a katolickiego.<br \/>\n\t\t\t\t&nbsp;&nbsp;&nbsp;&nbsp;&nbsp;&nbsp;&nbsp;&nbsp;&nbsp; U\u017cycz mi tej \u0142aski, abym uczestnicz\u0105c w Akcji Katolickiej by\u0142 dyspozycyjnym, gotowym do wyrzecze\u0144, wiernym podj\u0119tym postanowieniom i wytrwa\u0142ym w przeciwno\u015bciach.<br \/>\n\t\t\t\t&nbsp;&nbsp;&nbsp;&nbsp;&nbsp;&nbsp;&nbsp;&nbsp;&nbsp; Przez naszego Pana Jezusa Chrystusa, kt&oacute;ry z Tob\u0105 \u017cyje i kr&oacute;luje w jedno\u015bci Ducha \u015awi\u0119tego, B&oacute;g przez wszystkie wieki wiek&oacute;w. <strong>Amen<\/strong>.<\/td>\n<td>&nbsp;<\/td>\n<\/tr>\n<tr>\n<td>&nbsp;<\/td>\n<td>\n<p>\u015awi\u0119ty Andrzeju Bobolo &#8211; m&oacute;dl si\u0119 za nami.<\/p>\n<\/td>\n<td>&nbsp;<\/td>\n<\/tr>\n<\/tbody>\n<\/table>\n<hr \/>\n","protected":false},"excerpt":{"rendered":"<p>Celem Akcji Katolickiej jest pog\u0142\u0119bienie formacji chrze\u015bcija\u0144skiej oraz organizowanie bezpo\u015bredniej wsp&oacute;\u0142pracy katolik&oacute;w \u015bwieckich z hierarchi\u0105 ko\u015bcieln\u0105 w prowadzeniu misji Ko\u015bcio\u0142a. Akcja Katolicka realizuje sw&oacute;j cel przez pog\u0142\u0119bianie \u017cycia religijnego, moralnego, &hellip; <a href=\"https:\/\/budy.przemyska.pl\/index.php\/akcja-katolicka\/\" class=\"more-link\">Czytaj dalej <span class=\"screen-reader-text\">Akcja Katolicka<\/span> <span class=\"meta-nav\">&rarr;<\/span><\/a><\/p>\n","protected":false},"author":1,"featured_media":0,"parent":0,"menu_order":0,"comment_status":"closed","ping_status":"closed","template":"","meta":{"footnotes":""},"class_list":["post-84","page","type-page","status-publish","hentry"],"_links":{"self":[{"href":"https:\/\/budy.przemyska.pl\/index.php\/wp-json\/wp\/v2\/pages\/84","targetHints":{"allow":["GET"]}}],"collection":[{"href":"https:\/\/budy.przemyska.pl\/index.php\/wp-json\/wp\/v2\/pages"}],"about":[{"href":"https:\/\/budy.przemyska.pl\/index.php\/wp-json\/wp\/v2\/types\/page"}],"author":[{"embeddable":true,"href":"https:\/\/budy.przemyska.pl\/index.php\/wp-json\/wp\/v2\/users\/1"}],"replies":[{"embeddable":true,"href":"https:\/\/budy.przemyska.pl\/index.php\/wp-json\/wp\/v2\/comments?post=84"}],"version-history":[{"count":0,"href":"https:\/\/budy.przemyska.pl\/index.php\/wp-json\/wp\/v2\/pages\/84\/revisions"}],"wp:attachment":[{"href":"https:\/\/budy.przemyska.pl\/index.php\/wp-json\/wp\/v2\/media?parent=84"}],"curies":[{"name":"wp","href":"https:\/\/api.w.org\/{rel}","templated":true}]}}