{"id":835,"date":"2012-09-23T00:30:14","date_gmt":"2012-09-22T22:30:14","guid":{"rendered":"http:\/\/www.budylancuckie.przemyska.pl\/?page_id=835"},"modified":"2012-09-23T00:30:14","modified_gmt":"2012-09-22T22:30:14","slug":"galerie-zdjec","status":"publish","type":"page","link":"https:\/\/budy.przemyska.pl\/index.php\/galerie-2\/galerie-zdjec\/","title":{"rendered":"Galerie zdj\u0119\u0107"},"content":{"rendered":"<p>Na tej stronie b\u0119dzie zbi&oacute;r wszystkich galerii &#8211; zdj\u0119\u0107 pogrupowanych na poszczeg&oacute;lne kategorie, zwi\u0105zane z \u017cyciem parafii, bie\u017c\u0105cymi wydarzeniami, histori\u0105, ko\u015bcio\u0142em, cmentarzem, kapliczkami,&nbsp; krzy\u017cami itd.<\/p>\n<h3><a href=\"http:\/\/www.budylancuckie.przemyska.pl\/?page_id=781\">Galeria starych fotografii zwi\u0105zanych z nasz\u0105 parafi\u0105<br \/>\n\t<\/a><\/h3>\n<h3>Galeria komunijnych zdj\u0119\u0107 grupowych z wszystkich rocznik&oacute;w (rok urodzenia)<\/h3>\n<ol>\n<li><a href=\"http:\/\/www.budylancuckie.przemyska.pl\/?page_id=1742\">Roczniki od 1921 do 1940.<\/a><\/li>\n<li><a href=\"http:\/\/www.budylancuckie.przemyska.pl\/?page_id=1828\">Roczniki od 1941 do 1950.<br \/>\n\t\t<\/a><\/li>\n<li><a href=\"http:\/\/www.budylancuckie.przemyska.pl\/?page_id=1848\">Roczniki od 1951 do 1960.<\/a><\/li>\n<li><a href=\"http:\/\/www.budylancuckie.przemyska.pl\/?page_id=1886\">Roczniki od 1961 do 1970.<br \/>\n\t\t<\/a><\/li>\n<li><a href=\"http:\/\/www.budylancuckie.przemyska.pl\/?page_id=1898\">Roczniki od 1971 do 1980.<br \/>\n\t\t<\/a><\/li>\n<li><a href=\"http:\/\/www.budylancuckie.przemyska.pl\/?page_id=2151\">Roczniki od 1981 do 1990.<br \/>\n\t\t<\/a><\/li>\n<li><a href=\"http:\/\/www.budylancuckie.przemyska.pl\/?page_id=2184\" target=\"_self\" rel=\"noopener\">Roczniki od 1991 do 2000.<br \/>\n\t\t<\/a><\/li>\n<li><a href=\"http:\/\/www.budylancuckie.przemyska.pl\/?page_id=2192\" target=\"_self\" rel=\"noopener\">Roczniki od 2001 do 2006.<\/a><\/li>\n<\/ol>\n<h3><a href=\"http:\/\/www.budylancuckie.przemyska.pl\/?page_id=1641\">Galeria zdj\u0119\u0107 z Parafiady 2015<br \/>\n\t<\/a><\/h3>\n<h3><a href=\"http:\/\/www.budylancuckie.przemyska.pl\/?page_id=2105\">Galeria zdj\u0119\u0107 z Parafiady 2016<br \/>\n\t<\/a><\/h3>\n<h3>Galeria zdj\u0119\u0107 zwi\u0105zana z pracami na rzecz parafii<\/h3>\n<ol>\n<li><a href=\"http:\/\/www.budylancuckie.przemyska.pl\/?page_id=141\">2011-05-21 &#8211; Prace porz\u0105dkowe wok&oacute;\u0142 ko\u015bcio\u0142a &#8211; rozwiezienie ziemi.<br \/>\n\t\t<\/a><\/li>\n<li>&#8230;<\/li>\n<\/ol>\n<h3>\u015awi\u0119cenia, prymicje kap\u0142an&oacute;w zwi\u0105zanych z nasz\u0105 parafi\u0105<\/h3>\n<ol>\n<li><a href=\"http:\/\/www.budylancuckie.przemyska.pl\/?page_id=169\">2011-05-28 &#8211; \u015awi\u0119cenia ks. Paw\u0142a Czyrka<br \/>\n\t\t<\/a><\/li>\n<li><a href=\"http:\/\/www.budylancuckie.przemyska.pl\/?page_id=774\">2012-06-24 &#8211; Prymicje Ojca Fabiana Wikiery<br \/>\n\t\t<\/a><\/li>\n<li>&#8230;<\/li>\n<\/ol>\n<h3><a href=\"http:\/\/www.budylancuckie.przemyska.pl\/?page_id=199\">Galerie Bractwa Ma\u0142ych St&oacute;pek<\/a><\/h3>\n<h3>Galeria zdj\u0119\u0107 zwi\u0105zana z Turkami<\/h3>\n<ol>\n<li><a href=\"http:\/\/www.budylancuckie.przemyska.pl\/?page_id=656\">2012-04-09 &#8211; Zdj\u0119cia Turk&oacute;w podczas \u015awi\u0105t Wielkanocnych 2012<br \/>\n\t\t<\/a><\/li>\n<li><a href=\"http:\/\/www.budylancuckie.przemyska.pl\/?page_id=665\">2012-04-09 &#8211; Lista Turk&oacute;w z imienia i nazwiska<br \/>\n\t\t<\/a><\/li>\n<li>&#8230;<\/li>\n<\/ol>\n<h3>Galeria zdj\u0119\u0107 siostry Estery z pracy na misji w Republice Demokratycznej Konga<\/h3>\n<ol>\n<li><a href=\"http:\/\/www.budylancuckie.przemyska.pl\/?page_id=777\">Zdj\u0119cia udost\u0119pnione podczas jej pobytu w naszej parafii w 2012 roku.<br \/>\n\t\t<\/a><\/li>\n<li>&#8230;<\/li>\n<\/ol>\n","protected":false},"excerpt":{"rendered":"<p>Na tej stronie b\u0119dzie zbi&oacute;r wszystkich galerii &#8211; zdj\u0119\u0107 pogrupowanych na poszczeg&oacute;lne kategorie, zwi\u0105zane z \u017cyciem parafii, bie\u017c\u0105cymi wydarzeniami, histori\u0105, ko\u015bcio\u0142em, cmentarzem, kapliczkami,&nbsp; krzy\u017cami itd. Galeria starych fotografii zwi\u0105zanych z &hellip; <a href=\"https:\/\/budy.przemyska.pl\/index.php\/galerie-2\/galerie-zdjec\/\" class=\"more-link\">Czytaj dalej <span class=\"screen-reader-text\">Galerie zdj\u0119\u0107<\/span> <span class=\"meta-nav\">&rarr;<\/span><\/a><\/p>\n","protected":false},"author":1,"featured_media":0,"parent":81,"menu_order":0,"comment_status":"closed","ping_status":"closed","template":"","meta":{"footnotes":""},"class_list":["post-835","page","type-page","status-publish","hentry"],"_links":{"self":[{"href":"https:\/\/budy.przemyska.pl\/index.php\/wp-json\/wp\/v2\/pages\/835","targetHints":{"allow":["GET"]}}],"collection":[{"href":"https:\/\/budy.przemyska.pl\/index.php\/wp-json\/wp\/v2\/pages"}],"about":[{"href":"https:\/\/budy.przemyska.pl\/index.php\/wp-json\/wp\/v2\/types\/page"}],"author":[{"embeddable":true,"href":"https:\/\/budy.przemyska.pl\/index.php\/wp-json\/wp\/v2\/users\/1"}],"replies":[{"embeddable":true,"href":"https:\/\/budy.przemyska.pl\/index.php\/wp-json\/wp\/v2\/comments?post=835"}],"version-history":[{"count":0,"href":"https:\/\/budy.przemyska.pl\/index.php\/wp-json\/wp\/v2\/pages\/835\/revisions"}],"up":[{"embeddable":true,"href":"https:\/\/budy.przemyska.pl\/index.php\/wp-json\/wp\/v2\/pages\/81"}],"wp:attachment":[{"href":"https:\/\/budy.przemyska.pl\/index.php\/wp-json\/wp\/v2\/media?parent=835"}],"curies":[{"name":"wp","href":"https:\/\/api.w.org\/{rel}","templated":true}]}}