{"id":81,"date":"2011-05-20T22:12:32","date_gmt":"2011-05-20T20:12:32","guid":{"rendered":"http:\/\/www.budylancuckie.przemyska.pl\/?page_id=81"},"modified":"2011-05-20T22:12:32","modified_gmt":"2011-05-20T20:12:32","slug":"galerie-2","status":"publish","type":"page","link":"https:\/\/budy.przemyska.pl\/index.php\/galerie-2\/","title":{"rendered":"Galerie"},"content":{"rendered":"<p>Galerie b\u0119d\u0105 zawiera\u0142y zdj\u0119cia pogrupowane na r&oacute;\u017cne kategorie oraz zbi&oacute;r d\u017awi\u0119k&oacute;w zwi\u0105zanych z r&oacute;\u017cnymi wydarzeniami w ko\u015bciele czy te\u017c z poszczeg&oacute;lnymi grupami parafialnymi.<\/p>\n","protected":false},"excerpt":{"rendered":"<p>Galerie b\u0119d\u0105 zawiera\u0142y zdj\u0119cia pogrupowane na r&oacute;\u017cne kategorie oraz zbi&oacute;r d\u017awi\u0119k&oacute;w zwi\u0105zanych z r&oacute;\u017cnymi wydarzeniami w ko\u015bciele czy te\u017c z poszczeg&oacute;lnymi grupami parafialnymi.<\/p>\n","protected":false},"author":1,"featured_media":0,"parent":0,"menu_order":0,"comment_status":"closed","ping_status":"closed","template":"","meta":{"footnotes":""},"class_list":["post-81","page","type-page","status-publish","hentry"],"_links":{"self":[{"href":"https:\/\/budy.przemyska.pl\/index.php\/wp-json\/wp\/v2\/pages\/81","targetHints":{"allow":["GET"]}}],"collection":[{"href":"https:\/\/budy.przemyska.pl\/index.php\/wp-json\/wp\/v2\/pages"}],"about":[{"href":"https:\/\/budy.przemyska.pl\/index.php\/wp-json\/wp\/v2\/types\/page"}],"author":[{"embeddable":true,"href":"https:\/\/budy.przemyska.pl\/index.php\/wp-json\/wp\/v2\/users\/1"}],"replies":[{"embeddable":true,"href":"https:\/\/budy.przemyska.pl\/index.php\/wp-json\/wp\/v2\/comments?post=81"}],"version-history":[{"count":0,"href":"https:\/\/budy.przemyska.pl\/index.php\/wp-json\/wp\/v2\/pages\/81\/revisions"}],"wp:attachment":[{"href":"https:\/\/budy.przemyska.pl\/index.php\/wp-json\/wp\/v2\/media?parent=81"}],"curies":[{"name":"wp","href":"https:\/\/api.w.org\/{rel}","templated":true}]}}