{"id":750,"date":"2012-07-08T01:50:57","date_gmt":"2012-07-07T23:50:57","guid":{"rendered":"http:\/\/www.budylancuckie.przemyska.pl\/?page_id=750"},"modified":"2012-07-08T01:50:57","modified_gmt":"2012-07-07T23:50:57","slug":"siostra-estera-opowiesc-o-misji-w-republice-demokratycznej-kongo","status":"publish","type":"page","link":"https:\/\/budy.przemyska.pl\/index.php\/siostra-estera-opowiesc-o-misji-w-republice-demokratycznej-kongo\/","title":{"rendered":"Siostra Estera &#8211; opowie\u015b\u0107 o misji w Republice Demokratycznej Kongo"},"content":{"rendered":"<p style=\"text-align: justify;\">[singlepic id=864 w=150 h=300 float=left]W dniu 1 lipca 2012 do naszej parafii zawita\u0142a siostra Estera &#8211; <a href=\"http:\/\/siostry.pl\" target=\"_blank\" rel=\"noopener\">siostra Salwatorianka ze Zgromadzenia Si&oacute;str Boskiego Zbawiciela<\/a> &#8211; kt&oacute;ra jest misjonark\u0105 i aposto\u0142uje w Republice Demokratycznej Konga, a pochodzi rodem z Brz&oacute;zy Stadnickiej czyli naszego dekanatu.&nbsp; Na Mszach \u015aw. po og\u0142oszeniach opowiada\u0142a o \u017cyciu w spos&oacute;b bardzo przejmuj\u0105cy, a na twarzach s\u0142uchaczy wida\u0107 by\u0142o \u017cywe zainteresowanie a momentami i \u0142za w oku si\u0119 kr\u0119ci\u0142a. Sk\u0142adka z tej niedzieli by\u0142a przeznaczona na wsparcie dzia\u0142alno\u015bci si&oacute;str w RDC. Wszystkim parafianom serdeczne B&oacute;g zap\u0142a\u0107 za z\u0142o\u017cone sk\u0142adki tego dnia.<\/p>\n<p style=\"text-align: justify;\">Poni\u017cej kr&oacute;tkie przedstawienie dzia\u0142a\u0144 jakie siostry podejmuj\u0105 w RDC. Zach\u0119cam r&oacute;wnie\u017c do pos\u0142uchania opowie\u015bci siostry Estery.<\/p>\n<p style=\"text-align: center;\"><a href=\"http:\/\/www.budylancuckie.przemyska.pl\/wp-content\/media\/dzwieki\/SiostraEstera-Budy-20120701.mp3\">Siostra Estera o pracy misyjnej w Demokratycznej Republice Konga <br \/>\n\t<\/a><\/p>\n<p style=\"text-align: center;\"><strong>DOP&Oacute;KI \u017bYJE CHO\u0106BY NA ZIEMI TYLKO JEDEN CZ\u0141OWIEK <\/strong><\/p>\n<p style=\"text-align: center;\"><strong>KT&Oacute;RY NIE ZNA I NIE KOCHA JEZUSA CHRYSTUSA&nbsp; <\/strong><\/p>\n<p style=\"text-align: center;\"><strong>NIE WOLNO CI SPOCZ\u0104\u0106!<br \/>\n\t<\/strong><\/p>\n<p style=\"text-align: justify;\">Dlatego w my\u015bl naszych Za\u0142o\u017cycieli w 1958 roku pierwsze misjonarki salwatorianki postawi\u0142y stop\u0119 na ziemi wtedy jeszcze Zairskiej a obecnie Congijskiej.<\/p>\n<p style=\"text-align: justify;\">I tak zacz\u0119\u0142y aposto\u0142owa\u0107 jeszcze w bardzo trudnych warunkach prymitywnych zaczynaj\u0105c w totalnym buszu.Ich praca i po\u015bwiecenie przynios\u0142a owoce i obfituje przede wszystkim w powo\u0142ania do dnia dzisiejszego.&nbsp; Obecnie jest nas 68 si&oacute;str tutejszych i trzy misjonarki, nie licz\u0105c nowicjuszek, postulantek i kandydatek. Obecnie mamy osiem wsp&oacute;lnot w tym trzy w buszu do kt&oacute;rego mo\u017cna dojecha\u0107 tylko w porze suchej bo w porze deszczowej droga kt&oacute;ra praktycznie nie istnieje jest nie przejezdna.<\/p>\n<p style=\"text-align: justify;\">[singlepic id=968 w=320 h=240 float=left]Pracujemy jako piel\u0119gniarki w szpitalikach czy przychodniach przez nas prowadz\u0105cych i oddajemy si\u0119 wychowaniu dzieci, m\u0142odzie\u017cy prowadz\u0105c \u017c\u0142obek,przedszkola i szko\u0142y, wsz\u0119dzie tam gdzie mamy palc&oacute;wki.&nbsp; Jednak borykamy si\u0119 ci\u0105gle z wieloma problemami finansowymi dlatego \u017ce, \u017cycie tutaj w Republice Demokratycznej Conga jest bardzo trudne i nie \u0142atwe. Spo\u0142ecze\u0144stwo \u017cyje na kraw\u0119dzi totalnej biedy i g\u0142odu.To dzi\u0119ki istnieniu r&oacute;\u017cnych Zgromadze\u0144 ,mo\u017cna m&oacute;wi\u0107 o jakiejkolwiek pomocy, wsparciu dla tutejszej populacji poczynaj\u0105c od tych najm\u0142odszych. Pa\u0144stwo ani \u017cadna organizacja czy ministerstwo w niczym nie mog\u0105 pom&oacute;c czy wesprze\u0107, dlatego same na ile potrafimy staramy si\u0119 na\u015bladowa\u0107 Chrystusa i nie\u015b\u0107 pomoc ka\u017cdemu bez wyj\u0105tku. Nasze instytucje jak szpitale, przychodnie, przedszkola czy szko\u0142y s\u0105 przepe\u0142nione bo ludzie garn\u0105 si\u0119 tam gdzie zaznaj\u0105 ciep\u0142a i mi\u0142o\u015bci.<\/p>\n<p style=\"text-align: justify;\">[singlepic id=872 w=320 h=240 float=right]W naszych planach i projektach na przysz\u0142o\u015b\u0107 s\u0105: dobudowanie klas ju\u017c przy istniej\u0105cych szko\u0142ach bo dzieciaki nie maj\u0105 wystarczaj\u0105co miejsca w \u0142awkach, wybudowanie jeszcze nowych 2 szk&oacute;\u0142 i 2 szpitali na 2 naszych nowych plac&oacute;wkach, oraz wybudowanie nowego kolejnego przedszkola ale przede wszystkim le\u017cy nam gor\u0105co na sercu projekt SIEROCI\u0143CA dla dzieci bezdomnych i wa\u0142\u0119saj\u0105cych si\u0119 po ulicach a wszechstronnie uzdolnionych. Je\u015bli chodzi o edukacje to zajmujemy si\u0119 te\u017c adopcja na odleg\u0142o\u015b\u0107, kt&oacute;ra pomaga w pewnym stopniu op\u0142aca\u0107 nauk\u0119 dzieciom pochodz\u0105cym z rodzin bardzo biednych to pomaga im rozwija\u0107 si\u0119 ju\u017c od dzieci\u0144stwa i w pewnym stopniu zapewnia im jak\u0105\u015b przysz\u0142o\u015b\u0107. Dodam \u017ce w ka\u017cdej rodzinie tych dzieci jest bardzo du\u017co ale ze wzgl\u0119d&oacute;w materialnych i bytowych tylko jedno lub dw&oacute;jka zostaje pos\u0142ana do szko\u0142y, bo rodzic&oacute;w nie sta\u0107 na op\u0142aty dlatego \u017ce szko\u0142a tutaj jest p\u0142atna. A co do opieki zdrowotnej jest fatalnie. Pa\u0144stwo nie robi nic w tym kierunku i \u017cycie tutaj w Republice Demokratycznej Conga polega na tym, \u017ce jak masz par\u0119 przys\u0142owiowych groszy to prze\u017cyjesz, bo zap\u0142acisz w szpitalu za opiek\u0119, a je\u015bli nie sta\u0107 ci\u0119 na zwyk\u0142\u0105 tabletk\u0119 od b&oacute;lu g\u0142owy to poprostu cierpisz i umierasz. Dlatego tutaj w Congo umieralno\u015b\u0107 jest bardzo wysoka, a \u015brednia wieku wynosi 40 lat. Przykre ale prawdziwe. \u017bycie tutaj w Republice Demokratycznej Conga jest bardzo kruche i codziennie cz\u0142owiek ociera si\u0119 o \u015bmier\u0107 napotykanych ludzi.<\/p>\n<p style=\"text-align: justify;\">My jako Siostry Boskiego Zbawiciela pragniemy nie\u015b\u0107 pomoc i nadziej\u0119 wsz\u0119dzie tam gdzie jej potrzebuj\u0105. Aby g\u0142odnych nakarmi\u0107, spragnionym da\u0107 pi\u0107, porzucanych na drodze, opuszczonych przygarn\u0105\u0107, nagich przyodzia\u0107, chorych leczy\u0107 i przynie\u015b\u0107 im ulg\u0119 oraz nadziej\u0119 na lepsze jutro, wi\u0119\u017aniom zanie\u015b\u0107 Chrystusa i mi\u0142o\u015b\u0107 kt&oacute;rej tak bardzo potrzebuj\u0105.<\/p>\n<p style=\"text-align: justify;\">Powy\u017cszy tekst zaczerpni\u0119ty zosta\u0142 ze strony <a href=\"http:\/\/www.czynmydobro.pl\/index.php?option=com_content&amp;view=article&amp;id=788:1-dla-konga&amp;catid=47:aktualnoci\" target=\"_blank\" rel=\"noopener\">Fundacji Ksi\u0119dza Orione Czy\u0144my Dobro<\/a>, na kt&oacute;rej jest opis o mo\u017cliwo\u015bci wsparcja misji w RDC 1% podatku.<\/p>\n<p style=\"text-align: justify;\"><strong>Adopcja na odleg\u0142o\u015b\u0107 &#8211; forma wsparcia dzieci w nauce<br \/>\n\t<\/strong><\/p>\n<p style=\"text-align: justify;\">Warto r&oacute;wnie\u017c nadmieni\u0107, \u017ce jedn\u0105 z form wsparcia misji w RDC jest bezpo\u015brednie wsparcie dla dzieci aby mog\u0142y si\u0119 uczy\u0107. Jest to tzw. adopcja na odleg\u0142o\u015b\u0107. Wype\u0142nia si\u0119 deklaracj\u0119 uczestnictwa zobowi\u0105zuj\u0105c si\u0119 przez okre\u015blony ustalony przez siebie okres wp\u0142aca rocznie kwot\u0119 100$ na rzecz dziecka zamieszka\u0142ego w Kolwezi w Demokratyczne Republice Konga. Kwota ka\u017cdorazowo i w ca\u0142o\u015bci jest przeznaczana na zapewnienie edukacji i podstawowej opieki socjalnej danemu dziecku. Kwot\u0119 przekazuje si\u0119 rocznie za po\u015brednictwem siostry odpowiedzialnej za Referat Misyjny Si&oacute;str Salwatorianek w Polsce. W RDC siostry, kt&oacute;re s\u0105 wyszukuj\u0105 wtedy dziecko, kt&oacute;re dzi\u0119ki temu wsparciu b\u0119dzie mog\u0142o p&oacute;j\u015b\u0107 do szko\u0142y i jego dane (imi\u0119, nazwisko, zdj\u0119cie) przekazywane s\u0105 do osoby adoptuj\u0105cej. Dziecko r&oacute;wnie\u017c wie kto je adoptowa\u0142. Bardzo cz\u0119sto siostry misjonarki przyje\u017cd\u017caj\u0105ce na urlop (tak jak siostra Estera teraz) przywo\u017c\u0105 od tych dzieci jaki\u015b drobiazg np. rysunek, list, kt&oacute;re s\u0105 przekazywane do osoby adoptuj\u0105cej i jest to wspania\u0142e odczucie, \u017ce mo\u017cna komu\u015b pom&oacute;c.<\/p>\n<p style=\"text-align: justify;\">Adopcji mo\u017cna dokonywa\u0107 nie tylko w pojedynk\u0119 ale tak\u017ce jako grupa ludzi np. R&oacute;\u017ca R&oacute;\u017ca\u0144cowa a wtedy roczny koszt rozk\u0142ada si\u0119 na wi\u0119cej os&oacute;b. Wa\u017cne jest aby \u015bwiadomie podejmowa\u0107 decyzj\u0119, \u017ce chce si\u0119 \u0142o\u017cy\u0107 przez kilka lat aby to dziecko, kt&oacute;re adoptujemy mia\u0142o szans\u0119 na zdobycie wykszta\u0142cenia. Wa\u017cne jest te\u017c, \u017ceby by\u0107 odpowiedzialnym i w sytuacji gdy nie mo\u017cna kontynuowa\u0107 dzie\u0142a adopcji odpowiednio wcze\u015bniej poinformowa\u0107 siostr\u0119 odpowiedzialn\u0105 za Referat Misyjny Si&oacute;str Salwatorianek w Polsce.<\/p>\n<p style=\"text-align: justify;\">Mo\u017cna pisa\u0107 na og&oacute;lny adres siostry@sds.pl lub aktualnie do siostry Barbary Kowalskiej na adres basia_sds@o2.pl.<\/p>\n<p style=\"text-align: justify;\"><strong>Galeria zdj\u0119\u0107<br \/>\n\t<\/strong><\/p>\n<p style=\"text-align: justify;\">Poni\u017cej galeria zdj\u0119\u0107, kt&oacute;re otrzyma\u0142em od siostry Estery prezentuj\u0105ce \u017cycie w Demokratycznej Republice Konga. Zapraszam serdecznie do obejrzenia. Inne zdj\u0119cia z misji w Kongo mo\u017cna obejrze\u0107 na stronie <a href=\"http:\/\/www.siostry.pl\/galeria11\/index.html\" target=\"_blank\" rel=\"noopener\">siostry.pl<\/a>.<\/p>\n<p style=\"text-align: justify;\">[nggallery id=29]<\/p>\n","protected":false},"excerpt":{"rendered":"<p>[singlepic id=864 w=150 h=300 float=left]W dniu 1 lipca 2012 do naszej parafii zawita\u0142a siostra Estera &#8211; siostra Salwatorianka ze Zgromadzenia Si&oacute;str Boskiego Zbawiciela &#8211; kt&oacute;ra jest misjonark\u0105 i aposto\u0142uje w &hellip; <a href=\"https:\/\/budy.przemyska.pl\/index.php\/siostra-estera-opowiesc-o-misji-w-republice-demokratycznej-kongo\/\" class=\"more-link\">Czytaj dalej <span class=\"screen-reader-text\">Siostra Estera &#8211; opowie\u015b\u0107 o misji w Republice Demokratycznej Kongo<\/span> <span class=\"meta-nav\">&rarr;<\/span><\/a><\/p>\n","protected":false},"author":1,"featured_media":0,"parent":0,"menu_order":0,"comment_status":"closed","ping_status":"closed","template":"","meta":{"footnotes":""},"class_list":["post-750","page","type-page","status-publish","hentry"],"_links":{"self":[{"href":"https:\/\/budy.przemyska.pl\/index.php\/wp-json\/wp\/v2\/pages\/750","targetHints":{"allow":["GET"]}}],"collection":[{"href":"https:\/\/budy.przemyska.pl\/index.php\/wp-json\/wp\/v2\/pages"}],"about":[{"href":"https:\/\/budy.przemyska.pl\/index.php\/wp-json\/wp\/v2\/types\/page"}],"author":[{"embeddable":true,"href":"https:\/\/budy.przemyska.pl\/index.php\/wp-json\/wp\/v2\/users\/1"}],"replies":[{"embeddable":true,"href":"https:\/\/budy.przemyska.pl\/index.php\/wp-json\/wp\/v2\/comments?post=750"}],"version-history":[{"count":0,"href":"https:\/\/budy.przemyska.pl\/index.php\/wp-json\/wp\/v2\/pages\/750\/revisions"}],"wp:attachment":[{"href":"https:\/\/budy.przemyska.pl\/index.php\/wp-json\/wp\/v2\/media?parent=750"}],"curies":[{"name":"wp","href":"https:\/\/api.w.org\/{rel}","templated":true}]}}