{"id":686,"date":"2012-06-02T18:29:33","date_gmt":"2012-06-02T16:29:33","guid":{"rendered":"http:\/\/www.budylancuckie.przemyska.pl\/?page_id=686"},"modified":"2012-06-02T18:29:33","modified_gmt":"2012-06-02T16:29:33","slug":"turki-parafii-budy-lancuckie","status":"publish","type":"page","link":"https:\/\/budy.przemyska.pl\/index.php\/turki-parafii-budy-lancuckie\/","title":{"rendered":"Turki Parafii Budy \u0141a\u0144cuckie"},"content":{"rendered":"<p style=\"text-align: justify;\">[singlepic id=485 w=320 h=240 float=left]Turki z naszej parafii swoje korzenie maj\u0105 w Grodzisku, jako, \u017ce parafia Budy \u0141a\u0144cuckie powsta\u0142a w du\u017cej cz\u0119\u015bci z parafii grodziskiej. Po powstaniu parafii w roku 1921, jak notuje nasza kronika parafialna, banderia konna z\u0142o\u017cona zapewne z &quot;turk&oacute;w&quot; pojecha\u0142a do Grodziska po pierwszego proboszcza. Nast\u0119pnego roku na Wielkanoc uformowa\u0142 si\u0119 oddzia\u0142 Turk&oacute;w jako stra\u017c grobowa. Tak wi\u0119c rok 1922 jest przyj\u0119ty jako rok powstania Turk&oacute;w w naszej parafii. W tym roku mija 90 lat istnienia Stra\u017cy Grobowej &#8211; Turk&oacute;w w naszej parafii. Z tej okazji dzi\u0119kujemy wszystkim, kt&oacute;rzy tworzyli i tworz\u0105 do dzisiaj oddzia\u0142 Turk&oacute;w. [singlepic id=372 w=320 h=240 float=right]W\u015br&oacute;d komendant&oacute;w byli: Ignacy Kurek, Roman Blok, Tadeusz Dr\u0105\u017cek i obecny Grzegorz Wojtyna.<\/p>\n<p style=\"text-align: justify;\">Wszystkim \u017cyczymy kontynuowania tej pi\u0119knej tradycji najpierw do stulecia a p&oacute;\u017aniej dalej. Warto kontynuowa\u0107 pi\u0119kne zwyczaje, tradycje, kt&oacute;re przyczyniaj\u0105 si\u0119 do u\u015bwietnienia nabo\u017ce\u0144stw liturgicznych. Sw&oacute;j udzia\u0142 w Turkach ma r&oacute;wnie\u017c orkiestra, kt&oacute;ra co roku pi\u0119knie przygrywa i u\u015bwietnia Msze \u015aw. Wszystkim muzykom, kt&oacute;rzy tworzyli zesp&oacute;\u0142 orkiestry dawniej i tworz\u0105 dzisiaj sk\u0142adamy serdeczne &quot;B&oacute;g zap\u0142a\u0107&quot;. Nawzajem zach\u0119cajmy si\u0119, by ta tradycja nie usta\u0142a. Nie wymawiajmy si\u0119 od brania udzia\u0142u w tym pi\u0119knym zadaniu.<\/p>\n<hr \/>\n<p style=\"text-align: justify;\">Strona ta zosta\u0142a stworzona w czerwcu 2012 roku. Od tego momentu postaramy si\u0119 aby systematycznie by\u0142a aktualizowana szczeg&oacute;lnie w okresie wielkanocnym. Wtedy nasze Turki zbieraj\u0105 si\u0119 jak co roku i tworz\u0105 Stra\u017c Grobow\u0105.<\/p>\n<p style=\"text-align: justify;\"><strong>Aktualnie w ramach informacji o Turkach dost\u0119pne s\u0105 nast\u0119puj\u0105ce materia\u0142y <\/strong>(w kolejno\u015bci opublikowania ich na portalu parafialnym):<\/p>\n<ol>\n<li><a href=\"http:\/\/www.budylancuckie.przemyska.pl\/?page_id=656\" target=\"_self\" rel=\"noopener\">Zdj\u0119cia Turk&oacute;w wykonane podczas obchodu \u015awi\u0105t Wielkiej Nocy 2012.<\/a><\/li>\n<li><a href=\"http:\/\/www.budylancuckie.przemyska.pl\/?page_id=665\" target=\"_self\" rel=\"noopener\">Zdj\u0119cia ka\u017cdego Turka wraz z dodatkowymi informacjami.<br \/>\n\t\t<\/a><\/li>\n<li>&#8230;<\/li>\n<\/ol>\n<p style=\"text-align: justify;\">W ramach tej strony jest<span style=\"font-size:16px;\"><strong><span style=\"color: rgb(255, 0, 0);\"> plan zebrania historycznych zdj\u0119\u0107<\/span><\/strong><\/span> (kilka, na\u015bcie, dzie\u015bcia, dziesi\u0105t lat do ty\u0142u) i ich opublikowanie na stronach parafialnych, aby uwieczni\u0107 t\u0119 tradycj\u0119. <strong><span style=\"color:#f00;\">I w tym miejscu jest ogromna pro\u015bba<\/span>, aby osoby, kt&oacute;re by\u0142y Turkami czy te\u017c osoby czytaj\u0105ce te s\u0142owa wiedz\u0105 o takich osobach (ojciec, dziadek, wujek, brat itd) i maj\u0105 jakie\u015b zdj\u0119cia to proszone s\u0105 o przes\u0142anie informacji na adres pmiara@interia.pl<\/strong> w celu um&oacute;wienia si\u0119 co do sposobu dostarczenia zdj\u0119cia (zdj\u0119cie w formie papierowej po zeskanowaniu wr&oacute;ci do w\u0142a\u015bciciela). Z pewno\u015bci\u0105 w domowych archiwach, albumach naszych rodzic&oacute;w czy dziadk&oacute;w idzie znale\u017a\u0107 ciekawe zdj\u0119cia, kt&oacute;re warto zachowa\u0107 od zapomnienia i pokaza\u0107 \u015bwiatu.<\/p>\n<p style=\"text-align: justify;\">Jest te\u017c pro\u015bba aby na adres parafiabudy@gmail.com napisa\u0142a osoba, kt&oacute;ra zna sk\u0142ad orkiestry, aby poda\u0142a z imienia i nazwiska wszystkich, aby m&oacute;c ich opublikowa\u0107 i podzi\u0119kowa\u0107.<\/p>\n<hr \/>\n<p style=\"text-align: justify;\"><strong>Wpisy na portalu zwi\u0105zane z Turkami (w kolejno\u015bci opublikowania):<\/strong><\/p>\n<ol>\n<li><a href=\"http:\/\/www.budylancuckie.przemyska.pl\/?p=661\" target=\"_self\" rel=\"noopener\">Galeria Turk&oacute;w 2012.<br \/>\n\t\t<\/a><\/li>\n<li><a href=\"http:\/\/www.budylancuckie.przemyska.pl\/?p=681\" target=\"_self\" rel=\"noopener\">Opublikowana lista Turk&oacute;w.<br \/>\n\t\t<\/a><\/li>\n<li><a href=\"http:\/\/www.budylancuckie.przemyska.pl\/?p=697\" target=\"_self\" rel=\"noopener\">Strona Turk&oacute;w naszej parafii.<br \/>\n\t\t<\/a><\/li>\n<li>&#8230;<\/li>\n<\/ol>\n<p style=\"text-align: justify;\">&nbsp;<\/p>\n<hr \/>\n<p style=\"text-align: justify;\"><strong>Turki w obiektywie kamery &#8211; dost\u0119pne na Youtube:<br \/>\n\t<\/strong><\/p>\n<ol>\n<li>Kamera pana Tadeusza Golaka:\n<ol>\n<li><a href=\"http:\/\/www.youtube.com\/watch?v=tkA_Nlb-2do&amp;feature=plcp\" target=\"_blank\" rel=\"noopener\">Wielkanocna Orkiestra &#8211; Wielkanoc 2012.<\/a><\/li>\n<li><a href=\"http:\/\/www.youtube.com\/watch?v=oW2x9U51y5E\" target=\"_blank\" rel=\"noopener\">Wielkanoc 2012.<br \/>\n\t\t\t\t<\/a><\/li>\n<li><a href=\"http:\/\/www.youtube.com\/watch?v=0GrTe_m70GE\" target=\"_blank\" rel=\"noopener\">Wielkanoc 2012 &#8211; drugi dzie\u0144 \u015bwi\u0105t.<br \/>\n\t\t\t\t<\/a><\/li>\n<li><a href=\"http:\/\/www.youtube.com\/watch?v=_a7XFjDkTyk\" target=\"_blank\" rel=\"noopener\">90-ta zmiana warty przy Grobie Pa\u0144skim w Budach \u0141a\u0144cuckich.<br \/>\n\t\t\t\t<\/a><\/li>\n<li><a href=\"http:\/\/www.youtube.com\/watch?v=D6SiAgUfbzk&amp;list=PLCACAC99CF85F1A2E&amp;index=1&amp;feature=plpp_video\" target=\"_blank\" rel=\"noopener\">Wielkanoc 2011 &#8211; cz\u0119\u015b\u0107 1.<br \/>\n\t\t\t\t<\/a><\/li>\n<li><a href=\"http:\/\/www.youtube.com\/watch?v=_sF--JXWPlI&amp;list=PLCACAC99CF85F1A2E&amp;index=2&amp;feature=plpp_video\" target=\"_blank\" rel=\"noopener\">Wielkanoc 2011 &#8211; cz\u0119\u015b\u0107 2.<br \/>\n\t\t\t\t<\/a><\/li>\n<li><a href=\"http:\/\/www.youtube.com\/watch?v=hrRNohKnKPg&amp;list=PLCACAC99CF85F1A2E&amp;index=3&amp;feature=plpp_video\" target=\"_blank\" rel=\"noopener\">Wielkanoc 2010.<br \/>\n\t\t\t\t<\/a><\/li>\n<li>&#8230;<\/li>\n<\/ol>\n<\/li>\n<li>Pozosta\u0142e:\n<ol>\n<li><a href=\"http:\/\/www.youtube.com\/watch?v=0idTz8xTEXw\" target=\"_blank\" rel=\"noopener\">Turki 2008.<br \/>\n\t\t\t\t<\/a><\/li>\n<\/ol>\n<\/li>\n<\/ol>\n<p style=\"text-align: justify;\">&nbsp;<\/p>\n<hr \/>\n<p style=\"text-align: justify;\"><strong>Je\u015bli kto\u015b zechcia\u0142by poczyta\u0107 wi\u0119cej o historii Turk&oacute;w, zapraszam do lektury poni\u017cszych opracowa\u0144 dost\u0119pnych w internecie:<br \/>\n\t<\/strong><\/p>\n<ol>\n<li><a href=\"http:\/\/www.travelphoto.pl\/Polska\/rep_turki\/turki.htm\" target=\"_blank\" rel=\"noopener\">Turki w Dolinie Sanu.<br \/>\n\t\t<\/a><\/li>\n<li><a href=\"http:\/\/www.grodziskodolne.pl\/index.php?searchword=turki&amp;option=com_search&amp;Itemid=\" target=\"_blank\" rel=\"noopener\">R&oacute;\u017cne informacje o Turkach na stronach portalu Gminy Grodzisko Dolne.<br \/>\n\t\t<\/a><\/li>\n<li><a href=\"http:\/\/www.radomysl.pl\/asp\/pl_start.asp?typ=14&amp;sub=4&amp;menu=35&amp;strona=1\" target=\"_blank\" rel=\"noopener\">Informacje o Turkach na stronie Gminy Radomy\u015bl.<br \/>\n\t\t<\/a><\/li>\n<li><a href=\"http:\/\/szkola.interklasa.pl\/f038\/wielkanoc.htm\" target=\"_blank\" rel=\"noopener\">Kr&oacute;tka historia Wielkanocnych Stra\u017cy Grobowych.<br \/>\n\t\t<\/a><\/li>\n<li><a href=\"http:\/\/muzeum.przeworsk.pl\/pl\/Dziedzictwo_kulturowe\/Tradycje#Turki\" target=\"_blank\" rel=\"noopener\">&quot;Ogniste Turki&quot; &#8211; Muzeum w Przeworsku.<br \/>\n\t\t<\/a><\/li>\n<li><a href=\"http:\/\/www.zsgniewczyna.pl\/Publikacje\/archiwum\/Turki.htm\" target=\"_blank\" rel=\"noopener\">Turki &#8211; Wielkanocna Stra\u017c Grobowa w Gniewczynie.<br \/>\n\t\t<\/a><\/li>\n<li><a href=\"http:\/\/www.grodziskodolne.pl\/content\/view\/1183\/267\/\" target=\"_blank\" rel=\"noopener\">Fotoreporta\u017c &#8211; Parada Stra\u017cy Wielkanocnych TURKI 2012 cz. 1.<br \/>\n\t\t<\/a><\/li>\n<li><a href=\"http:\/\/www.grodziskodolne.pl\/content\/view\/1184\/267\/\" target=\"_blank\" rel=\"noopener\">Fotoreporta\u017c &#8211; Parada Stra\u017cy Wielkanocnych TURKI 2012 cz. 2.<br \/>\n\t\t<\/a><\/li>\n<li><a href=\"http:\/\/kluczlancucki.pl\/nasza-reprezentacja-na-turkach-w-grodzisku\/\" target=\"_blank\" rel=\"noopener\">Wiadomo\u015bci Klucza \u0141a\u0144cuckiego wraz ze zdj\u0119ciami.<br \/>\n\t\t<\/a><\/li>\n<li>&#8230;<\/li>\n<\/ol>\n","protected":false},"excerpt":{"rendered":"<p>[singlepic id=485 w=320 h=240 float=left]Turki z naszej parafii swoje korzenie maj\u0105 w Grodzisku, jako, \u017ce parafia Budy \u0141a\u0144cuckie powsta\u0142a w du\u017cej cz\u0119\u015bci z parafii grodziskiej. Po powstaniu parafii w roku &hellip; <a href=\"https:\/\/budy.przemyska.pl\/index.php\/turki-parafii-budy-lancuckie\/\" class=\"more-link\">Czytaj dalej <span class=\"screen-reader-text\">Turki Parafii Budy \u0141a\u0144cuckie<\/span> <span class=\"meta-nav\">&rarr;<\/span><\/a><\/p>\n","protected":false},"author":1,"featured_media":0,"parent":0,"menu_order":0,"comment_status":"closed","ping_status":"closed","template":"","meta":{"footnotes":""},"class_list":["post-686","page","type-page","status-publish","hentry"],"_links":{"self":[{"href":"https:\/\/budy.przemyska.pl\/index.php\/wp-json\/wp\/v2\/pages\/686","targetHints":{"allow":["GET"]}}],"collection":[{"href":"https:\/\/budy.przemyska.pl\/index.php\/wp-json\/wp\/v2\/pages"}],"about":[{"href":"https:\/\/budy.przemyska.pl\/index.php\/wp-json\/wp\/v2\/types\/page"}],"author":[{"embeddable":true,"href":"https:\/\/budy.przemyska.pl\/index.php\/wp-json\/wp\/v2\/users\/1"}],"replies":[{"embeddable":true,"href":"https:\/\/budy.przemyska.pl\/index.php\/wp-json\/wp\/v2\/comments?post=686"}],"version-history":[{"count":0,"href":"https:\/\/budy.przemyska.pl\/index.php\/wp-json\/wp\/v2\/pages\/686\/revisions"}],"wp:attachment":[{"href":"https:\/\/budy.przemyska.pl\/index.php\/wp-json\/wp\/v2\/media?parent=686"}],"curies":[{"name":"wp","href":"https:\/\/api.w.org\/{rel}","templated":true}]}}