{"id":647,"date":"2012-04-05T23:26:42","date_gmt":"2012-04-05T21:26:42","guid":{"rendered":"http:\/\/www.budylancuckie.przemyska.pl\/?page_id=647"},"modified":"2012-04-05T23:26:42","modified_gmt":"2012-04-05T21:26:42","slug":"schola-dziecieca","status":"publish","type":"page","link":"https:\/\/budy.przemyska.pl\/index.php\/schola-dziecieca\/","title":{"rendered":"Schola dzieci\u0119ca"},"content":{"rendered":"<p>Strona w trakcie przygotowania<\/p>\n<h2>Filmiki<\/h2>\n<p><code>[embedyt]<\/code><a class=\"moz-txt-link-freetext\" href=\"https:\/\/www.youtube.com\/watch?v=MDO30srqVKE\">https:\/\/www.youtube.com\/watch?v=MDO30srqVKE<\/a><code>[\/embedyt]<\/code><\/p>\n<p><code>[embedyt]https:\/\/www.youtube.com\/watch?v=2MeYIYKxT4E[\/embedyt]<\/code><\/p>\n<h2>Psalmy i pie\u015bni w wykonaniu scholi<\/h2>\n<h3>Psalmy:<\/h3>\n<p style=\"margin-left: 40px;\"><a href=\"http:\/\/www.budylancuckie.przemyska.pl\/wp-content\/media\/media\/schola_dziecieca_psalm_001.mp3\">Psalm pierwszy<\/a><\/p>\n<p style=\"margin-left: 40px;\"><a href=\"http:\/\/www.budylancuckie.przemyska.pl\/wp-content\/media\/media\/schola_dziecieca_psalm_002.mp3\">Psalm drugi<\/a><\/p>\n<h3>Pie\u015bni:<\/h3>\n<p style=\"margin-left: 40px;\"><a href=\"http:\/\/www.budylancuckie.przemyska.pl\/wp-content\/media\/media\/schola_dziecieca_piesn_001.mp3\">Rado\u015bnie Panu hymn \u015bpiewajmy<br \/>\n\t<\/a><\/p>\n<p style=\"margin-left: 40px;\"><a href=\"http:\/\/www.budylancuckie.przemyska.pl\/wp-content\/media\/media\/schola_dziecieca_piesn_002.mp3\">Ave Maria, Gratia Plena Dominus tecum, Benedicta Tu<br \/>\n\t<\/a><\/p>\n","protected":false},"excerpt":{"rendered":"<p>Strona w trakcie przygotowania Filmiki [embedyt]https:\/\/www.youtube.com\/watch?v=MDO30srqVKE[\/embedyt] [embedyt]https:\/\/www.youtube.com\/watch?v=2MeYIYKxT4E[\/embedyt] Psalmy i pie\u015bni w wykonaniu scholi Psalmy: Psalm pierwszy Psalm drugi Pie\u015bni: Rado\u015bnie Panu hymn \u015bpiewajmy Ave Maria, Gratia Plena Dominus tecum, Benedicta &hellip; <a href=\"https:\/\/budy.przemyska.pl\/index.php\/schola-dziecieca\/\" class=\"more-link\">Czytaj dalej <span class=\"screen-reader-text\">Schola dzieci\u0119ca<\/span> <span class=\"meta-nav\">&rarr;<\/span><\/a><\/p>\n","protected":false},"author":1,"featured_media":0,"parent":0,"menu_order":0,"comment_status":"closed","ping_status":"closed","template":"","meta":{"footnotes":""},"class_list":["post-647","page","type-page","status-publish","hentry"],"_links":{"self":[{"href":"https:\/\/budy.przemyska.pl\/index.php\/wp-json\/wp\/v2\/pages\/647","targetHints":{"allow":["GET"]}}],"collection":[{"href":"https:\/\/budy.przemyska.pl\/index.php\/wp-json\/wp\/v2\/pages"}],"about":[{"href":"https:\/\/budy.przemyska.pl\/index.php\/wp-json\/wp\/v2\/types\/page"}],"author":[{"embeddable":true,"href":"https:\/\/budy.przemyska.pl\/index.php\/wp-json\/wp\/v2\/users\/1"}],"replies":[{"embeddable":true,"href":"https:\/\/budy.przemyska.pl\/index.php\/wp-json\/wp\/v2\/comments?post=647"}],"version-history":[{"count":0,"href":"https:\/\/budy.przemyska.pl\/index.php\/wp-json\/wp\/v2\/pages\/647\/revisions"}],"wp:attachment":[{"href":"https:\/\/budy.przemyska.pl\/index.php\/wp-json\/wp\/v2\/media?parent=647"}],"curies":[{"name":"wp","href":"https:\/\/api.w.org\/{rel}","templated":true}]}}