{"id":482,"date":"2012-01-10T22:37:24","date_gmt":"2012-01-10T21:37:24","guid":{"rendered":"http:\/\/www.budylancuckie.przemyska.pl\/?page_id=482"},"modified":"2012-01-10T22:37:24","modified_gmt":"2012-01-10T21:37:24","slug":"kapliczki-i-krzyze-naszej-parafii","status":"publish","type":"page","link":"https:\/\/budy.przemyska.pl\/index.php\/o-parafii-2\/kapliczki-i-krzyze-naszej-parafii\/","title":{"rendered":"Kapliczki i krzy\u017ce naszej parafii"},"content":{"rendered":"<table border=\"0\" cellpadding=\"1\" cellspacing=\"15\" style=\"width: 100%;\">\n<tbody>\n<tr>\n<td>\n<p>[singlepic id=155 w=180 h=240 float=left]<strong>Kapliczka w lesie.<\/strong> W roku 1868 wybuch\u0142a w Galicji epidemia cholery. Organizmy najsilniejsze przetrwa\u0142y chorob\u0119. S\u0142absi za\u015b masowo umierali. Ozdrowie\u0144cy tworzyli ekipy, kt&oacute;re zajmowa\u0142y si\u0119 opiek\u0105 nad chorymi i grzebaniem zmar\u0142ych. Na cmentarz choleryczny wybrano miejsce na skraju lasu, na rozstaju dr&oacute;g z Bud do Opalenisk i z Bud do \u017bo\u0142yni Grabnika. Wykopano d&oacute;\u0142 o g\u0142\u0119boko\u015bci 4 m i warstwami uk\u0142adano zmar\u0142ych posypuj\u0105c ich wapnem, kt&oacute;re przekaza\u0142 rz\u0105dca folwarku Budy. W\/g &oacute;wczesnych szacunk&oacute;w pogrzebano ok. 1000 zmar\u0142ych z Bud, Korniaktowa i Grabnika. [singlepic id=156 w=180 h=240 float=right]Po wyga\u015bni\u0119ciu epidemii, gr&oacute;b zasypano i ogrodzono ostroko\u0142em. Rz\u0105dca folwarku Budy, kt&oacute;ry straci\u0142 ca\u0142\u0105 rodzin\u0119 (\u017con\u0119 i czworo dzieci) ufundowa\u0142 kaplic\u0119 murowan\u0105, do kt&oacute;rej rze\u017aby wykona\u0142 Andrzej Bartnik &bdquo;Ko\u0142odziej&rdquo;. Na frontowym deskowaniu Wojciech Bosak &bdquo;Ku\u015bnierz&rdquo; namalowa\u0142 olejny obraz przedstawiaj\u0105cy kwarantann\u0119 z &bdquo;Ojca Zad\u017cumionych&rdquo; J. S\u0142owackiego. Malunek zosta\u0142 zniszczony podczas wykonywania cz\u0119\u015bciowego remontu, kt&oacute;ry zosta\u0142 wykonany na zlecenie le\u015bnictwa Budy. W roku 1998 ks. proboszcz W\u0142adys\u0142aw Szular wyst\u0105pi\u0142 z inicjatyw\u0105 przeprowadzenia remontu kapitalnego kaplicy, kt&oacute;ry wykona\u0142 le\u015bniczy W\u0142adys\u0142aw Sobu\u015b z cz\u0142onkiem Rady Parafialnej W\u0142adys\u0142awem Dyrd\u0105.<\/p>\n<p>\t\t\t\tW latach 20-tych XX wieku, profesor Akademii Medycznej w Krakowie wraz z grup\u0105 student&oacute;w rozpocz\u0105\u0142 badania cmentarza. Rozkopano mogi\u0142\u0119 i stwierdzono \u017cywotno\u015b\u0107 zarazk&oacute;w cholery. Podobno kilku student&oacute;w zmar\u0142o. Po tym fakcie okoliczna ludno\u015b\u0107 przez d\u0142ugie lata w okolicach cmentarza nie zbiera\u0142a runa le\u015bnego.<\/td>\n<\/tr>\n<tr>\n<td>\n<hr \/>\n<\/td>\n<\/tr>\n<tr>\n<td>[singlepic id=157 w=180 h=240 float=left] [singlepic id=158 w=180 h=240 float=right]<strong>Kapliczka \u015bw. Franciszka obok &quot;Rzechu&quot; w lesie Stanis\u0142awa Bartnika. <\/strong>Andrzej Bartnik &bdquo;Ko\u0142odziej&rdquo; po zakupieniu trzech morg&oacute;w pola od rodziny \u015awi\u0119toniowskich, postanowi\u0142 postawi\u0107 na granicy posesji kapliczk\u0119. W roku 1899 wybudowa\u0142 kapliczk\u0119, do kt&oacute;rej wstawi\u0142 figur\u0119 \u015bw. Franciszka, kt&oacute;r\u0105 sam wyrze\u017abi\u0142 w drewnie lipowym. Figurka zosta\u0142a skradziona w latach 60-tych XX wieku. Milicja odzyska\u0142a skradzion\u0105 figur\u0119 na terenie Sanoka i przekaza\u0142a j\u0105 do Muzeum Okr\u0119gowego w Rzeszowie.<\/p>\n<p>\t\t\t\tZdj\u0119cie po lewej stronie stara kapliczka przed remontem.<\/p>\n<p>\t\t\t\t[singlepic id=188 w=180 h=240 float=right]Kapliczka zosta\u0142a wyremontowana na polecenie ks. proboszcza W. Szulara i przez niego po\u015bwi\u0119cona w roku 1999, podczas ulewnego deszczu.<\/td>\n<\/tr>\n<tr>\n<td>\n<hr \/>\n<\/td>\n<\/tr>\n<tr>\n<td>[singlepic id=159 w=180 h=240 float=left]<strong>Kapliczka z figur\u0105 Matki Boskiej<\/strong> w ogrodzie Kie\u0142bia Stanis\u0142awa po\u015bwi\u0119cona przez ks. Krzysztofa Mas\u0142yka.<\/td>\n<\/tr>\n<tr>\n<td>\n<hr \/>\n<\/td>\n<\/tr>\n<tr>\n<td>[singlepic id=160 w=180 h=240 float=left]<strong>Kapliczka ta znajduje si\u0119 obok Szko\u0142y Podstawowej Nr 2 w Budach \u0141a\u0144cuckich<\/strong> (prawa strona Wis\u0142oka). Zosta\u0142a zbudowana w po\u0142owie XIX wieku ze sk\u0142adek ludzi mieszkaj\u0105cych w pobli\u017cu. Od momentu wybudowania kapliczki w wieczory majowe odmawiano r&oacute;\u017caniec i modlono si\u0119 w r&oacute;\u017cnych intencjach, gdy\u017c do ko\u015bcio\u0142a parafialnego w Nowosielcach by\u0142o ok. 10 km.<\/td>\n<\/tr>\n<tr>\n<td>\n<hr \/>\n<\/td>\n<\/tr>\n<tr>\n<td>[singlepic id=161 w=180 h=240 float=left] [singlepic id=162 w=180 h=240 float=right]<strong>Kapliczka naprzeciw szko\u0142y w Korniaktowie P&oacute;\u0142nocnym.<\/strong> W latach osiemdziesi\u0105tych XIX wieku \u017byd Magenheim chcia\u0142 w Korniaktowie zbudowa\u0107 karczm\u0119. Przeciwko tej budowie wyst\u0105pi\u0142 w&oacute;jt oraz spo\u0142eczno\u015b\u0107 miejscowa i dlatego nie dosta\u0142 w \u0141a\u0144cucie pozwolenia na wyszynk w&oacute;dek. Jako wotum w miejscu planowanej karczmy postawiono kapliczk\u0119, kt&oacute;r\u0105 nast\u0119pnie zamieniono na krzy\u017c. Metalowy wizerunek w stoj\u0105cym krzy\u017cu pochodzi z pierwszej kapliczki.<\/td>\n<\/tr>\n<tr>\n<td>\n<hr \/>\n<\/td>\n<\/tr>\n<tr>\n<td>[singlepic id=163 w=180 h=240 float=left] <strong>Krzy\u017c w Budach \u0141a\u0144cuckich (lewa) na obszarach.<\/strong> W po\u0142owie XIX wieku Andrzej Bartnik &bdquo;Ko\u0142odziej&rdquo; po \u015bmierci pierwszej \u017cony wyrze\u017abi\u0142 Chrystusa Ukrzy\u017cowanego i wraz z krzy\u017cem drewnianym ustawi\u0142 go na \u015brodku obszar&oacute;w dworskich, przy drodze z &bdquo;Pelcowego brodu&rdquo; do wsi. W roku 1982 Jan Bosak ufunkowa\u0142 nowy metalowy krzy\u017c wraz z ogrodzeniem.<\/td>\n<\/tr>\n<tr>\n<td>\n<hr \/>\n<\/td>\n<\/tr>\n<tr>\n<td>[singlepic id=164 w=180 h=240 float=left] <strong>Figura w Korniaktowie P&oacute;\u0142nocnym naprzeciw Stafieja.<\/strong> Figura Naj\u015bwi\u0119tszego Serca Pan Jezusa postawiona jako wotum rodziny Stafiej&oacute;w. Na cokole znajduje si\u0119 napis: &bdquo;Na wieczn\u0105 chwa\u0142\u0119 Boga Wszechmocnego ufundowa\u0142 Jan Stafiej w Korniaktowie w roku 1929&rdquo;.<\/td>\n<\/tr>\n<tr>\n<td>\n<hr \/>\n<\/td>\n<\/tr>\n<tr>\n<td>[singlepic id=165 w=180 h=240 float=left]<strong>Kapliczka w Korniaktowie P&oacute;\u0142nocnym ko\u0142o Kubis&oacute;w (przed stawami).<\/strong> Kapliczka pod stawami. Zbudowana po Powstaniu Styczniowym oko\u0142o roku 1865, jako wotum za uratowanie \u017cycia. Wyremontowana w roku 2002 ze \u015brodk&oacute;w rady so\u0142eckiej.<\/td>\n<\/tr>\n<tr>\n<td>\n<hr \/>\n<\/td>\n<\/tr>\n<tr>\n<td>[singlepic id=166 w=180 h=240 float=left]<strong>Krzy\u017c &bdquo;pod lip\u0105&rdquo; stoi na pograniczu Korniaktowa i Bia\u0142obrzeg&oacute;w<\/strong>. Postawi\u0142 go Jan Bosak w roku 1918 po \u015bmierci swojego syna Kajetana. Kajetan zgin\u0105\u0142 podczas I wojny \u015bwiatowej w okolicach Kra\u015bnika. Krzy\u017c by\u0142 drewniany. Dziesi\u0119\u0107 lat temu Stanis\u0142aw Markowicz wykona\u0142 krzy\u017c metalowy, kt&oacute;ry po\u015bwi\u0119ci\u0142 uroczy\u015bcie ks. proboszcz W\u0142adys\u0142aw Szular.<\/td>\n<\/tr>\n<tr>\n<td>\n<hr \/>\n<\/td>\n<\/tr>\n<tr>\n<td>[singlepic id=167 w=180 h=240 float=left]<strong>Kapliczka na granicy Korniakt&oacute;w &ndash; Bia\u0142obrzegi. <\/strong>Do najbli\u017cszego ko\u015bcio\u0142a by\u0142o 10 km. Postanowiono wi\u0119c zbudowa\u0107 kapliczk\u0119, aby mo\u017cna by\u0142o &bdquo;\u015bpiewa\u0107 maj&oacute;wki&rdquo;. Kapliczk\u0119 zbudowano w roku 1913 wstawiaj\u0105c do niej figur\u0119 Jezusa, kt&oacute;r\u0105 wyrze\u017abi\u0142 Jan Klin z Grodziska Dolnego. W latach siedemdziesi\u0105tych figura zosta\u0142a skradziona. Odnaleziono j\u0105 ko\u0142o Sanoka ukryt\u0105 w stodole. Po odnowieniu zosta\u0142a wstawiona do kapliczki, przy kt&oacute;rej co roku \u015bpiewa si\u0119 &bdquo;maj&oacute;wki&rdquo;.<\/td>\n<\/tr>\n<tr>\n<td>\n<hr \/>\n<\/td>\n<\/tr>\n<tr>\n<td>[singlepic id=168 w=180 h=240 float=left]<strong>Droga Krzy\u017cowa w lesie<\/strong> ufundowana i ustawiona przez pokutnika, jako wotum za pope\u0142nione ci\u0119\u017ckie grzechy. Napis przy stacji pierwszej Drogi Krzy\u017cowej wyja\u015bnia, \u017ce jest to wotum za zabijane dzieci nienarodzonych. Droga Krzy\u017cowa zosta\u0142a ustawiona w nocy na wiosn\u0119 1982 roku.<\/td>\n<\/tr>\n<tr>\n<td>\n<hr \/>\n<\/td>\n<\/tr>\n<tr>\n<td>[singlepic id=169 w=180 h=240 float=left]<strong>Kapliczka w Korniaktowie P&oacute;\u0142nocnym na Mikulicach ko\u0142o Ko\u0142cza.<\/strong> W ko\u0144cu XVIII wieku z polecenia ks. Lubomirskich na teren Korniaktowa zosta\u0142o przesiedlonych kilka rodzin z Mikulic przeworskich w celu obrabiania gospodarki le\u015bnej podleg\u0142ej Dyrekcji Las&oacute;w&nbsp; w Zmys\u0142&oacute;wce. Rodziny te postanowi\u0142y postawi\u0107 obok gaj&oacute;wki &bdquo;Mikulice&rdquo; drewnian\u0105 kapliczk\u0119, aby przy niej si\u0119 modli\u0107, gdy\u017c do ko\u015bcio\u0142a w \u017bo\u0142yni by\u0142o ok. 11 km. W kapliczce umieszczono drewnian\u0105 figur\u0119 i krzy\u017c wyrze\u017abione przez Bartnika Andrzeja &bdquo;Ko\u0142odzieja&rdquo; z Bud \u0141a\u0144cuckich. W latach pi\u0119\u0107dziesi\u0105tych XX wieku, W\u0142adys\u0142aw Cebulak wybudowa\u0142 kapliczk\u0119 murowan\u0105 wstawiaj\u0105c do niej rze\u017aby z kapliczki drewnianej.<\/td>\n<\/tr>\n<tr>\n<td>\n<hr \/>\n<\/td>\n<\/tr>\n<tr>\n<td>[singlepic id=170 w=180 h=240 float=left]<strong>Krzy\u017c w lesie na &quot;Ksi\u0119\u017cej G&oacute;rze&quot;.<\/strong> W dniu 26 czerwca 1994 w ko\u015bciele w Budach \u0141a\u0144cuckich odby\u0142y si\u0119 uroczysto\u015bci upami\u0119tniaj\u0105ce akcj\u0119 AK pod kryptonimem &bdquo;Burza&rdquo;. W drugiej cz\u0119\u015bci uroczysto\u015bci ksi\u0105dz pra\u0142at Franciszek Wo\u015b, by\u0142y kapelan AK, przy wsp&oacute;\u0142udziale ksi\u0119dza pra\u0142ata Stefana Pelca, o. Bogus\u0142awa i ksi\u0119dza kanonika W\u0142adys\u0142awa Szulara &ndash; po\u015bwi\u0119ci\u0142 na &bdquo;Ksi\u0119\u017cej G&oacute;rze&rdquo; krzy\u017c, na kt&oacute;rym znajduje si\u0119 napis: &bdquo;W tym miejscu 20 maja 1944 zosta\u0142a odprawiona polowa Msza \u015bwi\u0119ta w intencji zgrupowania oddzia\u0142u partyzanckiego AK Obwodu \u0141a\u0144cut przed wymarszem na akcj\u0119 bojow\u0105&rdquo;.<\/td>\n<\/tr>\n<tr>\n<td>\n<hr \/>\n<\/td>\n<\/tr>\n<tr>\n<td>[singlepic id=171 w=180 h=240 float=left]<strong>Kapliczka w Korniaktowie obok W\u0142adys\u0142awa \u015awizdora.<\/strong> W roku 1991 w miejscu rozlatuj\u0105cej si\u0119 kapliczki postawiono now\u0105. Helena Machniak zleci\u0142a Dariuszowi Gamracemu wykonanie nowej figurki Chrystusa Frasobliwego, kt&oacute;r\u0105 wstawiono do kapliczki w roku 1992. W roku tym w dzie\u0144 Bo\u017cego Cia\u0142a zosta\u0142 obok kapliczki ustawiony o\u0142tarz. Podczas modlitwy figurka zosta\u0142a po\u015bwi\u0119cona przez ksi\u0119dza proboszcza W\u0142adys\u0142awa Szulara.<\/td>\n<\/tr>\n<tr>\n<td>\n<hr \/>\n<\/td>\n<\/tr>\n<tr>\n<td>[singlepic id=172 w=180 h=240 float=left]<strong>Figura przed ko\u015bcio\u0142em.<\/strong> W roku 1994 na placu przed ko\u015bcio\u0142em zosta\u0142a postawiona figura Matki Bo\u017cej Niepokalanej. W pierwsz\u0105 sobot\u0119 czerwca, po nabo\u017ce\u0144stwie, figura zosta\u0142a po\u015bwi\u0119cona przez ksi\u0119dza proboszcza W\u0142adys\u0142awa Szulara.<\/td>\n<\/tr>\n<tr>\n<td>\n<hr \/>\n<\/td>\n<\/tr>\n<tr>\n<td>[singlepic id=173 w=180 h=240 float=left]<strong>&bdquo;Krzy\u017c pod lipami&rdquo;<\/strong> znajduje si\u0119 200 m od ko\u015bcio\u0142a przy drodze w kierunku &bdquo;Kmieci&rdquo;. Postawiony zosta\u0142 jako wotum rodziny Cebul&oacute;w &ndash; w\u0142a\u015bcicieli gruntu na kt&oacute;rym stoi krzy\u017c.<\/td>\n<\/tr>\n<tr>\n<td>\n<hr \/>\n<\/td>\n<\/tr>\n<tr>\n<td>[singlepic id=174 w=180 h=240 float=left]<strong>Krzy\u017c ten stoi przy drodze od ko\u015bcio\u0142a w stron\u0119 wsi Opaleniska<\/strong>, tu\u017c za pierwsz\u0105 cz\u0119\u015bci\u0105 wysokiego lasu. Dawniej obok krzy\u017ca by\u0142y zabudowania Wojciecha Macha. Po \u015bmierci wdowy po Wojciechu, dom zosta\u0142 rozebrany. Pozosta\u0142 tylko krzy\u017c drewniany postawiony przez Wojciecha Macha, kt&oacute;ry by\u0142 w\u0142a\u015bcicielem znajduj\u0105cego si\u0119 tam lasu. Krzy\u017c zosta\u0142 ustawiony w intencji syna, kt&oacute;ry przeni&oacute;s\u0142 si\u0119 w rejon Podhajec na zakupion\u0105 gospodark\u0119. Obecny krzy\u017c jest metalowy postawiony pod koniec XX wieku.<\/td>\n<\/tr>\n<tr>\n<td>\n<hr \/>\n<\/td>\n<\/tr>\n<tr>\n<td>[singlepic id=175 w=180 h=240 float=left]<strong>Krzy\u017c w Budach \u0141a\u0144cuckich (lewa) na pastwisku.<\/strong> Ksi\u0105dz Stanis\u0142aw Stoja\u0142owski &ndash; inicjator ruchu ludowego w Galicji przebywa\u0142 na terenie Bud \u0141a\u0144cuckich w 1906 roku. Spotka\u0142 si\u0119 z mieszka\u0144cami i dokona\u0142 po\u015bwi\u0119cenia krzy\u017ca d\u0119bowego ofiarowanego przez Andrzeja Bartnika &bdquo;Ko\u0142odzieja&rdquo;. W roku 1983 Ochotnicza Stra\u017c Po\u017carna w Budach \u0141a\u0144cuckich zakupi\u0142a w lesie pie\u0144 d\u0119bowy, z kt&oacute;rego wykonano krzy\u017c i ustawiono go na betonowych obejmach. Krzy\u017c po\u015bwi\u0119ci\u0142 w kwietniu 1983 ksi\u0105dz proboszcz W\u0142adys\u0142aw Szular.W roku 2010 zniszczony krzy\u017c zosta\u0142 wymieniony na nowy i po\u015bwi\u0119cony przez ks. proboszcza K. Kopcia w czasie procesji w Dni Krzy\u017cowe w 2011r.<\/td>\n<\/tr>\n<tr>\n<td>\n<hr \/>\n<\/td>\n<\/tr>\n<tr>\n<td>[singlepic id=176 w=180 h=240 float=left]<strong>Krzy\u017c przy drodze na \u0106wierci &#8211; Budy \u0141a\u0144cuckie (lewa). <\/strong>Krzy\u017c drewniany z pasyjk\u0105, zosta\u0142 postawiony na pocz\u0105tku XX wieku przez rodzin\u0119 Kubis&oacute;w. W 2001 roku staraniem Rodziny Blok &#8211; Gda\u0144ski, podniszczony krzy\u017c drewniany zosta\u0142 wymieniony na metalowy. W dzie\u0144 Wniebowst\u0105pienia Pa\u0144skiego ks. Stanis\u0142aw B\u0105k &#8211; wikariusz miejscowy, uroczy\u015bcie po\u015bwi\u0119ci\u0142 obecny krzy\u017c. Obecno\u015b\u0107 krzy\u017ca po\u015br&oacute;d naszych dom&oacute;w niech b\u0119dzie \u015bwiadkiem i umocnieniem naszej wiary i zawierzenia Zbawicielowi &#8211; Jezusowi Chrystusowi.<\/td>\n<\/tr>\n<tr>\n<td>\n<hr \/>\n<\/td>\n<\/tr>\n<tr>\n<td>[singlepic id=177 w=180 h=240 float=left]<strong>Kapliczka przy drodze w kierunku &bdquo;Skapr&oacute;wki&rdquo;.<\/strong> W po\u0142owie XIX wieku rodzina Wn\u0119k&oacute;w wybudowa\u0142a murowan\u0105 kapliczk\u0119 wstawiaj\u0105c do niej figur\u0119 \u015bw. Jana Nepomucena, kt&oacute;ry by\u0142 patronem Wn\u0119ka. Figura ta zosta\u0142a w latach 60-tych skradziona. W kapliczce zosta\u0142a umieszczona figurka Dzieci\u0105tka Jezus. W 2001 roku Joanna i Stanis\u0142aw Dr\u0105\u017ckowie &#8211; s\u0105siedzi kapliczki &#8211; ufundowali figur\u0119 \u015bw. Jana Nepomucena, kt&oacute;r\u0105 wyrze\u017abi\u0142 w drewnie lipowym p. Dariusz Gamracy, miejscowy artysta rze\u017abiarz. W 2001 r. figurka \u015bw. Jana Nepomucena zosta\u0142a po\u015bwi\u0119cona w czasie Mszy \u015bw. sprawowanej obok kapliczki a po Mszy \u015bw. ks. proboszcz W\u0142adys\u0142\u0105w Szular i ofiarodawcy umie\u015bcili j\u0105 w kapliczce.<\/td>\n<\/tr>\n<tr>\n<td>\n<hr \/>\n<\/td>\n<\/tr>\n<tr>\n<td>[singlepic id=178 w=180 h=240 float=left]<strong>Krzy\u017c przed domem Katarzyny Ko\u0144.<\/strong> Krzy\u017c drewniany postawiony zosta\u0142 w ko\u0144cu XIX wieku przez rodzin\u0119 Korzystk&oacute;w. Krzy\u017c metalowy wraz z ogrodzeniem zosta\u0142 ustawiony na pocz\u0105tku lat 70-tych XX wieku.<\/td>\n<\/tr>\n<tr>\n<td>\n<hr \/>\n<\/td>\n<\/tr>\n<tr>\n<td>[singlepic id=179 w=180 h=240 float=left]<strong>Krzy\u017c k\/Toni w lesie przy drodze w kierunku Opalenisk.<\/strong> Krzy\u017c drewniany, kt&oacute;ry zosta\u0142 zast\u0105piony krzy\u017cem obecnym, zosta\u0142 postawiony z polecenia Dyrektora Las&oacute;w w Zmys\u0142&oacute;wce Pana Zwoli\u0144skiego. Obok krzy\u017ca my\u015bliwi w dniu \u015bw. Huberta modlili si\u0119 przed rozpocz\u0119ciem \u0142ow&oacute;w.<\/td>\n<\/tr>\n<tr>\n<td>\n<hr \/>\n<\/td>\n<\/tr>\n<tr>\n<td>[singlepic id=180 w=180 h=240 float=left]<strong>&bdquo;Bia\u0142y Krzy\u017c&rdquo; w lesie za Rudzie\u0144cem &ndash; Budy \u0141a\u0144cuckie (lewa).<\/strong> Wiele lat temu w tym miejscu by\u0142a ma\u0142a sadzawka, w kt&oacute;rej bi\u0142o \u017ar&oacute;d\u0142o. Ma\u0142a dziewczynka z rodziny Lej&oacute;w utopi\u0142a si\u0119 w tym stawku. Sadzawk\u0119 zasypano i postawiono bia\u0142y krzy\u017c. Mimo, \u017ce jest to ju\u017c kt&oacute;ry\u015b z kolei, tradycja ka\u017ce malowa\u0107 go na bia\u0142o.<\/td>\n<\/tr>\n<tr>\n<td>\n<hr \/>\n<\/td>\n<\/tr>\n<tr>\n<td>[singlepic id=181 w=180 h=240 float=left]<strong>Krzy\u017c przy drodze z ko\u015bcio\u0142a do mostu<\/strong>, ustawiony przez Jana Stafieja w 1981 roku w miejscu starego drewnianego, ustawionego w 1920 roku przez Wojciecha Stafieja.<\/td>\n<\/tr>\n<tr>\n<td>\n<hr \/>\n<\/td>\n<\/tr>\n<tr>\n<td>[singlepic id=182 w=180 h=240 float=left]<strong>Krzy\u017c &bdquo;Pod G&oacute;r\u0105&rdquo; w Budach \u0141a\u0144cuckich (lewa).<\/strong> W roku 1921 zosta\u0142 po\u015bwi\u0119cony ko\u015bci&oacute;\u0142 w Budach \u0141a\u0144cuckich. Z tej okazji gajowy w lasach Potockiego Jakub Ko\u0144 ustawi\u0142 &bdquo;Pod G&oacute;r\u0105&rdquo; d\u0119bowy krzy\u017c. W latach siedemdziesi\u0105tych w miejscu krzy\u017ca drewnianego ustawiono metalowy.<\/td>\n<\/tr>\n<tr>\n<td>\n<hr \/>\n<\/td>\n<\/tr>\n<tr>\n<td>[singlepic id=183 w=180 h=240 float=left]<strong>Krzy\u017c przy drodze do &bdquo;Miasteczka&rdquo; w Budach \u0141a\u0144cuckich (prawa).<\/strong> Obecny krzy\u017c stoi w miejscu krzy\u017ca drewnianego ustawionego na pocz\u0105tku XX wieku przez Jana Macha.<\/td>\n<\/tr>\n<tr>\n<td>\n<hr \/>\n<\/td>\n<\/tr>\n<tr>\n<td>[singlepic id=184 w=180 h=240 float=left]<strong>Kapliczka znajduje si\u0119 na granicy Bud \u0141a\u0144cuckich (prawa) i Korniaktowa.<\/strong> Zosta\u0142a wybudowana po Powstaniu Styczniowym przez Lorenc&oacute;w, kt&oacute;rych syn nie powr&oacute;ci\u0142 z powstania. Obok kapliczki przez d\u0142ugie lata mieszka\u0144cy Bud i Korniaktowa \u015bpiewali &bdquo;Maj&oacute;wki&rdquo;.<\/td>\n<\/tr>\n<tr>\n<td>\n<hr \/>\n<\/td>\n<\/tr>\n<tr>\n<td>[singlepic id=185 w=180 h=240 float=left]<strong>Kapliczka z figur\u0105 Matki Boskiej w ogrodzie Juliana Sier\u017c\u0119gi (Korniakt&oacute;w P&oacute;\u0142nocny)<\/strong> po\u015bwi\u0119cona przez ks. Krzysztofa Pietrasza.<\/td>\n<\/tr>\n<tr>\n<td>\n<hr \/>\n<\/td>\n<\/tr>\n<tr>\n<td>[singlepic id=186 w=180 h=240 float=left]<strong>Kapliczka Matki Boskiej na skrzy\u017cowaniu w Korniaktowie P&oacute;\u0142nocnym.<\/strong> Wotum rodziny Jarosz&oacute;w. Po\u015bwi\u0119cona w roku 1992 przez ksi\u0119dza proboszcza W\u0142adys\u0142awa Szulara.<\/td>\n<\/tr>\n<tr>\n<td>\n<hr \/>\n<\/td>\n<\/tr>\n<tr>\n<td>[singlepic id=187 w=180 h=240 float=left]<strong>Kapliczka w Budach \u0141a\u0144cuckich (lewa) za rondem<\/strong> wybudowana w 2003 roku, na pami\u0105tk\u0119 nawiedzenia parafii przez Matk\u0119 Bo\u017c\u0105 w Ikonie Jasnog&oacute;rskiego Obrazu. Obecno\u015b\u0107 Jezusa Mi\u0142osiernego i Matki Bo\u017cej Jasnog&oacute;rskiej w naszej parafii, o czym zapewnia&nbsp; wspomniana kapliczka, niech b\u0119dzie dla nas zach\u0119t\u0105 do korzystania z dar&oacute;w Bo\u017cych, kt&oacute;rych Jezus przez r\u0119ce Maryi pragnie nam udziela\u0107.<\/td>\n<\/tr>\n<tr>\n<td>\n<hr \/>\n<\/td>\n<\/tr>\n<\/tbody>\n<\/table>\n","protected":false},"excerpt":{"rendered":"<p>[singlepic id=155 w=180 h=240 float=left]Kapliczka w lesie. W roku 1868 wybuch\u0142a w Galicji epidemia cholery. Organizmy najsilniejsze przetrwa\u0142y chorob\u0119. S\u0142absi za\u015b masowo umierali. Ozdrowie\u0144cy tworzyli ekipy, kt&oacute;re zajmowa\u0142y si\u0119 opiek\u0105 &hellip; <a href=\"https:\/\/budy.przemyska.pl\/index.php\/o-parafii-2\/kapliczki-i-krzyze-naszej-parafii\/\" class=\"more-link\">Czytaj dalej <span class=\"screen-reader-text\">Kapliczki i krzy\u017ce naszej parafii<\/span> <span class=\"meta-nav\">&rarr;<\/span><\/a><\/p>\n","protected":false},"author":1,"featured_media":0,"parent":55,"menu_order":3,"comment_status":"closed","ping_status":"closed","template":"","meta":{"footnotes":""},"class_list":["post-482","page","type-page","status-publish","hentry"],"_links":{"self":[{"href":"https:\/\/budy.przemyska.pl\/index.php\/wp-json\/wp\/v2\/pages\/482","targetHints":{"allow":["GET"]}}],"collection":[{"href":"https:\/\/budy.przemyska.pl\/index.php\/wp-json\/wp\/v2\/pages"}],"about":[{"href":"https:\/\/budy.przemyska.pl\/index.php\/wp-json\/wp\/v2\/types\/page"}],"author":[{"embeddable":true,"href":"https:\/\/budy.przemyska.pl\/index.php\/wp-json\/wp\/v2\/users\/1"}],"replies":[{"embeddable":true,"href":"https:\/\/budy.przemyska.pl\/index.php\/wp-json\/wp\/v2\/comments?post=482"}],"version-history":[{"count":0,"href":"https:\/\/budy.przemyska.pl\/index.php\/wp-json\/wp\/v2\/pages\/482\/revisions"}],"up":[{"embeddable":true,"href":"https:\/\/budy.przemyska.pl\/index.php\/wp-json\/wp\/v2\/pages\/55"}],"wp:attachment":[{"href":"https:\/\/budy.przemyska.pl\/index.php\/wp-json\/wp\/v2\/media?parent=482"}],"curies":[{"name":"wp","href":"https:\/\/api.w.org\/{rel}","templated":true}]}}