{"id":462,"date":"2011-12-30T01:21:45","date_gmt":"2011-12-30T00:21:45","guid":{"rendered":"http:\/\/www.budylancuckie.przemyska.pl\/?page_id=462"},"modified":"2011-12-30T01:21:45","modified_gmt":"2011-12-30T00:21:45","slug":"sluzba-koscielna","status":"publish","type":"page","link":"https:\/\/budy.przemyska.pl\/index.php\/o-parafii-2\/kaplani-siostry-zakonne-katechetki-sluzba-koscielna\/sluzba-koscielna\/","title":{"rendered":"S\u0142u\u017cba ko\u015bcielna"},"content":{"rendered":"<p>&nbsp;<\/p>\n<table align=\"center\" border=\"0\" cellpadding=\"20\" cellspacing=\"20\" style=\"width: 100%;\">\n<tbody>\n<tr>\n<td align=\"center\" valign=\"top\">[singlepic id=131 w=100 h=109 float=none]<\/td>\n<td style=\"text-align: justify;\"><strong>Organista: <\/strong>Jan Kostka<\/td>\n<\/tr>\n<tr>\n<td colspan=\"2\">\n<hr \/>\n<\/td>\n<td style=\"text-align: justify;\">&nbsp;<\/td>\n<\/tr>\n<tr>\n<td align=\"center\" valign=\"top\">[singlepic id=130 w=100 h=109 float=none]<\/td>\n<td style=\"text-align: justify;\">\n<p><strong>Ko\u015bcielny: <\/strong>Janusz Bartnik<\/p>\n<\/td>\n<\/tr>\n<\/tbody>\n<\/table>\n<p>&nbsp;<\/p>\n<table align=\"center\" border=\"0\" cellpadding=\"20\" cellspacing=\"20\" style=\"width: 100%;\"><\/table>\n","protected":false},"excerpt":{"rendered":"<p>&nbsp; [singlepic id=131 w=100 h=109 float=none] Organista: Jan Kostka &nbsp; [singlepic id=130 w=100 h=109 float=none] Ko\u015bcielny: Janusz Bartnik &nbsp;<\/p>\n","protected":false},"author":1,"featured_media":0,"parent":438,"menu_order":5,"comment_status":"closed","ping_status":"closed","template":"","meta":{"footnotes":""},"class_list":["post-462","page","type-page","status-publish","hentry"],"_links":{"self":[{"href":"https:\/\/budy.przemyska.pl\/index.php\/wp-json\/wp\/v2\/pages\/462","targetHints":{"allow":["GET"]}}],"collection":[{"href":"https:\/\/budy.przemyska.pl\/index.php\/wp-json\/wp\/v2\/pages"}],"about":[{"href":"https:\/\/budy.przemyska.pl\/index.php\/wp-json\/wp\/v2\/types\/page"}],"author":[{"embeddable":true,"href":"https:\/\/budy.przemyska.pl\/index.php\/wp-json\/wp\/v2\/users\/1"}],"replies":[{"embeddable":true,"href":"https:\/\/budy.przemyska.pl\/index.php\/wp-json\/wp\/v2\/comments?post=462"}],"version-history":[{"count":0,"href":"https:\/\/budy.przemyska.pl\/index.php\/wp-json\/wp\/v2\/pages\/462\/revisions"}],"up":[{"embeddable":true,"href":"https:\/\/budy.przemyska.pl\/index.php\/wp-json\/wp\/v2\/pages\/438"}],"wp:attachment":[{"href":"https:\/\/budy.przemyska.pl\/index.php\/wp-json\/wp\/v2\/media?parent=462"}],"curies":[{"name":"wp","href":"https:\/\/api.w.org\/{rel}","templated":true}]}}