{"id":455,"date":"2011-12-30T01:15:52","date_gmt":"2011-12-30T00:15:52","guid":{"rendered":"http:\/\/www.budylancuckie.przemyska.pl\/?page_id=455"},"modified":"2011-12-30T01:15:52","modified_gmt":"2011-12-30T00:15:52","slug":"katechetki","status":"publish","type":"page","link":"https:\/\/budy.przemyska.pl\/index.php\/o-parafii-2\/kaplani-siostry-zakonne-katechetki-sluzba-koscielna\/katechetki\/","title":{"rendered":"Katechetki"},"content":{"rendered":"<p>&nbsp;<\/p>\n<table style=\"width: 100%;\" border=\"0\" cellspacing=\"20\" cellpadding=\"20\" align=\"center\">\n<tbody>\n<tr>\n<td align=\"center\" valign=\"top\">[singlepic id=129 w=90 h=109 float=none]<\/td>\n<td style=\"text-align: justify;\"><strong>Zofia Dzier\u017canowska<\/strong><\/td>\n<\/tr>\n<tr>\n<td colspan=\"2\">\n<hr \/>\n<\/td>\n<td style=\"text-align: justify;\"><\/td>\n<\/tr>\n<tr>\n<td align=\"center\" valign=\"top\">[singlepic id=128 w=90 h=109 float=none]<\/td>\n<td style=\"text-align: justify;\"><strong>El\u017cbieta Miara<\/strong>, ur. 25.08.1974r. Katechetka w Budach \u0141a\u0144cuckich od 1995 r.<\/td>\n<\/tr>\n<\/tbody>\n<\/table>\n<p>&nbsp;<\/p>\n","protected":false},"excerpt":{"rendered":"<p>&nbsp; [singlepic id=129 w=90 h=109 float=none] Zofia Dzier\u017canowska [singlepic id=128 w=90 h=109 float=none] El\u017cbieta Miara, ur. 25.08.1974r. Katechetka w Budach \u0141a\u0144cuckich od 1995 r. &nbsp;<\/p>\n","protected":false},"author":1,"featured_media":0,"parent":438,"menu_order":4,"comment_status":"closed","ping_status":"closed","template":"","meta":{"footnotes":""},"class_list":["post-455","page","type-page","status-publish","hentry"],"_links":{"self":[{"href":"https:\/\/budy.przemyska.pl\/index.php\/wp-json\/wp\/v2\/pages\/455","targetHints":{"allow":["GET"]}}],"collection":[{"href":"https:\/\/budy.przemyska.pl\/index.php\/wp-json\/wp\/v2\/pages"}],"about":[{"href":"https:\/\/budy.przemyska.pl\/index.php\/wp-json\/wp\/v2\/types\/page"}],"author":[{"embeddable":true,"href":"https:\/\/budy.przemyska.pl\/index.php\/wp-json\/wp\/v2\/users\/1"}],"replies":[{"embeddable":true,"href":"https:\/\/budy.przemyska.pl\/index.php\/wp-json\/wp\/v2\/comments?post=455"}],"version-history":[{"count":0,"href":"https:\/\/budy.przemyska.pl\/index.php\/wp-json\/wp\/v2\/pages\/455\/revisions"}],"up":[{"embeddable":true,"href":"https:\/\/budy.przemyska.pl\/index.php\/wp-json\/wp\/v2\/pages\/438"}],"wp:attachment":[{"href":"https:\/\/budy.przemyska.pl\/index.php\/wp-json\/wp\/v2\/media?parent=455"}],"curies":[{"name":"wp","href":"https:\/\/api.w.org\/{rel}","templated":true}]}}