{"id":449,"date":"2011-12-30T01:08:49","date_gmt":"2011-12-30T00:08:49","guid":{"rendered":"http:\/\/www.budylancuckie.przemyska.pl\/?page_id=449"},"modified":"2011-12-30T01:08:49","modified_gmt":"2011-12-30T00:08:49","slug":"siostry-zakonne-pochodzace-z-parafii","status":"publish","type":"page","link":"https:\/\/budy.przemyska.pl\/index.php\/o-parafii-2\/kaplani-siostry-zakonne-katechetki-sluzba-koscielna\/siostry-zakonne-pochodzace-z-parafii\/","title":{"rendered":"Siostry zakonne pochodz\u0105ce z parafii"},"content":{"rendered":"<p>&nbsp;<\/p>\n<table align=\"center\" border=\"0\" cellpadding=\"20\" cellspacing=\"20\" style=\"width: 100%;\">\n<tbody>\n<tr>\n<td align=\"center\" valign=\"top\">[singlepic id=125 w=90 h=109 float=none]<\/td>\n<td style=\"text-align: justify;\"><strong>S. Makaria<\/strong> (Cecylia Cebula) &ndash; albertynka; Warszawa<\/td>\n<\/tr>\n<tr>\n<td colspan=\"2\">\n<hr \/>\n<\/td>\n<td style=\"text-align: justify;\">&nbsp;<\/td>\n<\/tr>\n<tr>\n<td align=\"center\" valign=\"top\">[singlepic id=122 w=90 h=109 float=none]<\/td>\n<td style=\"text-align: justify;\">\n<p><strong>S. Annutiata<\/strong> (W\u0142adys\u0142awa Kie\u0142bicka) &ndash; marianka &#8211; Wroc\u0142aw.<\/p>\n<\/td>\n<\/tr>\n<tr>\n<td colspan=\"2\">\n<hr \/>\n<\/td>\n<td style=\"text-align: justify;\">&nbsp;<\/td>\n<\/tr>\n<tr>\n<td align=\"center\" valign=\"top\">[singlepic id=123 w=90 h=109 float=none]<\/td>\n<td style=\"text-align: justify;\"><strong>S. Augustyna<\/strong> (Czes\u0142awa Marek) &ndash; s\u0142u\u017cebniczka Starowiejska;<br \/>\n\t\t\t\tStara Wie\u015b<\/td>\n<\/tr>\n<tr>\n<td colspan=\"2\">\n<hr \/>\n<\/td>\n<td style=\"text-align: justify;\">&nbsp;<\/td>\n<\/tr>\n<tr>\n<td align=\"center\" valign=\"top\">[singlepic id=127 w=90 h=109 float=none]<\/td>\n<td style=\"text-align: justify;\"><strong>S. Saturnina<\/strong> (Teresa Czyrek) &ndash; sercanka; Korczyna<\/td>\n<\/tr>\n<tr>\n<td colspan=\"2\">\n<hr \/>\n<\/td>\n<\/tr>\n<tr>\n<td align=\"center\" valign=\"top\">[singlepic id=126 w=90 h=109 float=none]<\/td>\n<td style=\"text-align: justify;\">\n<p><strong>S. Noemi<\/strong> (Anna Gw&oacute;\u017ad\u017a) &ndash; dominikanka; Kanada<\/p>\n<\/td>\n<\/tr>\n<tr>\n<td colspan=\"2\">\n<hr \/>\n<\/td>\n<\/tr>\n<tr>\n<td align=\"center\" valign=\"top\">[singlepic id=124 w=90 h=109 float=none]<\/td>\n<td style=\"text-align: justify;\">\n<p><strong>S. Halina<\/strong> &#8211; (Agata Szostek ur. 1976 r.) &#8211; Zgromadzenie Si&oacute;str Kanoniczek Ducha \u015awi\u0119tego &#8211; &quot;DUCHACZKI&quot; (CSS). Z\u0142o\u017cy\u0142a \u015bluby wieczyste 15 sierpnia 2003 r. w Krakowie.<br \/>\n\t\t\t\t\t&nbsp;<\/p>\n<\/td>\n<\/tr>\n<tr>\n<td colspan=\"2\">\n<hr \/>\n<\/td>\n<\/tr>\n<tr>\n<td align=\"center\" valign=\"top\">[singlepic id=121 w=90 h=109 float=none]<\/td>\n<td style=\"text-align: justify;\">\n<p><strong>S. Amelia \u015awizdor<\/strong> &#8211; felicianka. Pierwsze \u015bluby zakonne u si&oacute;str Felicjanek 2 sierpie\u0144 2004 r.<\/p>\n<\/td>\n<\/tr>\n<\/tbody>\n<\/table>\n<p>&nbsp;<\/p>\n<table align=\"center\" border=\"0\" cellpadding=\"20\" cellspacing=\"20\" style=\"width: 100%;\"><\/table>\n","protected":false},"excerpt":{"rendered":"<p>&nbsp; [singlepic id=125 w=90 h=109 float=none] S. Makaria (Cecylia Cebula) &ndash; albertynka; Warszawa &nbsp; [singlepic id=122 w=90 h=109 float=none] S. Annutiata (W\u0142adys\u0142awa Kie\u0142bicka) &ndash; marianka &#8211; Wroc\u0142aw. &nbsp; [singlepic id=123 &hellip; <a href=\"https:\/\/budy.przemyska.pl\/index.php\/o-parafii-2\/kaplani-siostry-zakonne-katechetki-sluzba-koscielna\/siostry-zakonne-pochodzace-z-parafii\/\" class=\"more-link\">Czytaj dalej <span class=\"screen-reader-text\">Siostry zakonne pochodz\u0105ce z parafii<\/span> <span class=\"meta-nav\">&rarr;<\/span><\/a><\/p>\n","protected":false},"author":1,"featured_media":0,"parent":438,"menu_order":3,"comment_status":"closed","ping_status":"closed","template":"","meta":{"footnotes":""},"class_list":["post-449","page","type-page","status-publish","hentry"],"_links":{"self":[{"href":"https:\/\/budy.przemyska.pl\/index.php\/wp-json\/wp\/v2\/pages\/449","targetHints":{"allow":["GET"]}}],"collection":[{"href":"https:\/\/budy.przemyska.pl\/index.php\/wp-json\/wp\/v2\/pages"}],"about":[{"href":"https:\/\/budy.przemyska.pl\/index.php\/wp-json\/wp\/v2\/types\/page"}],"author":[{"embeddable":true,"href":"https:\/\/budy.przemyska.pl\/index.php\/wp-json\/wp\/v2\/users\/1"}],"replies":[{"embeddable":true,"href":"https:\/\/budy.przemyska.pl\/index.php\/wp-json\/wp\/v2\/comments?post=449"}],"version-history":[{"count":0,"href":"https:\/\/budy.przemyska.pl\/index.php\/wp-json\/wp\/v2\/pages\/449\/revisions"}],"up":[{"embeddable":true,"href":"https:\/\/budy.przemyska.pl\/index.php\/wp-json\/wp\/v2\/pages\/438"}],"wp:attachment":[{"href":"https:\/\/budy.przemyska.pl\/index.php\/wp-json\/wp\/v2\/media?parent=449"}],"curies":[{"name":"wp","href":"https:\/\/api.w.org\/{rel}","templated":true}]}}