{"id":412,"date":"2011-12-30T00:06:03","date_gmt":"2011-12-29T23:06:03","guid":{"rendered":"http:\/\/www.budylancuckie.przemyska.pl\/?page_id=412"},"modified":"2011-12-30T00:06:03","modified_gmt":"2011-12-29T23:06:03","slug":"wypis-z-kroniki-parafialnej","status":"publish","type":"page","link":"https:\/\/budy.przemyska.pl\/index.php\/o-parafii-2\/wypis-z-kroniki-parafialnej\/","title":{"rendered":"Wypis z kroniki parafialnej"},"content":{"rendered":"<p style=\"text-align: justify;\"><a href=\"http:\/\/www.budylancuckie.przemyska.pl\/wp-content\/media\/media\/rys_historyczny_parafii_ks_kazimierz_kopec.mp3\">Rys historyczny parafii opowiedziany przez Ksi\u0119dza Proboszcza Kazimierza Kopcia<\/a><\/p>\n<p style=\"text-align: justify;\">Ludno\u015b\u0107 zamieszkuj\u0105ca wioski wchodz\u0105ce w sk\u0142ad obecnej parafii ucz\u0119szcza\u0142a do ko\u015bcio\u0142&oacute;w w r&oacute;\u017cnych miejscowo\u015bciach:<\/p>\n<ul>\n<li style=\"text-align: justify;\">Do parafii Grodzisko Dolne nale\u017ca\u0142y Budy \u0141a\u0144cuckie (lewa) oraz cz\u0119\u015b\u0107 Zmys\u0142&oacute;wki pod Budami (oko\u0142o 35 domostw) &ndash; \u015brednia odleg\u0142o\u015b\u0107 do ko\u015bcio\u0142a 10 km.<\/li>\n<li style=\"text-align: justify;\">Cz\u0119\u015b\u0107 dom&oacute;w, przy &bdquo;Piekie\u0142ku&rdquo; nale\u017ca\u0142a do parafii&nbsp; Gniewczyna \u0141a\u0144cucka.<\/li>\n<li style=\"text-align: justify;\">Do parafii Nowosielce nale\u017ca\u0142y Budy \u0141a\u0144cuckie (prawa) &ndash; \u015brednia odleg\u0142o\u015b\u0107 7 km<\/li>\n<li style=\"text-align: justify;\">Do parafii Kosina nale\u017ca\u0142a wie\u015b Korniakt&oacute;w (lewa), kt&oacute;ra w roku 1800 nale\u017ca\u0142a do parafii \u017bo\u0142ynia?<\/li>\n<\/ul>\n<p style=\"text-align: justify;\">Pierwsze wzmianki o zamiarach utworzenia parafii Budy \u0141a\u0144cuckie pochodz\u0105 z ko\u0144ca XVIII wieku, kiedy to bp. przemyski A. Beta\u0144ski przes\u0142a\u0142 Gubernatorowi Lwowskiemu projekt utworzenia m. in. parafii w Budach \u0141a\u0144cuckich. Projekt ten nie doczeka\u0142 si\u0119 realizacji. Dopiero powo\u0142anie w roku 1920 parafii w Bia\u0142obrzegach i w 1921 w s\u0105siedniej \u015awi\u0119toniowej, do kt&oacute;rej w\u0142\u0105czono Budy \u0141a\u0144cuckie le\u017c\u0105ce po prawej stronie Wis\u0142oka, zmobilizowa\u0142o ludno\u015b\u0107 do budowy ko\u015bcio\u0142a w Budach \u0141a\u0144cuckich. Plac pod ko\u015bci&oacute;\u0142 podarowa\u0142 hr. Potocki, przeznaczaj\u0105c na ten cel 2 morgi pola z parcelowanego folwarku. Ko\u015bci&oacute;\u0142 zosta\u0142 wybudowany w miejscu, gdzie wcze\u015bniej by\u0142y zabudowania folwarczne. [singlepic id=106 w=90 h=62 float=right]Ko\u015bci&oacute;\u0142ek by\u0142 drewniany, kryty czarn\u0105 blach\u0105 o wymiarach: 27&#215;12 m i wysoko\u015bci 5 m. [singlepic id=114 w=90 h=119 float=left]W prezbiterium ustawiono o\u0142tarz, wykonany przez miejscowych stolarzy z drewna sosnowego. W o\u0142tarzu umieszczono obraz MB Szkaplerznej zakupiony u OO. Bernardyn&oacute;w w Przeworsku. Buduj\u0105c ko\u015bci&oacute;\u0142, podj\u0119to jednocze\u015bnie starania w Kurii Biskupiej o pozwolenie na otwarcie i u\u017cytkowanie \u015bwi\u0105tyni. Zabiegi te zosta\u0142y zako\u0144czone sukcesem. Ko\u015bci&oacute;\u0142 zosta\u0142 po\u015bwi\u0119cony 19 czerwca 1921 r. przez ks. dziekana Tomasza Frankiewicza, proboszcza z \u017bo\u0142yni. W niedziel\u0119 9.X.1921 r. Ks. Micha\u0142 Bednarski, dotychczasowy wikariusz z Grodziska obj\u0105\u0142 obowi\u0105zki proboszcza w Budach \u0141a\u0144cuckich.<\/p>\n<p style=\"text-align: justify;\">[singlepic id=115 w=90 h=54 float=left]Po wybudowaniu ko\u015bcio\u0142a rozpocz\u0119to budow\u0119 plebani oraz budynk&oacute;w gospodarczych, kt&oacute;re to uko\u0144czono po dw&oacute;ch latach. Dnia 7 listopada 1923 r. pierwszy proboszcz, ks. Micha\u0142 Bednarski zamieszka\u0142 w nowej plebanii. Ks. Micha\u0142 Bednarski pochodzi\u0142 z Wysokiej \u0141a\u0144cuckiej. Urodzi\u0142 si\u0119 w roku 1887, \u015bwi\u0119cenia kap\u0142a\u0144skie otrzyma\u0142 w Przemy\u015blu w roku 1919. Pierwsz\u0105 jego plac&oacute;wk\u0105 duszpastersk\u0105, by\u0142o Grodzisko Dolne, gdzie by\u0142 wikariuszem, sk\u0105d zosta\u0142 skierowany do Bud \u0141a\u0144cuckich na urz\u0105d&nbsp; ekspozyta &ndash; proboszcza. Ks. Micha\u0142 Bednarski by\u0142 proboszczem w Budach \u0141a\u0144cuckich do roku 1934. W tym\u017ce roku na w\u0142asn\u0105 pro\u015bb\u0119 zosta\u0142 przeniesiony do Krzemienicy , a rok p&oacute;\u017aniej do Nienad&oacute;wki, gdzie pozosta\u0142 do \u015bmierci. Drugim proboszczem parafii zosta\u0142 ks. Wojciech Chorz\u0119pa, rodem z Trzebuski k\/Soko\u0142owa, urodzony w 1898 roku, wy\u015bwi\u0119cony 1921, obowi\u0105zki proboszcza w Budach \u0141a\u0144cuckich obj\u0105\u0142 w styczniu 1934 r. Wraz z przybyciem nowego ksi\u0119dza od\u017cy\u0142a my\u015bl budowy nowego ko\u015bcio\u0142a. Uregulowano hipotek\u0119 i arkusze posiad\u0142o\u015bci grunt&oacute;w nale\u017c\u0105cych do parafii oraz rozpocz\u0119to gromadzenie koniecznych materia\u0142&oacute;w. W 1938 roku w pa\u017adzierniku nast\u0105pi\u0142a jednak zmiana na stanowisku proboszcza. Ks. Wojciech Chorz\u0119pa zosta\u0142 przeniesiony&nbsp; do \u015al\u0119zak&oacute;w k\/Tarnobrzega. Nowym proboszczem w Budach zosta\u0142 ks. Tadeusz Szmyd, ur. w 1906 r. w Haczowie, wy\u015bwi\u0119cony w 1932 r. w Przemy\u015blu. My\u015bl o budowie nowego ko\u015bcio\u0142a towarzyszy\u0142a nadal wszystkim parafianom. Do 1 wrze\u015bnia 1939 r. zgromadzono 250 000 sztuk ceg\u0142y oraz pewn\u0105 ilo\u015b\u0107 drewna budowlanego. W roku 1946,&nbsp; ks. Tadeusz Szmyd, proboszcz parafii od 1938 r., uzyska\u0142 zgod\u0119 Kurii Biskupiej na budow\u0119 nowego ko\u015bcio\u0142a wg projektu in\u017c. architekta Wawrzy\u0144ca Dayczaka z Jaros\u0142awia.<\/p>\n<p>\tPrace budowlane rozpocz\u0119to 20 pa\u017adziernika 1947 r. pod kierownictwem p. Karola Gduli z Le\u017cajska przy udziale ca\u0142ej parafii. Po czterech latach ko\u015bci&oacute;\u0142 zosta\u0142 wybudowany i 8 czerwca 1952 r. ks. dziekan Piotr Niedzia\u0142ek proboszcz z \u017bo\u0142ynii, przy wsp&oacute;\u0142udziale 27 kap\u0142an&oacute;w po\u015bwi\u0119ci\u0142 ko\u015bci&oacute;\u0142 w Budach \u0141a\u0144cuckich.<\/p>\n<table border=\"0\" cellpadding=\"1\" cellspacing=\"1\" style=\"width: 100%;\">\n<tbody>\n<tr>\n<td align=\"center\">[singlepic id=102 w=90 h=133 float=left] [singlepic id=103 w=90 h=133 float=left] [singlepic id=101 w=90 h=133 float=left] [singlepic id=110 w=200 h=133 float=left]<\/td>\n<\/tr>\n<tr>\n<td>\n<p><em>Pierwsze dwa zdj\u0119cia przedstawiaj\u0105 parafian w czasie budowy nowego ko\u015bcio\u0142a na zewn\u0105trz, trzecie zdj\u0119cie przedstawia uko\u0144czon\u0105 ambon\u0119, ostatnie zdj\u0119cie przedstawia stary i nowy ko\u015bci&oacute;\u0142 od po\u0142udniowego wschodu (Fot. T. Szmyd)<\/em><\/p>\n<\/td>\n<\/tr>\n<\/tbody>\n<\/table>\n<p style=\"text-align: justify;\">W lipcu 1973 roku ks. Kan. Tadeusz Szmyd przeszed\u0142 na zas\u0142u\u017con\u0105 emerytur\u0119. Decyzj\u0105 bp. ordynariusza proboszczem zosta\u0142 ks. W\u0142adys\u0142aw Szular rodem z \u015awi\u0119toniowej.<\/p>\n<p style=\"text-align: justify;\">[singlepic id=111 w=90 h=106 float=left]Wybudowany ko\u015bci&oacute;\u0142 by\u0142 pi\u0119kny i okaza\u0142y. Nale\u017ca\u0142o jednak wyposa\u017cy\u0107 ko\u015bci&oacute;\u0142 w potrzebny sprz\u0119t liturgiczny i u\u017cytkowy. W miar\u0119 up\u0142ywu czasu, okaza\u0142o si\u0119, \u017ce nie wszystko, co dotychczas wykonano jest trwa\u0142e. A mo\u017ce zabrak\u0142o konserwacji? Zmieniono przykrycie nawy g\u0142&oacute;wnej z dach&oacute;wki czerwonej &ndash; palonej &bdquo;dobrzechowskiej&rdquo; na blach\u0119 ocynkowan\u0105 (1976 r.). [singlepic id=116 w=90 h=59 float=right]Po wielu latach stara\u0144 Parafia otrzyma\u0142a zezwolenie na budow\u0119 plebanii, 100m2 powierzchni u\u017cytkowej. Wojew&oacute;dzki Urz\u0105d ds. Wyzna\u0144 (&bdquo;opiekun&rdquo; wszystkich parafii i ksi\u0119\u017cy), nie widzia\u0142 potrzeby wi\u0119kszego metra\u017cu. Trzeba by\u0142o budowa\u0107 tak, jak si\u0119 da\u0142o. Wiele prac wsp&oacute;lnym wysi\u0142kiem da\u0142o si\u0119 wykona\u0107. Plebania nowa wybudowana 1973 &ndash; 1975 r. <\/p>\n<p>\t[singlepic id=120 w=100 h=92 float=left]W 1976 r. na wie\u017cy zosta\u0142 zainstalowany zegar, wykonany przez Franciszka \u0141ani\u0119 z Grz\u0119ski &ndash; parafia \u015awi\u0119toniowa. Ciekawostk\u0105 tej konstrukcji jest samoczynne nastawianie si\u0119 zegara na dzwonienie na &bdquo;Anio\u0142 Pa\u0144ski&rdquo; zgodnie z czasem wschodu i zachodu s\u0142o\u0144ca. Pe\u0142n\u0105 konstrukcj\u0119 posiada zegar wie\u017cowy w \u015awi\u0119toniowej. Zegar jest darem Cecylii i Ignacego Lasek (parafianie). <\/p>\n<p>\t[singlepic id=108 w=90 h=130 float=right]W ko\u015bciele wszystkie okna drewniane zosta\u0142y wymienione na metalowe, tak\u017ce \u017caluzje we wie\u017cy. W latach 1977 &ndash; 78 wykonano C.O. ko\u015bcio\u0142a, a w 1979 zosta\u0142a wykonana polichromia w ko\u015bciele. Obrazy mozaikowe wewn\u0105trz i zewn\u0105trz wykona\u0142 artysta z Krakowa Pan prof. Stanis\u0142aw Jakubczyk. W tym te\u017c czasie u\u0142o\u017cono posadzk\u0119 z p\u0142ytek terakotowych.<\/p>\n<p style=\"text-align: justify;\">[singlepic id=105 w=90 h=130 float=left]Jan \u0141ania zainstalowa\u0142 nap\u0119d elektryczny (silniki liniowe) przy dzwonach i sygnaturce, kt&oacute;ra zosta\u0142a przeniesiona na wie\u017c\u0119 ko\u015bcio\u0142a. [singlepic id=112 w=90 h=130 float=left][singlepic id=107 w=90 h=130 float=right]Rok 1980 r. to czas wykonania \u0142awek, konfesjona\u0142&oacute;w i boazerii w ko\u015bciele. W tym te\u017c roku Ks. Bp Ignacy Tokarczuk po\u015bwi\u0119ci\u0142 polichromi\u0119 ko\u015bcio\u0142a. <\/p>\n<p>\tZewn\u0119trzna elewacja ko\u015bcio\u0142a by\u0142a wykonana w 1981 r. i ostatnio w 1994 r.<\/p>\n<p>\tWa\u017cnym elementem \u017cycia parafialnego jest katecheza najm\u0142odszych, dlatego w pobli\u017cu trzech szk&oacute;\u0142 wybudowano punkty katechetyczne:<\/p>\n<table border=\"0\" cellpadding=\"1\" cellspacing=\"1\" style=\"width: 100%;\">\n<tbody>\n<tr>\n<td>[singlepic id=119 w=100 h=74 float=left]<\/td>\n<td>1983 na prawej stronie,<\/td>\n<\/tr>\n<tr>\n<td>[singlepic id=117 w=100 h=74 float=left]<\/td>\n<td>1984 na lewej stronie (w 60 dni; 30.06. &#8211; 1.09). W dniu 1 wrze\u015bnia mia\u0142o miejsce po\u015bwi\u0119cenie przez Ks. Bp B\u0142aszkiewicza,<\/td>\n<\/tr>\n<tr>\n<td>[singlepic id=118 w=100 h=74 float=left]<\/td>\n<td>1987\/88 przy plebanii.<\/td>\n<\/tr>\n<\/tbody>\n<\/table>\n<p style=\"text-align: justify;\">[singlepic id=104 w=90 h=61 float=left] W mi\u0119dzyczasie (1985 &#8211; 86) przeprowadzono kapitalny remont organist&oacute;wki. Prace zewn\u0119trzne to jeszcze ogrodzenie cmentarza grzebalnego, organist&oacute;wki i plebanii.<\/p>\n<p>\t[singlepic id=109 w=90 h=61 float=right] Wa\u017cn\u0105 inwestycj\u0105 w 1993 roku, by\u0142a budowa 20&ndash;tu g\u0142osowych organ&oacute;w. Wykonawca: Firma Kurii Biskupiej w Przemy\u015blu &ndash; E. i W. Ba\u0142chan, pod opiek\u0105 Ks. prof. Mieczys\u0142awa Gniadego.<\/p>\n<p>\t[singlepic id=113 w=90 h=130 float=left] W dzie\u0144 Matki Bo\u017cej Siewnej w 1992 roku, ks. Krzysztof Rzepka, wikariusz miejscowy przywi&oacute;z\u0142 z Rzeszowa, figurk\u0119 NMP &ndash; Pani Fatimskiej, kt&oacute;r\u0105 dostarczyli dla naszej parafii z Fatimy pielgrzymi z katedry rzeszowskiej. Odt\u0105d b\u0119dzie nasz\u0105 Pani\u0105. W dniu 1 pa\u017adziernika 1992 r. wprowadzili\u015bmy Matk\u0119 Bo\u017c\u0105 w znaku fatimskim do naszej \u015bwi\u0105tyni. Po trzydniowym przygotowaniu Figurka Matki Bo\u017cej rozpocz\u0119\u0142a nawiedzanie naszych rodzin. W pierwszej kolejno\u015bci chorych, do kt&oacute;rych je\u017adzimy z Komuni\u0105 \u015bw. na pierwsze pi\u0105tki, a nast\u0119pnie pozosta\u0142e rodziny. <\/p>\n<p>\tOd tamtego czasu codziennie modlimy si\u0119 na R&oacute;\u017ca\u0144cu przed Msz\u0105 \u015bw. wieczorem, spe\u0142niaj\u0105c \u017cyczenie Pani Fatimskiej przekazane przez dzieci, kt&oacute;rym Matka Bo\u017ca powierzy\u0142a tajemnice.W ka\u017cd\u0105 pierwsz\u0105 sobot\u0119 miesi\u0105ca staramy si\u0119 przez modlitewne czuwanie, modlitw\u0119 r&oacute;\u017ca\u0144cow\u0105, przyj\u0119t\u0105 Komuni\u0119 \u015bw., wype\u0142nia\u0107 pragnienie Matki Naj\u015bwi\u0119tszej wzywaj\u0105ce do wynagrodzenia i nawr&oacute;cenia. Ci\u0105gle cieszymy si\u0119, gdy jest wi\u0119cej ch\u0119tnych do modlitwy i pokuty. Za wszystko Bogu niech b\u0119d\u0105 dzi\u0119ki przez Niepokalane Serce NMP.<\/p>\n<p style=\"text-align: justify;\"><strong><em>Deo Gratias.<\/em><\/strong><\/p>\n","protected":false},"excerpt":{"rendered":"<p>Rys historyczny parafii opowiedziany przez Ksi\u0119dza Proboszcza Kazimierza Kopcia Ludno\u015b\u0107 zamieszkuj\u0105ca wioski wchodz\u0105ce w sk\u0142ad obecnej parafii ucz\u0119szcza\u0142a do ko\u015bcio\u0142&oacute;w w r&oacute;\u017cnych miejscowo\u015bciach: Do parafii Grodzisko Dolne nale\u017ca\u0142y Budy \u0141a\u0144cuckie &hellip; <a href=\"https:\/\/budy.przemyska.pl\/index.php\/o-parafii-2\/wypis-z-kroniki-parafialnej\/\" class=\"more-link\">Czytaj dalej <span class=\"screen-reader-text\">Wypis z kroniki parafialnej<\/span> <span class=\"meta-nav\">&rarr;<\/span><\/a><\/p>\n","protected":false},"author":1,"featured_media":0,"parent":55,"menu_order":1,"comment_status":"closed","ping_status":"closed","template":"","meta":{"footnotes":""},"class_list":["post-412","page","type-page","status-publish","hentry"],"_links":{"self":[{"href":"https:\/\/budy.przemyska.pl\/index.php\/wp-json\/wp\/v2\/pages\/412","targetHints":{"allow":["GET"]}}],"collection":[{"href":"https:\/\/budy.przemyska.pl\/index.php\/wp-json\/wp\/v2\/pages"}],"about":[{"href":"https:\/\/budy.przemyska.pl\/index.php\/wp-json\/wp\/v2\/types\/page"}],"author":[{"embeddable":true,"href":"https:\/\/budy.przemyska.pl\/index.php\/wp-json\/wp\/v2\/users\/1"}],"replies":[{"embeddable":true,"href":"https:\/\/budy.przemyska.pl\/index.php\/wp-json\/wp\/v2\/comments?post=412"}],"version-history":[{"count":0,"href":"https:\/\/budy.przemyska.pl\/index.php\/wp-json\/wp\/v2\/pages\/412\/revisions"}],"up":[{"embeddable":true,"href":"https:\/\/budy.przemyska.pl\/index.php\/wp-json\/wp\/v2\/pages\/55"}],"wp:attachment":[{"href":"https:\/\/budy.przemyska.pl\/index.php\/wp-json\/wp\/v2\/media?parent=412"}],"curies":[{"name":"wp","href":"https:\/\/api.w.org\/{rel}","templated":true}]}}