{"id":409,"date":"2011-12-29T23:51:42","date_gmt":"2011-12-29T22:51:42","guid":{"rendered":"http:\/\/www.budylancuckie.przemyska.pl\/?page_id=409"},"modified":"2011-12-29T23:51:42","modified_gmt":"2011-12-29T22:51:42","slug":"pradzieje-bud-lancuckich-i-korniaktowa","status":"publish","type":"page","link":"https:\/\/budy.przemyska.pl\/index.php\/o-parafii-2\/pradzieje-bud-lancuckich-i-korniaktowa\/","title":{"rendered":"Pradzieje Bud \u0141a\u0144cuckich i Korniaktowa"},"content":{"rendered":"<p>Wiadomo\u015bci o dziejach najstarszych winny bazowa\u0107 na \u017ar&oacute;d\u0142ach archeologicznych. Tereny te mia\u0142y szcz\u0119\u015bcie do tego rodzaju bada\u0144. Za spraw\u0105 ks. J&oacute;zefa Matuszka, kt&oacute;ry na swoim polu znalaz\u0142 uzbrojenie wojownika z IV wieku naszej ery, wyniki wykopalisk przedstawione s\u0105 na rycinach:<\/p>\n<p><strong>Urny z wykopalisk w Budach \u0141a\u0144cuckich Rys. K. Osi\u0144ski<\/p>\n<p>\t<\/strong><\/p>\n<table border=\"0\" cellpadding=\"1\" cellspacing=\"1\" style=\"width: 100%;\">\n<tbody>\n<tr>\n<td>[singlepic id=98 w=320 h=240 float=left]<\/td>\n<td>Ryc. 8 &#8211; Fragment urny (popielnicy). Urna ta wyr&oacute;\u017cnia si\u0119 z po\u015br&oacute;d innych znalezionych wielko\u015bci\u0105 i by\u0142a wype\u0142niona ko\u015b\u0107mi bia\u0142ymi oraz zwietrza\u0142ymi, koloru siwawego (niebieskiego).<br \/>\n\t\t\t\tRyc. 9 &#8211; Urna typowa z okresu wczesnohistorycznego.<br \/>\n\t\t\t\tRyc. 10 &#8211; Fragment urny, znalezionej w\u015br&oacute;d ko\u015bci rozrzuconych.<br \/>\n\t\t\t\tRyc. 11, 12 &#8211; Fragmenty, szyjek urn pot\u0142uczonych.<\/td>\n<\/tr>\n<\/tbody>\n<\/table>\n<p><strong>Przedmioty \u017celazne z wykopaliska cia\u0142opalnego Rys. W\u0142ad. Niemczy\u0144ski<\/p>\n<p>\t<\/strong><\/p>\n<table border=\"0\" cellpadding=\"1\" cellspacing=\"1\" style=\"width: 100%;\">\n<tbody>\n<tr>\n<td>[singlepic id=99 w=320 h=240 float=left]<\/td>\n<td>Ryc. 1 &#8211; Miecz rytualny dwukrotnie pogi\u0119ty.<br \/>\n\t\t\t\tRyc. 2 &#8211; Umbo od tarczy<br \/>\n\t\t\t\tRyc. 3 &#8211; Imacz tarczy<br \/>\n\t\t\t\tRyc. 4 &#8211; Grot od w\u0142&oacute;czni<br \/>\n\t\t\t\tRyc. 5 &#8211; Ostrogi<br \/>\n\t\t\t\tRyc. 6 &#8211; Ostrogi<br \/>\n\t\t\t\tRyc. 7 &#8211; No\u017cyk<\/td>\n<\/tr>\n<\/tbody>\n<\/table>\n<p><strong>Z wykopaliska cia\u0142opalnego Rys. K. Osi\u0144ski<br \/>\n\t<\/strong><\/p>\n<table border=\"0\" cellpadding=\"1\" cellspacing=\"1\" style=\"width: 100%;\">\n<tbody>\n<tr>\n<td>[singlepic id=100 w=320 h=240 float=left]<\/td>\n<td>Ryc. 1 &#8211; Miecz \u017celazny<br \/>\n\t\t\t\tRyc. 1a &#8211; Przekr&oacute;j ostrz miecza<br \/>\n\t\t\t\tRyc. 2 &#8211; Umba od tarczy<br \/>\n\t\t\t\tRyc. 2a &#8211; Nit umby<br \/>\n\t\t\t\tRyc. 3 &#8211; Imacz tarczy<br \/>\n\t\t\t\tRyc. 3a &#8211; Nit imacza<br \/>\n\t\t\t\tRyc. 4 &#8211; Grot od w\u0142&oacute;czni<br \/>\n\t\t\t\tRyc. 5 &#8211; Ostrogi<br \/>\n\t\t\t\tRyc. 6 &#8211; Ostrogi<br \/>\n\t\t\t\tRyc. 7 &#8211; No\u017cyk<\/td>\n<\/tr>\n<\/tbody>\n<\/table>\n<p>Po zbadaniu por&oacute;wnawczym wykopalisk z Bud \u0141a\u0144cuckich ustali\u0107 mo\u017cna, \u017ce pochodz\u0105 z epoki m\u0142odszego okresu cesarstwa rzymskiego tj. mi\u0119dzy 200-400 r. po Chrystusie. Wykopaliska znamionuj\u0105 kultur\u0119 late\u0144sk\u0105, w czasie kt&oacute;rej wojownik&oacute;w palono w pe\u0142nej zbroi na stosie, a nast\u0119pnie pozosta\u0142o\u015bci jak ko\u015bci, bro\u0144 i urny wrzucano do jam ca\u0142opalnych.<br \/>\n\tCzy wykopaliska z Bud \u0141a\u0144cuckich s\u0105 pozosta\u0142o\u015bci\u0105 po Gotach ze Skandynawii, czy Germanach, czy te\u017c nale\u017cy je odnie\u015b\u0107 do drugiej fali Got&oacute;w ci\u0105gn\u0105cych nad Ba\u0142tyk, czy wreszcie do wyzwalaj\u0105cych si\u0119 S\u0142owian nie da si\u0119 na razie ustali\u0107.<\/p>\n<p><strong>Po\u0142o\u017cenie Parafii, Budowa Geologiczna i Rze\u017aba Terenu<br \/>\n\t<\/strong><\/p>\n<p>[singlepic id=97 w=320 h=240 float=left]Wsp&oacute;\u0142czesny krajobraz jest wynikiem z\u0142o\u017conych warunk&oacute;w przyrodniczych, historii rozwoju osadnictwa oraz przestrzennych form organizacji \u017cycia. Obszar parafii obejmuje p&oacute;\u0142nocny skraj Pradoliny Podkarpackiej oraz fragment P\u0142askowy\u017cu Kolbuszowskiego, kt&oacute;re wchodz\u0105 w sk\u0142ad obni\u017cenia Kotliny Sandomierskiej. W sk\u0142ad parafii wchodz\u0105 wsie: Budy \u0141a\u0144cuckie P\u0142n. i cz\u0119\u015b\u0107 P\u0142d. strony Wis\u0142oka, Korniakt&oacute;w P\u0142n. oraz cz\u0119\u015b\u0107 Zmys\u0142&oacute;wki, po\u0142o\u017cona od po\u0142udniowej strony lasu, kt&oacute;ra w 1951 r. zmieni\u0142a nazw\u0119 na Budy \u0141a\u0144cuckie. Ca\u0142o\u015b\u0107 parafii za wyj\u0105tkiem p&oacute;\u0142nocnej cz\u0119\u015bci Korniaktowa i Bud \u0141a\u0144cuckich le\u017cy w obr\u0119bie rozleg\u0142ej doliny Wis\u0142oka. Liczne starorzecza \u015bwiadcz\u0105 o cz\u0119stych zmianach koryta i wielowiekowych zmaganiach si\u0119 ludno\u015bci z powodziami.<br \/>\n\tObszar parafii le\u017cy w obr\u0119bie Zapadliska Przedkarpackiego. Forma ukszta\u0142towania terenu zosta\u0142a wykorzystana przez Wis\u0142ok, kt&oacute;rego dolina na tym odcinku pokrywa si\u0119 z jej przebiegiem. Rynn\u0119 Podkarpack\u0105 urozmaicaj\u0105 liczne starorzecza, kt&oacute;re w okolicy Korniaktowa, Bud i \u015awi\u0119toniowej cechuje r&oacute;\u017cny stopie\u0144 zachowania i r&oacute;\u017cne rozmiary. Wskazuje to na cz\u0119ste zmiany biegu rzeki i przesuwanie si\u0119 koryta rzeki na p&oacute;\u0142noc. Ostatnia zmiana koryta rzeki na granicy Bud i \u015awi\u0119toniowej w miejscu zwanym &quot;Pelc&oacute;w br&oacute;d&quot; wyst\u0105pi\u0142a w roku 1899.<\/p>\n","protected":false},"excerpt":{"rendered":"<p>Wiadomo\u015bci o dziejach najstarszych winny bazowa\u0107 na \u017ar&oacute;d\u0142ach archeologicznych. Tereny te mia\u0142y szcz\u0119\u015bcie do tego rodzaju bada\u0144. Za spraw\u0105 ks. J&oacute;zefa Matuszka, kt&oacute;ry na swoim polu znalaz\u0142 uzbrojenie wojownika z &hellip; <a href=\"https:\/\/budy.przemyska.pl\/index.php\/o-parafii-2\/pradzieje-bud-lancuckich-i-korniaktowa\/\" class=\"more-link\">Czytaj dalej <span class=\"screen-reader-text\">Pradzieje Bud \u0141a\u0144cuckich i Korniaktowa<\/span> <span class=\"meta-nav\">&rarr;<\/span><\/a><\/p>\n","protected":false},"author":1,"featured_media":0,"parent":55,"menu_order":0,"comment_status":"closed","ping_status":"closed","template":"","meta":{"footnotes":""},"class_list":["post-409","page","type-page","status-publish","hentry"],"_links":{"self":[{"href":"https:\/\/budy.przemyska.pl\/index.php\/wp-json\/wp\/v2\/pages\/409","targetHints":{"allow":["GET"]}}],"collection":[{"href":"https:\/\/budy.przemyska.pl\/index.php\/wp-json\/wp\/v2\/pages"}],"about":[{"href":"https:\/\/budy.przemyska.pl\/index.php\/wp-json\/wp\/v2\/types\/page"}],"author":[{"embeddable":true,"href":"https:\/\/budy.przemyska.pl\/index.php\/wp-json\/wp\/v2\/users\/1"}],"replies":[{"embeddable":true,"href":"https:\/\/budy.przemyska.pl\/index.php\/wp-json\/wp\/v2\/comments?post=409"}],"version-history":[{"count":0,"href":"https:\/\/budy.przemyska.pl\/index.php\/wp-json\/wp\/v2\/pages\/409\/revisions"}],"up":[{"embeddable":true,"href":"https:\/\/budy.przemyska.pl\/index.php\/wp-json\/wp\/v2\/pages\/55"}],"wp:attachment":[{"href":"https:\/\/budy.przemyska.pl\/index.php\/wp-json\/wp\/v2\/media?parent=409"}],"curies":[{"name":"wp","href":"https:\/\/api.w.org\/{rel}","templated":true}]}}