{"id":368,"date":"2011-12-29T23:09:28","date_gmt":"2011-12-29T22:09:28","guid":{"rendered":"http:\/\/www.budylancuckie.przemyska.pl\/?page_id=368"},"modified":"2024-11-30T18:01:00","modified_gmt":"2024-11-30T17:01:00","slug":"kancelaria-parafialna","status":"publish","type":"page","link":"https:\/\/budy.przemyska.pl\/index.php\/gablota-parafialna-2\/kancelaria-parafialna\/","title":{"rendered":"Kancelaria parafialna"},"content":{"rendered":"<p><img loading=\"lazy\" decoding=\"async\" class=\"alignnone size-full wp-image-4083\" src=\"https:\/\/budy.przemyska.pl\/wp-content\/uploads\/2024\/11\/kancelaria_www.jpg\" alt=\"\" width=\"1000\" height=\"250\" srcset=\"https:\/\/budy.przemyska.pl\/wp-content\/uploads\/2024\/11\/kancelaria_www.jpg 1000w, https:\/\/budy.przemyska.pl\/wp-content\/uploads\/2024\/11\/kancelaria_www-300x75.jpg 300w, https:\/\/budy.przemyska.pl\/wp-content\/uploads\/2024\/11\/kancelaria_www-768x192.jpg 768w\" sizes=\"auto, (max-width: 1000px) 100vw, 1000px\" \/>Kancelaria Parafialna czynna jest codziennie od poniedzia\u0142ku do pi\u0105tku (z wyj\u0105tkiem, \u015bwi\u0105t ko\u015bcielnych i narodowych) po Mszy \u015bw. wieczornej.<\/p>\n<p>W sprawach pilnych (np. zg\u0142oszenie pogrzebu, wizyta u chorego) kancelaria czynna jest tak\u017ce poza godzinami urz\u0119dowania. W takich przypadkach najlepiej skontaktowa\u0107 si\u0119 telefonicznie pod numerem <span style=\"font-size: 14px;\">604 205 729<\/span>.<\/p>\n<p>Wszystkie za\u015bwiadczenia (dotycz\u0105ce zgody na chrzest, bierzmowanie, pogrzeb poza parafi\u0105, ma\u0142\u017ce\u0144stwa w innym ko\u015bciele, \u015bwiadectwo moralno\u015bci dotycz\u0105ce bycia chrzestnym, \u015bwiadkiem itd.) zainteresowani odbieraj\u0105 osobi\u015bcie w kancelarii parafialnej (w godzinach\u00a0 urz\u0119dowania). \u015awiadectwo moralno\u015bci dotycz\u0105ce bycia chrzestnym mo\u017cna odebra\u0107 w zakrystii po Mszy \u015bw.<\/p>\n<p>Intencje Mszy \u015awi\u0119tych przyjmowane s\u0105 w zakrystii przed i po ka\u017cdej Mszy \u015awi\u0119tej.<br \/>\nGdyby zbyt d\u0142ugi czas nie by\u0142a og\u0142oszona zam\u00f3wiona intencja mszalna \u2013 prosimy o zg\u0142oszenie tego kap\u0142anowi.\u00a0 Czasem zdarza si\u0119 nam co\u015b przegapi\u0107 \u2013\u00a0\u00a0\u00a0 za co przepraszamy.\u00a0 Zam\u00f3wiona intencja nie mo\u017ce zgin\u0105\u0107.<\/p>\n<p>W parafii nie ma cennika us\u0142ug. Z ust ksi\u0119dza nikt nie us\u0142ysza\u0142 kwoty za us\u0142ug\u0119 w parafii. A parafianie na swoje mo\u017cliwo\u015bci te\u017c potrafi\u0105 utrzyma\u0107 godnie duszpasterzy na swojej parafii . Nie pobiera si\u0119 te\u017c op\u0142at za otrzymane za\u015bwiadczenia.<\/p>\n<p><img loading=\"lazy\" decoding=\"async\" class=\"alignnone size-full wp-image-4053\" src=\"https:\/\/budy.przemyska.pl\/wp-content\/uploads\/2024\/11\/rachunekparafii.jpg\" alt=\"\" width=\"487\" height=\"219\" srcset=\"https:\/\/budy.przemyska.pl\/wp-content\/uploads\/2024\/11\/rachunekparafii.jpg 487w, https:\/\/budy.przemyska.pl\/wp-content\/uploads\/2024\/11\/rachunekparafii-300x135.jpg 300w\" sizes=\"auto, (max-width: 487px) 100vw, 487px\" \/><\/p>\n","protected":false},"excerpt":{"rendered":"<p>Kancelaria Parafialna czynna jest codziennie od poniedzia\u0142ku do pi\u0105tku (z wyj\u0105tkiem, \u015bwi\u0105t ko\u015bcielnych i narodowych) po Mszy \u015bw. wieczornej. W sprawach pilnych (np. zg\u0142oszenie pogrzebu, wizyta u chorego) kancelaria czynna &hellip; <a href=\"https:\/\/budy.przemyska.pl\/index.php\/gablota-parafialna-2\/kancelaria-parafialna\/\" class=\"more-link\">Czytaj dalej <span class=\"screen-reader-text\">Kancelaria parafialna<\/span> <span class=\"meta-nav\">&rarr;<\/span><\/a><\/p>\n","protected":false},"author":1,"featured_media":0,"parent":342,"menu_order":0,"comment_status":"closed","ping_status":"closed","template":"","meta":{"footnotes":""},"class_list":["post-368","page","type-page","status-publish","hentry"],"_links":{"self":[{"href":"https:\/\/budy.przemyska.pl\/index.php\/wp-json\/wp\/v2\/pages\/368","targetHints":{"allow":["GET"]}}],"collection":[{"href":"https:\/\/budy.przemyska.pl\/index.php\/wp-json\/wp\/v2\/pages"}],"about":[{"href":"https:\/\/budy.przemyska.pl\/index.php\/wp-json\/wp\/v2\/types\/page"}],"author":[{"embeddable":true,"href":"https:\/\/budy.przemyska.pl\/index.php\/wp-json\/wp\/v2\/users\/1"}],"replies":[{"embeddable":true,"href":"https:\/\/budy.przemyska.pl\/index.php\/wp-json\/wp\/v2\/comments?post=368"}],"version-history":[{"count":2,"href":"https:\/\/budy.przemyska.pl\/index.php\/wp-json\/wp\/v2\/pages\/368\/revisions"}],"predecessor-version":[{"id":4085,"href":"https:\/\/budy.przemyska.pl\/index.php\/wp-json\/wp\/v2\/pages\/368\/revisions\/4085"}],"up":[{"embeddable":true,"href":"https:\/\/budy.przemyska.pl\/index.php\/wp-json\/wp\/v2\/pages\/342"}],"wp:attachment":[{"href":"https:\/\/budy.przemyska.pl\/index.php\/wp-json\/wp\/v2\/media?parent=368"}],"curies":[{"name":"wp","href":"https:\/\/api.w.org\/{rel}","templated":true}]}}