{"id":364,"date":"2011-12-29T23:05:13","date_gmt":"2011-12-29T22:05:13","guid":{"rendered":"http:\/\/www.budylancuckie.przemyska.pl\/?page_id=364"},"modified":"2011-12-29T23:05:13","modified_gmt":"2011-12-29T22:05:13","slug":"administrator-strony","status":"publish","type":"page","link":"https:\/\/budy.przemyska.pl\/index.php\/kontakt-2\/administrator-strony\/","title":{"rendered":"Administrator strony"},"content":{"rendered":"<p>Stron\u0105 administruje Piotr Miara. Mo\u017cna do niego napisa\u0107 na adres parafiabudy@gmail.com.<\/p>\n<p>Mo\u017cna pisa\u0107 w r&oacute;\u017cnych sprawach:<\/p>\n<ul>\n<li>uwagi do informacji zawartych na stronie,<\/li>\n<li>zg\u0142aszanie zauwa\u017conych b\u0142\u0119d&oacute;w, nie\u015bcis\u0142o\u015bci itp.,<\/li>\n<li>propozycje informacji jakie warto aby znalaz\u0142y si\u0119 na stronie,<\/li>\n<li>inne<\/li>\n<\/ul>\n<p>Mo\u017cna r&oacute;wnie\u017c przes\u0142a\u0107 informacj\u0119 bezpo\u015brednio ze strony korzystaj\u0105c z poni\u017cszego formularza:<\/p>\n<p><em>W trakcie opracowania&#8230;<br \/>\n\t<\/em><\/p>\n","protected":false},"excerpt":{"rendered":"<p>Stron\u0105 administruje Piotr Miara. Mo\u017cna do niego napisa\u0107 na adres parafiabudy@gmail.com. Mo\u017cna pisa\u0107 w r&oacute;\u017cnych sprawach: uwagi do informacji zawartych na stronie, zg\u0142aszanie zauwa\u017conych b\u0142\u0119d&oacute;w, nie\u015bcis\u0142o\u015bci itp., propozycje informacji jakie &hellip; <a href=\"https:\/\/budy.przemyska.pl\/index.php\/kontakt-2\/administrator-strony\/\" class=\"more-link\">Czytaj dalej <span class=\"screen-reader-text\">Administrator strony<\/span> <span class=\"meta-nav\">&rarr;<\/span><\/a><\/p>\n","protected":false},"author":1,"featured_media":0,"parent":323,"menu_order":4,"comment_status":"closed","ping_status":"closed","template":"","meta":{"footnotes":""},"class_list":["post-364","page","type-page","status-publish","hentry"],"_links":{"self":[{"href":"https:\/\/budy.przemyska.pl\/index.php\/wp-json\/wp\/v2\/pages\/364","targetHints":{"allow":["GET"]}}],"collection":[{"href":"https:\/\/budy.przemyska.pl\/index.php\/wp-json\/wp\/v2\/pages"}],"about":[{"href":"https:\/\/budy.przemyska.pl\/index.php\/wp-json\/wp\/v2\/types\/page"}],"author":[{"embeddable":true,"href":"https:\/\/budy.przemyska.pl\/index.php\/wp-json\/wp\/v2\/users\/1"}],"replies":[{"embeddable":true,"href":"https:\/\/budy.przemyska.pl\/index.php\/wp-json\/wp\/v2\/comments?post=364"}],"version-history":[{"count":0,"href":"https:\/\/budy.przemyska.pl\/index.php\/wp-json\/wp\/v2\/pages\/364\/revisions"}],"up":[{"embeddable":true,"href":"https:\/\/budy.przemyska.pl\/index.php\/wp-json\/wp\/v2\/pages\/323"}],"wp:attachment":[{"href":"https:\/\/budy.przemyska.pl\/index.php\/wp-json\/wp\/v2\/media?parent=364"}],"curies":[{"name":"wp","href":"https:\/\/api.w.org\/{rel}","templated":true}]}}