{"id":349,"date":"2011-12-29T22:44:16","date_gmt":"2011-12-29T21:44:16","guid":{"rendered":"http:\/\/www.budylancuckie.przemyska.pl\/?page_id=349"},"modified":"2025-08-23T20:45:03","modified_gmt":"2025-08-23T18:45:03","slug":"aktualni-duszpasterze-parafii","status":"publish","type":"page","link":"https:\/\/budy.przemyska.pl\/index.php\/kontakt-2\/aktualni-duszpasterze-parafii\/","title":{"rendered":"Aktualni duszpasterze parafii"},"content":{"rendered":"\n<div class=\"wp-block-media-text has-media-on-the-right is-stacked-on-mobile\"><div class=\"wp-block-media-text__content\">\n<p>Proboszcz: ks. dr Marek Wilk<\/p>\n<\/div><figure class=\"wp-block-media-text__media\"><img loading=\"lazy\" decoding=\"async\" width=\"210\" height=\"310\" src=\"https:\/\/budy.przemyska.pl\/wp-content\/uploads\/2024\/11\/ks_marek_wilk.jpg\" alt=\"\" class=\"wp-image-3951 size-full\" srcset=\"https:\/\/budy.przemyska.pl\/wp-content\/uploads\/2024\/11\/ks_marek_wilk.jpg 210w, https:\/\/budy.przemyska.pl\/wp-content\/uploads\/2024\/11\/ks_marek_wilk-203x300.jpg 203w\" sizes=\"auto, (max-width: 210px) 100vw, 210px\" \/><\/figure><\/div>\n\n\n\n<div class=\"wp-block-media-text is-stacked-on-mobile\"><figure class=\"wp-block-media-text__media\"><img loading=\"lazy\" decoding=\"async\" width=\"285\" height=\"305\" src=\"https:\/\/budy.przemyska.pl\/wp-content\/uploads\/2025\/08\/ks_tomasz_gierczak.jpg\" alt=\"ks. Tomasz Gierczak\" class=\"wp-image-4237 size-full\" srcset=\"https:\/\/budy.przemyska.pl\/wp-content\/uploads\/2025\/08\/ks_tomasz_gierczak.jpg 285w, https:\/\/budy.przemyska.pl\/wp-content\/uploads\/2025\/08\/ks_tomasz_gierczak-280x300.jpg 280w\" sizes=\"auto, (max-width: 285px) 100vw, 285px\" \/><\/figure><div class=\"wp-block-media-text__content\">\n<p>Wikariusz: ks. Tomasz Gierczak<\/p>\n<\/div><\/div>\n\n\n\n<div class=\"wp-block-media-text has-media-on-the-right is-stacked-on-mobile\"><div class=\"wp-block-media-text__content\">\n<p>Ks. Pra\u0142at W\u0142adys\u0142aw Szular<\/p>\n<\/div><figure class=\"wp-block-media-text__media\"><img loading=\"lazy\" decoding=\"async\" width=\"90\" height=\"130\" src=\"https:\/\/budy.przemyska.pl\/wp-content\/uploads\/2024\/11\/ks_wladyslaw_szular.jpg\" alt=\"\" class=\"wp-image-3953 size-full\"\/><\/figure><\/div>\n\n\n\n<p><\/p>\n","protected":false},"excerpt":{"rendered":"<p>Proboszcz: ks. dr Marek Wilk Wikariusz: ks. Tomasz Gierczak Ks. Pra\u0142at W\u0142adys\u0142aw Szular<\/p>\n","protected":false},"author":1,"featured_media":0,"parent":323,"menu_order":1,"comment_status":"closed","ping_status":"closed","template":"","meta":{"footnotes":""},"class_list":["post-349","page","type-page","status-publish","hentry"],"_links":{"self":[{"href":"https:\/\/budy.przemyska.pl\/index.php\/wp-json\/wp\/v2\/pages\/349","targetHints":{"allow":["GET"]}}],"collection":[{"href":"https:\/\/budy.przemyska.pl\/index.php\/wp-json\/wp\/v2\/pages"}],"about":[{"href":"https:\/\/budy.przemyska.pl\/index.php\/wp-json\/wp\/v2\/types\/page"}],"author":[{"embeddable":true,"href":"https:\/\/budy.przemyska.pl\/index.php\/wp-json\/wp\/v2\/users\/1"}],"replies":[{"embeddable":true,"href":"https:\/\/budy.przemyska.pl\/index.php\/wp-json\/wp\/v2\/comments?post=349"}],"version-history":[{"count":8,"href":"https:\/\/budy.przemyska.pl\/index.php\/wp-json\/wp\/v2\/pages\/349\/revisions"}],"predecessor-version":[{"id":4238,"href":"https:\/\/budy.przemyska.pl\/index.php\/wp-json\/wp\/v2\/pages\/349\/revisions\/4238"}],"up":[{"embeddable":true,"href":"https:\/\/budy.przemyska.pl\/index.php\/wp-json\/wp\/v2\/pages\/323"}],"wp:attachment":[{"href":"https:\/\/budy.przemyska.pl\/index.php\/wp-json\/wp\/v2\/media?parent=349"}],"curies":[{"name":"wp","href":"https:\/\/api.w.org\/{rel}","templated":true}]}}