{"id":345,"date":"2011-12-29T22:41:19","date_gmt":"2011-12-29T21:41:19","guid":{"rendered":"http:\/\/www.budylancuckie.przemyska.pl\/?page_id=345"},"modified":"2024-11-12T18:53:37","modified_gmt":"2024-11-12T17:53:37","slug":"dane-kontaktowe","status":"publish","type":"page","link":"https:\/\/budy.przemyska.pl\/index.php\/kontakt-2\/dane-kontaktowe\/","title":{"rendered":"Dane kontaktowe"},"content":{"rendered":"\n<div class=\"wp-block-group\"><div class=\"wp-block-group__inner-container is-layout-constrained wp-block-group-is-layout-constrained\">\n<h4 class=\"wp-block-heading has-text-align-center has-medium-font-size\">Parafia Rzymskokatolicka<br>w Budach \u0141a\u0144cuckich<br>p.w. Niepokalanego Serca NMP<\/h4>\n\n\n\n<p class=\"has-text-align-center\">Dekanat \u017bo\u0142ynia<\/p>\n<\/div><\/div>\n\n\n\n<p class=\"has-text-align-center\"><strong>Adres<\/strong><\/p>\n\n\n\n<p class=\"has-text-align-center\">Budy \u0141a\u0144cuckie 216<br>37-114 Bia\u0142obrzegi<br>woj. podkarpackie<\/p>\n\n\n\n<p class=\"has-text-align-center\"><a href=\"http:\/\/www.budylancuckie.przemyska.pl\" data-type=\"link\" data-id=\"www.budylancuckie.przemyska.pl\">www.budylancuckie.przemyska.pl<\/a><\/p>\n\n\n\n<p class=\"has-text-align-center\">Adres mailowy: parafiabudy@gmail.com<\/p>\n\n\n\n<p class=\"has-text-align-center\">Telefon: 604 205 729<\/p>\n\n\n\n<p class=\"has-text-align-center has-small-font-size\"><em>(prosimy o nie dzwonienie na podany numer w sprawach reklamowych czy ofertowo-handlowych)<\/em><\/p>\n\n\n\n<p class=\"has-text-align-center\">Numer rachunku parafialnego<\/p>\n\n\n<div class=\"wp-block-image\">\n<figure class=\"aligncenter size-full\"><img loading=\"lazy\" decoding=\"async\" width=\"487\" height=\"219\" src=\"https:\/\/budy.przemyska.pl\/wp-content\/uploads\/2024\/11\/rachunekparafii.jpg\" alt=\"\" class=\"wp-image-4053\" srcset=\"https:\/\/budy.przemyska.pl\/wp-content\/uploads\/2024\/11\/rachunekparafii.jpg 487w, https:\/\/budy.przemyska.pl\/wp-content\/uploads\/2024\/11\/rachunekparafii-300x135.jpg 300w\" sizes=\"auto, (max-width: 487px) 100vw, 487px\" \/><\/figure>\n<\/div>","protected":false},"excerpt":{"rendered":"<p>Parafia Rzymskokatolickaw Budach \u0141a\u0144cuckichp.w. Niepokalanego Serca NMP Dekanat \u017bo\u0142ynia Adres Budy \u0141a\u0144cuckie 21637-114 Bia\u0142obrzegiwoj. podkarpackie www.budylancuckie.przemyska.pl Adres mailowy: parafiabudy@gmail.com Telefon: 604 205 729 (prosimy o nie dzwonienie na podany numer &hellip; <a href=\"https:\/\/budy.przemyska.pl\/index.php\/kontakt-2\/dane-kontaktowe\/\" class=\"more-link\">Czytaj dalej <span class=\"screen-reader-text\">Dane kontaktowe<\/span> <span class=\"meta-nav\">&rarr;<\/span><\/a><\/p>\n","protected":false},"author":1,"featured_media":4008,"parent":323,"menu_order":0,"comment_status":"closed","ping_status":"closed","template":"","meta":{"footnotes":""},"class_list":["post-345","page","type-page","status-publish","has-post-thumbnail","hentry"],"_links":{"self":[{"href":"https:\/\/budy.przemyska.pl\/index.php\/wp-json\/wp\/v2\/pages\/345","targetHints":{"allow":["GET"]}}],"collection":[{"href":"https:\/\/budy.przemyska.pl\/index.php\/wp-json\/wp\/v2\/pages"}],"about":[{"href":"https:\/\/budy.przemyska.pl\/index.php\/wp-json\/wp\/v2\/types\/page"}],"author":[{"embeddable":true,"href":"https:\/\/budy.przemyska.pl\/index.php\/wp-json\/wp\/v2\/users\/1"}],"replies":[{"embeddable":true,"href":"https:\/\/budy.przemyska.pl\/index.php\/wp-json\/wp\/v2\/comments?post=345"}],"version-history":[{"count":4,"href":"https:\/\/budy.przemyska.pl\/index.php\/wp-json\/wp\/v2\/pages\/345\/revisions"}],"predecessor-version":[{"id":4057,"href":"https:\/\/budy.przemyska.pl\/index.php\/wp-json\/wp\/v2\/pages\/345\/revisions\/4057"}],"up":[{"embeddable":true,"href":"https:\/\/budy.przemyska.pl\/index.php\/wp-json\/wp\/v2\/pages\/323"}],"wp:featuredmedia":[{"embeddable":true,"href":"https:\/\/budy.przemyska.pl\/index.php\/wp-json\/wp\/v2\/media\/4008"}],"wp:attachment":[{"href":"https:\/\/budy.przemyska.pl\/index.php\/wp-json\/wp\/v2\/media?parent=345"}],"curies":[{"name":"wp","href":"https:\/\/api.w.org\/{rel}","templated":true}]}}