{"id":3228,"date":"2021-02-01T18:32:54","date_gmt":"2021-02-01T17:32:54","guid":{"rendered":"http:\/\/www.budylancuckie.przemyska.pl\/?page_id=3228"},"modified":"2021-02-01T18:32:54","modified_gmt":"2021-02-01T17:32:54","slug":"katecheza-i-kosciol-jako-zwyczajne-miejsce-sprawowania-eucharystii","status":"publish","type":"page","link":"https:\/\/budy.przemyska.pl\/index.php\/akcja-katolicka\/materialy-formacyjne-na-2021-rok\/katecheza-i-kosciol-jako-zwyczajne-miejsce-sprawowania-eucharystii\/","title":{"rendered":"Katecheza I &#8211; Ko\u015bci\u00f3\u0142 jako zwyczajne miejsce sprawowania eucharystii"},"content":{"rendered":"<h2 style=\"text-align: center;\"><strong>&bdquo;Zgromadzeni na \u015awi\u0119tej Wieczerzy&rdquo;&nbsp; <\/strong><\/h2>\n<h3 style=\"text-align: center;\"><strong>Katecheza I &#8211; Ko\u015bci&oacute;\u0142 jako zwyczajne miejsce sprawowania eucharystii.<br \/>\n\t<\/strong><\/h3>\n<p>Z Ewangelii dowiadujemy si\u0119, \u017ce od samego pocz\u0105tku Eucharystia domaga\u0142a si\u0119 specjalnego miejsca, aby mo\u017cna j\u0105 godnie sprawowa\u0107. Chrystus Pan podczas ostatniej wieczerzy ofiarowa\u0142 Bogu Ojcu pod postaciami chleba i wina swoje Cia\u0142o i swoj\u0105 Krew i da\u0142 aposto\u0142om do spo\u017cycia, korzystaj\u0105c ze zwyk\u0142ego drewnianego sto\u0142u jako o\u0142tarza. Mia\u0142o to miejsce w Wieczerniku \/ Mk 14,15\/, na zlecenie Chrystusa specjalnie przygotowanej przez Piotra i Jana do tego celu sali. Aposto\u0142owie dobrze zapami\u0119tali, co Chrystus uczyni\u0142 podczas ostatniej wieczerzy i gdzie si\u0119 odby\u0142a. W tym\u017ce Wieczerniku gromadzili si\u0119 po \u015bmierci&nbsp; Jezusa i po Jego zmartwychwstaniu, oraz w czasie zes\u0142ania Ducha \u015awi\u0119tego na nich \/Dz 1,13; 2, 1-4\/.<\/p>\n<p>Pierwsi chrze\u015bcijanie zbierali si\u0119 na modlitw\u0119 przewa\u017cnie w domach ,ale te\u017c z biegiem czasu zacz\u0119to wykorzystywa\u0107 wyznaczone budynki do sprawowania obrz\u0119d&oacute;w religijnych, a niejednokrotnie budowa\u0107 specjalnie dla wyznawc&oacute;w Chrystusa domy na wz&oacute;r synagog \u017cydowskich lub \u015bwi\u0105ty\u0144 poga\u0144skich. W czasie prze\u015bladowa\u0144 chrze\u015bcijan miejscem modlitwy by\u0142y miejsca oddalone od miasta, cz\u0119sto w katakumbach, przy grobach m\u0119czennik&oacute;w.<\/p>\n<p>W\u0142a\u015bciwym miejscem \u015bwi\u0119tych zgromadze\u0144 jest tylko \u015bwi\u0105tynia. Jednak modlitewne zgromadzenia mog\u0105 si\u0119 odbywa\u0107 tak\u017ce gdzie indziej, ale tylko zast\u0119pczo. <\/p>\n<p>Z nauczania soborowego wiemy, \u017ce ka\u017cdy ochrzczony jest \u015bwi\u0105tyni\u0105 Boga i ka\u017cdy ochrzczony buduje \u017cyw\u0105 \u015bwi\u0105tyni\u0119, kt&oacute;r\u0105 jest Chrystusowy Ko\u015bci&oacute;\u0142. Poci\u0105ga to wiernych do podw&oacute;jnej odpowiedzialno\u015bci: za siebie i za Ko\u015bci&oacute;\u0142. Nasze serca s\u0105 \u015bwi\u0105tyni\u0105 Ducha \u015awi\u0119tego. B&oacute;g przejmuje w posiadanie wznoszone przez nas \u015bwi\u0105tynie, ale przede wszystkim pragnie mieszka\u0107 w sanktuarium sumienia i serca cz\u0142owieka, kt&oacute;rego stworzy\u0142 na sw&oacute;j obraz i podobie\u0144stwo. Powinni\u015bmy budowa\u0107 wszystko na Jezusie Chrystusie, kt&oacute;rego widzialna osoba i imi\u0119 s\u0105 obrazem niewidzialnego i niepoj\u0119tego Boga. &bdquo;Niech ka\u017cdy baczy na to, jak buduje. Fundamentu bowiem nikt nie mo\u017ce po\u0142o\u017cy\u0107 innego, jak ten, kt&oacute;ry jest po\u0142o\u017cony, a kt&oacute;rym jest Jezus Chrystus&rdquo; \/1 KOR 3, 10-11\/.<\/p>\n<p>Troszcz\u0105c si\u0119 o \u015bwi\u0105tyni\u0119 duchow\u0105 , winni\u015bmy troszczy\u0107 si\u0119 r&oacute;wnie\u017c o t\u0119 materialn\u0105, w kt&oacute;rej sprawowana jest Eucharystia. Ko\u015bci&oacute;\u0142 jako miejsce zgromadzenia wiernych jest tak\u017ce znakiem \u015bwi\u0105tyni Boga zbudowanej z \u017cywych kamieni. Po\u015bwi\u0119cenie Ko\u015bcio\u0142a przypomina sakramenty chrztu i bierzmowania, poprzez kt&oacute;re cz\u0142owiek zostaje cz\u0142onkiem Ko\u015bcio\u0142a. Ko\u015bci&oacute;\u0142 jest czytelnym , widzialnym znakiem obecno\u015bci Boga po\u015br&oacute;d swego ludu. Jest to miejsce zgromadze\u0144 wiernych, w kt&oacute;rej najwa\u017cniejsze miejsce zajmuje sprawowanie Eucharystii.<\/p>\n<p>W 1 Krl 8,27 kr&oacute;l Salomon oddaj\u0105c Bogu na zamieszkanie \u015bwi\u0105tyni\u0119 w Jerozolimie pyta: &bdquo;Czy jednak naprawd\u0119 zamieszka B&oacute;g na ziemi? Przecie\u017c niebo i niebiosa najwy\u017csze nie mog\u0105 Ci\u0119 ogarn\u0105\u0107, a tym mniej ta \u015bwi\u0105tynia , kt&oacute;r\u0105 zbudowa\u0142em&rdquo;. Takie pytanie by\u0107 mo\u017ce stawia niejedna osoba. Warto w tym miejscu przypomnie\u0107 s\u0142owa \u015bw. Jana Paw\u0142a II wypowiedziane w 2002 r. w czasie konsekracji Sanktuarium Bo\u017cego Mi\u0142osierdzia w \u0141agiewnikach: &bdquo;Tak,&nbsp; na pierwszy rzut oka wi\u0105zanie obecno\u015bci Boga z pewnym okre\u015blonym miejscem mo\u017ce si\u0119 wydawa\u0107 niestosowne. A jednak trzeba pami\u0119ta\u0107, \u017ce czas i miejsce nale\u017c\u0105 ca\u0142kowicie do Boga. Cho\u0107 ka\u017cdy czas i ca\u0142y \u015bwiat mo\u017cna uwa\u017ca\u0107 za Jego &lsquo;\u015bwi\u0105tyni\u0119&rsquo;, to jednak s\u0105 czasy i s\u0105 miejsca, kt&oacute;re B&oacute;g obiera, aby w nich w spos&oacute;b szczeg&oacute;lny ludzie do\u015bwiadczali Jego obecno\u015bci i Jego \u0142aski. A ludzie wiedzeni zmys\u0142em wiary przychodz\u0105 do tych miejsc, bo maj\u0105 pewno\u015b\u0107, \u017ce rzeczywi\u015bcie stoj\u0105 przed Bogiem, kt&oacute;ry jest tam obecny&rdquo;.<\/p>\n<p>Naj\u015bwi\u0119tsza Ofiara, Eucharystia, powinna by\u0107 sprawowana w \u015bwi\u0119tym miejscu. Co to znaczy &bdquo;miejsce \u015bwi\u0119te&rdquo;- jest to miejsce, kt&oacute;re przez po\u015bwi\u0119cenie lub b\u0142ogos\u0142awie\u0144stwo, zosta\u0142o przeznaczone do kultu Bo\u017cego albo do grzebania zmar\u0142ych wiernych. Kult w wymiarze wsp&oacute;lnotowym mo\u017ce si\u0119 urzeczywistnia\u0107 dzi\u0119ki publicznym miejscom \u015bwi\u0119tym, czyli przede wszystkim budowlom przeznaczonym do sprawowania Eucharystii i oddawania czci Bogu. Tak\u0105 budowl\u0105 jest Ko\u015bci&oacute;\u0142 &ndash; miejsce trwa\u0142e, dostosowane wewn\u0105trz do celebracji liturgicznych- do s\u0142uchania S\u0142owa Bo\u017cego, sprawowania Eucharystii i innych sakrament&oacute;w, celebrowania nabo\u017ce\u0144stw, do modlitwy indywidualnej wiernych i wsp&oacute;lnotowej. Czy Eucharystia mo\u017ce by\u0107 sprawowana poza budynkiem ko\u015bcio\u0142a? Wed\u0142ug Kodeksu Prawa Kanonicznego: &bdquo;Eucharysti\u0119 nale\u017cy sprawowa\u0107 w miejscu \u015bwi\u0119tym, chyba \u017ce w poszczeg&oacute;lnym wypadku czego innego domaga si\u0119 konieczno\u015b\u0107, w takim wypadku Eucharystia powinna by\u0107 sprawowana w odpowiednim miejscu&rdquo;. W wyj\u0105tkowych wypadkach Msza \u015bwi\u0119ta mo\u017ce by\u0107 sprawowana poza budynkiem ko\u015bcielnym przy zachowaniu trzech warunk&oacute;w- 1.zachodzi konieczno\u015b\u0107 celebrowania mszy \u015bw., 2. -dotyczy to poszczeg&oacute;lnego przypadku, &#8211; 3.nie ma w pobli\u017cu miejsca \u015bwi\u0119tego \/ko\u015bcio\u0142a\/, natomiast jest miejsce odpowiednie. Konieczno\u015b\u0107 tzn. np. udzia\u0142 w niedzielnej mszy \u015bwi\u0119tej , ale w pobli\u017cu nie ma ko\u015bcio\u0142a ani kaplicy. W poszczeg&oacute;lnym przypadku, tzn. jednorazowo, nie na spos&oacute;b sta\u0142y, np. w domu chorego, na wycieczce. Miejsce odpowiednie tzn. miejsce godne, sprzyjaj\u0105ce modlitewnemu skupieniu, niezagro\u017cone niebezpiecze\u0144stwem profanacji. Ma to by\u0107 przestrze\u0144, kt&oacute;ra b\u0119dzie sprzyja\u0142a liturgicznej celebracji i koncentracji uczestnik&oacute;w na sprawowanej liturgii. Jeszcze raz \u015bwiadectwo \u015bw. Jana Paw\u0142a II dotycz\u0105ce celebracji mszy \u015bwi\u0119tej: &bdquo;Gdy my\u015bl\u0119 o Eucharystii, patrz\u0105c na moje \u017cycie kap\u0142ana, biskupa i nast\u0119pcy Piotra, wspominam spontanicznie wiele chwil i miejsc, w kt&oacute;rych dane mi by\u0142o j\u0105 sprawowa\u0107- ko\u015bci&oacute;\u0142 w Niegowici, kolegiata \u015bw. Floriana w Krakowie, katedra na Wawelu, bazylika \u015bw. Piotra i wiele innych bazylik, ko\u015bcio\u0142&oacute;w na ca\u0142ym \u015bwiecie. Dane mi by\u0142o j\u0105 sprawowa\u0107 r&oacute;wnie\u017c na g&oacute;rskich szlakach, nad jeziorami i na brzegu morza; sprawowa\u0142em j\u0105 na stadionach i na placach miast. Ta r&oacute;\u017cnorodna sceneria moich Mszy \u015bw. sprawia, i\u017c do\u015bwiadczam bardzo mocno uniwersalnego &ndash; mo\u017cna wr\u0119cz powiedzie\u0107 kosmicznego charakteru celebracji eucharystycznej&rdquo;.<\/p>\n<p>Katechizm Ko\u015bcio\u0142a Katolickiego: &bdquo;W \u015bwi\u0105tyniach Ko\u015bci&oacute;\u0142 sprawuje kult publiczny na chwa\u0142\u0119 Tr&oacute;jcy \u015awi\u0119tej, s\u0142ucha S\u0142owa Bo\u017cego i&nbsp; \u015bpiewa pie\u015bni uwielbienia, zanosi modlitwy i sk\u0142ada Ofiar\u0119 Chrystusa obecnego sakramentalnie po\u015br&oacute;d zgromadzenia. Te \u015bwi\u0105tynie s\u0105 r&oacute;wnie\u017c miejscami skupienia i modlitwy osobistej.&quot;<\/p>\n<p>Obowi\u0105zkiem wszystkich wiernych, a zw\u0142aszcza os&oacute;b z Akcji Katolickiej jest troska o parafialn\u0105 \u015bwi\u0105tyni\u0119, w kt&oacute;rej sprawowana jest Eucharystia , w kt&oacute;rej mieszka B&oacute;g. Wszechmog\u0105cy, wieczny Bo\u017ce,\/&hellip;\/ b\u0142agamy Ci\u0119, niech Twoja pomoc i opieka otoczy \u015bciany tej \u015bwi\u0105tyni, aby wszystkim Twym czcicielom zapewnia\u0142y bezpiecze\u0144stwo i \u015bwiadczy\u0142y o trwa\u0142o\u015bci Twojego Mistycznego Cia\u0142a, czyli wsp&oacute;lnoty Ko\u015bcio\u0142a.\/&hellip;\/ Niech wszystkie prace podj\u0119te z mi\u0142o\u015bci do Ciebie s\u0142u\u017c\u0105 na Twoj\u0105 wi\u0119ksz\u0105 chwa\u0142\u0119 i dla naszego zbawienia, dokonanego przez Chrystusa, Pana naszego. Amen.<\/p>\n","protected":false},"excerpt":{"rendered":"<p>&bdquo;Zgromadzeni na \u015awi\u0119tej Wieczerzy&rdquo;&nbsp; Katecheza I &#8211; Ko\u015bci&oacute;\u0142 jako zwyczajne miejsce sprawowania eucharystii. Z Ewangelii dowiadujemy si\u0119, \u017ce od samego pocz\u0105tku Eucharystia domaga\u0142a si\u0119 specjalnego miejsca, aby mo\u017cna j\u0105 godnie &hellip; <a href=\"https:\/\/budy.przemyska.pl\/index.php\/akcja-katolicka\/materialy-formacyjne-na-2021-rok\/katecheza-i-kosciol-jako-zwyczajne-miejsce-sprawowania-eucharystii\/\" class=\"more-link\">Czytaj dalej <span class=\"screen-reader-text\">Katecheza I &#8211; Ko\u015bci\u00f3\u0142 jako zwyczajne miejsce sprawowania eucharystii<\/span> <span class=\"meta-nav\">&rarr;<\/span><\/a><\/p>\n","protected":false},"author":1,"featured_media":0,"parent":3226,"menu_order":1,"comment_status":"closed","ping_status":"closed","template":"","meta":{"footnotes":""},"class_list":["post-3228","page","type-page","status-publish","hentry"],"_links":{"self":[{"href":"https:\/\/budy.przemyska.pl\/index.php\/wp-json\/wp\/v2\/pages\/3228","targetHints":{"allow":["GET"]}}],"collection":[{"href":"https:\/\/budy.przemyska.pl\/index.php\/wp-json\/wp\/v2\/pages"}],"about":[{"href":"https:\/\/budy.przemyska.pl\/index.php\/wp-json\/wp\/v2\/types\/page"}],"author":[{"embeddable":true,"href":"https:\/\/budy.przemyska.pl\/index.php\/wp-json\/wp\/v2\/users\/1"}],"replies":[{"embeddable":true,"href":"https:\/\/budy.przemyska.pl\/index.php\/wp-json\/wp\/v2\/comments?post=3228"}],"version-history":[{"count":0,"href":"https:\/\/budy.przemyska.pl\/index.php\/wp-json\/wp\/v2\/pages\/3228\/revisions"}],"up":[{"embeddable":true,"href":"https:\/\/budy.przemyska.pl\/index.php\/wp-json\/wp\/v2\/pages\/3226"}],"wp:attachment":[{"href":"https:\/\/budy.przemyska.pl\/index.php\/wp-json\/wp\/v2\/media?parent=3228"}],"curies":[{"name":"wp","href":"https:\/\/api.w.org\/{rel}","templated":true}]}}