{"id":3226,"date":"2021-02-01T18:27:36","date_gmt":"2021-02-01T17:27:36","guid":{"rendered":"http:\/\/www.budylancuckie.przemyska.pl\/?page_id=3226"},"modified":"2021-02-01T18:27:36","modified_gmt":"2021-02-01T17:27:36","slug":"materialy-formacyjne-na-2021-rok","status":"publish","type":"page","link":"https:\/\/budy.przemyska.pl\/index.php\/akcja-katolicka\/materialy-formacyjne-na-2021-rok\/","title":{"rendered":"Materia\u0142y formacyjne na 2021 rok"},"content":{"rendered":"<h2 style=\"text-align: center;\"><strong>Materia\u0142y formacyjne na 2021 rok&nbsp; <\/strong><\/h2>\n<p>W kolejnym roku rozwa\u017ca\u0144 po\u015bwi\u0119conych Eucharystii&nbsp; skupimy si\u0119 na temacie zrozumienia, czym jest Eucharystia dla wsp&oacute;lnoty ko\u015bcielnej, gdzie tkwi istota adoracji Naj\u015bwi\u0119tszego Sakramentu, czym s\u0105 kongresy eucharystyczne, jaki jest zwi\u0105zek z kultem maryjnym, itp. To wszystko pod tytu\u0142em &bdquo;Zgromadzeni na \u015awi\u0119tej Wieczerzy&rdquo;. Podczas Mszy \u015awi\u0119tej wierz\u0105cy nie mog\u0105 by\u0107 tylko widzami, cz\u0119sto milcz\u0105cymi, ale \u015bwiadomymi, pobo\u017cnymi i czynnymi uczestnikami &bdquo;\u015bwi\u0119tej czynno\u015bci&rdquo;, daj\u0105cy si\u0119 kszta\u0142towa\u0107 przez S\u0142owo Bo\u017ce, posila\u0107 si\u0119 Cia\u0142em Pana Jezusa i&nbsp; sk\u0142ada\u0107 Bogu dzi\u0119ki.<\/p>\n<p>Kolejny rok panowania epidemii korona wirusa, ograniczenia w dost\u0119pie do nabo\u017ce\u0144stw w ko\u015bcio\u0142ach, przeniesienie prze\u017cywania mszy \u015bw. i innych uroczysto\u015bci do domu poprzez media , to smutna i niebezpieczna rzeczywisto\u015b\u0107. Czy nasze wirtualne uczestnictwo w liturgii jest aktem naszej pobo\u017cno\u015bci?, czy t\u0119sknimy do powrotu do wsp&oacute;lnoty Ko\u015bcio\u0142a?&nbsp; Cz\u0142onkowie Akcji Katolickiej wezwani do wsp&oacute;lnej pracy apostolskiej, maj\u0105 by\u0107 tarcz\u0105 modlitewn\u0105 za osoby powo\u0142ane do zakonu, kap\u0142a\u0144stwa. Kap\u0142ani bardzo potrzebuj\u0105 naszej modlitwy, wsparcia &ndash; zw\u0142aszcza w dzisiejszych czasach- gdy bezpardonowo o\u015brodki lewicowe, liberalne atakuj\u0105 i chc\u0105 niszczy\u0107 wszelkie autorytety . Skuteczno\u015b\u0107 naszych dzia\u0142a\u0144 b\u0119dzie owocna pod warunkiem wzajemnej otwarto\u015bci, \u017cyciu w prawdzie, wytrwa\u0142o\u015bci w wierno\u015bci powo\u0142aniu.<\/p>\n","protected":false},"excerpt":{"rendered":"<p>Materia\u0142y formacyjne na 2021 rok&nbsp; W kolejnym roku rozwa\u017ca\u0144 po\u015bwi\u0119conych Eucharystii&nbsp; skupimy si\u0119 na temacie zrozumienia, czym jest Eucharystia dla wsp&oacute;lnoty ko\u015bcielnej, gdzie tkwi istota adoracji Naj\u015bwi\u0119tszego Sakramentu, czym s\u0105 &hellip; <a href=\"https:\/\/budy.przemyska.pl\/index.php\/akcja-katolicka\/materialy-formacyjne-na-2021-rok\/\" class=\"more-link\">Czytaj dalej <span class=\"screen-reader-text\">Materia\u0142y formacyjne na 2021 rok<\/span> <span class=\"meta-nav\">&rarr;<\/span><\/a><\/p>\n","protected":false},"author":1,"featured_media":0,"parent":84,"menu_order":13,"comment_status":"closed","ping_status":"closed","template":"","meta":{"footnotes":""},"class_list":["post-3226","page","type-page","status-publish","hentry"],"_links":{"self":[{"href":"https:\/\/budy.przemyska.pl\/index.php\/wp-json\/wp\/v2\/pages\/3226","targetHints":{"allow":["GET"]}}],"collection":[{"href":"https:\/\/budy.przemyska.pl\/index.php\/wp-json\/wp\/v2\/pages"}],"about":[{"href":"https:\/\/budy.przemyska.pl\/index.php\/wp-json\/wp\/v2\/types\/page"}],"author":[{"embeddable":true,"href":"https:\/\/budy.przemyska.pl\/index.php\/wp-json\/wp\/v2\/users\/1"}],"replies":[{"embeddable":true,"href":"https:\/\/budy.przemyska.pl\/index.php\/wp-json\/wp\/v2\/comments?post=3226"}],"version-history":[{"count":0,"href":"https:\/\/budy.przemyska.pl\/index.php\/wp-json\/wp\/v2\/pages\/3226\/revisions"}],"up":[{"embeddable":true,"href":"https:\/\/budy.przemyska.pl\/index.php\/wp-json\/wp\/v2\/pages\/84"}],"wp:attachment":[{"href":"https:\/\/budy.przemyska.pl\/index.php\/wp-json\/wp\/v2\/media?parent=3226"}],"curies":[{"name":"wp","href":"https:\/\/api.w.org\/{rel}","templated":true}]}}