{"id":3224,"date":"2021-02-01T18:21:23","date_gmt":"2021-02-01T17:21:23","guid":{"rendered":"http:\/\/www.budylancuckie.przemyska.pl\/?page_id=3224"},"modified":"2021-02-01T18:21:23","modified_gmt":"2021-02-01T17:21:23","slug":"katecheza-xi-enuncjacje-sw-jana-pawla-ii-i-benedykta-xvi-poswiecone-eucharystii","status":"publish","type":"page","link":"https:\/\/budy.przemyska.pl\/index.php\/akcja-katolicka\/katecheza-xi-enuncjacje-sw-jana-pawla-ii-i-benedykta-xvi-poswiecone-eucharystii\/","title":{"rendered":"Katecheza XI &#8211; Enuncjacje \u015bw. Jana Paw\u0142a II i Benedykta XVI po\u015bwi\u0119cone Eucharystii"},"content":{"rendered":"<h2 style=\"text-align: center;\"><strong>&bdquo;WIELKA TAJEMNICA WIARY&rdquo;&nbsp; <\/strong><\/h2>\n<h3 style=\"text-align: center;\"><strong>Katecheza XI &#8211; Enuncjacje \u015bw. Jana Paw\u0142a II i Benedykta XVI po\u015bwi\u0119cone Eucharystii.<br \/>\n\t<\/strong><\/h3>\n<p><strong>Modlitwa: <\/strong><em>Panie Jezu, kt&oacute;ry poprzez Eucharysti\u0119 zamieszka\u0142e\u015b w\u015br&oacute;d nas i sta\u0142e\u015b si\u0119 wraz z nami w\u0119drowcem, wspieraj nasze chrze\u015bcija\u0144skie wsp&oacute;lnoty, aby stawa\u0142y si\u0119 bardziej otwarte na s\u0142uchanie i przyj\u0119cie Twojego S\u0142owa.\/&hellip;\/. Panie Jezu, poprzez swoj\u0105 Eucharysti\u0119 uczy\u0144 ma\u0142\u017conk&oacute;w chrze\u015bcija\u0144skich &bdquo;znakami&rdquo;&nbsp; Twojej mi\u0142o\u015bci oblubie\u0144czej w\u015br&oacute;d nas. Spraw aby rodziny by\u0142y wsp&oacute;lnotami os&oacute;b, kt&oacute;re \u017cyj\u0105c w kontakcie z Bogiem i w zgodzie ze sob\u0105 &ndash; nie obawia\u0142y si\u0119 \u017cycia i sta\u0142y si\u0119 zal\u0105\u017ckiem powo\u0142a\u0144 kap\u0142a\u0144skich, zakonnych i misyjnych. \/JPII\/<br \/>\n\t<\/em><\/p>\n<p>Eucharystia stanowi\u0105ca dusz\u0119 ca\u0142ego \u017cycia chrze\u015bcija\u0144skiego jest pokarmem duchowym daj\u0105cym wewn\u0119trzn\u0105 moc do codziennego \u017cycia w zgodzie&nbsp; z tym co m&oacute;wi i proponuje B&oacute;g. Papie\u017ce- zar&oacute;wno Jan Pawe\u0142 II jak i Benedykt XVI- s\u0142usznie zauwa\u017cyli, \u017ce wszystko mo\u017ce zosta\u0107 obj\u0119te Eucharysti\u0105 i \u017cadne troski rodzinne czy inne sprawy nie powinny pozostawa\u0107 poza sfer\u0105 \u017cycia duchowego, bowiem ca\u0142y \u015bwiat jest obecny w sprawowanej Eucharystii.<\/p>\n<p>&bdquo;Ecclesia de Eucharystia&rdquo; &ndash; ostatnia encyklika papie\u017ca Jana Paw\u0142a II z dnia 17.04.2003r.&nbsp; porusza zagadnienie fundamentalnej roli Eucharystii w \u017cyciu Ko\u015bcio\u0142a. Zaczyna si\u0119 od s\u0142&oacute;w: Ko\u015bci&oacute;\u0142 \u017cyje dzi\u0119ki Eucharystii.<\/p>\n<p>&bdquo;Sacramentum Caritatis&rdquo; \/Sakrament Mi\u0142o\u015bci\/- posynodalna adhortacja&nbsp; apostolska papie\u017ca Benedykta XVI podpisana 22.02.2007 r. jest podsumowaniem synodu biskup&oacute;w zwo\u0142anego jeszcze przez papie\u017ca Jana Paw\u0142a II z okazji Roku Eucharystii.<\/p>\n<p>Obaj papie\u017ce w wy\u017cej wymienionych dokumentach ukazuj\u0105 m.in. czym jest Eucharystia dla Ko\u015bcio\u0142a i jakie zadania wzgl\u0119dem mszy \u015bwi\u0119tej stawia ludziom \u015bwieckim.<\/p>\n<p>Ko\u015bci&oacute;\u0142 \u017cyje Eucharysti\u0105, z niej czerpie duchow\u0105 energi\u0119 do pe\u0142nienia swej misji. Ona daje mu si\u0142\u0119 wzrostu i jednoczy go, b\u0119d\u0105c jego sercem. Jest uczestniczeniem w prawdziwej ofierze, pami\u0105tce \u015bmierci Chrystusa i Jego zmartwychwstania. Ofiara Jezusa &bdquo;oczyszcza&nbsp; nasze sumienia z martwych uczynk&oacute;w, aby\u015bmy mogli s\u0142u\u017cy\u0107 Bogu samemu&rdquo;\/Hbr 9, 14\/. Je\u015bli autentycznie, z wiar\u0105 uczestniczymy w Eucharystii, to w naszych oczach musi rosn\u0105\u0107 godno\u015b\u0107 ka\u017cdego cz\u0142owieka dlatego, \u017ce przez Eucharysti\u0119 poznajemy i do\u015bwiadczamy mi\u0142o\u015bci Boga i sami zaczynamy mi\u0142owa\u0107, okazuj\u0105c Chrystusowi nie tylko cze\u015b\u0107, ale r&oacute;wnie\u017c &bdquo;mi\u0142o\u015b\u0107 za mi\u0142o\u015b\u0107&rdquo; \/JPII\/ poprzez postaw\u0119 s\u0142u\u017cby. Ofiara mszy \u015bwi\u0119tej jest najwi\u0119kszym dowodem mi\u0142o\u015bci Boga do cz\u0142owieka. Eucharystia staje si\u0119 szko\u0142\u0105 mi\u0142o\u015bci bli\u017aniego. Sakrament komunii jest skarbem, kt&oacute;ry Pan odda\u0142 do naszej dyspozycji, by\u015bmy d\u0105\u017cyli do jedno\u015bci z wszystkimi ochrzczonymi, umacniali wi\u0119zi rodzinne, stawali si\u0119 aposto\u0142ami w swoich \u015brodowiskach \u017cycia. Tajemnica Eucharystii nie mo\u017ce ogranicza\u0107 si\u0119 tylko do jej celebracji, ale ma nas przemienia\u0107, przemienia\u0107 cz\u0142owieka i \u015bwiat. Wsp&oacute;\u0142czesny cz\u0142owiek potrzebuje wielkiego powrotu do Eucharystii, a przede wszystkim zrozumienia&nbsp; Eucharystii. Gdy B&oacute;g jest z nami, a my z Chrystusem i Jego Matk\u0105, to przysz\u0142o\u015b\u0107 nale\u017cy do nas.<\/p>\n<p>Benedykt XVI nazywa tajemnic\u0119 Eucharystii pokarmem dla cz\u0142owieka spragnionego prawdy i wolno\u015bci. T\u0105 wyzwalaj\u0105c\u0105 prawd\u0105 jest sam Chrystus. Mo\u017cna powiedzie\u0107 , \u017ce Eucharystia jest pokarmem Prawdy, z kt&oacute;rego wci\u0105\u017c na nowo wyrasta i rodzi si\u0119 m\u0142ody Ko\u015bci&oacute;\u0142. Jako\u015b\u0107 uczestnictwa wierz\u0105cych w Eucharystii przek\u0142ada si\u0119 na jako\u015b\u0107 ich \u017cycia codziennego tak\u017ce misji g\u0142oszenia Ewangelii. Cytuj\u0105c dalej papie\u017ca: &rdquo;To prawda, \u017ce w naszych czasach stwierdzamy, i\u017c wierni s\u0105 zanurzeni w kulturze, kt&oacute;ra zmierza do zanegowania poczucia grzechu, sprzyjaj\u0105c p\u0142ytkiej postawie prowadz\u0105cej do zapominania konieczno\u015bci trwania w \u0142asce Bo\u017cej, aby m&oacute;c godnie przyst\u0105pi\u0107 do sakramentu Komunii&rdquo;. Komunia \u015awi\u0119ta nie mo\u017ce by\u0107 udzielona osobom rozwiedzionym, kt&oacute;re zawar\u0142y ponowny zwi\u0105zek ma\u0142\u017ce\u0144ski, &rdquo;poniewa\u017c swoim stanem i sytuacj\u0105 \u017cyciow\u0105 obiektywnie sprzeciwiaj\u0105 si\u0119 tej jedno\u015bci w mi\u0142o\u015bci pomi\u0119dzy Chrystusem i Ko\u015bcio\u0142em, kt&oacute;ra jest oznaczona i realizowana w Eucharystii&rdquo;.<\/p>\n<p>&bdquo;Eucharystia to pokarm zastrze\u017cony dla tych, kt&oacute;rzy w chrzcie \u015bwi\u0119tym wyzwoleni zostali z niewoli grzechu i stali si\u0119 dzie\u0107mi Bo\u017cymi: to pokarm, kt&oacute;ry wspiera ich w d\u0142ugim marszu \/&hellip;\/przez pustyni\u0119 ludzkiej egzystencji. Dla ka\u017cdego pokolenia chrze\u015bcijan Eucharystia jest niezb\u0119dnym po\u017cywieniem w drodze przez pustyni\u0119 tego \u015bwiata, wyja\u0142owion\u0105 przez systemy ideologiczne i gospodarcze, kt&oacute;re nie promuj\u0105 \u017cycia, lecz je zadr\u0119czaj\u0105; \u015bwiata, w kt&oacute;rym dominuje logika w\u0142adzy i posiadania, a nie logika s\u0142u\u017cby i mi\u0142o\u015bci; \u015bwiata , w kt&oacute;rym nierzadko triumfuje kultura przemocy i \u015bmierci. Jednak\u017ce Jezus wychodzi nam naprzeciw i napawa nas poczuciem bezpiecze\u0144stwa- On sam jest Chlebem \u017bycia.&rdquo;&nbsp; Poniewa\u017c Chrystus ofiarowa\u0142 si\u0119 za ca\u0142\u0105 ludzko\u015b\u0107, pragnieniem Pana jest, a\u017ceby ka\u017cda istota ludzka \u017cywi\u0142a si\u0119 Eucharysti\u0105,, aby ka\u017cdy cz\u0142owiek dost\u0105pi\u0142 rado\u015bci, \u017cycia nie\u015bmiertelnego, pokoju i mi\u0142o\u015bci.<\/p>\n<p>Zadaniem dla ka\u017cdego cz\u0142onka Akcji Katolickiej jest zapoznanie si\u0119 z w\/w dokumentami papieskimi.<\/p>\n<p>Dla \u015bw. Jana Paw\u0142a II , jak sam wyzna\u0142, najwa\u017cniejszym czynem, najwa\u017cniejszym dzia\u0142aniem ka\u017cdego dnia by\u0142a msza \u015bwi\u0119ta w kt&oacute;rej zawiera si\u0119 najpe\u0142niejsza synteza modlitwy, tzn. spotkania z Bogiem w Chrystusie i obcowania z nim.&nbsp;&nbsp; Ka\u017cda osoba nale\u017c\u0105ca do Akcji Katolickiej powinna coraz bardziej , coraz g\u0142\u0119biej wchodzi\u0107 w tajemnic\u0119 Eucharystii, poprzez modlitw\u0119, adoracj\u0119 a przede wszystkim mie\u0107 \u015bwiadomo\u015b\u0107 uczestniczenia w czym\u015b niezwyk\u0142ym i spotkaniu z Kim\u015b niezwyk\u0142ym , bo z samym Bogiem i Jego Synem i Duchem \u015awi\u0119tym. <\/p>\n<p><em><strong>Modlitwa:<\/strong> Zosta\u0144 z nami Panie! Ty Bo\u017cy W\u0119drowcu, kt&oacute;ry znasz nasze drogi i nasze serca, nie dozw&oacute;l , by\u015bmy pozostali wi\u0119\u017aniami wieczornych cieni. Wspieraj nas, gdy jeste\u015bmy strudzeni, przebacz nasze grzechy, kieruj naszymi krokami na drogach dobra. B\u0142ogos\u0142aw dzieciom, m\u0142odzie\u017cy, starszym, rodzinom, a zw\u0142aszcza chorym. B\u0142ogos\u0142aw kap\u0142anom, osobom konsekrowanym. B\u0142ogos\u0142aw ca\u0142ej ludzko\u015bci. W Eucharystii jeste\u015b &bdquo;lekarstwem na nie\u015bmiertelno\u015b\u0107&rdquo;; obdarz nas pragnieniem pe\u0142ni \u017cycia, kt&oacute;re nam pomo\u017ce i\u015b\u0107 po tej ziemi jako ufni i rado\u015bni pielgrzymi, wpatrzeni zawsze w cel \u017cycia bez ko\u0144ca. Zosta\u0144 z nami Panie!. Amen.<\/em><\/p>\n<p><span style=\"font-size:10px;\"><em>Opracowanie na podstawie materia\u0142&oacute;w formacyjnych- Anna Szular.<\/em><\/span><\/p>\n","protected":false},"excerpt":{"rendered":"<p>&bdquo;WIELKA TAJEMNICA WIARY&rdquo;&nbsp; Katecheza XI &#8211; Enuncjacje \u015bw. Jana Paw\u0142a II i Benedykta XVI po\u015bwi\u0119cone Eucharystii. Modlitwa: Panie Jezu, kt&oacute;ry poprzez Eucharysti\u0119 zamieszka\u0142e\u015b w\u015br&oacute;d nas i sta\u0142e\u015b si\u0119 wraz z &hellip; <a href=\"https:\/\/budy.przemyska.pl\/index.php\/akcja-katolicka\/katecheza-xi-enuncjacje-sw-jana-pawla-ii-i-benedykta-xvi-poswiecone-eucharystii\/\" class=\"more-link\">Czytaj dalej <span class=\"screen-reader-text\">Katecheza XI &#8211; Enuncjacje \u015bw. Jana Paw\u0142a II i Benedykta XVI po\u015bwi\u0119cone Eucharystii<\/span> <span class=\"meta-nav\">&rarr;<\/span><\/a><\/p>\n","protected":false},"author":1,"featured_media":0,"parent":84,"menu_order":11,"comment_status":"closed","ping_status":"closed","template":"","meta":{"footnotes":""},"class_list":["post-3224","page","type-page","status-publish","hentry"],"_links":{"self":[{"href":"https:\/\/budy.przemyska.pl\/index.php\/wp-json\/wp\/v2\/pages\/3224","targetHints":{"allow":["GET"]}}],"collection":[{"href":"https:\/\/budy.przemyska.pl\/index.php\/wp-json\/wp\/v2\/pages"}],"about":[{"href":"https:\/\/budy.przemyska.pl\/index.php\/wp-json\/wp\/v2\/types\/page"}],"author":[{"embeddable":true,"href":"https:\/\/budy.przemyska.pl\/index.php\/wp-json\/wp\/v2\/users\/1"}],"replies":[{"embeddable":true,"href":"https:\/\/budy.przemyska.pl\/index.php\/wp-json\/wp\/v2\/comments?post=3224"}],"version-history":[{"count":0,"href":"https:\/\/budy.przemyska.pl\/index.php\/wp-json\/wp\/v2\/pages\/3224\/revisions"}],"up":[{"embeddable":true,"href":"https:\/\/budy.przemyska.pl\/index.php\/wp-json\/wp\/v2\/pages\/84"}],"wp:attachment":[{"href":"https:\/\/budy.przemyska.pl\/index.php\/wp-json\/wp\/v2\/media?parent=3224"}],"curies":[{"name":"wp","href":"https:\/\/api.w.org\/{rel}","templated":true}]}}