{"id":3149,"date":"2020-09-06T11:01:41","date_gmt":"2020-09-06T09:01:41","guid":{"rendered":"http:\/\/www.budylancuckie.przemyska.pl\/?page_id=3149"},"modified":"2020-09-06T11:01:41","modified_gmt":"2020-09-06T09:01:41","slug":"katecheza-vii-eucharystia-a-jednosc-kosciola","status":"publish","type":"page","link":"https:\/\/budy.przemyska.pl\/index.php\/akcja-katolicka\/katecheza-vii-eucharystia-a-jednosc-kosciola\/","title":{"rendered":"Katecheza VII &#8211; Eucharystia a jedno\u015b\u0107 Ko\u015bcio\u0142a"},"content":{"rendered":"<h2 style=\"text-align: center;\"><strong>&bdquo;WIELKA TAJEMNICA WIARY&rdquo;&nbsp; <\/strong><\/h2>\n<h3 style=\"text-align: center;\"><strong>Katecheza VII &#8211; Eucharystia a jedno\u015b\u0107 Ko\u015bcio\u0142a.<br \/>\n\t<\/strong><\/h3>\n<p>S\u0142owo Bo\u017ce i nauczanie Ko\u015bcio\u0142a podkre\u015blaj\u0105, \u017ce prawdziwa jedno\u015b\u0107 Ko\u015bcio\u0142a konstytuuje si\u0119 przez celebracj\u0119 Eucharystii- jest ona umacniana przez zgromadzenie liturgiczne i posilanie si\u0119 wiernych Komuni\u0105 \u015bwi\u0119t\u0105. Eucharystia bowiem to ca\u0142e wydarzenie liturgiczne, w kt&oacute;rym Chrystus przemawia do swojego ludu, ofiaruje si\u0119 za niego i daje udzia\u0142 w darze zbawienia w przyst\u0105pieniu do O\u0142tarza. Z kolei liturgi\u0119 trzeba widzie\u0107 w ca\u0142o\u015bci \u017cycia Ko\u015bcio\u0142a, codzienno\u015bci wiernych, ich zada\u0144 i obowi\u0105zk&oacute;w. Nie ma jedno\u015bci Ko\u015bcio\u0142a bez Eucharystii. Wyrazem tej rzeczywisto\u015bci s\u0105 niekt&oacute;re nazwy celebracji tego sakramentu. Eucharystia to dzi\u0119kczynienie ludu Bo\u017cego za zbawienie, kt&oacute;re B&oacute;g da\u0142 wierz\u0105cym przez Jezusa Chrystusa. Jednocz\u0105cy charakter Eucharystii wyra\u017caj\u0105 biblijne okre\u015blenia: &bdquo;Wieczerz Pa\u0144ska&rdquo;, &bdquo;\u0141amanie Chleba&rdquo;, &bdquo;Uczta Pa\u0144ska&rdquo;. W ten spos&oacute;b realizuje si\u0119 wyznanie \u015bw. Paw\u0142a: &bdquo;Chleb kt&oacute;ry \u0142amiemy, czy\u017c nie jest udzia\u0142em w Ciele Chrystusa? Poniewa\u017c jeden jest chleb, przeto my, liczni, tworzymy jedno cia\u0142o. Wszyscy bowiem bierzemy z tego samego chleba&rdquo;.<\/p>\n<p>Eucharystia nie tylko wyra\u017ca jedno\u015b\u0107, ale j\u0105 tworzy, buduje i umacnia. Chodzi tu o relacj\u0119 z Bogiem, ze \u015bwi\u0119tymi w niebie, oraz wiernymi do\u015bwiadczaj\u0105cymi ostatecznego oczyszczenia, jak r&oacute;wnie\u017c z ca\u0142ym ziemskim Ko\u015bcio\u0142em. Eucharystia buduje jedno\u015b\u0107 uczestnik&oacute;w danej celebracji, wierni stoj\u0105 zgromadzeni- jedni wobec jednego Boga i wobec siebie. Przez Liturgi\u0119 i Komuni\u0119 \u015bw. realizuj\u0105 si\u0119 wi\u0119c s\u0142owa \u015bw. Paw\u0142a: &bdquo;Jeden jest Pan, jedna wiara, jeden chrzest. Jeden jest B&oacute;g i Ojciec wszystkich, kt&oacute;ry jest i dzia\u0142a ponad wszystkimi, przez wszystkich i we wszystkich&rdquo;.<\/p>\n<p>Celebracja Eucharystii obejmuje nie tylko zgromadzonych przy danym O\u0142tarzu, ale stanowi wsp&oacute;lnot\u0119 ze zbawionymi w niebie i osobami do\u015bwiadczaj\u0105cymi czy\u015b\u0107ca. Liturgia prowadzi do jedno\u015bci Ko\u015bcio\u0142a ze \u015bwiatem, co dokonuje si\u0119 przez modlitw\u0119 np. w Wielki Pi\u0105tek :&rdquo;M&oacute;dlmy si\u0119 za wszystkich rz\u0105dz\u0105cych pa\u0144stwami- niech nasz B&oacute;g i Pan kieruje ich umys\u0142ami i sercami wed\u0142ug swojej woli, aby\u015bmy wszyscy \u017cyli w prawdziwej wolno\u015bci i pokoju&rdquo;.<\/p>\n<p>Jedno\u015b\u0107 ze \u015bwiatem wyra\u017ca si\u0119 r&oacute;wnie\u017c w pochyleniu si\u0119 nad ubogimi, w s\u0142u\u017cbie potrzebuj\u0105cym, w dzia\u0142alno\u015bci charytatywnej wyp\u0142ywaj\u0105cej z prze\u017cycia Eucharistii.<\/p>\n<p>Powy\u017csze rozwa\u017cania podsumowuje modlitwa: &bdquo;Jezu, przez dar Eucharystii prowad\u017a nas do jedno\u015bci z Ojcem, ze \u015bwi\u0119tymi w niebie, z ca\u0142ym Ko\u015bcio\u0142em i wszystkimi ochrzczonymi. Daj nam by\u0107 aposto\u0142ami jedno\u015bci w naszej parafii, w naszych domach i w miejscach pracy. Amen&rdquo;<\/p>\n<p><span style=\"font-size:10px;\"><em>Na podstawie materia\u0142&oacute;w formacyjnych referat przygotowa\u0142a p. Zofia Ros&oacute;\u0142.<\/em><\/span><\/p>\n","protected":false},"excerpt":{"rendered":"<p>&bdquo;WIELKA TAJEMNICA WIARY&rdquo;&nbsp; Katecheza VII &#8211; Eucharystia a jedno\u015b\u0107 Ko\u015bcio\u0142a. S\u0142owo Bo\u017ce i nauczanie Ko\u015bcio\u0142a podkre\u015blaj\u0105, \u017ce prawdziwa jedno\u015b\u0107 Ko\u015bcio\u0142a konstytuuje si\u0119 przez celebracj\u0119 Eucharystii- jest ona umacniana przez zgromadzenie &hellip; <a href=\"https:\/\/budy.przemyska.pl\/index.php\/akcja-katolicka\/katecheza-vii-eucharystia-a-jednosc-kosciola\/\" class=\"more-link\">Czytaj dalej <span class=\"screen-reader-text\">Katecheza VII &#8211; Eucharystia a jedno\u015b\u0107 Ko\u015bcio\u0142a<\/span> <span class=\"meta-nav\">&rarr;<\/span><\/a><\/p>\n","protected":false},"author":1,"featured_media":0,"parent":84,"menu_order":7,"comment_status":"closed","ping_status":"closed","template":"","meta":{"footnotes":""},"class_list":["post-3149","page","type-page","status-publish","hentry"],"_links":{"self":[{"href":"https:\/\/budy.przemyska.pl\/index.php\/wp-json\/wp\/v2\/pages\/3149","targetHints":{"allow":["GET"]}}],"collection":[{"href":"https:\/\/budy.przemyska.pl\/index.php\/wp-json\/wp\/v2\/pages"}],"about":[{"href":"https:\/\/budy.przemyska.pl\/index.php\/wp-json\/wp\/v2\/types\/page"}],"author":[{"embeddable":true,"href":"https:\/\/budy.przemyska.pl\/index.php\/wp-json\/wp\/v2\/users\/1"}],"replies":[{"embeddable":true,"href":"https:\/\/budy.przemyska.pl\/index.php\/wp-json\/wp\/v2\/comments?post=3149"}],"version-history":[{"count":0,"href":"https:\/\/budy.przemyska.pl\/index.php\/wp-json\/wp\/v2\/pages\/3149\/revisions"}],"up":[{"embeddable":true,"href":"https:\/\/budy.przemyska.pl\/index.php\/wp-json\/wp\/v2\/pages\/84"}],"wp:attachment":[{"href":"https:\/\/budy.przemyska.pl\/index.php\/wp-json\/wp\/v2\/media?parent=3149"}],"curies":[{"name":"wp","href":"https:\/\/api.w.org\/{rel}","templated":true}]}}