{"id":3110,"date":"2020-06-20T21:45:58","date_gmt":"2020-06-20T19:45:58","guid":{"rendered":"http:\/\/www.budylancuckie.przemyska.pl\/?page_id=3110"},"modified":"2020-06-20T21:45:58","modified_gmt":"2020-06-20T19:45:58","slug":"katecheza-vi-eucharystia-antycypacja-uczty-niebieskiej","status":"publish","type":"page","link":"https:\/\/budy.przemyska.pl\/index.php\/akcja-katolicka\/katecheza-vi-eucharystia-antycypacja-uczty-niebieskiej\/","title":{"rendered":"Katecheza VI &#8211; Eucharystia antycypacj\u0105 uczty niebieskiej"},"content":{"rendered":"<h2 style=\"text-align: center;\"><strong>&bdquo;WIELKA TAJEMNICA WIARY&rdquo;&nbsp; <\/strong><\/h2>\n<h3 style=\"text-align: center;\"><strong>Katecheza VI &#8211; Eucharystia antycypacj\u0105 uczty niebieskiej.<br \/>\n\t<\/strong><\/h3>\n<p><strong>Modlitwa: <\/strong><em>Oddaj\u0105c samego siebie Komunii, dajesz mi to wszystko, czym jeste\u015b i co posiadasz. Spo\u017cywaj\u0105c Twoje Cia\u0142o, nie zmieniam Ciebie we mnie, lecz siebie w Ciebie. Jak\u017ce wielk\u0105 pomoc\u0105 jest dla mnie Komunia \u015awi\u0119ta! Uwalnia mnie od codziennych win i chroni od jeszcze wi\u0119kszych.\/&hellip;\/<br \/>\n\t<\/em><\/p>\n<p><em><br \/>\n\t<\/em>Zaprawd\u0119, zaprawd\u0119, powiadam wam: Nie Moj\u017cesz da\u0142 wam chleb z nieba, ale dopiero Ojciec m&oacute;j da wam prawdziwy chleb z nieba. Albowiem chlebem Bo\u017cym jest Ten, kt&oacute;ry z nieba zst\u0119puje i \u017cycie daje \u015bwiatu \/J 6, 32-33\/.<\/p>\n<p>Miejmy \u015bwiadomo\u015b\u0107, \u017ce w czasie Eucharystii stajemy przed samym Chrystusem. Tajemnica Jego obecno\u015bci nadaje uczcie Eucharystycznej wymiar nadprzyrodzony. W Eucharystii spe\u0142nia si\u0119 obietnica Jezusa, \u017ce pozostanie z nami a\u017c do sko\u0144czenia \u015bwiata.<\/p>\n<p>Eucharystia jest uobecnieniem ostatniej uczty, w kt&oacute;rej Jezus bra\u0142 udzia\u0142 tu na ziemi przed m\u0119k\u0105. W nast\u0119pnej uczcie b\u0119dzie bra\u0142 udzia\u0142 ju\u017c w Kr&oacute;lestwie Bo\u017cym wg Jego s\u0142&oacute;w: &bdquo;Nigdy ju\u017c nie b\u0119d\u0119 spo\u017cywa\u0107 \/tej Paschy\/, a\u017c si\u0119 spe\u0142ni w Kr&oacute;lestwie Bo\u017cym&rdquo;\/\u0141k 22, 16\/. Ka\u017cda msza \u015bw. sprawowana teraz &ndash; to przedsmak uczty niebieskiej- pe\u0142nej komunii z Bogiem, przedsmak Bo\u017cej rado\u015bci. Komunia staje si\u0119 pokarmem, kt&oacute;ry podtrzymuje wiernych w pielgrzymowaniu za Chrystusem.Jezus jako gospodarz ostatniej wieczerzy nie tylko zapowiada przysz\u0142o\u015b\u0107, ale On j\u0105 stwarza, obdarzaj\u0105c chleb i wino nowym znaczeniem. Na mocy woli Chrystusa chleb staje si\u0119 Jego Cia\u0142em, za\u015b wino- Jego Krwi\u0105. Jezus ustanawia Eucharysti\u0119 jako ofiar\u0119 sk\u0142adan\u0105 Bogu za grzechy nasze i ca\u0142ego \u015bwiata. Cia\u0142o ma by\u0107 &bdquo;za was wydane&rdquo; , Krew ma by\u0107 &bdquo;za was wylana&rdquo; . Spo\u017cywaj\u0105c wi\u0119c Cia\u0142o Jezusa i pij\u0105c Krew Jezusa ofiarowane Ojcu wierni w\u0142\u0105czaj\u0105 si\u0119 w Jego ofiar\u0119, korzystaj\u0105c z \u0142ask przez ni\u0105 osi\u0105ganych. \u017beby udzia\u0142 wiernych w tej uczcie m&oacute;g\u0142 by\u0107 powszechny- Jezus wybiera zwyczajne sk\u0142adniki pokarmu codziennego- chleb i wino. Wszystkie gesty sprawowane podczas mszy \u015bw. wprowadzaj\u0105 uczestnicz\u0105cego w niej chrze\u015bcijanina do nowego \u015bwiata- do przysz\u0142ej uczty niebieskiej, gdzie gospodarzem i obs\u0142uguj\u0105cym b\u0119dzie sam Jezus. Wchodz\u0105c przez \u015bmier\u0107 do Chwa\u0142y, Jezus nie przestaje by\u0107 Arcykap\u0142anem i Ofiar\u0105 ku chwale Boga Ojca. Wszystkich uczestnicz\u0105cych we Mszy \u015bw.- Eucharystia wprowadza w bezpo\u015bredni kontakt z Jezusem Arcykap\u0142anem, \u017cyj\u0105cym na wieki; inaczej m&oacute;wi\u0105c- Eucharystia umo\u017cliwia wierz\u0105cemu fizyczny kontakt z Chrystusem istniej\u0105cym w &bdquo;nowym \u015bwiecie&rdquo;. Spo\u017cywane dary Cia\u0142a i Krwi naszego Pana stanowi\u0105 w\u0142a\u015bciwy pokarm dla nowego \u015bwiata, w kt&oacute;rym \u017cycie nigdy si\u0119 nie ko\u0144czy. O skutkach spo\u017cywania tego pokarmu m&oacute;wi Jezus: Kto spo\u017cywa Moje Cia\u0142o i pije Moj\u0105 Krew, ma \u017cycie wieczne, a Ja go wskrzesz\u0119 w dniu ostatecznym\/J 6, 54\/. <\/p>\n<p>&nbsp;<\/p>\n<p>Nowy \u015bwiat- wyzwolony z ogranicze\u0144, zagro\u017ce\u0144, cierpie\u0144 starego \u015bwiata- jest przez Eucharysti\u0119 udost\u0119pniony ka\u017cdemu wierz\u0105cemu cz\u0142owiekowi. Trzeba si\u0119 tylko na ten dar otworzy\u0107 przez wiar\u0119 i wol\u0119 &ndash; zgodnie z aklamacj\u0105 wypowiadan\u0105 w czasie ofiary: &bdquo;oczekujemy Twego przyj\u015bcia w chwale&rdquo;. Eucharystia kieruje uwag\u0119 na ostateczny cel \u017cycia wierz\u0105cych. Jest przedsmakiem pe\u0142nej rado\u015bci obiecanej przez Jezusa Chrystusa. Ta rado\u015b\u0107 jest rado\u015bci\u0105 pe\u0142n\u0105, woln\u0105 od jakiegokolwiek niepokoju, nieprzewidywalno\u015bci, b&oacute;lu, tego \u017ce si\u0119 sko\u0144czy. Eucharystia jest bram\u0105 nieba, kt&oacute;ra otwiera si\u0119 ju\u017c tu na ziemi i rzuca \u015bwiat\u0142o nadziei na drogi ludzkiego \u017cycia. Do tego kr&oacute;lestwa mo\u017cna wej\u015b\u0107 wy\u0142\u0105cznie moc\u0105 mi\u0142o\u015bci, mi\u0142o\u015bci ludzkich serc. Ta mi\u0142o\u015b\u0107 jest umacniana i o\u017cywiana spo\u017cywaniem Cia\u0142a i Krwi Chrystusa. W Credo wyznajemy, \u017ce oczekujemy &bdquo;\u017cycia w przysz\u0142ym \u015bwiecie&rdquo;. Ale to oczekiwanie nie mo\u017ce oznacza\u0107 zaniedbywanie codziennych obowi\u0105zk&oacute;w. To oczekiwanie ma by\u0107 aktywne poprzez prac\u0119, nauk\u0119, trosk\u0119 o najbli\u017cszych, potrzebuj\u0105cych pomocy. Jest takie powiedzenie:&rdquo; \u017cyj tak jakby\u015b mia\u0142 umrze\u0107 jutro, pracuj tak jakby\u015b mia\u0142 \u017cy\u0107 wiecznie&rdquo;.&nbsp;&nbsp;&nbsp; Lekcewa\u017cenie wymog&oacute;w mi\u0142o\u015bci, nale\u017cnej wszystkim ludziom, prowadzi do niegodnego spo\u017cywania Chleba. Ten, kt&oacute;ry powiedzia\u0142 :&rdquo;To jest Cia\u0142o moje&rdquo;, jest tym samym, kt&oacute;ry m&oacute;wi\u0142: &rdquo;by\u0142em g\u0142odny, a nie dali\u015bcie mi je\u015b\u0107&rdquo;; &bdquo;wszystko co uczynili\u015bcie jednemu z tych braci moich najmniejszych, mnie\u015bcie uczynili&rdquo;.&nbsp; Jezus najbardziej uto\u017csamia si\u0119 z ubogimi, pogardzanymi, wy\u015bmiewanymi, chorymi, u\u0142omnymi. Jezus winien by\u0107 dostrzegany wsz\u0119dzie tam, gdzie faktycznie jest obecny i z nale\u017cnym szacunkiem traktowany. A obecny jest nie tylko w Eucharystii,&nbsp; ale w ca\u0142ej rzeczywisto\u015bci Ko\u015bcio\u0142a. <\/p>\n<p>Warto pami\u0119ta\u0107, \u017ce uczestnicz\u0105c we mszy \u015bw. uczestniczymy w zapowiedzi uczty niebieskiej. Udzia\u0142 w Eucharystii jest przedsmakiem tej uczty, a tak\u017ce nadziej\u0105 dla chrze\u015bcijan pielgrzymuj\u0105cych w\u015br&oacute;d trud&oacute;w, wyrzecze\u0144, utrapie\u0144, na &bdquo;nowe niebo i now\u0105 ziemi\u0119&rdquo;, gdzie B&oacute;g b\u0119dzie Panem i &bdquo;wszystkim we wszystkich&rdquo;. Ta nadzieja zakotwiczona jest w Bogu, kt&oacute;ry przez Jezusa Chrystusa w Duchu \u015awi\u0119tym objawia i obdarza cz\u0142owieka mi\u0142o\u015bci\u0105.<\/p>\n<p>&bdquo; Pod zas\u0142on\u0105 teraz, Jezu, widz\u0119 Ci\u0119,<br \/>\n\tNiech pragnienie serca kiedy\u015b spe\u0142ni si\u0119,<br \/>\n\tBym oblicze Twoje tam ogl\u0105da\u0107 m&oacute;g\u0142, <br \/>\n\tGdzie wybranym miejsce przygotowa\u0142 B&oacute;g. Amen.<\/p>\n<p><span style=\"font-size:10px;\"><em>Opracowanie na podstawie materia\u0142&oacute;w formacyjnych &ndash; przygotowa\u0142a Anna Szular.<\/em><\/span><\/p>\n","protected":false},"excerpt":{"rendered":"<p>&bdquo;WIELKA TAJEMNICA WIARY&rdquo;&nbsp; Katecheza VI &#8211; Eucharystia antycypacj\u0105 uczty niebieskiej. Modlitwa: Oddaj\u0105c samego siebie Komunii, dajesz mi to wszystko, czym jeste\u015b i co posiadasz. Spo\u017cywaj\u0105c Twoje Cia\u0142o, nie zmieniam Ciebie &hellip; <a href=\"https:\/\/budy.przemyska.pl\/index.php\/akcja-katolicka\/katecheza-vi-eucharystia-antycypacja-uczty-niebieskiej\/\" class=\"more-link\">Czytaj dalej <span class=\"screen-reader-text\">Katecheza VI &#8211; Eucharystia antycypacj\u0105 uczty niebieskiej<\/span> <span class=\"meta-nav\">&rarr;<\/span><\/a><\/p>\n","protected":false},"author":1,"featured_media":0,"parent":84,"menu_order":6,"comment_status":"closed","ping_status":"closed","template":"","meta":{"footnotes":""},"class_list":["post-3110","page","type-page","status-publish","hentry"],"_links":{"self":[{"href":"https:\/\/budy.przemyska.pl\/index.php\/wp-json\/wp\/v2\/pages\/3110","targetHints":{"allow":["GET"]}}],"collection":[{"href":"https:\/\/budy.przemyska.pl\/index.php\/wp-json\/wp\/v2\/pages"}],"about":[{"href":"https:\/\/budy.przemyska.pl\/index.php\/wp-json\/wp\/v2\/types\/page"}],"author":[{"embeddable":true,"href":"https:\/\/budy.przemyska.pl\/index.php\/wp-json\/wp\/v2\/users\/1"}],"replies":[{"embeddable":true,"href":"https:\/\/budy.przemyska.pl\/index.php\/wp-json\/wp\/v2\/comments?post=3110"}],"version-history":[{"count":0,"href":"https:\/\/budy.przemyska.pl\/index.php\/wp-json\/wp\/v2\/pages\/3110\/revisions"}],"up":[{"embeddable":true,"href":"https:\/\/budy.przemyska.pl\/index.php\/wp-json\/wp\/v2\/pages\/84"}],"wp:attachment":[{"href":"https:\/\/budy.przemyska.pl\/index.php\/wp-json\/wp\/v2\/media?parent=3110"}],"curies":[{"name":"wp","href":"https:\/\/api.w.org\/{rel}","templated":true}]}}