{"id":3071,"date":"2020-05-04T20:20:30","date_gmt":"2020-05-04T18:20:30","guid":{"rendered":"http:\/\/www.budylancuckie.przemyska.pl\/?page_id=3071"},"modified":"2020-05-04T20:20:30","modified_gmt":"2020-05-04T18:20:30","slug":"ak-katecheza-v-eucharystia-uobecnieniem-misterium-paschalnego-jezusa-chrystusa","status":"publish","type":"page","link":"https:\/\/budy.przemyska.pl\/index.php\/akcja-katolicka\/ak-katecheza-v-eucharystia-uobecnieniem-misterium-paschalnego-jezusa-chrystusa\/","title":{"rendered":"Katecheza V &#8211; Eucharystia uobecnieniem Misterium Paschalnego Jezusa Chrystusa."},"content":{"rendered":"<h2 style=\"text-align: center;\"><strong>&bdquo;WIELKA TAJEMNICA WIARY&rdquo;&nbsp; <\/strong><\/h2>\n<h3 style=\"text-align: center;\"><strong>Katecheza V &#8211; Eucharystia uobecnieniem Misterium Paschalnego Jezusa Chrystusa.<br \/>\n\t<\/strong><\/h3>\n<p><strong>Modlitwa: <\/strong><em>M&oacute;j Panie Jezu Chryste, kt&oacute;ry przez mi\u0142o\u015b\u0107, kt&oacute;r\u0105 masz wobec ludzi, pozostajesz z nami w dzie\u0144 i w nocy w tym Sakramencie, pe\u0142en mi\u0142osierdzia i mi\u0142o\u015bci, oczekuj\u0105c, zapraszaj\u0105c i przyjmuj\u0105c wszystkich, kt&oacute;rzy przyje\u017cd\u017caj\u0105 do Ciebie, wierz\u0119, \u017ce jeste\u015b obecny w Sakramencie O\u0142tarza. Z przepa\u015bci mojej nico\u015bci uwielbiam Ciebie. Dzi\u0119kuj\u0119 Ci za wszystkie \u0142aski, kt&oacute;rymi mnie obdarzy\u0142e\u015b, a zw\u0142aszcza \u017ce da\u0142e\u015b mi siebie w tym Sakramencie. Amen.&nbsp; \/\u015bw. Alfons Maria Liguori\/<br \/>\n\t<\/em><\/p>\n<p><em><br \/>\n\t<\/em>Eucharystia jest najwznio\u015blejszym Sakramentem, dlatego, \u017ce w nim &bdquo;zawiera si\u0119 ca\u0142e duchowe dobro Ko\u015bcio\u0142a, a mianowicie sam Chrystus, nasza Pascha i chleb \u017cywy, kt&oacute;ry przez Cia\u0142o swoje o\u017cywione i o\u017cywiaj\u0105ce Duchem \u015awi\u0119tym daje \u017cycie ludziom \/Sob&oacute;r Watyka\u0144ski II\/. Eucharystia jest pami\u0105tk\u0105 Paschy Chrystusa, tzn. dzie\u0142a zbawienia wype\u0142nionego przez Jego \u017cycie, \u015bmier\u0107 i zmartwychwstanie. Dzie\u0142o to uobecnia si\u0119 w czynno\u015bci liturgicznej \/KKK 1409\/. Uczestnicz\u0105c we Mszy \u015bwi\u0119tej, wszyscy wierni mog\u0105 korzysta\u0107 z owoc&oacute;w odkupienia, uczestnicz\u0105c w spos&oacute;b duchowy w Misterium Paschalnym Jezusa Chrystusa. Akt ofiarny nie jest jedynie wspomnieniem rzeczy przesz\u0142ej, tego, co si\u0119 wydarzy\u0142o kiedy\u015b na Golgocie, dzieje si\u0119 obecnie w rzeczywisty spos&oacute;b. Obrz\u0119d Mszy \u015bw. nie odnawia ofiary krzy\u017cowej w sensie dos\u0142ownym, ale ponawia ci\u0105gle i ponadczasowo jej obecno\u015b\u0107, zas\u0142ugi i zbawcze skutki. To ta sama Ofiara, r&oacute;\u017cna jedynie w tym, \u017ce na krzy\u017cu by\u0142a ofiar\u0105 tylko Chrystusa z\u0142o\u017con\u0105 w imieniu ludzko\u015bci. Natomiast w czasie ka\u017cdej Mszy \u015bwi\u0119tej dokonuje si\u0119 ofiara Chrystusa i Ko\u015bcio\u0142a, czyli wszystkich cz\u0142onk&oacute;w Mistycznego Cia\u0142a.<\/p>\n<p>Przyj\u0119cie Cia\u0142a i Krwi Chrystusa w Komunii \u015aw. pog\u0142\u0119bia zjednoczenie komunikuj\u0105cego z Panem, g\u0142adzi grzechy powszednie i zachowuje od grzech&oacute;w ci\u0119\u017ckich. Poniewa\u017c zostaj\u0105 umocnione wi\u0119zy mi\u0142o\u015bci mi\u0119dzy komunikuj\u0105cym a Chrystusem, przyjmowanie tego sakramentu umacnia jedno\u015b\u0107 Ko\u015bcio\u0142a, Mistycznego Cia\u0142a Chrystusa \/KKK 116\/. Gdy Ko\u015bci&oacute;\u0142 sprawuje Eucharysti\u0119, pami\u0105tk\u0119 \/anamneza\/ \u015bmierci i zmartwychwstania swojego Pana, to centralne wydarzenie zbawcze staje si\u0119 rzeczywi\u015bcie obecne i dokonuje si\u0119 dzie\u0142o naszego odkupienia. Ofiara ta ma do tego stopnia decyduj\u0105ce znaczenie dla zbawienia rodzaju ludzkiego, \u017ce Jezus z\u0142o\u017cy\u0142 j\u0105 i wr&oacute;ci\u0142 do Ojca dopiero wtedy, gdy zostawi\u0142 nam \u015brodek umo\u017cliwiaj\u0105cy uczestnictwo w niej, tak jakby\u015bmy byli w niej obecni. W ten spos&oacute;b ka\u017cdy wierny mo\u017ce w niej uczestniczy\u0107 i korzysta\u0107 z jej niewyczerpanych owoc&oacute;w. Oto wiara, kt&oacute;r\u0105 poprzez wieki \u017cy\u0142y ca\u0142e pokolenia chrze\u015bcijan. Zaiste, Eucharystia jest bram\u0105, kt&oacute;ra otwiera si\u0119 na ziemi. \/Jan Pawe\u0142 II\/.<\/p>\n<p>Eucharystia, b\u0119d\u0105c \u017ar&oacute;d\u0142em mi\u0142o\u015bci, znajdowa\u0142a si\u0119 i znajduje zawsze w samym \u015brodku \u017cycia uczni&oacute;w Chrystusa. Ma ona posta\u0107 Chleba i Wina, czyli pokarmu i napoju, jest wi\u0119c tak bliska cz\u0142owiekowi, tak \u015bci\u015ble zwi\u0105zana z jego \u017cyciem, jak pokarm i nap&oacute;j. Uwielbienie Boga, kt&oacute;ry jest Mi\u0142o\u015bci\u0105, wyrasta w kulcie Eucharystycznym z owego rodzaju obcowania, w kt&oacute;rym podobnie jak pokarm i nap&oacute;j &ndash; wype\u0142nia On nasz\u0105 duchow\u0105 istot\u0119 i zabezpiecza jej \u017cycie. Eucharystia jest cudownym wydarzeniem, w kt&oacute;rym uobecnia si\u0119 Jezus Chrystus, nasze \u017cycie. Uczestnictwo w ofierze Mszy \u015bwi\u0119tej jest najdoskonalsz\u0105 praktyk\u0105 chrze\u015bcija\u0144skiej pobo\u017cno\u015bci, z kt&oacute;r\u0105 \u017cadna inna nie mo\u017ce si\u0119 r&oacute;wna\u0107. Eucharystia nas kszta\u0142tuje. Szcz\u0119\u015bcie i wieczno\u015b\u0107 \u017cycia zale\u017c\u0105 od naszej zdolno\u015bci do czynienia owocnej mi\u0142o\u015bci ewangelicznej, kt&oacute;r\u0105 otrzymujemy w Eucharystii. Karmi\u0105c si\u0119 tym pokarmem, mo\u017cemy w pe\u0142ni upodobni\u0107 si\u0119 do Chrystusa, do Jego uczu\u0107, do Jego postawy, aby z kolei sta\u0107 si\u0119 chlebem \u0142amanym dla naszych braci \/Ojciec \u015bw. Franciszek\/. Aby owocnie uczestniczy\u0107 w ofierze Mszy \u015bwi\u0119tej potrzeba dobrego i godnego usposobienia duszy. Przed rozpocz\u0119ciem Eucharystii nale\u017cy wzbudzi\u0107 intencj\u0119 dobrego w niej uczestniczenia, ofiarowania jej owoc&oacute;w za kogo\u015b lub w jakiej\u015b intencji. W trakcie Mszy niezb\u0119dne s\u0105 wyciszenie, skupienie, nabo\u017cny szacunek, skrucha, pokora i duch modlitwy. Czynny udzia\u0142 we Mszy \u015bwi\u0119tej polega na tym, i\u017c wszyscy zebrani \u0142\u0105cz\u0105 si\u0119 z modlitwami i ofiar\u0105, kt&oacute;r\u0105 sam Jezus Chrystus w swoim Mistycznym Ciele, jakim jest Ko\u015bci&oacute;\u0142, przez r\u0119ce kap\u0142ana zanosi do Ojca. Wierni nie mog\u0105 by\u0107 tylko biernymi obserwatorami, lecz z woli Chrystusa winni by\u0107 aktywnymi wsp&oacute;\u0142uczestnikami Jego ofiary.<\/p>\n<p>Eucharystyczna komunia z Jezusem zmartwychwsta\u0142ym i \u017cyj\u0105cym na wieki jest zapowiedzi\u0105 niedzieli, kt&oacute;ra nie zna kresu, kiedy nie b\u0119dzie ju\u017c trudu ani b&oacute;lu, ani \u017ca\u0142oby i \u0142ez, ale tylko rado\u015b\u0107 \u017cycia w pe\u0142ni i na zawsze z Panem. Tak\u017ce o tym b\u0142ogim spoczynku m&oacute;wi nam niedzielna Msza \u015bwi\u0119ta nauczaj\u0105c nas, aby\u015bmy w up\u0142ywie tygodnia powierzali si\u0119 w r\u0119ce Ojca, kt&oacute;ry jest w niebie.\/Ojciec \u015bw. Franciszek\/.<\/p>\n<p><span style=\"font-size:10px;\"><em>Opracowanie na podstawie materia\u0142&oacute;w formacyjnych &ndash; Gra\u017cyna Szyma\u0144ska.<\/em><\/span><\/p>\n","protected":false},"excerpt":{"rendered":"<p>&bdquo;WIELKA TAJEMNICA WIARY&rdquo;&nbsp; Katecheza V &#8211; Eucharystia uobecnieniem Misterium Paschalnego Jezusa Chrystusa. Modlitwa: M&oacute;j Panie Jezu Chryste, kt&oacute;ry przez mi\u0142o\u015b\u0107, kt&oacute;r\u0105 masz wobec ludzi, pozostajesz z nami w dzie\u0144 i &hellip; <a href=\"https:\/\/budy.przemyska.pl\/index.php\/akcja-katolicka\/ak-katecheza-v-eucharystia-uobecnieniem-misterium-paschalnego-jezusa-chrystusa\/\" class=\"more-link\">Czytaj dalej <span class=\"screen-reader-text\">Katecheza V &#8211; Eucharystia uobecnieniem Misterium Paschalnego Jezusa Chrystusa.<\/span> <span class=\"meta-nav\">&rarr;<\/span><\/a><\/p>\n","protected":false},"author":1,"featured_media":0,"parent":84,"menu_order":5,"comment_status":"closed","ping_status":"closed","template":"","meta":{"footnotes":""},"class_list":["post-3071","page","type-page","status-publish","hentry"],"_links":{"self":[{"href":"https:\/\/budy.przemyska.pl\/index.php\/wp-json\/wp\/v2\/pages\/3071","targetHints":{"allow":["GET"]}}],"collection":[{"href":"https:\/\/budy.przemyska.pl\/index.php\/wp-json\/wp\/v2\/pages"}],"about":[{"href":"https:\/\/budy.przemyska.pl\/index.php\/wp-json\/wp\/v2\/types\/page"}],"author":[{"embeddable":true,"href":"https:\/\/budy.przemyska.pl\/index.php\/wp-json\/wp\/v2\/users\/1"}],"replies":[{"embeddable":true,"href":"https:\/\/budy.przemyska.pl\/index.php\/wp-json\/wp\/v2\/comments?post=3071"}],"version-history":[{"count":0,"href":"https:\/\/budy.przemyska.pl\/index.php\/wp-json\/wp\/v2\/pages\/3071\/revisions"}],"up":[{"embeddable":true,"href":"https:\/\/budy.przemyska.pl\/index.php\/wp-json\/wp\/v2\/pages\/84"}],"wp:attachment":[{"href":"https:\/\/budy.przemyska.pl\/index.php\/wp-json\/wp\/v2\/media?parent=3071"}],"curies":[{"name":"wp","href":"https:\/\/api.w.org\/{rel}","templated":true}]}}