{"id":298,"date":"2011-12-27T22:54:54","date_gmt":"2011-12-27T21:54:54","guid":{"rendered":"http:\/\/www.budylancuckie.przemyska.pl\/?page_id=298"},"modified":"2011-12-27T22:54:54","modified_gmt":"2011-12-27T21:54:54","slug":"kaplani-pochodzacy-z-terenu-dzisiejszej-parafii-budy-lancuckie","status":"publish","type":"page","link":"https:\/\/budy.przemyska.pl\/index.php\/o-parafii-2\/kaplani-siostry-zakonne-katechetki-sluzba-koscielna\/kaplani-pochodzacy-z-terenu-dzisiejszej-parafii-budy-lancuckie\/","title":{"rendered":"Kap\u0142ani pochodz\u0105cy z terenu dzisiejszej Parafii Budy \u0141a\u0144cuckie"},"content":{"rendered":"<table align=\"center\" border=\"0\" cellpadding=\"20\" cellspacing=\"20\" style=\"width: 100%;\">\n<tbody>\n<tr>\n<td align=\"center\" valign=\"top\">Brak zdj\u0119cia<\/td>\n<td style=\"text-align: justify;\"><a href=\"http:\/\/www.budylancuckie.przemyska.pl\/?page_id=303\"><strong>Ks. Marcin Bia\u0142y<\/strong><\/a>, ur. 1830 r., wy\u015bw. 1855 r. proboszczem w Brzozowie od 1870 r.<\/td>\n<\/tr>\n<tr>\n<td colspan=\"2\">\n<hr \/>\n<\/td>\n<td style=\"text-align: justify;\">&nbsp;<\/td>\n<\/tr>\n<tr>\n<td align=\"center\" valign=\"top\">Brak zdj\u0119cia<\/td>\n<td style=\"text-align: justify;\"><strong>Ks. J&oacute;zef Stafiej<\/strong>, ur. 1847 r., wy\u015bw. 1872 r., proboszczem w Rzeszowie &ndash; Staromie\u015bcie od 1881r.<\/td>\n<\/tr>\n<tr>\n<td colspan=\"2\">\n<hr \/>\n<\/td>\n<td style=\"text-align: justify;\">&nbsp;<\/td>\n<\/tr>\n<tr>\n<td align=\"center\" valign=\"top\">Brak zdj\u0119cia<\/td>\n<td style=\"text-align: justify;\"><strong>Ks. J&oacute;zef Mach<\/strong>, ur. 1868 r., wy\u015bw. 1895 r., katecheta w Ja\u015ble1910 r.<\/td>\n<\/tr>\n<tr>\n<td colspan=\"2\">\n<hr \/>\n<\/td>\n<td style=\"text-align: justify;\">&nbsp;<\/td>\n<\/tr>\n<tr>\n<td align=\"center\" valign=\"top\">Brak zdj\u0119cia<\/td>\n<td style=\"text-align: justify;\"><strong>Ks. J&oacute;zef Polit<\/strong>, ur. 17.03.1882 r. w Korniakowie P\u0142d. (pow. \u0142a\u0144cucki). Po sko\u0144czonym gimnazjum w 1903 r. w Jaros\u0142awiu, skierowa\u0142 swe kroki do Seminarium Duchownego w Przemy\u015blu gdzie otrzyma\u0142 \u015bwi\u0119cenia kap\u0142a\u0144skie 16.06.1907 r. Pierwsz\u0105 plac&oacute;wk\u0105 pracy by\u0142a \u015awilcza, ale po dw&oacute;ch latach wraca do Przemy\u015bla na stanowisko wikarego katedralnego, a nast\u0119pnie katechety w kilku przemyskich szko\u0142ach. Nast\u0119pnie uczy\u0142 \u015bpiewu w gimnazjum i Seminarium Nauczycielskim. Przez par\u0119 lat by\u0142 prefektem w Ma\u0142ym Seminarium. Wyda\u0142 drukiem dla m\u0142odzie\u017cy szkolnej pie\u015bni ko\u015bcielne i patriotyczne komponuj\u0105c do gotowego tekstu w\u0142asn\u0105 muzyk\u0119. W 1917 r. w uje\u017cd\u017calni wojskowej w Przemy\u015blu dyrygowa\u0142 800-set osobowym ch&oacute;rem w koncercie &bdquo;Dzieci dla dzieci&rdquo;. Zamierza\u0142 wyda\u0107 Msza\u0142 w j\u0119zyku polskim z w\u0142asna muzyk\u0105, ale choroba pokrzy\u017cowa\u0142a plany. Zmar\u0142 30.05.1926 r. i zosta\u0142 pochowany na przemyskim cmentarzu.<br \/>\n\t\t\t\t<em>Kronika Diecezji Przemyskiej Rok XXVI<\/em><\/td>\n<\/tr>\n<tr>\n<td colspan=\"2\">\n<hr \/>\n<\/td>\n<\/tr>\n<tr>\n<td align=\"center\" valign=\"top\">[singlepic id=71 w=90 h=115 float=none]<\/td>\n<td style=\"text-align: justify;\"><a href=\"http:\/\/www.budylancuckie.przemyska.pl\/?page_id=306\"><strong>Ks. J&oacute;zef Matuszek<\/strong><\/a>, ur. 1894 r., wy\u015bw. 1920 r. + 1990 r. W Budach \u0141a\u0144cuckich.<\/td>\n<\/tr>\n<tr>\n<td colspan=\"2\">\n<hr \/>\n<\/td>\n<\/tr>\n<tr>\n<td align=\"center\" valign=\"top\">[singlepic id=76 w=90 h=115 float=none]<\/td>\n<td style=\"text-align: justify;\"><strong>Ks. Roman Kojder<\/strong>, ur. 20.X.1918 r., wy\u015bw. 1952 r. we Wroc\u0142awiu, proboszcz w Borku Strzeli\u0144skim, diecezja wroc\u0142awska. + 1996 r.<\/td>\n<\/tr>\n<tr>\n<td colspan=\"2\">\n<hr \/>\n<\/td>\n<\/tr>\n<tr>\n<td align=\"center\" valign=\"top\">[singlepic id=77 w=90 h=115 float=none]<\/td>\n<td style=\"text-align: justify;\"><strong>O. Golak Bogus\u0142aw<\/strong> ur. 1932 r., wy\u015bw. 1958 r w Zakonie Dominikan&oacute;w (obecnie Rzesz&oacute;w). Zmar\u0142 22-03-2020 &#8211; <a href=\"https:\/\/rzeszow.dominikanie.pl\/2020\/03\/zmarl-o-boguslaw-golak-op\/\" target=\"_blank\" rel=\"noopener\">https:\/\/rzeszow.dominikanie.pl\/2020\/03\/zmarl-o-boguslaw-golak-op\/<\/a><\/td>\n<\/tr>\n<tr>\n<td colspan=\"2\">\n<hr \/>\n<\/td>\n<\/tr>\n<tr>\n<td align=\"center\" valign=\"top\">[singlepic id=70 w=90 h=115 float=none]<\/td>\n<td style=\"text-align: justify;\"><strong>Ks. J&oacute;zef Markowicz<\/strong>, ur. 1953 r., wy\u015bw. 1978 r. proboszcz we Wrzawach od 1999 r. diecezja sandomierska.<\/td>\n<\/tr>\n<tr>\n<td colspan=\"2\">\n<hr \/>\n<\/td>\n<\/tr>\n<tr>\n<td align=\"center\" valign=\"top\">[singlepic id=72 w=90 h=115 float=none]<\/td>\n<td style=\"text-align: justify;\"><strong>Ks. Julian Bartnik<\/strong>, ur. 1960 r., wy\u015bw. 1986 r. Od 1999 r. proboszcz w Lubli, od 2000 r.; diecezja rzeszowska.<\/td>\n<\/tr>\n<tr>\n<td colspan=\"2\">\n<hr \/>\n<\/td>\n<\/tr>\n<tr>\n<td align=\"center\" valign=\"top\">[singlepic id=75 w=90 h=115 float=none]<\/td>\n<td style=\"text-align: justify;\"><strong>Ks. Marian Cebula<\/strong>, ur. 1962 r., wy\u015bw. 1987 r., proboszcz w Zg\u0142obniu od 2000 r.; diecezja rzeszowska<\/td>\n<\/tr>\n<tr>\n<td colspan=\"2\">\n<hr \/>\n<\/td>\n<\/tr>\n<tr>\n<td align=\"center\" valign=\"top\">[singlepic id=78 w=90 h=115 float=none]<\/td>\n<td style=\"text-align: justify;\"><strong>Ks. Konrad Dyrda<\/strong>, ur. 17.1977 r. w Rzeszowie. Do matury mieszka\u0142 w Korniaktowie obok szko\u0142y, gdzie ucz\u0119szcza\u0142 przez 8 lat. D\u0142ugoletni ministrant w parafii. Nast\u0119pnie II LO w \u0141a\u0144cucie, matura w 1995 r. i decyzja o Seminarium Duchownym w Przemy\u015blu. Seminarium zako\u0144czy\u0142 w czerwcu 2001, jednak bez \u015bwi\u0119ce\u0144 kap\u0142a\u0144skich, z powodu braku tzw. wieku kanonicznego (po prostu by\u0142 za m\u0142ody). Jako diakon zosta\u0142 skierowany do Jaros\u0142awia (parafia Chrystusa Kr&oacute;la), gdzie zosta\u0142 wy\u015bwi\u0119cony na kap\u0142ana 23.12.2001, pracuj\u0105c tam w sumie 2 lata. Od 2003 do 2007 r. studiowa\u0142 w Lublinie na KUL JP2, ko\u0144cz\u0105c ten czas uzyskaniem doktoratu z teologii pastoralnej, specjalizacja katechetyka. Nast\u0119pnie w latach 2007-2010 by\u0142 katechet\u0105 sta\u0142ym w I LO w Sanoku. Od 2010 przeniesiony do Przemy\u015bla. Jest wyk\u0142adowc\u0105 katechetyki w przemyskim WSD, wizytatorem diecezjalnym katechezy oraz katechet\u0105 w szkole \u015bredniej. Poza katechez\u0105 anga\u017cuje si\u0119 w prowadzenie rekolekcji ignacja\u0144skich. W wolnych chwilach lubi: przyjecha\u0107 na Budy do rodziny \ud83d\ude42 a tak\u017ce: koszyk&oacute;wka, szachy, g&oacute;ry, podr&oacute;\u017ce, kuchnia w\u0142oska (jako konsument).<\/td>\n<\/tr>\n<tr>\n<td colspan=\"2\">\n<hr \/>\n<\/td>\n<\/tr>\n<tr>\n<td align=\"center\" valign=\"top\">&nbsp;<\/td>\n<td style=\"text-align: justify;\">Ks. Pawe\u0142 Czyrek (&#8230;)<\/td>\n<\/tr>\n<tr>\n<td colspan=\"2\">\n<hr \/>\n<\/td>\n<\/tr>\n<tr>\n<td align=\"center\" valign=\"top\">[singlepic id=633 w=160 h=120 float=none]<\/td>\n<td style=\"text-align: justify;\">\n<p><strong>Ojciec Fabian Wikiera<\/strong>, urodzi\u0142 si\u0119 11 kwietnia 1984 roku w Rzeszowie. Pochodzi z Bud \u0141a\u0144cuckich. Uko\u0144czy\u0142 Technikum Mechaniczne o profilu samochodowym w Le\u017cajsku. Jego zainteresowania to kontakt z przyrod\u0105, dobra muzyka a przede wszystkim &quot;dobre jedzenie&quot;. Ceni sobie tak\u017ce dobrze wykonane koronki franciszka\u0144skie, co za\u015bwiadcza Red. Naczelny czasopisma &quot;Pismo Mniejsze &ndash; M\u0142odzie\u017c Seraficka&quot;.<\/p>\n<p><em>Moje powo\u0142anie zrodzi\u0142o si\u0119 niespodziewanie. Pierwsze moje my\u015bli o wst\u0105pieniu do Zakonu mia\u0142y miejsce pod koniec nauki w szkole \u015bredniej. Po raz pierwszy spotka\u0142em Ojc&oacute;w Bernardyn&oacute;w w Technikum, gdzie ucz\u0105 katechezy. Sporo czasu sp\u0119dza\u0142em r&oacute;wnie\u017c w Sanktuarium w Le\u017cajsku, gdzie kr&oacute;luje Matka Bo\u017ca Pocieszenia. I to w\u0142a\u015bnie Ona w du\u017cym stopniu przyczyni\u0142a si\u0119 do podj\u0119cia przeze mnie decyzji o wst\u0105pieniu do Bernardyn&oacute;w.<\/em><em> <\/em><\/p>\n<p><em>Czas postulatu i nowicjatu by\u0142 dla mnie czasem wyciszenia, przybli\u017cenia si\u0119 do Boga oraz czasem, kiedy mog\u0142em pozna\u0107 samego siebie, aby zrozumie\u0107, \u017ce tylko pod\u0105\u017caj\u0105c z Panem przez \u017cycie mo\u017cna czu\u0107 si\u0119 naprawd\u0119 szcz\u0119\u015bliwym. <\/em><\/p>\n<p><a href=\"http:\/\/www.budylancuckie.przemyska.pl\/?p=718\">\u015awi\u0119cenia<br \/>\n\t\t\t\t\t<\/a><\/p>\n<p><a href=\"http:\/\/www.budylancuckie.przemyska.pl\/?page_id=733\">Prymicje<br \/>\n\t\t\t\t\t<\/a><\/p>\n<\/td>\n<\/tr>\n<tr>\n<td colspan=\"2\">\n<hr \/>\n<\/td>\n<\/tr>\n<tr>\n<td align=\"center\" valign=\"top\">[singlepic id=1762 w=320 h=240 float=none]<\/td>\n<td style=\"text-align: justify;\">\n<p><strong>ks. Maciej Cebulak<\/strong> ur. 28-05-1992 r. Ucze\u0144 SZ.P. w Korniaktowie P&oacute;\u0142nocnym i Gimnazjum w Bia\u0142obrzegach. Prawie przez 10 lat by\u0142 ministrantem w ko\u015bciele w Budach \u0141a\u0144cuckich. Po uko\u0144czeniu w 2011 r. II LO w \u0141a\u0144cucie wst\u0105pi\u0142 do Wy\u017cszego Seminarium Duchownego w Przemy\u015blu. Po 5 latach formacji duchowej oraz studi&oacute;w filizoficzno-teologicznych otrzyma\u0142 z r\u0105k abp. J&oacute;zefa Michalika \u015bwi\u0119cenia diakonatu. Mia\u0142o to miejsce 8 maja 2016 r. w Pruchniku w Parafii \u015bw. Miko\u0142aja. W dniu dzisiejszym 3 czerwca 2017 <a href=\"http:\/\/przemyska.pl\/2017\/06\/03\/kaplanow-swoich-dal-nam-bog\/\" target=\"_blank\" rel=\"noopener\">w katedrze przemyskiej przyj\u0105\u0142 \u015bwi\u0119cenia kap\u0142a\u0144skie<\/a>.<\/p>\n<p>Zawo\u0142aniem, kt&oacute;re przyj\u0105\u0142 jako swoj\u0105 dewiz\u0119 s\u0105 s\u0142owa &quot;<em><strong>I przyst\u0105pi\u0119 do o\u0142tarza Bo\u017cego, do Boga, kt&oacute;ry jest moim weselem<\/strong><\/em>&quot; (Ps. 43,4)<\/p>\n<\/td>\n<\/tr>\n<tr>\n<td colspan=\"2\">\n<hr \/>\n<\/td>\n<\/tr>\n<\/tbody>\n<\/table>\n","protected":false},"excerpt":{"rendered":"<p>Brak zdj\u0119cia Ks. Marcin Bia\u0142y, ur. 1830 r., wy\u015bw. 1855 r. proboszczem w Brzozowie od 1870 r. &nbsp; Brak zdj\u0119cia Ks. J&oacute;zef Stafiej, ur. 1847 r., wy\u015bw. 1872 r., proboszczem &hellip; <a href=\"https:\/\/budy.przemyska.pl\/index.php\/o-parafii-2\/kaplani-siostry-zakonne-katechetki-sluzba-koscielna\/kaplani-pochodzacy-z-terenu-dzisiejszej-parafii-budy-lancuckie\/\" class=\"more-link\">Czytaj dalej <span class=\"screen-reader-text\">Kap\u0142ani pochodz\u0105cy z terenu dzisiejszej Parafii Budy \u0141a\u0144cuckie<\/span> <span class=\"meta-nav\">&rarr;<\/span><\/a><\/p>\n","protected":false},"author":1,"featured_media":0,"parent":438,"menu_order":2,"comment_status":"closed","ping_status":"closed","template":"","meta":{"footnotes":""},"class_list":["post-298","page","type-page","status-publish","hentry"],"_links":{"self":[{"href":"https:\/\/budy.przemyska.pl\/index.php\/wp-json\/wp\/v2\/pages\/298","targetHints":{"allow":["GET"]}}],"collection":[{"href":"https:\/\/budy.przemyska.pl\/index.php\/wp-json\/wp\/v2\/pages"}],"about":[{"href":"https:\/\/budy.przemyska.pl\/index.php\/wp-json\/wp\/v2\/types\/page"}],"author":[{"embeddable":true,"href":"https:\/\/budy.przemyska.pl\/index.php\/wp-json\/wp\/v2\/users\/1"}],"replies":[{"embeddable":true,"href":"https:\/\/budy.przemyska.pl\/index.php\/wp-json\/wp\/v2\/comments?post=298"}],"version-history":[{"count":0,"href":"https:\/\/budy.przemyska.pl\/index.php\/wp-json\/wp\/v2\/pages\/298\/revisions"}],"up":[{"embeddable":true,"href":"https:\/\/budy.przemyska.pl\/index.php\/wp-json\/wp\/v2\/pages\/438"}],"wp:attachment":[{"href":"https:\/\/budy.przemyska.pl\/index.php\/wp-json\/wp\/v2\/media?parent=298"}],"curies":[{"name":"wp","href":"https:\/\/api.w.org\/{rel}","templated":true}]}}