{"id":223,"date":"2011-07-06T23:32:17","date_gmt":"2011-07-06T21:32:17","guid":{"rendered":"http:\/\/www.budylancuckie.przemyska.pl\/?page_id=223"},"modified":"2011-07-06T23:32:17","modified_gmt":"2011-07-06T21:32:17","slug":"pozdrowienia-ksiazka-gosci","status":"publish","type":"page","link":"https:\/\/budy.przemyska.pl\/index.php\/kontakt-2\/pozdrowienia-ksiazka-gosci\/","title":{"rendered":"Ksi\u0119ga go\u015bci"},"content":{"rendered":"<p><strong><span style=\"color: rgb(0, 0, 128);\">Prosimy o dokonywanie wpis&oacute;w zgodnie z <a href=\"http:\/\/pl.wikipedia.org\/wiki\/Netykieta\">Netykiet\u0105<\/a>.<br \/>\n\t<\/span><\/strong><\/p>\n<p>Mo\u017cna np. przesy\u0142a\u0107 tutaj pozdrowienia, propozycje informacji jakie powinny znale\u017a\u0107 si\u0119 na stronie, skomentowa\u0107 zawarto\u015b\u0107 portalu.<\/p>\n","protected":false},"excerpt":{"rendered":"<p>Prosimy o dokonywanie wpis&oacute;w zgodnie z Netykiet\u0105. Mo\u017cna np. przesy\u0142a\u0107 tutaj pozdrowienia, propozycje informacji jakie powinny znale\u017a\u0107 si\u0119 na stronie, skomentowa\u0107 zawarto\u015b\u0107 portalu.<\/p>\n","protected":false},"author":1,"featured_media":0,"parent":323,"menu_order":3,"comment_status":"closed","ping_status":"closed","template":"","meta":{"footnotes":""},"class_list":["post-223","page","type-page","status-publish","hentry"],"_links":{"self":[{"href":"https:\/\/budy.przemyska.pl\/index.php\/wp-json\/wp\/v2\/pages\/223","targetHints":{"allow":["GET"]}}],"collection":[{"href":"https:\/\/budy.przemyska.pl\/index.php\/wp-json\/wp\/v2\/pages"}],"about":[{"href":"https:\/\/budy.przemyska.pl\/index.php\/wp-json\/wp\/v2\/types\/page"}],"author":[{"embeddable":true,"href":"https:\/\/budy.przemyska.pl\/index.php\/wp-json\/wp\/v2\/users\/1"}],"replies":[{"embeddable":true,"href":"https:\/\/budy.przemyska.pl\/index.php\/wp-json\/wp\/v2\/comments?post=223"}],"version-history":[{"count":0,"href":"https:\/\/budy.przemyska.pl\/index.php\/wp-json\/wp\/v2\/pages\/223\/revisions"}],"up":[{"embeddable":true,"href":"https:\/\/budy.przemyska.pl\/index.php\/wp-json\/wp\/v2\/pages\/323"}],"wp:attachment":[{"href":"https:\/\/budy.przemyska.pl\/index.php\/wp-json\/wp\/v2\/media?parent=223"}],"curies":[{"name":"wp","href":"https:\/\/api.w.org\/{rel}","templated":true}]}}