{"id":199,"date":"2011-06-20T23:54:03","date_gmt":"2011-06-20T21:54:03","guid":{"rendered":"http:\/\/www.budylancuckie.przemyska.pl\/?page_id=199"},"modified":"2011-06-20T23:54:03","modified_gmt":"2011-06-20T21:54:03","slug":"galeria-bractwa-malych-stopek","status":"publish","type":"page","link":"https:\/\/budy.przemyska.pl\/index.php\/galeria-bractwa-malych-stopek\/","title":{"rendered":"Galeria Bractwa Ma\u0142ych St\u00f3pek"},"content":{"rendered":"<h3>18 czerwca 2011 &#8211; Pielgrzymka do Le\u017cajska<\/h3>\n<p>[nggallery id=4]<\/p>\n<p><strong>Apostolat M\u0142odzi dla \u017bycia<br \/>\n\t<\/strong><\/p>\n<p>[nggallery id=7]<\/p>\n<p><strong>17 wrze\u015bnia 2011 &#8211; Pielgrzymka do Terliczki<br \/>\n\t<\/strong><\/p>\n<p>[nggallery id=8]<\/p>\n<p><strong>Akcja Bucik<br \/>\n\t<\/strong><\/p>\n<p>[nggallery id=9]<\/p>\n<p><strong>Duchowa Adopcja Dziecka Pocz\u0119tego<br \/>\n\t<\/strong><\/p>\n<p>[nggallery id=10]<\/p>\n<p><strong>Ja\u015b<br \/>\n\t<\/strong><\/p>\n<p>[nggallery id=11]<\/p>\n<p><strong>Krucjata Odwa\u017cnych Serc<br \/>\n\t<\/strong><\/p>\n<p>[nggallery id=12]<\/p>\n<p><strong>Rozdanie brelok&oacute;w akcji NIE WSTYDZ\u0118 SI\u0118 JEZUSA<br \/>\n\t<\/strong><\/p>\n<p>[nggallery id=19]<\/p>\n<p><strong>Spotkanie z podsumowanie roku 2011 oraz zako\u0144czenie akcji Wdowi Grosz<br \/>\n\t<\/strong><\/p>\n<p>[nggallery id=20]<\/p>\n","protected":false},"excerpt":{"rendered":"<p>18 czerwca 2011 &#8211; Pielgrzymka do Le\u017cajska [nggallery id=4] Apostolat M\u0142odzi dla \u017bycia [nggallery id=7] 17 wrze\u015bnia 2011 &#8211; Pielgrzymka do Terliczki [nggallery id=8] Akcja Bucik [nggallery id=9] Duchowa Adopcja &hellip; <a href=\"https:\/\/budy.przemyska.pl\/index.php\/galeria-bractwa-malych-stopek\/\" class=\"more-link\">Czytaj dalej <span class=\"screen-reader-text\">Galeria Bractwa Ma\u0142ych St\u00f3pek<\/span> <span class=\"meta-nav\">&rarr;<\/span><\/a><\/p>\n","protected":false},"author":1,"featured_media":0,"parent":0,"menu_order":0,"comment_status":"closed","ping_status":"closed","template":"","meta":{"footnotes":""},"class_list":["post-199","page","type-page","status-publish","hentry"],"_links":{"self":[{"href":"https:\/\/budy.przemyska.pl\/index.php\/wp-json\/wp\/v2\/pages\/199","targetHints":{"allow":["GET"]}}],"collection":[{"href":"https:\/\/budy.przemyska.pl\/index.php\/wp-json\/wp\/v2\/pages"}],"about":[{"href":"https:\/\/budy.przemyska.pl\/index.php\/wp-json\/wp\/v2\/types\/page"}],"author":[{"embeddable":true,"href":"https:\/\/budy.przemyska.pl\/index.php\/wp-json\/wp\/v2\/users\/1"}],"replies":[{"embeddable":true,"href":"https:\/\/budy.przemyska.pl\/index.php\/wp-json\/wp\/v2\/comments?post=199"}],"version-history":[{"count":0,"href":"https:\/\/budy.przemyska.pl\/index.php\/wp-json\/wp\/v2\/pages\/199\/revisions"}],"wp:attachment":[{"href":"https:\/\/budy.przemyska.pl\/index.php\/wp-json\/wp\/v2\/media?parent=199"}],"curies":[{"name":"wp","href":"https:\/\/api.w.org\/{rel}","templated":true}]}}