{"id":1359,"date":"2015-02-23T21:15:59","date_gmt":"2015-02-23T20:15:59","guid":{"rendered":"http:\/\/www.budylancuckie.przemyska.pl\/?page_id=1359"},"modified":"2015-02-23T21:15:59","modified_gmt":"2015-02-23T20:15:59","slug":"rachunek-sumienia-dla-dzieci","status":"publish","type":"page","link":"https:\/\/budy.przemyska.pl\/index.php\/rachunek-sumienia-dla-dzieci\/","title":{"rendered":"Rachunek sumienia dla dzieci"},"content":{"rendered":"<p>Zdarza si\u0119, \u017ce zasmucamy Boga &#8211; Dobrego Ojca, \u017ce nie s\u0142uchamy Go i grzeszymy. Pan B&oacute;g nie chce, aby\u015bmy od Niego odeszli. Czeka z ut\u0119sknieniem na powr&oacute;t grzesznika. Je\u017celi zawini\u0142e\u015b, odwracaj\u0105c si\u0119 od Ojca, mo\u017cesz do Niego wr&oacute;ci\u0107 przez \u017cal za grzechy, postanowienie poprawy, szczer\u0105 spowied\u017a i zado\u015b\u0107uczynienie za swoje grzechy. Bram\u0105 powrotu jest Sakrament Pokuty.<\/p>\n<p>\t<strong>RACHUNEK SUMIENIA I<\/strong><br \/>\n\t<strong>wed\u0142ug Bo\u017cych przykaza\u0144<\/strong><\/p>\n<p>\tPrzykazanie pierwsze<\/p>\n<ul>\n<li>Czy opuszcza\u0142em z lenistwa modlitwy codzienne?<\/li>\n<li>Czy podczas modlitwy my\u015bla\u0142em umy\u015blnie o innych sprawach?<\/li>\n<li>Czy zaniedbywa\u0142em nauk\u0119 religii?<\/li>\n<\/ul>\n<p>Przykazanie drugie<\/p>\n<ul>\n<li>Czy wymawia\u0142em imiona \u015bwi\u0119te w \u017cartach lub w z\u0142o\u015bci?<\/li>\n<li>Czy kl\u0105\u0142em?<\/li>\n<li>Czy przysi\u0119ga\u0142em niepotrzebnie lub fa\u0142szywie?<\/li>\n<\/ul>\n<p>Przykazanie trzecie<\/p>\n<ul>\n<li>Czy w dniu \u015bwi\u0119tym opu\u015bci\u0142em z lenistwa Msz\u0119 \u015bwi\u0119t\u0105?<\/li>\n<li>Czy sp&oacute;\u017ani\u0142em si\u0119 na Msz\u0119 \u015bwi\u0119t\u0105?<\/li>\n<li>Czy w ko\u015bciele zachowywa\u0142em si\u0119 \u017ale?<\/li>\n<li>Czy pracowa\u0142em w dniu \u015bwi\u0105tecznym?<\/li>\n<\/ul>\n<p>Przykazanie czwarte<\/p>\n<ul>\n<li>Czy by\u0142em niepos\u0142uszny rodzicom lub prze\u0142o\u017conym?<\/li>\n<li>Czy zasmuca\u0142em ich lub \u017ale im \u017cyczy\u0142em?<\/li>\n<li>Czy na\u015bmiewa\u0142em si\u0119 z ludzi starszych lub u\u0142omnych?<\/li>\n<\/ul>\n<p>Przykazanie pi\u0105te<\/p>\n<ul>\n<li>Czy bi\u0142em kogo\u015b?<\/li>\n<li>Czy przezywa\u0142em?<\/li>\n<li>Czy \u017ale komu\u015b \u017cyczy\u0142em?<\/li>\n<li>Czy namawia\u0142em bli\u017aniego do grzechu?<\/li>\n<li>Czy dr\u0119czy\u0142em zwierz\u0119ta?<\/li>\n<\/ul>\n<p>Przykazanie sz&oacute;ste i dziewi\u0105te<\/p>\n<ul>\n<li>Czy my\u015bla\u0142em ch\u0119tnie o sprawach nieczystych?<\/li>\n<li>Czy przys\u0142uchiwa\u0142em si\u0119 brzydkiej mowie?<\/li>\n<li>Czy patrzy\u0142em na nieskromne rzeczy?<\/li>\n<li>Czy m&oacute;wi\u0142em lub my\u015bla\u0142em nieskromnie?<\/li>\n<li>Czy robi\u0142em co\u015b bezwstydnego sam&#8230;, z kim\u015b?<\/li>\n<li>Czy pragn\u0105\u0142em co\u015b nieskromnego widzie\u0107&#8230;, s\u0142ysze\u0107&#8230;, czyni\u0107?<\/li>\n<\/ul>\n<p>Przykazanie si&oacute;dme i dziesi\u0105te<\/p>\n<ul>\n<li>Czy krad\u0142em: komu i co?<\/li>\n<li>Czy zatrzyma\u0142em rzeczy po\u017cyczone lub znalezione?<\/li>\n<li>Czy psu\u0142em rzeczy cudze?<\/li>\n<li>Czy oszukiwa\u0142em: kogo i w czym?<\/li>\n<li>Czy chcia\u0142em kra\u015b\u0107: komu i co?<\/li>\n<\/ul>\n<p>Przykazanie &oacute;sme<\/p>\n<ul>\n<li>Czy k\u0142ama\u0142em?<\/li>\n<li>Czy oczernia\u0142em bli\u017aniego?<\/li>\n<li>Czy obmawia\u0142em?<\/li>\n<li>Czy pos\u0105dza\u0142em?<\/li>\n<\/ul>\n<p>\n\t<strong>RACHUNEK SUMIENIA II<br \/>\n\tWobec Boga<\/strong><\/p>\n<ul>\n<li>Czy ty kochasz Boga ponad wszystko?<\/li>\n<li>Czy pami\u0119tasz, \u017ce w Chrzcie \u015bwi\u0119tym sta\u0142e\u015b si\u0119 dzieckiem Boga?<\/li>\n<li>Czy wierzysz w to, \u017ce B&oacute;g tak ci\u0119 kocha, jak najlepszy Ojciec?<\/li>\n<li>Czy dzi\u0119kujesz Bogu za wszelkie dobro?<\/li>\n<li>Czy modlisz si\u0119 codziennie rano i wieczorem?<\/li>\n<li>Czy my\u015blisz o Bogu na modlitwie?<\/li>\n<li>Czy w niedziele i \u015bwi\u0119ta ch\u0119tnie idziesz do ko\u015bcio\u0142a na Msz\u0119 \u015bwi\u0119t\u0105?<\/li>\n<li>Jak uczestniczysz we Mszy \u015bwi\u0119tej?<\/li>\n<li>Jak cz\u0119sto przyjmujesz Pana Jezusa w Komunii \u015bwi\u0119tej?<\/li>\n<li>Jak wygl\u0105da twoje przygotowanie i dzi\u0119kczynienie po Komunii \u015bwi\u0119tej?<\/li>\n<li>Czy imi\u0119 Bo\u017ce i \u015awi\u0119tych wypowiadasz z szacunkiem?<\/li>\n<li>Czy zawsze chodzisz na religi\u0119? Jak w niej uczestniczysz? Jak prowadzisz zeszyt?<\/li>\n<li>Czy nie wstydzisz si\u0119 swojej wiary?<\/li>\n<li>Czy potrafisz jej broni\u0107?<\/li>\n<li>Jak zachowujesz si\u0119 w niepowodzeniach i cierpieniu?<\/li>\n<li>Czy ufasz Bogu? Wobec bli\u017anich<\/li>\n<li>Czy wiesz, \u017ce nie \u017cyjesz sam i tylko dla siebie?<\/li>\n<li>Czy dzi\u0119kujesz Bogu za rodzic&oacute;w, rodzin\u0119, wychowawc&oacute;w i koleg&oacute;w?<\/li>\n<li>Czy starasz si\u0119 zawsze by\u0107 dla nich dobry?<\/li>\n<li>Czy umiesz rodzicom powiedzie\u0107 i pokaza\u0107 to, \u017ce ich kochasz?<\/li>\n<li>Czy dzi\u0119kujesz im za ich dobro\u0107?<\/li>\n<li>Czy codziennie modlisz si\u0119 za nich?<\/li>\n<li>Czy starasz si\u0119 o to, by swoim zachowaniem nie sprawia\u0107 im przykro\u015bci i k\u0142opot&oacute;w?<\/li>\n<li>Czy przy r&oacute;\u017cnych okazjach robisz im jak\u0105\u015b mi\u0142\u0105 niespodziank\u0119?<\/li>\n<li>Czy pozwalasz im odpoczywa\u0107 po pracy?<\/li>\n<li>Czy pomagasz im ch\u0119tnie?<\/li>\n<li>Czy zawsze dobrze o nich m&oacute;wisz?<\/li>\n<li>Czy umiesz by\u0107 dobry dla rodze\u0144stwa, krewnych? Czy \u017cyjesz z nimi w zgodzie?<\/li>\n<li>Czy jeste\u015b Bogu wdzi\u0119czny za nich? Czy modlisz si\u0119 za nich?<\/li>\n<li>Czy szanujesz swoich wychowawc&oacute;w, nauczycieli, starszych?<\/li>\n<li>Czy umiesz by\u0107 wdzi\u0119czny za dobro, jakie przez nich otrzymujesz?<\/li>\n<li>Czy jeste\u015b got&oacute;w im pom&oacute;c?<\/li>\n<li>Czy si\u0119 z nich nie wy\u015bmiewasz i nie obra\u017casz ich?<\/li>\n<li>Czy jeste\u015b kole\u017ce\u0144ski?<\/li>\n<li>Czy bijesz, przezywasz i dokuczasz kolegom?<\/li>\n<li>Czy nie namawia\u0142e\u015b kogo\u015b do grzechu?<\/li>\n<li>Czy komu\u015b czego\u015b nie ukrad\u0142e\u015b?<\/li>\n<li>Czy odda\u0142e\u015b rzeczy po\u017cyczone lub znalezione?<\/li>\n<li>Czy zawsze m&oacute;wisz prawd\u0119?<\/li>\n<li>Czy dotrzymujesz obietnic?<\/li>\n<li>Czy stajesz w obronie s\u0142abszych?<\/li>\n<li>Czy modlisz si\u0119 za swoj\u0105 Ojczyzn\u0119?<\/li>\n<li>Czy umiesz przyzna\u0107 si\u0119 do winy? Wobec siebie<\/li>\n<li>Czy dbasz o swoje zdrowie?<\/li>\n<li>Czy jesz wystarczaj\u0105co?<\/li>\n<li>Czy ze wzgl\u0119du na zdrowie uprawiasz sport?<\/li>\n<li>Czy umiesz si\u0119 zachowa\u0107 na drodze i przy przechodzeniu przez jezdni\u0119?<\/li>\n<li>Czy nie szkodzisz sobie na zdrowiu poprzez palenie papieros&oacute;w czy picie alkoholu?<\/li>\n<li>Czy z\u0142e i nieczyste my\u015bli starasz si\u0119 zaraz od siebie odrzuci\u0107?<\/li>\n<li>Czy ogl\u0105dasz filmy niedozwolone?<\/li>\n<li>Czy czytasz dobre ksi\u0105\u017cki?<\/li>\n<li>Czy nauka jest dla ciebie wa\u017cniejsza ni\u017c zabawa?<\/li>\n<li>Czy umiesz pokona\u0107 swoje lenistwo?<\/li>\n<li>Czy cz\u0119sto szukasz wym&oacute;wek, \u017ceby czego\u015b nie zrobi\u0107?<\/li>\n<li>Czy jeste\u015b uparty?<\/li>\n<li>Czy \u0142atwo wpadasz w gniew?<\/li>\n<li>Czy potrafisz z czego\u015b zrezygnowa\u0107, umartwi\u0107 si\u0119?<\/li>\n<li>Czy szanujesz ro\u015bliny i zwierz\u0119ta?<\/li>\n<li>Czy starasz si\u0119 by\u0107 coraz lepszym?<\/li>\n<li>Jak starasz si\u0119 poprawi\u0107 ze swoich grzech&oacute;w i wad?<\/li>\n<\/ul>\n<p>(\u017ar&oacute;d\u0142o <a href=\"http:\/\/adonai.pl\/sakramenty\/spowiedz\/?id=11\" target=\"_blank\" rel=\"noopener\">adonai.pl<\/a>)<\/p>\n","protected":false},"excerpt":{"rendered":"<p>Zdarza si\u0119, \u017ce zasmucamy Boga &#8211; Dobrego Ojca, \u017ce nie s\u0142uchamy Go i grzeszymy. Pan B&oacute;g nie chce, aby\u015bmy od Niego odeszli. Czeka z ut\u0119sknieniem na powr&oacute;t grzesznika. Je\u017celi zawini\u0142e\u015b, &hellip; <a href=\"https:\/\/budy.przemyska.pl\/index.php\/rachunek-sumienia-dla-dzieci\/\" class=\"more-link\">Czytaj dalej <span class=\"screen-reader-text\">Rachunek sumienia dla dzieci<\/span> <span class=\"meta-nav\">&rarr;<\/span><\/a><\/p>\n","protected":false},"author":1,"featured_media":0,"parent":0,"menu_order":0,"comment_status":"closed","ping_status":"closed","template":"","meta":{"footnotes":""},"class_list":["post-1359","page","type-page","status-publish","hentry"],"_links":{"self":[{"href":"https:\/\/budy.przemyska.pl\/index.php\/wp-json\/wp\/v2\/pages\/1359","targetHints":{"allow":["GET"]}}],"collection":[{"href":"https:\/\/budy.przemyska.pl\/index.php\/wp-json\/wp\/v2\/pages"}],"about":[{"href":"https:\/\/budy.przemyska.pl\/index.php\/wp-json\/wp\/v2\/types\/page"}],"author":[{"embeddable":true,"href":"https:\/\/budy.przemyska.pl\/index.php\/wp-json\/wp\/v2\/users\/1"}],"replies":[{"embeddable":true,"href":"https:\/\/budy.przemyska.pl\/index.php\/wp-json\/wp\/v2\/comments?post=1359"}],"version-history":[{"count":0,"href":"https:\/\/budy.przemyska.pl\/index.php\/wp-json\/wp\/v2\/pages\/1359\/revisions"}],"wp:attachment":[{"href":"https:\/\/budy.przemyska.pl\/index.php\/wp-json\/wp\/v2\/media?parent=1359"}],"curies":[{"name":"wp","href":"https:\/\/api.w.org\/{rel}","templated":true}]}}