{"id":1349,"date":"2015-02-23T20:50:31","date_gmt":"2015-02-23T19:50:31","guid":{"rendered":"http:\/\/www.budylancuckie.przemyska.pl\/?page_id=1349"},"modified":"2015-02-23T20:50:31","modified_gmt":"2015-02-23T19:50:31","slug":"rachunek-sumienia-dla-mlodziezy","status":"publish","type":"page","link":"https:\/\/budy.przemyska.pl\/index.php\/rachunek-sumienia-dla-mlodziezy\/","title":{"rendered":"Rachunek sumienia dla m\u0142odzie\u017cy"},"content":{"rendered":"<p>Na ko\u0144cu strony znajduj\u0105 si\u0119 odno\u015bniki do stron z innymi przyk\u0142adami rachunku sumienia dla m\u0142odzie\u017cy.<\/p>\n<p><i>B\u0119dziesz mi\u0142owa\u0142 Pana Boga swego ca\u0142ym swoim sercem, ca\u0142\u0105 swoj\u0105 dusz\u0105 i ca\u0142ym swoim umys\u0142em. To jest najwi\u0119ksze i pierwsze przykazanie. Drugie podobne jest do niego: B\u0119dziesz mi\u0142owa\u0142 swego bli\u017aniego jak siebie samego. Na tych dw&oacute;ch przykazaniach opiera si\u0119 ca\u0142e Prawo i Prorocy.<\/i>(Mt 22,37-40)<\/p>\n<p><b>Mi\u0142o\u015b\u0107 do Boga i grzechy przeciwko Bogu<\/b><\/p>\n<ul>\n<li>Czy wierz\u0119, \u017ce B&oacute;g mnie kocha i jest pe\u0142en mi\u0142osierdzia dla mnie?<\/li>\n<li>Czy wierz\u0119, \u017ce mo\u017ce On przebacza\u0107 mi ka\u017cdy grzech, kt&oacute;ry przed Nim wyznam?<\/li>\n<li>Czy \u017cyj\u0119 tak, jakbym Boga nie potrzebowa\u0142, polegam wy\u0142\u0105cznie na w\u0142asnych si\u0142ach, licz\u0119 tylko na siebie?<\/li>\n<li>Modlitwa jest pierwszym aktem wiary. Jaki czas w moim \u017cyciu zajmuje modlitwa, jaka jest jej forma, jakie rodzi owoce?<\/li>\n<li>Czy modlitwa mnie nudzi, dlaczego?<\/li>\n<li>Czy ucz\u0119szczam na niedzieln\u0105 i \u015bwi\u0105teczn\u0105 Eucharysti\u0119, jakie s\u0105 tego motywy?<\/li>\n<li>Czy potrafi\u0119 odpoczywa\u0107, \u015bwi\u0119towa\u0107 w niedziel\u0119?<\/li>\n<li>Czy pog\u0142\u0119biam wiedz\u0119 o Bogu poprzez lektur\u0119 Biblii?<\/li>\n<li>Kocha\u0107 Chrystusa to kocha\u0107 Jego Ko\u015bci&oacute;\u0142. Czy deklaruj\u0119 wiar\u0119 w Boga, ale nie akceptuj\u0119 jego Ko\u015bcio\u0142a?<\/li>\n<li>Czy czuj\u0119 si\u0119 odpowiedzialny za Ko\u015bci&oacute;\u0142, jak anga\u017cuj\u0119 si\u0119 w \u017cycie mojej wsp&oacute;lnoty parafialnej lub duszpasterstwo akademickie?<\/li>\n<li>Czy wytrwale szukam odpowiedzi na pytania, kt&oacute;re niesie wiara lub jej brak?<\/li>\n<li>Czy jestem zabobonny? Czy daj\u0119 wiar\u0119 horoskopom, wr&oacute;\u017ckom, magii, okultyzmowi itd.?<\/li>\n<li>Czy mam swoich bo\u017ck&oacute;w, kt&oacute;rzy zajmuj\u0105 miejsce wy\u017csze od Boga mojej wiary?<\/li>\n<\/ul>\n<p><b>Mi\u0142o\u015b\u0107 bli\u017aniego i grzechy przeciwko bli\u017anim<\/b><\/p>\n<ul>\n<li>Czy traktuj\u0119 drugiego cz\u0142owieka jedynie jako \u015brodek do osi\u0105gania swoich cel&oacute;w?<\/li>\n<li>Czy potrafi\u0119 zareagowa\u0107 na krzywd\u0119 innych?<\/li>\n<li>Czy kto\u015b cierpi z mojego powodu? Czy mog\u0119 i chc\u0119 zmieni\u0107 ten stan rzeczy?<\/li>\n<li>Czy jestem prawdziwy przed lud\u017ami; kiedy wk\u0142adam &quot;maski&quot;; dlaczego chc\u0119 ukrywa\u0107 prawd\u0119 o sobie?<\/li>\n<li>Czy szufladkuj\u0119 ludzi, oceniam ich jedynie z pozoru, z wygl\u0105du, nie pr&oacute;buj\u0119 bli\u017cej pozna\u0107?<\/li>\n<li>Czy lubi\u0119 i akceptuj\u0119 jedynie te osoby, kt&oacute;re &quot;wyceniam&quot; po ich wygl\u0105dzie, bogactwie, sposobie noszenia si\u0119?<\/li>\n<li>Czy zdradzam w sercu i my\u015blach swoj\u0105 dziewczyn\u0119 \/swojego ch\u0142opaka poprzez korzystanie z pornografii?<\/li>\n<li>Czy nie narzucam (swojej dziewczynie \/ swojemu ch\u0142opakowi) niechrze\u015bcija\u0144skiej wizji wolno\u015bci lub zasad \u017cycia moralnego przez wsp&oacute;\u0142\u017cycie przedma\u0142\u017ce\u0144skie, antykoncepcj\u0119?<\/li>\n<li>Czy nienawidz\u0119 i zazdroszcz\u0119 tym, kt&oacute;rzy wydaj\u0105 si\u0119 ode mnie lepsi?<\/li>\n<li>Czy wykorzystuj\u0119 ludzkie s\u0142abo\u015bci, namawiaj\u0105c do stosowania tego, co niszczy cz\u0142owieka (narkotyki, alkohol, pornografia, agresja)?<\/li>\n<li>Czy obarczam innych odpowiedzialno\u015bci\u0105 za swoje zaniedbania, lenistwo, niedba\u0142o\u015b\u0107?<\/li>\n<li>Czy buduj\u0119 pozytywne relacje w swojej rodzinie?<\/li>\n<li>Czy kradn\u0119 innym lub oszukuje?<\/li>\n<li>Czy dojrzale i odpowiedzialnie korzystam ze swojej seksualno\u015bci zachowuj\u0105c czysto\u015b\u0107 w\u0142a\u015bciw\u0105 dla mojego stanu?<\/li>\n<li>Czy potrafi\u0119 by\u0107 go\u015bcinny, wdzi\u0119czny, przebaczaj\u0105cy, wsp&oacute;\u0142czuj\u0105cy?<\/li>\n<li>Czy wypowiadam wulgarne, agresywne s\u0142owa pod adresem innych?<\/li>\n<li>Czy sk\u0142adam obietnice, przysi\u0119gi, kt&oacute;rych nie dotrzymuj\u0119?<\/li>\n<\/ul>\n<p><b>Mi\u0142o\u015b\u0107 i grzechy przeciwko sobie<\/b><\/p>\n<ul>\n<li>Czy akceptuj\u0119 siebie, swoje \u017cycie, sw&oacute;j wygl\u0105d?<\/li>\n<li>Czy widz\u0119 w sobie dobro i talenty, kt&oacute;rymi B&oacute;g mnie obdarzy\u0142?<\/li>\n<li>Czy mam do siebie szacunek i znam swoj\u0105 ludzk\u0105 godno\u015b\u0107?<\/li>\n<li>Czy pogardza\u0142em sob\u0105, pr&oacute;buj\u0105c odebra\u0107 sobie \u017cycia lub si\u0119 okalecza\u0107?<\/li>\n<li>Czy dostrzegam w sobie sfery, nad kt&oacute;rymi powinienem pracowa\u0107, czy jestem cierpliwy w pracy nad sob\u0105?<\/li>\n<li>Czy odpowiedzialnie podchodz\u0119 do moich obowi\u0105zk&oacute;w akademickich (zawodowych) i domowych?<\/li>\n<li>Czy jestem leniwy, czy \u0142atwo si\u0119 zniech\u0119cam?<\/li>\n<li>Czy \u0142atwo wpadam w rozpacz, histeri\u0119?<\/li>\n<li>Czy mam l\u0119ki, kt&oacute;re parali\u017cuj\u0105 moja dzia\u0142anie i \u017cycie, co lub kto jest ich powodem?<\/li>\n<li>Czy szanuj\u0119 moje zdrowie i \u017cycie, unikaj\u0105c u\u017cywek: alkoholu, narkotyk&oacute;w, papieros&oacute;w, hazardu?<\/li>\n<li>Czy rozs\u0105dnie korzystam z film&oacute;w, internetu, gier?<\/li>\n<li>Czy wychowuj\u0119 si\u0119 do dojrza\u0142ej i odpowiedzialnej seksualno\u015bci przez unikanie pornografii, samogwa\u0142tu?<\/li>\n<li>Czy dotrzymuj\u0119 danego s\u0142owa, dbam o kultur\u0119 osobist\u0105?<\/li>\n<li>Czy przywi\u0105zuj\u0119 zbytni\u0105 wag\u0119 do rzeczy materialnych?<\/li>\n<li>Czy dbam o \u017cycie swoje i innych, zachowuj\u0105c przepisy ruchu drogowego oraz poprzez prowadzenie pojazd&oacute;w bez uprzedniego spo\u017cywania alkoholu?<\/li>\n<\/ul>\n<p><em>\u017ar&oacute;d\u0142o<\/em><br \/>\n\t<a href=\"http:\/\/www.wezel.salezjanie.pl\/slowo\/?id=80\" target=\"_blank\" rel=\"noopener\">http:\/\/www.wezel.salezjanie.pl\/slowo\/?id=80<\/a><\/p>\n<p><strong><br \/>\n\tInne przyk\u0142ady rachunku sumienia dla m\u0142odzie\u017cy:<br \/>\n\t<\/strong><\/p>\n<ul>\n<li><a href=\"http:\/\/www.spowiedz.katolik.pl\/rachunek-sumienia-dla-mlodziezy,116,801,1,a.html\" target=\"_blank\" rel=\"noopener\">http:\/\/www.spowiedz.katolik.pl\/rachunek-sumienia-dla-mlodziezy,116,801,1,a.html<br \/>\n\t\t<\/a><\/li>\n<li><a href=\"http:\/\/www.dmpopieluszko.pl\/rachunek-sumienia-dla-m%C5%82odych.html\" target=\"_blank\" rel=\"noopener\">http:\/\/www.dmpopieluszko.pl\/rachunek-sumienia-dla-m%C5%82odych.html<br \/>\n\t\t<\/a><\/li>\n<\/ul>\n","protected":false},"excerpt":{"rendered":"<p>Na ko\u0144cu strony znajduj\u0105 si\u0119 odno\u015bniki do stron z innymi przyk\u0142adami rachunku sumienia dla m\u0142odzie\u017cy. B\u0119dziesz mi\u0142owa\u0142 Pana Boga swego ca\u0142ym swoim sercem, ca\u0142\u0105 swoj\u0105 dusz\u0105 i ca\u0142ym swoim umys\u0142em. &hellip; <a href=\"https:\/\/budy.przemyska.pl\/index.php\/rachunek-sumienia-dla-mlodziezy\/\" class=\"more-link\">Czytaj dalej <span class=\"screen-reader-text\">Rachunek sumienia dla m\u0142odzie\u017cy<\/span> <span class=\"meta-nav\">&rarr;<\/span><\/a><\/p>\n","protected":false},"author":1,"featured_media":0,"parent":0,"menu_order":0,"comment_status":"closed","ping_status":"closed","template":"","meta":{"footnotes":""},"class_list":["post-1349","page","type-page","status-publish","hentry"],"_links":{"self":[{"href":"https:\/\/budy.przemyska.pl\/index.php\/wp-json\/wp\/v2\/pages\/1349","targetHints":{"allow":["GET"]}}],"collection":[{"href":"https:\/\/budy.przemyska.pl\/index.php\/wp-json\/wp\/v2\/pages"}],"about":[{"href":"https:\/\/budy.przemyska.pl\/index.php\/wp-json\/wp\/v2\/types\/page"}],"author":[{"embeddable":true,"href":"https:\/\/budy.przemyska.pl\/index.php\/wp-json\/wp\/v2\/users\/1"}],"replies":[{"embeddable":true,"href":"https:\/\/budy.przemyska.pl\/index.php\/wp-json\/wp\/v2\/comments?post=1349"}],"version-history":[{"count":0,"href":"https:\/\/budy.przemyska.pl\/index.php\/wp-json\/wp\/v2\/pages\/1349\/revisions"}],"wp:attachment":[{"href":"https:\/\/budy.przemyska.pl\/index.php\/wp-json\/wp\/v2\/media?parent=1349"}],"curies":[{"name":"wp","href":"https:\/\/api.w.org\/{rel}","templated":true}]}}