{"id":1290,"date":"2015-02-19T21:33:44","date_gmt":"2015-02-19T20:33:44","guid":{"rendered":"http:\/\/www.budylancuckie.przemyska.pl\/?page_id=1290"},"modified":"2024-11-30T17:58:57","modified_gmt":"2024-11-30T16:58:57","slug":"odeszli-do-wiecznosci","status":"publish","type":"page","link":"https:\/\/budy.przemyska.pl\/index.php\/gablota-parafialna-2\/odeszli-do-wiecznosci\/","title":{"rendered":"Odeszli do wieczno\u015bci"},"content":{"rendered":"\n<p>Na tej stronie b\u0119dzie na bie\u017c\u0105co znajdowa\u0142a si\u0119 informacja o osobach zmar\u0142ych. Publikacja informacji dotyczy okresu od 1 stycznia 2015 roku. Mo\u017cliwe, \u017ce z czasem uda si\u0119 uzupe\u0142ni\u0107 informacje wstecz. Je\u017celi kto\u015b z rodziny zechcia\u0142by umie\u015bci\u0107 zdj\u0119cie osoby zmar\u0142ej, takie jak\u0105 chce j\u0105 zapami\u0119ta\u0107, to nale\u017cy przes\u0142a\u0107 na adres parafiabudy@gmail.com. Takowe zdj\u0119cie zostanie wtedy dodane przy informacji o osobie zmar\u0142ej.<\/p>\n\n\n\n<div class=\"wp-block-media-text is-stacked-on-mobile\"><figure class=\"wp-block-media-text__media\"><img loading=\"lazy\" decoding=\"async\" width=\"980\" height=\"635\" src=\"https:\/\/budy.przemyska.pl\/wp-content\/uploads\/2024\/11\/znicz.jpg\" alt=\"\" class=\"wp-image-4080 size-full\" srcset=\"https:\/\/budy.przemyska.pl\/wp-content\/uploads\/2024\/11\/znicz.jpg 980w, https:\/\/budy.przemyska.pl\/wp-content\/uploads\/2024\/11\/znicz-300x194.jpg 300w, https:\/\/budy.przemyska.pl\/wp-content\/uploads\/2024\/11\/znicz-768x498.jpg 768w\" sizes=\"auto, (max-width: 980px) 100vw, 980px\" \/><\/figure><div class=\"wp-block-media-text__content\">\n<p class=\"has-text-align-center\"><em><em>Wieczne odpoczywanie<br>racz im da\u0107 Panie<br>a \u015bwiat\u0142o\u015b\u0107 Wiekuista<br>niechaj im \u015awieci.<br>Niech odpoczywaj\u0105 w pokoju<br>na wieki wiek\u00f3w.<br>Amen.<\/em><\/em><\/p>\n<\/div><\/div>\n\n\n<h3>Rok 2020<\/h3>\n<ol>\n<li>Maria Kojder &#8211; 93 lata &#8211; 10 stycznia<\/li>\n<li>W\u0142adys\u0142aw Kojder &#8211; 83 lata &#8211; 23 stycznia<\/li>\n<li>Stanis\u0142aw Pasiak &#8211; 62 lata &#8211; 25 stycznia<\/li>\n<li>Maria Czyrek &#8211; 86 lat &#8211; 29 stycznia<\/li>\n<li>Maria Pelc &#8211; 92 lata &#8211; 29 stycznia<\/li>\n<li>Jan Pelc &#8211; 58 lat &#8211; 10 luty<\/li>\n<li>Zofia Kr\u00f3l &#8211; 82 lata &#8211; 11 luty<\/li>\n<li>Boles\u0142aw Rupar &#8211; 71 lat &#8211; 18 luty<\/li>\n<li>Stefan Socha &#8211; 87 lat &#8211; 8 kwietnia<\/li>\n<li>Stanis\u0142aw Kochman &#8211; 64 lata &#8211; 15 kwietnia<\/li>\n<li>Jerzy Kie\u0142b &#8211; 38 lat &#8211; 22 kwietnia<\/li>\n<li>Bogdan Blok &#8211; 53 lata &#8211; 23 kwietnia<\/li>\n<li>Barbara Ko\u0142cz &#8211; 54 lata &#8211; 28 kwietnia<\/li>\n<li>W\u0142adys\u0142aw \u015awizdor &#8211; 78 lat &#8211; 7 maja<\/li>\n<li>Zofia Panek &#8211; 89 lat &#8211; 24 maja<\/li>\n<li>Tadeusz Kubis &#8211; 79 lat &#8211; 9 czerwca<\/li>\n<li>Stanis\u0142awa W\u0119grzyn &#8211; 83 lata &#8211; 8 lipca<\/li>\n<li>Zofia Brewka &#8211; 80 lat &#8211; 13 lipca<\/li>\n<li>Kazimierz Mach &#8211; 72 lata &#8211; 25 lipca<\/li>\n<li>Teresa Bartnik &#8211; 88 lat &#8211; 26 lipca<\/li>\n<li>J\u00f3zef Kania &#8211; 55 lat &#8211; 27 lipca<\/li>\n<li>Jacek Chudzik &#8211; 36 lat &#8211; 8 sierpnia<\/li>\n<li>Krystyna Kruk &#8211; 67 lat &#8211; 29 sierpnia<\/li>\n<li>Maria Babiarz &#8211; 82 lata &#8211; 23 wrze\u015bnia<\/li>\n<li>Bronis\u0142aw Migas &#8211; 66 lat &#8211; 23 wrze\u015bnia<\/li>\n<\/ol>\n<h3>Rok 2019<\/h3>\n<ol>\n<li>Jan Kurek &#8211; 73 lata &#8211; 8 stycznia<\/li>\n<li>Stanis\u0142awa Machniak &#8211; 98 lat &#8211; 27 stycznia<\/li>\n<li>J\u00f3zef Socha &#8211; 95 lat &#8211; 29 stycznia<\/li>\n<li>Stanis\u0142aw Gamracy &#8211; 82 lata &#8211; 29 stycznia<\/li>\n<li>Franciszek Kojder &#8211; 99 lat &#8211; 30 stycznia<\/li>\n<li>Stanis\u0142aw Wo\u015b &#8211; 88 lat &#8211; 22 marca<\/li>\n<li>Stefania Malach &#8211; 86 lat &#8211; 11 kwietnia<\/li>\n<li>Stanis\u0142awa \u015awizdor &#8211; 88 lat &#8211; 3 maja<\/li>\n<li>J\u00f3zef Bar &#8211; 75 lat &#8211; 7 maja<\/li>\n<li>Teresa W\u0119grzyn &#8211; 91 lat &#8211; 13 maja<\/li>\n<li>Maria Kubis &#8211; 72 lata &#8211; 23 czerwca<\/li>\n<li>Genowefa \u015amia\u0142ek &#8211; 85 lat &#8211; 29 czerwca<\/li>\n<li>Roman Biel\u00f3wka &#8211; 81 lat &#8211; 1 lipca<\/li>\n<li>Micha\u0142 Kie\u0142b &#8211; 59 lat &#8211; 4 lipca<\/li>\n<li>Maria Pelc &#8211; 80 lat &#8211; 6 sierpnia<\/li>\n<li>Maria Cebulak &#8211; 82 lata &#8211; 6 sierpnia<\/li>\n<li>Arkadiusz Sanok &#8211; 21 lat &#8211; 20 sierpnia<\/li>\n<li>Weronika Dr\u0105g &#8211; 87 lat &#8211; 11 wrze\u015bnia<\/li>\n<li>Stanis\u0142aw Baran &#8211; 92 lata &#8211; 29 wrze\u015bnia<\/li>\n<li>Stanis\u0142aw Por\u0119bny &#8211; 76 lat &#8211; 23 listopada<\/li>\n<li>Zofia Skiba &#8211; 83 lata &#8211; 28 listopada<\/li>\n<li>Maria Wacnik &#8211; 80 lat &#8211; 17 grudnia<\/li>\n<\/ol>\n<h3>Rok 2018<\/h3>\n<ol>\n<li>W\u0142adys\u0142aw Sobu\u015b &#8211; 82 lata &#8211; 6 stycznia<\/li>\n<li>Henryk \u015amia\u0142ek &#8211; 65 lat &#8211; 11 stycznia<\/li>\n<li>J\u00f3zef Bielecki &#8211; 68 lat &#8211; 23 stycznia<\/li>\n<li>Stefan Buty\u0144ski &#8211; 81 lat &#8211; 9 luty<\/li>\n<li>Helena Machniak &#8211; 93 lata &#8211; 20 luty<\/li>\n<li>Jan Kurek &#8211; 92 lata &#8211; 8 marzec<\/li>\n<li>Jan Bartnik &#8211; 58 lat &#8211; 21 marzec<\/li>\n<li>Piotr Rydzik &#8211; 57 lat -10 kwietnia<\/li>\n<li>Micha\u0142 Wikiera &#8211; 86 lat &#8211; 11 kwietnia<\/li>\n<li>Aniela Bartnik &#8211; 90 lat &#8211; 13 kwietnia<\/li>\n<li>Franciszek Wasilewski &#8211; 74 lata &#8211; 20 kwietnia<\/li>\n<li>Zbigniew Szular &#8211; 62 lata &#8211; 27 kwietnia<\/li>\n<li>W\u0142adys\u0142aw Cebulak &#8211; 69 lat &#8211; 30 maja<\/li>\n<li>Zofia Wo\u015b &#8211; 82 lata &#8211; 23 czerwca<\/li>\n<li>Renata Nowak &#8211; 51 lat &#8211; 28 czerwca<\/li>\n<li>Stanis\u0142aw Socha &#8211; 72 lata &#8211; 4 lipca<\/li>\n<li>Maria Bosak &#8211; 88 lat &#8211; 11 lipca<\/li>\n<li>Ryszard Markowicz &#8211; 65 lat &#8211; 22 lipca<\/li>\n<li>Irena Szajnar &#8211; 79 lat &#8211; 24 lipca<\/li>\n<li>Jan Janusz &#8211; 78 lat &#8211; 1 sierpnia<\/li>\n<li>Jan Aab &#8211; 83 lata &#8211; 9 sierpnia<\/li>\n<li>Cecylia Miara &#8211; 78 lat &#8211; 18 sierpnia<\/li>\n<li>Helena Dul\u0119ba &#8211; 84 lata &#8211; 28 wrze\u015bnia<\/li>\n<li>Katarzyna Kulpa &#8211; 82 lata &#8211; 4 pa\u017adziernika<\/li>\n<li>Marcin Rupar &#8211; 28 lat &#8211; 12 pa\u017adziernika<\/li>\n<li>Ludwik Bartnik &#8211; 98 lat &#8211; 26 pa\u017adziernika<\/li>\n<li>Cecylia Gw\u00f3\u017ad\u017a &#8211; 88 lat &#8211; 28 pa\u017adziernika<\/li>\n<li>Stanis\u0142aw Socha &#8211; 92 lata &#8211; 28 pa\u017adziernika<\/li>\n<li>Maria Kojder &#8211; 86 lat &#8211; 5 grudnia<\/li>\n<li>Stanis\u0142aw Cebulak &#8211; 72 lata &#8211; 13 grudnia<\/li>\n<li>Zofia St\u0119ch\u0142a &#8211; 84 lata &#8211; 17 grudnia<\/li>\n<\/ol>\n<h3>Rok 2017<\/h3>\n<ol>\n<li>Stanis\u0142aw Rybak &#8211; 71 lat &#8211; 29 stycznia<\/li>\n<li>W\u0142adys\u0142aw Rydzik &#8211; 80 lat &#8211; 4 lutego<\/li>\n<li>Anna Markocka &#8211; 90 lat &#8211; 14 lutego<\/li>\n<li>Maria Bosak &#8211; 83 lata &#8211; 21 lutego<\/li>\n<li>Tadeusz Blok &#8211; 59 lat &#8211; 21 lutego<\/li>\n<li>Stanis\u0142aw Kostka &#8211; 82 lata &#8211; 6 marca<\/li>\n<li>Janina Golenia &#8211; 81 lat &#8211; 25 marca<\/li>\n<li>Stanis\u0142aw Salwach &#8211; 81 lat &#8211; 25 marca<\/li>\n<li>Stanis\u0142awa Petluch &#8211; 84 lata &#8211; 21 kwietnia<\/li>\n<li>Cecylia Mazur &#8211; 70 lat &#8211; 24 kwietnia<\/li>\n<li>Tadeusz Benedyk &#8211; 89 lat &#8211; 2 czerwca<\/li>\n<li>Stefania Wasilewska 82 lata &#8211; 11 czerwca<\/li>\n<li>Dariusz Cebulak 47 lat &#8211; 19 czerwca<\/li>\n<li>Stefan Kojder &#8211; 86 lat &#8211; 29 czerwca<\/li>\n<li>Weronika Rydzik &#8211; 79 lat &#8211; 4 sierpnia<\/li>\n<li>Salomea Wasyl &#8211; 91 lat &#8211; 26 wrze\u015bnia<\/li>\n<li>Bartosz Gogu\u015b &#8211; 29 lat &#8211; 4 pa\u017adziernika<\/li>\n<li>J\u00f3zef Ni\u017anik &#8211; 83 lata &#8211; 11 listopada<\/li>\n<li>Antoni Kurek &#8211; 71 lat &#8211; 1 grudnia<\/li>\n<li>Piotr Ko\u0144 &#8211; 47 lat &#8211; 3 grudnia<\/li>\n<li>Stanis\u0142aw Benedyk &#8211; 74 lata &#8211; 10 grudnia<\/li>\n<li>Stanis\u0142aw Czech &#8211; 83 lata &#8211; 18 grudnia<\/li>\n<li>Piotr Socha &#8211; 35 lat &#8211; 23 grudnia<\/li>\n<li>Eugeniusz Pelc &#8211; 74 lata &#8211; 31 grudnia<\/li>\n<\/ol>\n<h3>Rok 2016<\/h3>\n<ol>\n<li>Zbigniew Dul\u0119ba &#8211; 73 lata &#8211; 6 stycznia<\/li>\n<li>Maria Golenia &#8211; 68 lat &#8211; 15 stycznia<\/li>\n<li>Bronis\u0142awa Cie\u015bla &#8211; 78 lat &#8211; 2 luty<\/li>\n<li>Maria Majdanik &#8211; 80 lat &#8211; 2 marca<\/li>\n<li>Stanis\u0142aw Paluch &#8211; 78 lat &#8211; 13 kwietnia<\/li>\n<li>Kojder Roman &#8211; 94 lata &#8211; 16 maj<\/li>\n<li>Bartnik Ryszard &#8211; 65 lat &#8211; 19 maj<\/li>\n<li>Korzystko Tomasz &#8211; 40 lat &#8211; 30 maj<\/li>\n<li>Bo\u017cek Helena &#8211; 88 lat &#8211; 1 lipiec<\/li>\n<li>Ko\u0142cz W\u0142adys\u0142aw\u00a0 &#8211; 76 lat &#8211; 6 lipiec<\/li>\n<li>Czech Tadeusz &#8211; 57 lat &#8211; 7 lipiec<\/li>\n<li>Bechta Stefania &#8211; 90 lat &#8211; 22 lipiec<\/li>\n<li>Zbigniew Wasilewski &#8211; 63 lata &#8211; 25 sierpie\u0144<\/li>\n<li>Roman Bartnik &#8211; 79 lat &#8211; 23 wrzesie\u0144<\/li>\n<li>Jan Blok &#8211; 72 lata &#8211; 23 wrzesie\u0144<\/li>\n<\/ol>\n<h3>Rok 2015<\/h3>\n<ol>\n<li>Maria Szular &#8211; 81 lat &#8211; 24 stycznia<\/li>\n<li>Stanis\u0142aw Wacnik &#8211; 86 lat &#8211; 6 marca<\/li>\n<li>Teresa Dry\u015b &#8211; 75 lat \u2013 14 marca<\/li>\n<li>Bogus\u0142aw Por\u0119bny &#8211; 55 lat &#8211; 21 maja<\/li>\n<li>Anna Socha &#8211; 61 lat &#8211; 11 czerwca<\/li>\n<li>Sebastian Zamorski &#8211; 31 lat \u2013 18 lipca<\/li>\n<li>Agnieszka Watrach &#8211; 33 lat \u2013 21 lipca<\/li>\n<li>Wies\u0142aw Kubis &#8211; 58 lat &#8211; 5 sierpnia<\/li>\n<li>Tadeusz Rydzik &#8211; 63 lata &#8211; 10 sierpnia<\/li>\n<li>Franciszek Kojder &#8211; 91 lat &#8211; 23 wrze\u015bnia<\/li>\n<li>Jakub Rupar &#8211; 20 lat &#8211; 24 wrze\u015bnia<\/li>\n<li>Tadeusz Nowak &#8211; 63 lata &#8211; 23 pa\u017adziernika<\/li>\n<li>Franciszek S\u0142upek &#8211; 69 lat &#8211; 28 pa\u017adziernika<\/li>\n<li>Stanis\u0142aw Kr\u00f3l &#8211; 86 lat &#8211; 16 listopada<\/li>\n<li>Janina Jarosz &#8211; 74 lat &#8211; 21 grudnia<\/li>\n<li>Salomea Mach &#8211; 86 lat &#8211; 31 grudnia<\/li>\n<\/ol>","protected":false},"excerpt":{"rendered":"<p>Na tej stronie b\u0119dzie na bie\u017c\u0105co znajdowa\u0142a si\u0119 informacja o osobach zmar\u0142ych. Publikacja informacji dotyczy okresu od 1 stycznia 2015 roku. Mo\u017cliwe, \u017ce z czasem uda si\u0119 uzupe\u0142ni\u0107 informacje wstecz. &hellip; <a href=\"https:\/\/budy.przemyska.pl\/index.php\/gablota-parafialna-2\/odeszli-do-wiecznosci\/\" class=\"more-link\">Czytaj dalej <span class=\"screen-reader-text\">Odeszli do wieczno\u015bci<\/span> <span class=\"meta-nav\">&rarr;<\/span><\/a><\/p>\n","protected":false},"author":1,"featured_media":0,"parent":342,"menu_order":-1,"comment_status":"closed","ping_status":"closed","template":"","meta":{"footnotes":""},"class_list":["post-1290","page","type-page","status-publish","hentry"],"_links":{"self":[{"href":"https:\/\/budy.przemyska.pl\/index.php\/wp-json\/wp\/v2\/pages\/1290","targetHints":{"allow":["GET"]}}],"collection":[{"href":"https:\/\/budy.przemyska.pl\/index.php\/wp-json\/wp\/v2\/pages"}],"about":[{"href":"https:\/\/budy.przemyska.pl\/index.php\/wp-json\/wp\/v2\/types\/page"}],"author":[{"embeddable":true,"href":"https:\/\/budy.przemyska.pl\/index.php\/wp-json\/wp\/v2\/users\/1"}],"replies":[{"embeddable":true,"href":"https:\/\/budy.przemyska.pl\/index.php\/wp-json\/wp\/v2\/comments?post=1290"}],"version-history":[{"count":2,"href":"https:\/\/budy.przemyska.pl\/index.php\/wp-json\/wp\/v2\/pages\/1290\/revisions"}],"predecessor-version":[{"id":4082,"href":"https:\/\/budy.przemyska.pl\/index.php\/wp-json\/wp\/v2\/pages\/1290\/revisions\/4082"}],"up":[{"embeddable":true,"href":"https:\/\/budy.przemyska.pl\/index.php\/wp-json\/wp\/v2\/pages\/342"}],"wp:attachment":[{"href":"https:\/\/budy.przemyska.pl\/index.php\/wp-json\/wp\/v2\/media?parent=1290"}],"curies":[{"name":"wp","href":"https:\/\/api.w.org\/{rel}","templated":true}]}}