{"id":1214,"date":"2015-01-22T20:22:14","date_gmt":"2015-01-22T19:22:14","guid":{"rendered":"http:\/\/www.budylancuckie.przemyska.pl\/?page_id=1214"},"modified":"2015-01-22T20:22:14","modified_gmt":"2015-01-22T19:22:14","slug":"galeria-filmow","status":"publish","type":"page","link":"https:\/\/budy.przemyska.pl\/index.php\/galerie-2\/galeria-filmow\/","title":{"rendered":"Galeria film\u00f3w"},"content":{"rendered":"<p>Galeria b\u0119dzie zawiera\u0142a zbi&oacute;r film&oacute;w zwi\u0105zanych z wydarzeniami w parafii oraz dotycz\u0105cych dzia\u0142alno\u015bci poszczeg&oacute;lnych grup parafialnych. Przede wszystkim filmy te zawdzi\u0119czamy <a href=\"https:\/\/www.facebook.com\/tadeusz.golak\" target=\"_blank\" rel=\"noopener\">Panu Tadeuszowi Golakowi<\/a>, naszemu parafianinowi, kt&oacute;ry nagrywa wiele wydarze\u0144 dotycz\u0105cych naszej parafii.<\/p>\n<p><strong>2015-04-05 Wielkanoc<br \/>\n\t<\/strong>[embedyt]https:\/\/www.youtube.com\/watch?v=MDGmyNcod-w&amp;width=275&amp;height=185[\/embedyt] [embedyt]https:\/\/www.youtube.com\/watch?v=nw97kn-DCGU&amp;width=275&amp;height=185[\/embedyt] [embedyt]https:\/\/www.youtube.com\/watch?v=1LVZcH8nag8&amp;width=275&amp;height=185[\/embedyt]<\/p>\n<p><strong>2015-03-25 Suma odpustowa<br \/>\n\t<\/strong>[embedyt]https:\/\/www.youtube.com\/watch?v=IT85G8aeSLg&amp;width=275&amp;height=185[\/embedyt] [embedyt]https:\/\/www.youtube.com\/watch?v=oa6zAIyQNgc&amp;width=275&amp;height=185[\/embedyt] [embedyt]https:\/\/www.youtube.com\/watch?v=ZdQQeYz1DFc&amp;width=275&amp;height=185[\/embedyt] [embedyt]https:\/\/www.youtube.com\/watch?v=rYdkZPjsAh8&amp;width=275&amp;height=185[\/embedyt]<\/p>\n<p><strong>2015-01-18 Ch&oacute;r CANON z Bia\u0142obrzeg&oacute;w z wizyt\u0105 kol\u0119dow\u0105<\/strong><br \/>\n\t[embedyt]https:\/\/www.youtube.com\/watch?v=frf7q9-aVLw&amp;width=275&amp;height=185[\/embedyt] [embedyt]https:\/\/www.youtube.com\/watch?v=eVsoXDA5s8c&amp;width=275&amp;height=185[\/embedyt]<\/p>\n<p><strong>2015-01-04 Orkiestra d\u0119ta z \u017bo\u0142yni z kol\u0119d\u0105<\/strong><br \/>\n\t[embedyt]https:\/\/www.youtube.com\/watch?v=aSRey3gxsYY&amp;width=275&amp;height=185[\/embedyt]<\/p>\n<p><a href=\"http:\/\/www.budylancuckie.przemyska.pl\/?page_id=647\"><strong>2015 stycze\u0144 Schola dzieci\u0119ca<\/strong><\/a><br \/>\n\t[embedyt]https:\/\/www.youtube.com\/watch?v=2MeYIYKxT4E&amp;width=275&amp;height=185[\/embedyt] [embedyt]https:\/\/www.youtube.com\/watch?v=MDO30srqVKE&amp;width=275&amp;height=185[\/embedyt]<\/p>\n<p><strong>2014-06-28 Msza odpustowa ku czci Niepokalanego Serca NMP z udzia\u0142em ch&oacute;ru CANON z Bia\u0142obrzeg&oacute;w<br \/>\n\t<\/strong>[embedyt]https:\/\/www.youtube.com\/watch?v=NbAnNbEGuHc&amp;width=275&amp;height=185[\/embedyt]<\/p>\n<p><strong>2014-01-19 Ch&oacute;r CANON z Bia\u0142obrzeg&oacute;w z wizyt\u0105 kol\u0119dow\u0105<br \/>\n\t<\/strong>[embedyt]https:\/\/www.youtube.com\/watch?v=E4r140XMy68&amp;width=275&amp;height=185[\/embedyt]<\/p>\n<p><strong>2013 Pierwsza Komunia \u015aw.<br \/>\n\t<\/strong>[embedyt]https:\/\/www.youtube.com\/watch?v=ib8cpz6SZbc&amp;width=275&amp;height=185[\/embedyt]<\/p>\n<p><strong>2013-03-03 Imieniny ks. Kazimierza<\/strong><br \/>\n\t[embedyt]http:\/\/www.youtube.com\/watch?v=QUoBHlBYzws&amp;width=275&amp;height=185[\/embedyt]<\/p>\n<p><strong>2012-12-25 Uroczysta suma w Dzie\u0144 Bo\u017cego Narodzenia z udzia\u0142em orkiestry d\u0119tej z Bia\u0142obrzeg&oacute;w oraz koncert kol\u0119d<br \/>\n\t<\/strong>[embedyt]http:\/\/www.youtube.com\/watch?v=NuIucKJLvxI&amp;width=275&amp;height=185[\/embedyt] [embedyt]http:\/\/www.youtube.com\/watch?v=7UY_0fw_nrs&amp;width=275&amp;height=185[\/embedyt]<\/p>\n<p><strong>2012-07-22 25 lat kap\u0142a\u0144stwa ks. Mariana Cebuli<\/strong><br \/>\n\t[embedyt]http:\/\/www.youtube.com\/watch?v=RIESuRuUOs0&amp;width=275&amp;height=185[\/embedyt]<\/p>\n<p><strong>2012-06-12 PRYMICJE o. Fabiana \/ \u0141ukasza Wikiery \/<\/strong><br \/>\n\t[embedyt]http:\/\/www.youtube.com\/watch?v=18tchaReMXI&amp;width=275&amp;height=185[\/embedyt] [embedyt]http:\/\/www.youtube.com\/watch?v=VRdhn-Jhmuc&amp;width=275&amp;height=185[\/embedyt]<\/p>\n<p><strong>2012-01-15 Ch&oacute;r CANON z Bia\u0142obrzeg&oacute;w z wizyt\u0105 kol\u0119dow\u0105<br \/>\n\t<\/strong>[embedyt]https:\/\/www.youtube.com\/watch?v=sPQHjuw5aKU&amp;width=275&amp;height=185[\/embedyt]<\/p>\n<p><a href=\"http:\/\/www.budylancuckie.przemyska.pl\/?page_id=647\"><strong><br \/>\n\t<\/strong><\/a><\/p>\n","protected":false},"excerpt":{"rendered":"<p>Galeria b\u0119dzie zawiera\u0142a zbi&oacute;r film&oacute;w zwi\u0105zanych z wydarzeniami w parafii oraz dotycz\u0105cych dzia\u0142alno\u015bci poszczeg&oacute;lnych grup parafialnych. Przede wszystkim filmy te zawdzi\u0119czamy Panu Tadeuszowi Golakowi, naszemu parafianinowi, kt&oacute;ry nagrywa wiele wydarze\u0144 &hellip; <a href=\"https:\/\/budy.przemyska.pl\/index.php\/galerie-2\/galeria-filmow\/\" class=\"more-link\">Czytaj dalej <span class=\"screen-reader-text\">Galeria film\u00f3w<\/span> <span class=\"meta-nav\">&rarr;<\/span><\/a><\/p>\n","protected":false},"author":1,"featured_media":0,"parent":81,"menu_order":0,"comment_status":"closed","ping_status":"closed","template":"","meta":{"footnotes":""},"class_list":["post-1214","page","type-page","status-publish","hentry"],"_links":{"self":[{"href":"https:\/\/budy.przemyska.pl\/index.php\/wp-json\/wp\/v2\/pages\/1214","targetHints":{"allow":["GET"]}}],"collection":[{"href":"https:\/\/budy.przemyska.pl\/index.php\/wp-json\/wp\/v2\/pages"}],"about":[{"href":"https:\/\/budy.przemyska.pl\/index.php\/wp-json\/wp\/v2\/types\/page"}],"author":[{"embeddable":true,"href":"https:\/\/budy.przemyska.pl\/index.php\/wp-json\/wp\/v2\/users\/1"}],"replies":[{"embeddable":true,"href":"https:\/\/budy.przemyska.pl\/index.php\/wp-json\/wp\/v2\/comments?post=1214"}],"version-history":[{"count":0,"href":"https:\/\/budy.przemyska.pl\/index.php\/wp-json\/wp\/v2\/pages\/1214\/revisions"}],"up":[{"embeddable":true,"href":"https:\/\/budy.przemyska.pl\/index.php\/wp-json\/wp\/v2\/pages\/81"}],"wp:attachment":[{"href":"https:\/\/budy.przemyska.pl\/index.php\/wp-json\/wp\/v2\/media?parent=1214"}],"curies":[{"name":"wp","href":"https:\/\/api.w.org\/{rel}","templated":true}]}}